{"id":5828,"date":"2021-10-10T19:08:55","date_gmt":"2021-10-10T17:08:55","guid":{"rendered":"https:\/\/simpledream.pl\/?page_id=5828"},"modified":"2022-05-14T15:54:51","modified_gmt":"2022-05-14T13:54:51","slug":"oferta-dla-firm","status":"publish","type":"page","link":"https:\/\/simpledream.pl\/index.php\/pl\/oferta-dla-firm\/","title":{"rendered":"Oferta dla firm"},"content":{"rendered":"\t\t<div data-elementor-type=\"wp-page\" data-elementor-id=\"5828\" class=\"elementor elementor-5828\" data-elementor-post-type=\"page\">\n\t\t\t\t\t\t\t\t\t<section class=\"elementor-section elementor-top-section elementor-element elementor-element-20b9a54 elementor-section-full_width qodef-elementor-content-grid elementor-section-height-default elementor-section-height-default\" data-id=\"20b9a54\" data-element_type=\"section\">\n\t\t\t\t\t\t<div class=\"elementor-container elementor-column-gap-default\">\n\t\t\t\t\t<div class=\"elementor-column elementor-col-33 elementor-top-column elementor-element elementor-element-569e814\" data-id=\"569e814\" data-element_type=\"column\">\n\t\t\t<div class=\"elementor-widget-wrap elementor-element-populated\">\n\t\t\t\t\t\t\t\t<div class=\"elementor-element elementor-element-95dd3df elementor-widget elementor-widget-heading\" data-id=\"95dd3df\" data-element_type=\"widget\" data-widget_type=\"heading.default\">\n\t\t\t\t<div class=\"elementor-widget-container\">\n\t\t\t<style>\/*! elementor - v3.18.0 - 20-12-2023 *\/\n.elementor-heading-title{padding:0;margin:0;line-height:1}.elementor-widget-heading .elementor-heading-title[class*=elementor-size-]>a{color:inherit;font-size:inherit;line-height:inherit}.elementor-widget-heading .elementor-heading-title.elementor-size-small{font-size:15px}.elementor-widget-heading .elementor-heading-title.elementor-size-medium{font-size:19px}.elementor-widget-heading .elementor-heading-title.elementor-size-large{font-size:29px}.elementor-widget-heading .elementor-heading-title.elementor-size-xl{font-size:39px}.elementor-widget-heading .elementor-heading-title.elementor-size-xxl{font-size:59px}<\/style><h6 class=\"elementor-heading-title elementor-size-default\">Troch\u0119 informacji o naszych dzia\u0142aniach<\/h6>\t\t<\/div>\n\t\t\t\t<\/div>\n\t\t\t\t<div class=\"elementor-element elementor-element-4adb19a elementor-widget elementor-widget-text-editor\" data-id=\"4adb19a\" data-element_type=\"widget\" data-widget_type=\"text-editor.default\">\n\t\t\t\t<div class=\"elementor-widget-container\">\n\t\t\t<style>\/*! elementor - v3.18.0 - 20-12-2023 *\/\n.elementor-widget-text-editor.elementor-drop-cap-view-stacked .elementor-drop-cap{background-color:#69727d;color:#fff}.elementor-widget-text-editor.elementor-drop-cap-view-framed .elementor-drop-cap{color:#69727d;border:3px solid;background-color:transparent}.elementor-widget-text-editor:not(.elementor-drop-cap-view-default) .elementor-drop-cap{margin-top:8px}.elementor-widget-text-editor:not(.elementor-drop-cap-view-default) .elementor-drop-cap-letter{width:1em;height:1em}.elementor-widget-text-editor .elementor-drop-cap{float:left;text-align:center;line-height:1;font-size:50px}.elementor-widget-text-editor .elementor-drop-cap-letter{display:inline-block}<\/style>\t\t\t\t<h3><span style=\"line-height: 46px;\">Oferta B2B<\/span><\/h3>\t\t\t\t\t\t<\/div>\n\t\t\t\t<\/div>\n\t\t\t\t\t<\/div>\n\t\t<\/div>\n\t\t\t\t<div class=\"elementor-column elementor-col-33 elementor-top-column elementor-element elementor-element-dbf1a95\" data-id=\"dbf1a95\" data-element_type=\"column\">\n\t\t\t<div class=\"elementor-widget-wrap elementor-element-populated\">\n\t\t\t\t\t\t\t\t<div class=\"elementor-element elementor-element-68dd25e elementor-widget elementor-widget-text-editor\" data-id=\"68dd25e\" data-element_type=\"widget\" data-widget_type=\"text-editor.default\">\n\t\t\t\t<div class=\"elementor-widget-container\">\n\t\t\t\t\t\t\t<p>Ka\u017cdy klient traktowany jest przez nas indywidualnie. Jeste\u015bmy w stanie dostosowa\u0107 si\u0119 do wszelkich potrzeb i wyj\u015b\u0107 naprzeciw najbardziej skomplikowanym oczekiwaniom. Dzi\u0119ki poznaniu specyfiki Twojej dzia\u0142alno\u015bci mo\u017cemy zaproponowa\u0107 unikalny wz\u00f3r, kt\u00f3ry pojawi si\u0119 na zam\u00f3wionych przez Ciebie produktach. <\/p>\t\t\t\t\t\t<\/div>\n\t\t\t\t<\/div>\n\t\t\t\t\t<\/div>\n\t\t<\/div>\n\t\t\t\t<div class=\"elementor-column elementor-col-33 elementor-top-column elementor-element elementor-element-e33a8cd\" data-id=\"e33a8cd\" data-element_type=\"column\">\n\t\t\t<div class=\"elementor-widget-wrap elementor-element-populated\">\n\t\t\t\t\t\t\t\t<div class=\"elementor-element elementor-element-aa62acf elementor-widget elementor-widget-text-editor\" data-id=\"aa62acf\" data-element_type=\"widget\" data-widget_type=\"text-editor.default\">\n\t\t\t\t<div class=\"elementor-widget-container\">\n\t\t\t\t\t\t\t<p>Nasze produkty z gotowymi wzorami, mo\u017cesz zam\u00f3wi\u0107 w wi\u0119kszej ilo\u015bci jako upominki \u015bwi\u0105teczne lub prezenty dla pracownik\u00f3w celebruj\u0105ce wyj\u0105tkowe momenty. Dodatkowo nasz dzia\u0142 Simple Dream Projects mo\u017ce przygotowa\u0107 dla Ciebie indywidualne projekty. Napisz do nas, a przygotujemy ofert\u0119 pod Twoje potrzeby. Cennik zale\u017cny jest od rodzaju produktu oraz wielko\u015bci zam\u00f3wienia.<\/p>\t\t\t\t\t\t<\/div>\n\t\t\t\t<\/div>\n\t\t\t\t\t<\/div>\n\t\t<\/div>\n\t\t\t\t\t\t\t<\/div>\n\t\t<\/section>\n\t\t\t\t<section class=\"elementor-section elementor-top-section elementor-element elementor-element-183958e elementor-section-full_width elementor-section-content-middle elementor-section-height-default elementor-section-height-default qodef-elementor-content-no\" data-id=\"183958e\" data-element_type=\"section\" data-settings=\"{&quot;background_background&quot;:&quot;classic&quot;}\">\n\t\t\t\t\t\t<div class=\"elementor-container elementor-column-gap-default\">\n\t\t\t\t\t<div class=\"elementor-column elementor-col-100 elementor-top-column elementor-element elementor-element-697c2730\" data-id=\"697c2730\" data-element_type=\"column\">\n\t\t\t<div class=\"elementor-widget-wrap elementor-element-populated\">\n\t\t\t\t\t\t\t\t<div class=\"elementor-element elementor-element-6bf5f4eb elementor-widget elementor-widget-spacer\" data-id=\"6bf5f4eb\" data-element_type=\"widget\" data-widget_type=\"spacer.default\">\n\t\t\t\t<div class=\"elementor-widget-container\">\n\t\t\t<style>\/*! elementor - v3.18.0 - 20-12-2023 *\/\n.elementor-column .elementor-spacer-inner{height:var(--spacer-size)}.e-con{--container-widget-width:100%}.e-con-inner>.elementor-widget-spacer,.e-con>.elementor-widget-spacer{width:var(--container-widget-width,var(--spacer-size));--align-self:var(--container-widget-align-self,initial);--flex-shrink:0}.e-con-inner>.elementor-widget-spacer>.elementor-widget-container,.e-con>.elementor-widget-spacer>.elementor-widget-container{height:100%;width:100%}.e-con-inner>.elementor-widget-spacer>.elementor-widget-container>.elementor-spacer,.e-con>.elementor-widget-spacer>.elementor-widget-container>.elementor-spacer{height:100%}.e-con-inner>.elementor-widget-spacer>.elementor-widget-container>.elementor-spacer>.elementor-spacer-inner,.e-con>.elementor-widget-spacer>.elementor-widget-container>.elementor-spacer>.elementor-spacer-inner{height:var(--container-widget-height,var(--spacer-size))}.e-con-inner>.elementor-widget-spacer.elementor-widget-empty,.e-con>.elementor-widget-spacer.elementor-widget-empty{position:relative;min-height:22px;min-width:22px}.e-con-inner>.elementor-widget-spacer.elementor-widget-empty .elementor-widget-empty-icon,.e-con>.elementor-widget-spacer.elementor-widget-empty .elementor-widget-empty-icon{position:absolute;top:0;bottom:0;left:0;right:0;margin:auto;padding:0;width:22px;height:22px}<\/style>\t\t<div class=\"elementor-spacer\">\n\t\t\t<div class=\"elementor-spacer-inner\"><\/div>\n\t\t<\/div>\n\t\t\t\t<\/div>\n\t\t\t\t<\/div>\n\t\t\t\t<section class=\"elementor-section elementor-inner-section elementor-element elementor-element-74ea530d elementor-section-full_width qodef-elementor-content-grid elementor-section-height-default elementor-section-height-default\" data-id=\"74ea530d\" data-element_type=\"section\">\n\t\t\t\t\t\t<div class=\"elementor-container elementor-column-gap-default\">\n\t\t\t\t\t<div class=\"elementor-column elementor-col-50 elementor-inner-column elementor-element elementor-element-279475d4\" data-id=\"279475d4\" data-element_type=\"column\">\n\t\t\t<div class=\"elementor-widget-wrap\">\n\t\t\t\t\t\t\t\t\t<\/div>\n\t\t<\/div>\n\t\t\t\t<div class=\"elementor-column elementor-col-50 elementor-inner-column elementor-element elementor-element-33c01fb8\" data-id=\"33c01fb8\" data-element_type=\"column\">\n\t\t\t<div class=\"elementor-widget-wrap elementor-element-populated\">\n\t\t\t\t\t\t\t\t<div class=\"elementor-element elementor-element-e6b3f34 elementor-widget elementor-widget-lekker_core_section_title\" data-id=\"e6b3f34\" data-element_type=\"widget\" data-widget_type=\"lekker_core_section_title.default\">\n\t\t\t\t<div class=\"elementor-widget-container\">\n\t\t\t<div class=\"qodef-shortcode qodef-m  qodef-section-title qodef-alignment--left  qodef-section-title--animated\">\n\t\t<h3 class=\"qodef-m-title\" >\n\t\t\t\t\tNasze portfolio\t\t\t<\/h3>\n\t\t<p class=\"qodef-m-text\" style=\"margin-top: 13px\">Nasze do\u015bwiadczenie bazuje na: projektowaniu oraz produkcji. Dzi\u0119ki otwarto\u015bci naszych klient\u00f3w firmowych, stworzyli\u015bmy sp\u00f3jne linie na ich potrzeby, kt\u00f3re si\u0119 uzupe\u0142nia\u0142y. Dzia\u0142 realizowania dedykowanych projekt\u00f3w to Simple Dream Projects. Po klikni\u0119ciu &quot;Wi\u0119cej&quot;, zostaniesz przeniesiony na stron\u0119 z Portfolio. <\/p>\n<\/div>\t\t<\/div>\n\t\t\t\t<\/div>\n\t\t\t\t<div class=\"elementor-element elementor-element-480e279f elementor-widget elementor-widget-lekker_core_button\" data-id=\"480e279f\" data-element_type=\"widget\" data-widget_type=\"lekker_core_button.default\">\n\t\t\t\t<div class=\"elementor-widget-container\">\n\t\t\t<a class=\"qodef-shortcode qodef-m  qodef-button qodef-layout--textual  qodef-html--link\" href=\"http:\/\/simpledreamprojects.com\" target=\"_self\"  >\n\t<span class=\"qodef-m-text\">Wi\u0119cej<\/span>\n\t<span class=\"qodef-m-lines\"><\/span>\n<\/a>\t\t<\/div>\n\t\t\t\t<\/div>\n\t\t\t\t\t<\/div>\n\t\t<\/div>\n\t\t\t\t\t\t\t<\/div>\n\t\t<\/section>\n\t\t\t\t<div class=\"elementor-element elementor-element-40b9e197 elementor-widget elementor-widget-spacer\" data-id=\"40b9e197\" data-element_type=\"widget\" data-widget_type=\"spacer.default\">\n\t\t\t\t<div class=\"elementor-widget-container\">\n\t\t\t\t\t<div class=\"elementor-spacer\">\n\t\t\t<div class=\"elementor-spacer-inner\"><\/div>\n\t\t<\/div>\n\t\t\t\t<\/div>\n\t\t\t\t<\/div>\n\t\t\t\t\t<\/div>\n\t\t<\/div>\n\t\t\t\t\t\t\t<\/div>\n\t\t<\/section>\n\t\t\t\t\t\t\t<\/div>\n\t\t","protected":false},"excerpt":{"rendered":"<p>Troch\u0119 informacji o naszych dzia\u0142aniach Oferta B2B Ka\u017cdy klient traktowany jest przez nas indywidualnie. Jeste\u015bmy w stanie dostosowa\u0107 si\u0119 do wszelkich potrzeb i wyj\u015b\u0107 naprzeciw najbardziej skomplikowanym oczekiwaniom. Dzi\u0119ki poznaniu specyfiki Twojej dzia\u0142alno\u015bci mo\u017cemy zaproponowa\u0107 unikalny wz\u00f3r, kt\u00f3ry pojawi si\u0119 na zam\u00f3wionych przez Ciebie produktach. Nasze produkty z gotowymi wzorami, mo\u017cesz zam\u00f3wi\u0107 w wi\u0119kszej ilo\u015bci [&hellip;]<\/p>\n","protected":false},"author":1,"featured_media":0,"parent":0,"menu_order":0,"comment_status":"closed","ping_status":"closed","template":"page-full-width.php","meta":{"footnotes":""},"class_list":["post-5828","page","type-page","status-publish","hentry"],"yoast_head":"<!-- This site is optimized with the Yoast SEO plugin v23.9 - https:\/\/yoast.com\/wordpress\/plugins\/seo\/ -->\n<title>Oferta dla firm - Simple Dream<\/title>\n<meta name=\"robots\" content=\"index, follow, max-snippet:-1, max-image-preview:large, max-video-preview:-1\" \/>\n<link rel=\"canonical\" href=\"https:\/\/simpledream.pl\/index.php\/pl\/oferta-dla-firm\/\" \/>\n<meta property=\"og:locale\" content=\"pl_PL\" \/>\n<meta property=\"og:type\" content=\"article\" \/>\n<meta property=\"og:title\" content=\"Oferta dla firm - Simple Dream\" \/>\n<meta property=\"og:description\" content=\"Troch\u0119 informacji o naszych dzia\u0142aniach Oferta B2B Ka\u017cdy klient traktowany jest przez nas indywidualnie. Jeste\u015bmy w stanie dostosowa\u0107 si\u0119 do wszelkich potrzeb i wyj\u015b\u0107 naprzeciw najbardziej skomplikowanym oczekiwaniom. Dzi\u0119ki poznaniu specyfiki Twojej dzia\u0142alno\u015bci mo\u017cemy zaproponowa\u0107 unikalny wz\u00f3r, kt\u00f3ry pojawi si\u0119 na zam\u00f3wionych przez Ciebie produktach. Nasze produkty z gotowymi wzorami, mo\u017cesz zam\u00f3wi\u0107 w wi\u0119kszej ilo\u015bci [&hellip;]\" \/>\n<meta property=\"og:url\" content=\"https:\/\/simpledream.pl\/index.php\/pl\/oferta-dla-firm\/\" \/>\n<meta property=\"og:site_name\" content=\"Simple Dream\" \/>\n<meta property=\"article:modified_time\" content=\"2022-05-14T13:54:51+00:00\" \/>\n<meta name=\"twitter:card\" content=\"summary_large_image\" \/>\n<meta name=\"twitter:label1\" content=\"Szacowany czas czytania\" \/>\n\t<meta name=\"twitter:data1\" content=\"1 minuta\" \/>\n<script type=\"application\/ld+json\" class=\"yoast-schema-graph\">{\"@context\":\"https:\/\/schema.org\",\"@graph\":[{\"@type\":\"WebPage\",\"@id\":\"https:\/\/simpledream.pl\/index.php\/pl\/oferta-dla-firm\/\",\"url\":\"https:\/\/simpledream.pl\/index.php\/pl\/oferta-dla-firm\/\",\"name\":\"Oferta dla firm - Simple Dream\",\"isPartOf\":{\"@id\":\"https:\/\/simpledream.pl\/#website\"},\"datePublished\":\"2021-10-10T17:08:55+00:00\",\"dateModified\":\"2022-05-14T13:54:51+00:00\",\"breadcrumb\":{\"@id\":\"https:\/\/simpledream.pl\/index.php\/pl\/oferta-dla-firm\/#breadcrumb\"},\"inLanguage\":\"pl-PL\",\"potentialAction\":[{\"@type\":\"ReadAction\",\"target\":[\"https:\/\/simpledream.pl\/index.php\/pl\/oferta-dla-firm\/\"]}]},{\"@type\":\"BreadcrumbList\",\"@id\":\"https:\/\/simpledream.pl\/index.php\/pl\/oferta-dla-firm\/#breadcrumb\",\"itemListElement\":[{\"@type\":\"ListItem\",\"position\":1,\"name\":\"Strona g\u0142\u00f3wna\",\"item\":\"https:\/\/simpledream.pl\/index.php\/pl\/main-home\/\"},{\"@type\":\"ListItem\",\"position\":2,\"name\":\"Oferta dla firm\"}]},{\"@type\":\"WebSite\",\"@id\":\"https:\/\/simpledream.pl\/#website\",\"url\":\"https:\/\/simpledream.pl\/\",\"name\":\"Simple Dream\",\"description\":\"\",\"potentialAction\":[{\"@type\":\"SearchAction\",\"target\":{\"@type\":\"EntryPoint\",\"urlTemplate\":\"https:\/\/simpledream.pl\/?s={search_term_string}\"},\"query-input\":{\"@type\":\"PropertyValueSpecification\",\"valueRequired\":true,\"valueName\":\"search_term_string\"}}],\"inLanguage\":\"pl-PL\"}]}<\/script>\n<!-- \/ Yoast SEO plugin. -->","yoast_head_json":{"title":"Oferta dla firm - Simple Dream","robots":{"index":"index","follow":"follow","max-snippet":"max-snippet:-1","max-image-preview":"max-image-preview:large","max-video-preview":"max-video-preview:-1"},"canonical":"https:\/\/simpledream.pl\/index.php\/pl\/oferta-dla-firm\/","og_locale":"pl_PL","og_type":"article","og_title":"Oferta dla firm - Simple Dream","og_description":"Troch\u0119 informacji o naszych dzia\u0142aniach Oferta B2B Ka\u017cdy klient traktowany jest przez nas indywidualnie. Jeste\u015bmy w stanie dostosowa\u0107 si\u0119 do wszelkich potrzeb i wyj\u015b\u0107 naprzeciw najbardziej skomplikowanym oczekiwaniom. Dzi\u0119ki poznaniu specyfiki Twojej dzia\u0142alno\u015bci mo\u017cemy zaproponowa\u0107 unikalny wz\u00f3r, kt\u00f3ry pojawi si\u0119 na zam\u00f3wionych przez Ciebie produktach. Nasze produkty z gotowymi wzorami, mo\u017cesz zam\u00f3wi\u0107 w wi\u0119kszej ilo\u015bci [&hellip;]","og_url":"https:\/\/simpledream.pl\/index.php\/pl\/oferta-dla-firm\/","og_site_name":"Simple Dream","article_modified_time":"2022-05-14T13:54:51+00:00","twitter_card":"summary_large_image","twitter_misc":{"Szacowany czas czytania":"1 minuta"},"schema":{"@context":"https:\/\/schema.org","@graph":[{"@type":"WebPage","@id":"https:\/\/simpledream.pl\/index.php\/pl\/oferta-dla-firm\/","url":"https:\/\/simpledream.pl\/index.php\/pl\/oferta-dla-firm\/","name":"Oferta dla firm - Simple Dream","isPartOf":{"@id":"https:\/\/simpledream.pl\/#website"},"datePublished":"2021-10-10T17:08:55+00:00","dateModified":"2022-05-14T13:54:51+00:00","breadcrumb":{"@id":"https:\/\/simpledream.pl\/index.php\/pl\/oferta-dla-firm\/#breadcrumb"},"inLanguage":"pl-PL","potentialAction":[{"@type":"ReadAction","target":["https:\/\/simpledream.pl\/index.php\/pl\/oferta-dla-firm\/"]}]},{"@type":"BreadcrumbList","@id":"https:\/\/simpledream.pl\/index.php\/pl\/oferta-dla-firm\/#breadcrumb","itemListElement":[{"@type":"ListItem","position":1,"name":"Strona g\u0142\u00f3wna","item":"https:\/\/simpledream.pl\/index.php\/pl\/main-home\/"},{"@type":"ListItem","position":2,"name":"Oferta dla firm"}]},{"@type":"WebSite","@id":"https:\/\/simpledream.pl\/#website","url":"https:\/\/simpledream.pl\/","name":"Simple Dream","description":"","potentialAction":[{"@type":"SearchAction","target":{"@type":"EntryPoint","urlTemplate":"https:\/\/simpledream.pl\/?s={search_term_string}"},"query-input":{"@type":"PropertyValueSpecification","valueRequired":true,"valueName":"search_term_string"}}],"inLanguage":"pl-PL"}]}},"lang":"pl","translations":{"pl":5828,"en":6578},"pll_sync_post":[],"_links":{"self":[{"href":"https:\/\/simpledream.pl\/index.php\/wp-json\/wp\/v2\/pages\/5828","targetHints":{"allow":["GET"]}}],"collection":[{"href":"https:\/\/simpledream.pl\/index.php\/wp-json\/wp\/v2\/pages"}],"about":[{"href":"https:\/\/simpledream.pl\/index.php\/wp-json\/wp\/v2\/types\/page"}],"author":[{"embeddable":true,"href":"https:\/\/simpledream.pl\/index.php\/wp-json\/wp\/v2\/users\/1"}],"replies":[{"embeddable":true,"href":"https:\/\/simpledream.pl\/index.php\/wp-json\/wp\/v2\/comments?post=5828"}],"version-history":[{"count":17,"href":"https:\/\/simpledream.pl\/index.php\/wp-json\/wp\/v2\/pages\/5828\/revisions"}],"predecessor-version":[{"id":6683,"href":"https:\/\/simpledream.pl\/index.php\/wp-json\/wp\/v2\/pages\/5828\/revisions\/6683"}],"wp:attachment":[{"href":"https:\/\/simpledream.pl\/index.php\/wp-json\/wp\/v2\/media?parent=5828"}],"curies":[{"name":"wp","href":"https:\/\/api.w.org\/{rel}","templated":true}]}}