{"id":5832,"date":"2021-10-10T19:10:07","date_gmt":"2021-10-10T17:10:07","guid":{"rendered":"https:\/\/simpledream.pl\/?page_id=5832"},"modified":"2022-05-14T15:59:16","modified_gmt":"2022-05-14T13:59:16","slug":"regulamin","status":"publish","type":"page","link":"https:\/\/simpledream.pl\/index.php\/pl\/regulamin\/","title":{"rendered":"Regulamin"},"content":{"rendered":"\t\t<div data-elementor-type=\"wp-page\" data-elementor-id=\"5832\" class=\"elementor elementor-5832\" data-elementor-post-type=\"page\">\n\t\t\t\t\t\t\t\t\t<section class=\"elementor-section elementor-top-section elementor-element elementor-element-20b9a54 elementor-section-full_width qodef-elementor-content-grid elementor-section-height-default elementor-section-height-default\" data-id=\"20b9a54\" data-element_type=\"section\">\n\t\t\t\t\t\t<div class=\"elementor-container elementor-column-gap-default\">\n\t\t\t\t\t<div class=\"elementor-column elementor-col-33 elementor-top-column elementor-element elementor-element-569e814\" data-id=\"569e814\" data-element_type=\"column\">\n\t\t\t<div class=\"elementor-widget-wrap elementor-element-populated\">\n\t\t\t\t\t\t\t\t<div class=\"elementor-element elementor-element-95dd3df elementor-widget elementor-widget-heading\" data-id=\"95dd3df\" data-element_type=\"widget\" data-widget_type=\"heading.default\">\n\t\t\t\t<div class=\"elementor-widget-container\">\n\t\t\t<style>\/*! elementor - v3.18.0 - 20-12-2023 *\/\n.elementor-heading-title{padding:0;margin:0;line-height:1}.elementor-widget-heading .elementor-heading-title[class*=elementor-size-]>a{color:inherit;font-size:inherit;line-height:inherit}.elementor-widget-heading .elementor-heading-title.elementor-size-small{font-size:15px}.elementor-widget-heading .elementor-heading-title.elementor-size-medium{font-size:19px}.elementor-widget-heading .elementor-heading-title.elementor-size-large{font-size:29px}.elementor-widget-heading .elementor-heading-title.elementor-size-xl{font-size:39px}.elementor-widget-heading .elementor-heading-title.elementor-size-xxl{font-size:59px}<\/style><h6 class=\"elementor-heading-title elementor-size-default\">Jedna z najwa\u017cniejszych kwestii:<\/h6>\t\t<\/div>\n\t\t\t\t<\/div>\n\t\t\t\t<div class=\"elementor-element elementor-element-4adb19a elementor-widget elementor-widget-text-editor\" data-id=\"4adb19a\" data-element_type=\"widget\" data-widget_type=\"text-editor.default\">\n\t\t\t\t<div class=\"elementor-widget-container\">\n\t\t\t<style>\/*! elementor - v3.18.0 - 20-12-2023 *\/\n.elementor-widget-text-editor.elementor-drop-cap-view-stacked .elementor-drop-cap{background-color:#69727d;color:#fff}.elementor-widget-text-editor.elementor-drop-cap-view-framed .elementor-drop-cap{color:#69727d;border:3px solid;background-color:transparent}.elementor-widget-text-editor:not(.elementor-drop-cap-view-default) .elementor-drop-cap{margin-top:8px}.elementor-widget-text-editor:not(.elementor-drop-cap-view-default) .elementor-drop-cap-letter{width:1em;height:1em}.elementor-widget-text-editor .elementor-drop-cap{float:left;text-align:center;line-height:1;font-size:50px}.elementor-widget-text-editor .elementor-drop-cap-letter{display:inline-block}<\/style>\t\t\t\t<h3><span style=\"line-height: 46px;\">Regulamin<\/span><\/h3>\t\t\t\t\t\t<\/div>\n\t\t\t\t<\/div>\n\t\t\t\t\t<\/div>\n\t\t<\/div>\n\t\t\t\t<div class=\"elementor-column elementor-col-33 elementor-top-column elementor-element elementor-element-dbf1a95\" data-id=\"dbf1a95\" data-element_type=\"column\">\n\t\t\t<div class=\"elementor-widget-wrap elementor-element-populated\">\n\t\t\t\t\t\t\t\t<div class=\"elementor-element elementor-element-68dd25e elementor-widget elementor-widget-text-editor\" data-id=\"68dd25e\" data-element_type=\"widget\" data-widget_type=\"text-editor.default\">\n\t\t\t\t<div class=\"elementor-widget-container\">\n\t\t\t\t\t\t\t<h5><strong>REGULAMIN SKLEPU INTERNETOWEGO<\/strong><\/h5><h5><strong>INFORMACJE OG\u00d3LNE<\/strong><\/h5><p>1. W\u0142a\u015bcicielem strony, sklepu jak r\u00f3wnie\u017c sprzedaj\u0105cym w rozumieniu przepis\u00f3w kodeksu cywilnego jest firma Simple Dream z siedzib\u0105 w Gorlicach przy ulicy Broniewskiego 9 m.44, zarejestrowana w Centralnej Ewidencji i Informacji o Dzia\u0142alno\u015bci Gospodarczej w Gorlicach o numerze NIP 7381249443 oraz REGON 384439764, okre\u015blany w dalszej cz\u0119\u015bci Regulaminu jako Simple Dream.<\/p><h5><strong>ZAKRES STOSOWANIA REGULAMINU I JEGO ZMIANY<\/strong><\/h5><p>2. Regulamin okre\u015bla zasady prowadzenia sprzeda\u017cy produkt\u00f3w marki Simple Dream, a w szczeg\u00f3lno\u015bci regu\u0142y rejestracji i korzystania z indywidualnego konta Klienta, rezerwowania produkt\u00f3w, sk\u0142adania zam\u00f3wie\u0144 oraz zawierania um\u00f3w sprzeda\u017cy.\u00a0<br \/>3. W kwestiach nieuregulowanych Regulaminem maj\u0105 zastosowanie przepisy kodeksu cywilnego oraz ustaw szczeg\u00f3lnych.\u00a0<br \/>4. Aktualna tre\u015b\u0107 Regulaminu jest dost\u0119pna dla Klienta w zak\u0142adce \u201eRegulamin\u201d widniej\u0105cej na stronie internetowej sklepu.\u00a0<br \/>5. W\u0142a\u015bciciel sklepu zastrzega sobie prawo do dokonywania zmian Regulaminu w dowolnym czasie, poprzez publikacj\u0119 na\u00a0stronie nowej wersji Regulaminu.<\/p><h5><strong>INFORMACJE O PRODUKTACH<\/strong><\/h5><p>6. Produkty oferowane w sklepie s\u0105 oznaczone, ze wskazaniem nazwy w\u0142asnej produktu, jego kodu oraz ceny. Informacje s\u0105 uzupe\u0142nione o wskazanie materia\u0142u z jakiego wykonano produkt, jego szczeg\u00f3lnych w\u0142a\u015bciwo\u015bci, wymiar\u00f3w b\u0105d\u017a kolorystyki, informacj\u0119 o czasie oczekiwania na produkt b\u0105d\u017a stanie magazynowym, jak r\u00f3wnie\u017c wszelkie inne informacje jakie Simple Dream uzna za warto\u015bciowe dla Klienta.\u00a0<br \/>7. Zdj\u0119cia i prezentacje oferowanych produkt\u00f3w maj\u0105 charakter wy\u0142\u0105cznie przyk\u0142adowy, za\u015b ich ewentualne odst\u0119pstwo od\u00a0rzeczywistego wygl\u0105du produktu nie mo\u017ce stanowi\u0107 podstawy do zg\u0142aszania jakichkolwiek roszcze\u0144. Dost\u0119pny asortyment produkt\u00f3w,\u00a0ich specyfikacja oraz ceny mog\u0105 ulega\u0107 bie\u017c\u0105cym zmianom, w szczeg\u00f3lno\u015bci poszczeg\u00f3lne produkty mog\u0105 by\u0107 wprowadzane\u00a0b\u0105d\u017a wycofywane z obrotu oraz obejmowane lub wycofywane z promocji, z zastrze\u017ceniem, i\u017c zmiany wprowadzone po zawarciu\u00a0umowy sprzeda\u017cy nie mog\u0105 dotyczy\u0107 Klient\u00f3w, kt\u00f3rzy umowy takie zawarli.\u00a0<br \/>8. Zamieszczone na stronie informacje o produktach nie stanowi\u0105 oferty w rozumienie przepisu art. 66 i 661 kodeksu cywilnego,\u00a0lecz s\u0105 zaproszeniem do z\u0142o\u017cenia oferty zawarcia umowy sprzeda\u017cy w rozumieniu przepisu art. 71 kodeksu cywilnego.<\/p><h5><strong>WARUNKI DOKONYWANIA ZAKUP\u00d3W, OCHRONA DANYCH OSOBOWYCH ORAZ INFORMACJE O UMOWIE<\/strong><\/h5><p>9. Warunkiem dokonania zakupu jest zapoznanie si\u0119 i akceptacja niniejszego Regulaminu, ka\u017cdorazowo przy transakcji,\u00a0dokonywana poprzez zaznaczenie odpowiedniego pola na formularzu udost\u0119pnianym na stronie sklepu.\u00a0<br \/>10. Zawarcie umowy sprzeda\u017cy poprzedzone jest z\u0142o\u017ceniem zam\u00f3wienia na formularzu dost\u0119pnym na stronie.\u00a0Klient wype\u0142niaj\u0105c formularz obowi\u0105zany jest poda\u0107 precyzyjne informacje odpowiadaj\u0105ce aktualnemu stanowi rzeczy,\u00a0w zakresie okre\u015blonym przez tre\u015b\u0107 formularza. W przypadku gdy dane ujawnione w formularzu nie spe\u0142niaj\u0105 powy\u017cszych wymaga\u0144,\u00a0a w szczeg\u00f3lno\u015bci gdy utrudniaj\u0105 lub uniemo\u017cliwiaj\u0105 one realizacj\u0119 zam\u00f3wienia, nie b\u0119dzie ono zrealizowane z zastrze\u017ceniem,\u00a0i\u017c w razie podania przez Klienta danych kontaktowych mo\u017ce by\u0107 podj\u0119ta pr\u00f3ba skontaktowania si\u0119 z nim celem ustalenia informacji\u00a0niezb\u0119dnych do realizacji zam\u00f3wienia.\u00a0<br \/>11. Administratorem danych osobowych jest Alicja Bucyk SDP (Simple Dream) z siedzib\u0105 w Gorlicach przy ulicy Broniewskiego 9 m.44, zarejestrowana w Centralnej Ewidencji i Informacji o Dzia\u0142alno\u015bci Gospodarczej w Gorlicach o numerze NIP 7381249443 oraz REGON 384439764. Administrator zobowi\u0105zany jest do zapewnienia wszelkich mo\u017cliwych i prawnie dopuszczalnych \u015brodk\u00f3w maj\u0105cych na celu ochron\u0119 danych osobowych Klient\u00f3w przed dost\u0119pem os\u00f3b nieupowa\u017cnionych. Administrator zobowi\u0105zuje si\u0119 do wykorzystywania danych osobowych Klient\u00f3w wy\u0142\u0105czenie do cel\u00f3w zwi\u0105zanych z realizacj\u0105 zam\u00f3wienia. Administrator mo\u017ce wykorzystywa\u0107 zgromadzone dane do cel\u00f3w marketingowych wy\u0142\u0105cznie po uzyskaniu odr\u0119bnej zgody Klienta.\u00a0<br \/>12. Umowy zawierane na skutek akceptacji zam\u00f3wienia maj\u0105 charakter um\u00f3w zawieranych na odleg\u0142o\u015b\u0107 przy pomocy \u015brodk\u00f3w\u00a0porozumiewania si\u0119 i maj\u0105 do nich zastosowanie przepisy ustawy z dnia 2 marca 2000r. o ochronie niekt\u00f3rych praw konsumenckich\u00a0oraz o odpowiedzialno\u015bci za szkod\u0119 wyrz\u0105dzon\u0105 przez produkt niebezpieczny, jak r\u00f3wnie\u017c innych odpowiednich akt\u00f3w prawnych.\u00a0<br \/>13. Simple Dream dokonuje utrwalenia, zabezpieczenia i udost\u0119pnienia istotnych postanowie\u0144 um\u00f3w zawieranych za pomoc\u0105 \u015brodk\u00f3w porozumiewania si\u0119 na odleg\u0142o\u015b\u0107 drukuj\u0105c i wysy\u0142aj\u0105c Klientowi wraz z zam\u00f3wionymi produktami dow\u00f3d zakupu.\u00a0<br \/>14. Umowa mo\u017ce by\u0107 zawarta wy\u0142\u0105cznie w j\u0119zyku polskim\u00a0<br \/>15. Do zawarcia umowy dochodzi w momencie przyj\u0119cia oferty Klienta, w spos\u00f3b opisany w pkt 24 niniejszego Regulaminu.\u00a0<br \/>16. Stronami zawieranej umowy s\u0105 Klient oraz Simple Dream z siedzib\u0105 w Gorlicach.<\/p>\t\t\t\t\t\t<\/div>\n\t\t\t\t<\/div>\n\t\t\t\t\t<\/div>\n\t\t<\/div>\n\t\t\t\t<div class=\"elementor-column elementor-col-33 elementor-top-column elementor-element elementor-element-e33a8cd\" data-id=\"e33a8cd\" data-element_type=\"column\">\n\t\t\t<div class=\"elementor-widget-wrap elementor-element-populated\">\n\t\t\t\t\t\t\t\t<div class=\"elementor-element elementor-element-aa62acf elementor-widget elementor-widget-text-editor\" data-id=\"aa62acf\" data-element_type=\"widget\" data-widget_type=\"text-editor.default\">\n\t\t\t\t<div class=\"elementor-widget-container\">\n\t\t\t\t\t\t\t<h5><strong>DOKONYWANIE ZAKUP\u00d3W<\/strong><\/h5><p>17. Ceny widniej\u0105ce na stronie s\u0105 cenami brutto oraz s\u0105 wyra\u017cone w z\u0142otych polskich. Do ceny nale\u017cy doliczy\u0107 koszty przesy\u0142ki.\u00a0<br \/>18. Dokonuj\u0105c wyboru produktu Klient mo\u017ce wskaza\u0107 dogodn\u0105 dla niego form\u0119 p\u0142atno\u015bci \u2013\u00a0przelewem tradycyjnym lub za po\u015brednictwem serwisu PayU.\u00a0<br \/>19. Zam\u00f3wienia przyjmowane s\u0105 na stronie sklepu, przez ca\u0142\u0105 dob\u0119, 7 dni w tygodniu. Simple Dream zastrzega sobie okresowe ograniczenia b\u0105d\u017a wy\u0142\u0105czenia dost\u0119pno\u015bci strony b\u0105d\u017a funkcji sk\u0142adania zam\u00f3wie\u0144, z przyczyn technicznych b\u0105d\u017a organizacyjnych.\u00a0<br \/>20. Zam\u00f3wienie mo\u017ce zosta\u0107 z\u0142o\u017cone z konta Klienta jakie uprzednio on zarejestrowa\u0142 w bazie danych sklepu,\u00a0b\u0105d\u017a te\u017c bezpo\u015brednio, bez potrzeby dokonywania rejestracji. Zam\u00f3wienia sk\u0142adane s\u0105 na formularzu opracowanym przez sklep,\u00a0za\u015b ich sk\u0142adanie odbywa si\u0119 poprzez dodanie danego produktu ze wskazaniem jego ilo\u015bci oraz ewentualnie koloru, do koszyka z zakupami.\u00a0<br \/>21. Po uzupe\u0142nieniu danych niezb\u0119dnych do wysy\u0142ki produktu Klient mo\u017ce zatwierdzi\u0107 zam\u00f3wienie poprzez naci\u015bni\u0119cie przycisku\u00a0\u201eZ\u0142\u00f3\u017c zam\u00f3wienie\u201d, b\u0105d\u017a te\u017c dokona\u0107 zmiany tak zamawianych produkt\u00f3w jak i swych danych.\u00a0Po wci\u015bni\u0119ciu przycisku \u201eZ\u0142\u00f3\u017c zam\u00f3wienie\u201d jakakolwiek zmiana tre\u015bci zam\u00f3wienie b\u0105d\u017a podanych danych nie jest mo\u017cliwa.\u00a0<br \/>22. Zam\u00f3wienie z\u0142o\u017cone w spos\u00f3b opisany w pkt 21 powy\u017cej stanowi ofert\u0119 Klienta z\u0142o\u017con\u0105 firmie Simple Dream w zakresie zakupu produkt\u00f3w wyr\u00f3\u017cnionych w zam\u00f3wieniu, za cen\u0119 w nim wskazan\u0105.\u00a0<br \/>23. Po z\u0142o\u017ceniu zam\u00f3wienia zostanie wygenerowany poczt\u0105 elektroniczn\u0105 na adres Klienta komunikat o przyj\u0119ciu zam\u00f3wienia. Simple Dream zastrzega sobie odrzucenie zam\u00f3wienia przy jednoczesnym podaniu przyczyny odmowy realizacji.\u00a0<br \/>24. Potwierdzenie zam\u00f3wienia winno zawiera\u0107 list\u0119 produkt\u00f3w obj\u0119tych zam\u00f3wieniem, ich cen\u0119, warunki p\u0142atno\u015bci,\u00a0spos\u00f3b i adres dostawy. Przys\u0142anie potwierdzenia otrzymania p\u0142atno\u015bci jest r\u00f3wnoznaczne z zawarciem umowy sprzeda\u017cy.<\/p><h5><strong>REALIZACJA ZAM\u00d3WIE\u0143<\/strong><\/h5><p>25. Warunkiem realizacji zam\u00f3wienia jest zap\u0142ata z g\u00f3ry przez Klienta pe\u0142nej nale\u017cno\u015bci wynikaj\u0105cej\u00a0z otrzymanego potwierdzenia zam\u00f3wienia, w tym koszt\u00f3w przesy\u0142ki.\u00a0<br \/>26. Produkty obj\u0119te zam\u00f3wieniem wysy\u0142ane s\u0105 za po\u015brednictwem firmy kurierskiej DPD do Klienta na adres wskazany w zam\u00f3wieniu w terminie 3 dni roboczych od dnia zaksi\u0119gowania wp\u0142aty pe\u0142nej nale\u017cno\u015bci wynikaj\u0105cej z zam\u00f3wienia. Wraz z wysy\u0142k\u0105 przesy\u0142ki Klient zostanie poinformowany o tym fakcie poczt\u0105 elektroniczn\u0105. Koszt dostawy wynosi 20 PLN. <br \/>28. Wysy\u0142ka produkt\u00f3w obj\u0119tych zam\u00f3wieniem, odbywa si\u0119 jako przesy\u0142ka kurierska. Odpowiedzialno\u015b\u0107 za op\u00f3\u017anienia wynikaj\u0105ce z nieterminowego dor\u0119czania przesy\u0142ek ponosi wy\u0142\u0105cznie firma DPD.<\/p><h5><strong>REKLAMACJE I ZWROTY<\/strong><\/h5><p>29. Simple Dream ponosi wzgl\u0119dem Klienta b\u0119d\u0105cego konsumentem odpowiedzialno\u015b\u0107 za niezgodno\u015b\u0107 sprzedanych produkt\u00f3w z umow\u0105 sprzeda\u017cy, na zasadach opisanych w ustawie o szczeg\u00f3lnych warunkach sprzeda\u017cy konsumenckiej i zmianie Kodeksu cywilnego z dnia 27 lipca 2002 r. oraz w pozosta\u0142ych, odr\u0119bnych przepisach.\u00a0<br \/>30. W stosunku do Klienta nie b\u0119d\u0105cego konsumentem Simple Dream ponosi odpowiedzialno\u015b\u0107 z tytu\u0142u r\u0119kojmi, na zasadach okre\u015blonych kodeksem cywilnym.\u00a0<br \/>31. Reklamacje nale\u017cy sk\u0142ada\u0107 osobi\u015bcie lub wysy\u0142aj\u0105c na adres: Alicja Bucyk SDP, ul. Broniewskiego 9\/44, 38-300 Gorlice lub wysy\u0142aj\u0105c na adres e-mail <span \n                data-original-string=\"NTFNWh0dwykAmLMmocc6TA==36fQS+dTyMS0CrYYIeUr9mBmg4B4RulmlDgK3tTHE181Jg=\"\n                class=\"apbct-email-encoder\"\n                title=\"This contact has been encoded by Anti-Spam by CleanTalk. Click to decode. To finish the decoding make sure that JavaScript is enabled in your browser.\">of<span class=\"apbct-blur\">****@si*****************.c<\/span>om<\/span>. Formularz reklamacyjny pobierz <a href=\"http:\/\/forrestdesign.pl\/wp-content\/uploads\/2019\/02\/reklamacja-for.rest_.pdf\">[tutaj]<\/a>.\u00a0\u00a0Aby reklamacja by\u0142a uznana za skuteczn\u0105, musi ona zawiera\u0107 dane Klienta, jego adres do korespondencji,\u00a0wskazanie wady, dat\u0119 jej wykrycia, \u017c\u0105dany spos\u00f3b usuni\u0119cia wady, dow\u00f3d zakupu oraz produkt obj\u0119ty reklamacj\u0105.\u00a0<br \/>32. Simple Dream rozpatrzy reklamacj\u0119 i poinformuje Klienta o tym fakcie w terminie 14 dni od daty otrzymania reklamacji, o ile b\u0119dzie ona spe\u0142nia\u0107 warunki wskazane w pkt 32 powy\u017cej. Je\u017celi reklamacja nie b\u0119dzie kompletna, na przyk\u0142ad nie b\u0119dzie zawiera\u0142a dowodu zakupu lub reklamowanego produktu, Simple Dream wezwie Klienta do uzupe\u0142nienia reklamacji, za\u015b termin 14 dni liczony b\u0119dzie od dnia uzupe\u0142nienia reklamacji.\u00a0<br \/>33. W przypadku uwzgl\u0119dnienia reklamacji Simple Dream ode\u015ble na sw\u00f3j koszt Klientowi pe\u0142nowarto\u015bciowy produkt (nowy lub naprawiony w spos\u00f3b zapewniaj\u0105cy brak wad), lub te\u017c zwr\u00f3ci Klientowi cen\u0119 produktu obj\u0119tego reklamacj\u0105.\u00a0<br \/>34. Klient mo\u017ce odst\u0105pi\u0107 od zawartej umowy sprzeda\u017cy w ci\u0105gu 14 dni od daty otrzymania towaru, bez podania przyczyny i zwr\u00f3ci\u0107 towar niezw\u0142ocznie do sklepu. Aby zrealizowa\u0107 uprawnienie do odst\u0105pienia od umowy sprzeda\u017cy\u00a0Klient sk\u0142ada o\u015bwiadczenia poprzez formularz zwrot\u00f3w o odst\u0105pieniu od zawartej umowy.\u00a0Po jego z\u0142o\u017ceniu wysy\u0142a na adres sklepu produkty, kt\u00f3rych umowa dotyczy (w stanie bez jakichkolwiek \u015blad\u00f3w u\u017cytkowania),\u00a0wraz z dokumentami potwierdzaj\u0105cymi dochowanie 14-sto dniowego terminu od daty zakupu (paragon lub faktur\u0119).<br \/>Adres do zwrotu: Alicja Bucyk SDP, ul. Broniewskiego 9\/44, 38-300 Gorlice, telefon kontaktowy: +48 721 641 664, e-mail: <span \n                data-original-string=\"ViFOpc80lNeigbHpznVJsA==36f0kyupwRf2fAvutR1UDAH\/mJoMkZOXdbAsHzvYwH31ZQ=\"\n                class=\"apbct-email-encoder\"\n                title=\"This contact has been encoded by Anti-Spam by CleanTalk. Click to decode. To finish the decoding make sure that JavaScript is enabled in your browser.\">of<span class=\"apbct-blur\">****@si*****************.c<\/span>om<\/span>, (prosz\u0119 oznaczy\u0107 paczk\u0119 jako \u201cZWROT\u201d)<br \/>35. W przypadku odst\u0105pienia od umowy w trybie wskazanym w pkt 28, Simple Dream zobowi\u0105zana jest niezw\u0142ocznie zwr\u00f3ci\u0107 \u015brodki pieni\u0119\u017cne na podany przez Klienta rachunek bankowy, nie p\u00f3\u017aniej ni\u017c w terminie 14 dni.<\/p><h5><strong>POSTANOWIENIA KO\u0143COWE<\/strong><\/h5><p>36. W sprawach nieuregulowanych niniejszym Regulaminem zastosowanie maj\u0105 przepisy ustawy z dnia 2 marca 2000 r. o ochronie niekt\u00f3rych praw konsument\u00f3w oraz o odpowiedzialno\u015bci za szkod\u0119 wyrz\u0105dzon\u0105 przez produkt niebezpieczny\u00a0(Dz.U. 2000 nr 22 poz. 271 ze zm.),\u00a0<em>ustawy z dnia 27 lipca 2002 r. o szczeg\u00f3lnych warunkach sprzeda\u017cy konsumenckiej\u00a0<\/em><em>oraz o zmianie Kodeksu cywilnego (Dz.U. 2002 nr 141 poz. 1176 ze zm.), ustawy z dnia 23 kwietnia 1964 r. \u2013<\/em><em>Kodeks cywilny (Dz.U. 1964 nr 16 poz. 93 ze zm.)<\/em>.<br \/>37. Spory wynikaj\u0105ce ze stosowania niniejszego Regulaminu i w zwi\u0105zku z wykonywaniem zawartych um\u00f3w mi\u0119dzy Sklepem a Klientami, b\u0119d\u0105 rozpatrywane przez S\u0105d w\u0142a\u015bciwy wed\u0142ug przepis\u00f3w o w\u0142a\u015bciwo\u015bci rzeczowej i miejscowej zgodnie\u00a0<em>z ustaw\u0105 z dnia 17.11.1964 r.\u00a0<\/em><em>Kodeks post\u0119powania cywilnego (Dz.U. nr 43 poz. 296 ze. zm.)<\/em>.<\/p>\t\t\t\t\t\t<\/div>\n\t\t\t\t<\/div>\n\t\t\t\t\t<\/div>\n\t\t<\/div>\n\t\t\t\t\t\t\t<\/div>\n\t\t<\/section>\n\t\t\t\t\t\t\t<\/div>\n\t\t","protected":false},"excerpt":{"rendered":"<p>Jedna z najwa\u017cniejszych kwestii: Regulamin REGULAMIN SKLEPU INTERNETOWEGO INFORMACJE OG\u00d3LNE 1. W\u0142a\u015bcicielem strony, sklepu jak r\u00f3wnie\u017c sprzedaj\u0105cym w rozumieniu przepis\u00f3w kodeksu cywilnego jest firma Simple Dream z siedzib\u0105 w Gorlicach przy ulicy Broniewskiego 9 m.44, zarejestrowana w Centralnej Ewidencji i Informacji o Dzia\u0142alno\u015bci Gospodarczej w Gorlicach o numerze NIP 7381249443 oraz REGON 384439764, okre\u015blany w [&hellip;]<\/p>\n","protected":false},"author":1,"featured_media":0,"parent":0,"menu_order":0,"comment_status":"closed","ping_status":"closed","template":"page-full-width.php","meta":{"footnotes":""},"class_list":["post-5832","page","type-page","status-publish","hentry"],"yoast_head":"<!-- This site is optimized with the Yoast SEO plugin v23.9 - https:\/\/yoast.com\/wordpress\/plugins\/seo\/ -->\n<title>Regulamin - Simple Dream<\/title>\n<meta name=\"robots\" content=\"index, follow, max-snippet:-1, max-image-preview:large, max-video-preview:-1\" \/>\n<link rel=\"canonical\" href=\"https:\/\/simpledream.pl\/index.php\/pl\/regulamin\/\" \/>\n<meta property=\"og:locale\" content=\"pl_PL\" \/>\n<meta property=\"og:type\" content=\"article\" \/>\n<meta property=\"og:title\" content=\"Regulamin - Simple Dream\" \/>\n<meta property=\"og:description\" content=\"Jedna z najwa\u017cniejszych kwestii: Regulamin REGULAMIN SKLEPU INTERNETOWEGO INFORMACJE OG\u00d3LNE 1. W\u0142a\u015bcicielem strony, sklepu jak r\u00f3wnie\u017c sprzedaj\u0105cym w rozumieniu przepis\u00f3w kodeksu cywilnego jest firma Simple Dream z siedzib\u0105 w Gorlicach przy ulicy Broniewskiego 9 m.44, zarejestrowana w Centralnej Ewidencji i Informacji o Dzia\u0142alno\u015bci Gospodarczej w Gorlicach o numerze NIP 7381249443 oraz REGON 384439764, okre\u015blany w [&hellip;]\" \/>\n<meta property=\"og:url\" content=\"https:\/\/simpledream.pl\/index.php\/pl\/regulamin\/\" \/>\n<meta property=\"og:site_name\" content=\"Simple Dream\" \/>\n<meta property=\"article:modified_time\" content=\"2022-05-14T13:59:16+00:00\" \/>\n<meta name=\"twitter:card\" content=\"summary_large_image\" \/>\n<meta name=\"twitter:label1\" content=\"Szacowany czas czytania\" \/>\n\t<meta name=\"twitter:data1\" content=\"9 minut\" \/>\n<script type=\"application\/ld+json\" class=\"yoast-schema-graph\">{\"@context\":\"https:\/\/schema.org\",\"@graph\":[{\"@type\":\"WebPage\",\"@id\":\"https:\/\/simpledream.pl\/index.php\/pl\/regulamin\/\",\"url\":\"https:\/\/simpledream.pl\/index.php\/pl\/regulamin\/\",\"name\":\"Regulamin - Simple Dream\",\"isPartOf\":{\"@id\":\"https:\/\/simpledream.pl\/#website\"},\"datePublished\":\"2021-10-10T17:10:07+00:00\",\"dateModified\":\"2022-05-14T13:59:16+00:00\",\"breadcrumb\":{\"@id\":\"https:\/\/simpledream.pl\/index.php\/pl\/regulamin\/#breadcrumb\"},\"inLanguage\":\"pl-PL\",\"potentialAction\":[{\"@type\":\"ReadAction\",\"target\":[\"https:\/\/simpledream.pl\/index.php\/pl\/regulamin\/\"]}]},{\"@type\":\"BreadcrumbList\",\"@id\":\"https:\/\/simpledream.pl\/index.php\/pl\/regulamin\/#breadcrumb\",\"itemListElement\":[{\"@type\":\"ListItem\",\"position\":1,\"name\":\"Strona g\u0142\u00f3wna\",\"item\":\"https:\/\/simpledream.pl\/index.php\/pl\/main-home\/\"},{\"@type\":\"ListItem\",\"position\":2,\"name\":\"Regulamin\"}]},{\"@type\":\"WebSite\",\"@id\":\"https:\/\/simpledream.pl\/#website\",\"url\":\"https:\/\/simpledream.pl\/\",\"name\":\"Simple Dream\",\"description\":\"\",\"potentialAction\":[{\"@type\":\"SearchAction\",\"target\":{\"@type\":\"EntryPoint\",\"urlTemplate\":\"https:\/\/simpledream.pl\/?s={search_term_string}\"},\"query-input\":{\"@type\":\"PropertyValueSpecification\",\"valueRequired\":true,\"valueName\":\"search_term_string\"}}],\"inLanguage\":\"pl-PL\"}]}<\/script>\n<!-- \/ Yoast SEO plugin. -->","yoast_head_json":{"title":"Regulamin - Simple Dream","robots":{"index":"index","follow":"follow","max-snippet":"max-snippet:-1","max-image-preview":"max-image-preview:large","max-video-preview":"max-video-preview:-1"},"canonical":"https:\/\/simpledream.pl\/index.php\/pl\/regulamin\/","og_locale":"pl_PL","og_type":"article","og_title":"Regulamin - Simple Dream","og_description":"Jedna z najwa\u017cniejszych kwestii: Regulamin REGULAMIN SKLEPU INTERNETOWEGO INFORMACJE OG\u00d3LNE 1. W\u0142a\u015bcicielem strony, sklepu jak r\u00f3wnie\u017c sprzedaj\u0105cym w rozumieniu przepis\u00f3w kodeksu cywilnego jest firma Simple Dream z siedzib\u0105 w Gorlicach przy ulicy Broniewskiego 9 m.44, zarejestrowana w Centralnej Ewidencji i Informacji o Dzia\u0142alno\u015bci Gospodarczej w Gorlicach o numerze NIP 7381249443 oraz REGON 384439764, okre\u015blany w [&hellip;]","og_url":"https:\/\/simpledream.pl\/index.php\/pl\/regulamin\/","og_site_name":"Simple Dream","article_modified_time":"2022-05-14T13:59:16+00:00","twitter_card":"summary_large_image","twitter_misc":{"Szacowany czas czytania":"9 minut"},"schema":{"@context":"https:\/\/schema.org","@graph":[{"@type":"WebPage","@id":"https:\/\/simpledream.pl\/index.php\/pl\/regulamin\/","url":"https:\/\/simpledream.pl\/index.php\/pl\/regulamin\/","name":"Regulamin - Simple Dream","isPartOf":{"@id":"https:\/\/simpledream.pl\/#website"},"datePublished":"2021-10-10T17:10:07+00:00","dateModified":"2022-05-14T13:59:16+00:00","breadcrumb":{"@id":"https:\/\/simpledream.pl\/index.php\/pl\/regulamin\/#breadcrumb"},"inLanguage":"pl-PL","potentialAction":[{"@type":"ReadAction","target":["https:\/\/simpledream.pl\/index.php\/pl\/regulamin\/"]}]},{"@type":"BreadcrumbList","@id":"https:\/\/simpledream.pl\/index.php\/pl\/regulamin\/#breadcrumb","itemListElement":[{"@type":"ListItem","position":1,"name":"Strona g\u0142\u00f3wna","item":"https:\/\/simpledream.pl\/index.php\/pl\/main-home\/"},{"@type":"ListItem","position":2,"name":"Regulamin"}]},{"@type":"WebSite","@id":"https:\/\/simpledream.pl\/#website","url":"https:\/\/simpledream.pl\/","name":"Simple Dream","description":"","potentialAction":[{"@type":"SearchAction","target":{"@type":"EntryPoint","urlTemplate":"https:\/\/simpledream.pl\/?s={search_term_string}"},"query-input":{"@type":"PropertyValueSpecification","valueRequired":true,"valueName":"search_term_string"}}],"inLanguage":"pl-PL"}]}},"lang":"pl","translations":{"pl":5832,"en":6580},"pll_sync_post":[],"_links":{"self":[{"href":"https:\/\/simpledream.pl\/index.php\/wp-json\/wp\/v2\/pages\/5832","targetHints":{"allow":["GET"]}}],"collection":[{"href":"https:\/\/simpledream.pl\/index.php\/wp-json\/wp\/v2\/pages"}],"about":[{"href":"https:\/\/simpledream.pl\/index.php\/wp-json\/wp\/v2\/types\/page"}],"author":[{"embeddable":true,"href":"https:\/\/simpledream.pl\/index.php\/wp-json\/wp\/v2\/users\/1"}],"replies":[{"embeddable":true,"href":"https:\/\/simpledream.pl\/index.php\/wp-json\/wp\/v2\/comments?post=5832"}],"version-history":[{"count":11,"href":"https:\/\/simpledream.pl\/index.php\/wp-json\/wp\/v2\/pages\/5832\/revisions"}],"predecessor-version":[{"id":6685,"href":"https:\/\/simpledream.pl\/index.php\/wp-json\/wp\/v2\/pages\/5832\/revisions\/6685"}],"wp:attachment":[{"href":"https:\/\/simpledream.pl\/index.php\/wp-json\/wp\/v2\/media?parent=5832"}],"curies":[{"name":"wp","href":"https:\/\/api.w.org\/{rel}","templated":true}]}}