{"id":5839,"date":"2021-10-10T19:12:44","date_gmt":"2021-10-10T17:12:44","guid":{"rendered":"https:\/\/simpledream.pl\/?page_id=5839"},"modified":"2022-07-03T15:26:43","modified_gmt":"2022-07-03T13:26:43","slug":"faq","status":"publish","type":"page","link":"https:\/\/simpledream.pl\/index.php\/pl\/faq\/","title":{"rendered":"FAQ"},"content":{"rendered":"\t\t<div data-elementor-type=\"wp-page\" data-elementor-id=\"5839\" class=\"elementor elementor-5839\" data-elementor-post-type=\"page\">\n\t\t\t\t\t\t\t\t\t<section class=\"elementor-section elementor-top-section elementor-element elementor-element-764e3ca elementor-section-full_width qodef-elementor-content-grid elementor-section-height-default elementor-section-height-default\" data-id=\"764e3ca\" data-element_type=\"section\">\n\t\t\t\t\t\t<div class=\"elementor-container elementor-column-gap-default\">\n\t\t\t\t\t<div class=\"elementor-column elementor-col-50 elementor-top-column elementor-element elementor-element-43ef2b2 qodef-sticky-column\" data-id=\"43ef2b2\" data-element_type=\"column\">\n\t\t\t<div class=\"elementor-widget-wrap elementor-element-populated\">\n\t\t\t\t\t\t\t\t<div class=\"elementor-element elementor-element-9a89d0c elementor-widget elementor-widget-text-editor\" data-id=\"9a89d0c\" data-element_type=\"widget\" data-widget_type=\"text-editor.default\">\n\t\t\t\t<div class=\"elementor-widget-container\">\n\t\t\t<style>\/*! elementor - v3.18.0 - 20-12-2023 *\/\n.elementor-widget-text-editor.elementor-drop-cap-view-stacked .elementor-drop-cap{background-color:#69727d;color:#fff}.elementor-widget-text-editor.elementor-drop-cap-view-framed .elementor-drop-cap{color:#69727d;border:3px solid;background-color:transparent}.elementor-widget-text-editor:not(.elementor-drop-cap-view-default) .elementor-drop-cap{margin-top:8px}.elementor-widget-text-editor:not(.elementor-drop-cap-view-default) .elementor-drop-cap-letter{width:1em;height:1em}.elementor-widget-text-editor .elementor-drop-cap{float:left;text-align:center;line-height:1;font-size:50px}.elementor-widget-text-editor .elementor-drop-cap-letter{display:inline-block}<\/style>\t\t\t\t<h3>Q&amp;A<\/h3>\t\t\t\t\t\t<\/div>\n\t\t\t\t<\/div>\n\t\t\t\t<div class=\"elementor-element elementor-element-e572d8c elementor-widget elementor-widget-text-editor\" data-id=\"e572d8c\" data-element_type=\"widget\" data-widget_type=\"text-editor.default\">\n\t\t\t\t<div class=\"elementor-widget-container\">\n\t\t\t\t\t\t\t<p>Poni\u017cej zebrali\u015bmy odpowiedzi na najbardziej nurtuj\u0105ce pytania:<\/p>\t\t\t\t\t\t<\/div>\n\t\t\t\t<\/div>\n\t\t\t\t<div class=\"elementor-element elementor-element-86dcc66 elementor-widget elementor-widget-sidebar\" data-id=\"86dcc66\" data-element_type=\"widget\" data-widget_type=\"sidebar.default\">\n\t\t\t\t<div class=\"elementor-widget-container\">\n\t\t\t<div class=\"widget widget_text\" data-area=\"faq-sidebar\">\t\t\t<div class=\"textwidget\"><p><a class=\"qodef-anchor\" style=\"line-height: 36px; font-size: 18px; letter-spacing: -.02em; font-weight: bold; color: #1f1f1f;\" href=\"#payment\">Payment of the order<\/a><br \/>\n<a class=\"qodef-anchor\" style=\"line-height: 36px; font-size: 18px; letter-spacing: -.02em; font-weight: bold; color: #1f1f1f;\" href=\"#time\">Packing time<\/a><br \/>\n<a class=\"qodef-anchor\" style=\"line-height: 36px; font-size: 18px; letter-spacing: -.02em; font-weight: bold; color: #1f1f1f;\" href=\"#poland\">Made in Poland<\/a><br \/>\n<a class=\"qodef-anchor\" style=\"line-height: 36px; font-size: 18px; letter-spacing: -.02em; font-weight: bold; color: #1f1f1f;\" href=\"#settlement\">Settlement<\/a><br \/>\n<a class=\"qodef-anchor\" style=\"line-height: 36px; font-size: 18px; letter-spacing: -.02em; font-weight: bold; color: #1f1f1f;\" href=\"#copyrights\">Copyrights<\/a><br \/>\n<a class=\"qodef-anchor\" style=\"line-height: 36px; font-size: 18px; letter-spacing: -.02em; font-weight: bold; color: #1f1f1f;\" href=\"#privacy\">Privacy<\/a><\/p>\n<\/div>\n\t\t<\/div><div class=\"widget widget_text\" data-area=\"faq-sidebar\">\t\t\t<div class=\"textwidget\"><p><a class=\"qodef-anchor\" style=\"line-height: 36px; font-size: 18px; letter-spacing: -.02em; font-weight: bold; color: #1f1f1f;\" href=\"#payment\">P\u0142atno\u015b\u0107 zam\u00f3wienia<\/a><br \/>\n<a class=\"qodef-anchor\" style=\"line-height: 36px; font-size: 18px; letter-spacing: -.02em; font-weight: bold; color: #1f1f1f;\" href=\"#time\">Czas realizacji<\/a><br \/>\n<a class=\"qodef-anchor\" style=\"line-height: 36px; font-size: 18px; letter-spacing: -.02em; font-weight: bold; color: #1f1f1f;\" href=\"#poland\">Made in Poland<\/a><br \/>\n<a class=\"qodef-anchor\" style=\"line-height: 36px; font-size: 18px; letter-spacing: -.02em; font-weight: bold; color: #1f1f1f;\" href=\"#settlement\">Rozliczenie<\/a><br \/>\n<a class=\"qodef-anchor\" style=\"line-height: 36px; font-size: 18px; letter-spacing: -.02em; font-weight: bold; color: #1f1f1f;\" href=\"#copyrights\">Prawa autorskie<\/a><br \/>\n<a class=\"qodef-anchor\" style=\"line-height: 36px; font-size: 18px; letter-spacing: -.02em; font-weight: bold; color: #1f1f1f;\" href=\"#privacy\">Polityka prywatno\u015bci<\/a><\/p>\n<\/div>\n\t\t<\/div><div class=\"widget widget_search\" data-area=\"faq-sidebar\"><form role=\"search\" method=\"get\" class=\"qodef-search-form\" action=\"https:\/\/simpledream.pl\/\">\n\t<label for=\"qodef-search-form-69e4e01718c7a\" class=\"screen-reader-text\">Search for:<\/label>\n\t<div class=\"qodef-search-form-inner clear\">\n\t\t<input type=\"search\" id=\"qodef-search-form-69e4e01718c7a\" class=\"qodef-search-form-field\" value=\"\" name=\"s\" placeholder=\"Search...\" \/>\n\t\t<button type=\"submit\" class=\"qodef-search-form-button\"><span class=\"qodef-icon-elegant-icons icon_search\" ><\/span><\/button>\n\t<\/div>\n<label class=\"apbct_special_field\" id=\"apbct_label_id56769\" for=\"apbct__email_id__search_form_56769\">56769<\/label><input\n            id=\"apbct__email_id__search_form_56769\"\n            class=\"apbct_special_field apbct__email_id__search_form\"\n            name=\"apbct__email_id__search_form_56769\"\n            type=\"text\" size=\"30\" maxlength=\"200\" autocomplete=\"off\"\n            value=\"56769\" apbct_event_id=\"56769\"\n            \/><input id=\"apbct_submit_id__search_form_56769\" \n            class=\"apbct_special_field apbct__email_id__search_form\" name=\"apbct_submit_id__search_form_56769\"  \n            type=\"submit\" size=\"30\" maxlength=\"200\" value=\"56769\" \/><\/form><\/div>\t\t<\/div>\n\t\t\t\t<\/div>\n\t\t\t\t\t<\/div>\n\t\t<\/div>\n\t\t\t\t<div class=\"elementor-column elementor-col-50 elementor-top-column elementor-element elementor-element-f181158\" data-id=\"f181158\" data-element_type=\"column\">\n\t\t\t<div class=\"elementor-widget-wrap elementor-element-populated\">\n\t\t\t\t\t\t\t\t<div class=\"elementor-element elementor-element-8abce95 elementor-widget elementor-widget-text-editor\" data-id=\"8abce95\" data-element_type=\"widget\" id=\"payment\" data-widget_type=\"text-editor.default\">\n\t\t\t\t<div class=\"elementor-widget-container\">\n\t\t\t\t\t\t\t<h4>1. P\u0142atno\u015b\u0107 zam\u00f3wienia<\/h4>\t\t\t\t\t\t<\/div>\n\t\t\t\t<\/div>\n\t\t\t\t<div class=\"elementor-element elementor-element-26f4f7b elementor-widget elementor-widget-text-editor\" data-id=\"26f4f7b\" data-element_type=\"widget\" data-widget_type=\"text-editor.default\">\n\t\t\t\t<div class=\"elementor-widget-container\">\n\t\t\t\t\t\t\t<p>Przy ka\u017cdym zam\u00f3wieniu pojawiaj\u0105 si\u0119 opcje p\u0142atno\u015bci. Dla naszych klient\u00f3w udost\u0119pnili\u015bmy do wyboru: zam\u00f3wienie za pobraniem na terenie Polski, przelew tradycyjny, PayPal, Szybkie Przelewy.<\/p>\t\t\t\t\t\t<\/div>\n\t\t\t\t<\/div>\n\t\t\t\t<div class=\"elementor-element elementor-element-83cd948 elementor-widget elementor-widget-text-editor\" data-id=\"83cd948\" data-element_type=\"widget\" id=\"time\" data-widget_type=\"text-editor.default\">\n\t\t\t\t<div class=\"elementor-widget-container\">\n\t\t\t\t\t\t\t<h4>2. Czas realizacji <\/h4>\t\t\t\t\t\t<\/div>\n\t\t\t\t<\/div>\n\t\t\t\t<div class=\"elementor-element elementor-element-e0228fb elementor-widget elementor-widget-text-editor\" data-id=\"e0228fb\" data-element_type=\"widget\" data-widget_type=\"text-editor.default\">\n\t\t\t\t<div class=\"elementor-widget-container\">\n\t\t\t\t\t\t\t<p>Twoje zam\u00f3wienie zostanie spakowane i przekazane do wysy\u0142ki w ci\u0105gu 48 h od z\u0142o\u017cenia zam\u00f3wienia. <\/p>\t\t\t\t\t\t<\/div>\n\t\t\t\t<\/div>\n\t\t\t\t<div class=\"elementor-element elementor-element-76065b4 elementor-widget elementor-widget-text-editor\" data-id=\"76065b4\" data-element_type=\"widget\" id=\"time\" data-widget_type=\"text-editor.default\">\n\t\t\t\t<div class=\"elementor-widget-container\">\n\t\t\t\t\t\t\t<h4>3. Made in Poland <\/h4>\t\t\t\t\t\t<\/div>\n\t\t\t\t<\/div>\n\t\t\t\t<div class=\"elementor-element elementor-element-78ad21c elementor-widget elementor-widget-text-editor\" data-id=\"78ad21c\" data-element_type=\"widget\" data-widget_type=\"text-editor.default\">\n\t\t\t\t<div class=\"elementor-widget-container\">\n\t\t\t\t\t\t\t<p>Tworzone przez nas produkty, s\u0105 wykonane w Polsce. Cenimy sobie polsk\u0105 technologi\u0119 produkcyjn\u0105 jak i r\u00f3wnie\u017c jako\u015b\u0107 r\u0119kodzie\u0142a. Chcemy kultywowa\u0107 tradycj\u0119 zdobnicz\u0105 oraz promowa\u0107 j\u0105 poza granice naszego kraju.<\/p>\t\t\t\t\t\t<\/div>\n\t\t\t\t<\/div>\n\t\t\t\t<div class=\"elementor-element elementor-element-6db112c elementor-widget elementor-widget-text-editor\" data-id=\"6db112c\" data-element_type=\"widget\" id=\"settlement\" data-widget_type=\"text-editor.default\">\n\t\t\t\t<div class=\"elementor-widget-container\">\n\t\t\t\t\t\t\t<h4>4. Rozliczenie<\/h4>\t\t\t\t\t\t<\/div>\n\t\t\t\t<\/div>\n\t\t\t\t<div class=\"elementor-element elementor-element-729b66b elementor-widget elementor-widget-text-editor\" data-id=\"729b66b\" data-element_type=\"widget\" data-widget_type=\"text-editor.default\">\n\t\t\t\t<div class=\"elementor-widget-container\">\n\t\t\t\t\t\t\t<p>Przychodz\u0105ce na e-maile potwierdzenie z\u0142o\u017cenia zam\u00f3wienia z podsumowaniem p\u0142atno\u015bci jest ju\u017c form\u0105 rachunku. Je\u017celi \u017cycz\u0105 sobie Pa\u0144stwo, aby wersj\u0119 papierow\u0105 umie\u015bci\u0107 w paczce prosimy o informacj\u0119. Wystawiamy faktur\u0119 VAT na \u017cyczenie klienta.<\/p>\t\t\t\t\t\t<\/div>\n\t\t\t\t<\/div>\n\t\t\t\t<div class=\"elementor-element elementor-element-caa3b3a elementor-widget elementor-widget-text-editor\" data-id=\"caa3b3a\" data-element_type=\"widget\" id=\"copyrights\" data-widget_type=\"text-editor.default\">\n\t\t\t\t<div class=\"elementor-widget-container\">\n\t\t\t\t\t\t\t<h4>5. Prawa autorskie<\/h4>\t\t\t\t\t\t<\/div>\n\t\t\t\t<\/div>\n\t\t\t\t<div class=\"elementor-element elementor-element-1b4182e elementor-widget elementor-widget-text-editor\" data-id=\"1b4182e\" data-element_type=\"widget\" data-widget_type=\"text-editor.default\">\n\t\t\t\t<div class=\"elementor-widget-container\">\n\t\t\t\t\t\t\t<p>Do wszystkich naszych wzor\u00f3w posiadamy prawa autorskie b\u0105d\u017a licencje podpisane z autorami. Wykorzystane obrazy pochodz\u0105 z domeny publicznej. Prawa do wykorzystania wizerunk\u00f3w uwolni\u0142y si\u0119 75 lat po \u015bmierci artysty. <\/p>\t\t\t\t\t\t<\/div>\n\t\t\t\t<\/div>\n\t\t\t\t<div class=\"elementor-element elementor-element-53035ed elementor-widget elementor-widget-text-editor\" data-id=\"53035ed\" data-element_type=\"widget\" id=\"privacy\" data-widget_type=\"text-editor.default\">\n\t\t\t\t<div class=\"elementor-widget-container\">\n\t\t\t\t\t\t\t<h4>6. Polityka prywatno\u015bci <\/h4>\t\t\t\t\t\t<\/div>\n\t\t\t\t<\/div>\n\t\t\t\t<div class=\"elementor-element elementor-element-7dec590 elementor-widget elementor-widget-text-editor\" data-id=\"7dec590\" data-element_type=\"widget\" data-widget_type=\"text-editor.default\">\n\t\t\t\t<div class=\"elementor-widget-container\">\n\t\t\t\t\t\t\t<p>Przestrzegamy zasad Polityki prywatno\u015bci (RODO). Wi\u0119cej informacji znajdziesz tutaj: <\/p><p><blockquote class=\"wp-embedded-content\" data-secret=\"WzcTmaBc1A\"><a href=\"https:\/\/simpledreamprojects.com\/index.php\/pl\/polityka-prywatnosci-2\/\">Polityka prywatno\u015bci<\/a><\/blockquote><iframe class=\"wp-embedded-content\" sandbox=\"allow-scripts\" security=\"restricted\" style=\"position: absolute; clip: rect(1px, 1px, 1px, 1px);\" title=\"&#8222;Polityka prywatno\u015bci&#8221; &#8212; Simple Dream Projects\" src=\"https:\/\/simpledreamprojects.com\/index.php\/pl\/polityka-prywatnosci-2\/embed\/#?secret=CFJjc1v3ub#?secret=WzcTmaBc1A\" data-secret=\"WzcTmaBc1A\" width=\"600\" height=\"338\" frameborder=\"0\" marginwidth=\"0\" marginheight=\"0\" scrolling=\"no\"><\/iframe><\/p>\t\t\t\t\t\t<\/div>\n\t\t\t\t<\/div>\n\t\t\t\t\t<\/div>\n\t\t<\/div>\n\t\t\t\t\t\t\t<\/div>\n\t\t<\/section>\n\t\t\t\t\t\t\t<\/div>\n\t\t","protected":false},"excerpt":{"rendered":"<p>Q&amp;A Poni\u017cej zebrali\u015bmy odpowiedzi na najbardziej nurtuj\u0105ce pytania: 1. P\u0142atno\u015b\u0107 zam\u00f3wienia Przy ka\u017cdym zam\u00f3wieniu pojawiaj\u0105 si\u0119 opcje p\u0142atno\u015bci. Dla naszych klient\u00f3w udost\u0119pnili\u015bmy do wyboru: zam\u00f3wienie za pobraniem na terenie Polski, przelew tradycyjny, PayPal, Szybkie Przelewy. 2. Czas realizacji Twoje zam\u00f3wienie zostanie spakowane i przekazane do wysy\u0142ki w ci\u0105gu 48 h od z\u0142o\u017cenia zam\u00f3wienia. 3. Made [&hellip;]<\/p>\n","protected":false},"author":1,"featured_media":0,"parent":0,"menu_order":0,"comment_status":"closed","ping_status":"closed","template":"page-full-width.php","meta":{"footnotes":""},"class_list":["post-5839","page","type-page","status-publish","hentry"],"yoast_head":"<!-- This site is optimized with the Yoast SEO plugin v23.9 - https:\/\/yoast.com\/wordpress\/plugins\/seo\/ -->\n<title>FAQ - Simple Dream<\/title>\n<meta name=\"robots\" content=\"index, follow, max-snippet:-1, max-image-preview:large, max-video-preview:-1\" \/>\n<link rel=\"canonical\" href=\"https:\/\/simpledream.pl\/index.php\/pl\/faq\/\" \/>\n<meta property=\"og:locale\" content=\"pl_PL\" \/>\n<meta property=\"og:type\" content=\"article\" \/>\n<meta property=\"og:title\" content=\"FAQ - Simple Dream\" \/>\n<meta property=\"og:description\" content=\"Q&amp;A Poni\u017cej zebrali\u015bmy odpowiedzi na najbardziej nurtuj\u0105ce pytania: 1. P\u0142atno\u015b\u0107 zam\u00f3wienia Przy ka\u017cdym zam\u00f3wieniu pojawiaj\u0105 si\u0119 opcje p\u0142atno\u015bci. Dla naszych klient\u00f3w udost\u0119pnili\u015bmy do wyboru: zam\u00f3wienie za pobraniem na terenie Polski, przelew tradycyjny, PayPal, Szybkie Przelewy. 2. Czas realizacji Twoje zam\u00f3wienie zostanie spakowane i przekazane do wysy\u0142ki w ci\u0105gu 48 h od z\u0142o\u017cenia zam\u00f3wienia. 3. Made [&hellip;]\" \/>\n<meta property=\"og:url\" content=\"https:\/\/simpledream.pl\/index.php\/pl\/faq\/\" \/>\n<meta property=\"og:site_name\" content=\"Simple Dream\" \/>\n<meta property=\"article:modified_time\" content=\"2022-07-03T13:26:43+00:00\" \/>\n<meta name=\"twitter:card\" content=\"summary_large_image\" \/>\n<meta name=\"twitter:label1\" content=\"Szacowany czas czytania\" \/>\n\t<meta name=\"twitter:data1\" content=\"1 minuta\" \/>\n<script type=\"application\/ld+json\" class=\"yoast-schema-graph\">{\"@context\":\"https:\/\/schema.org\",\"@graph\":[{\"@type\":\"WebPage\",\"@id\":\"https:\/\/simpledream.pl\/index.php\/pl\/faq\/\",\"url\":\"https:\/\/simpledream.pl\/index.php\/pl\/faq\/\",\"name\":\"FAQ - Simple Dream\",\"isPartOf\":{\"@id\":\"https:\/\/simpledream.pl\/#website\"},\"datePublished\":\"2021-10-10T17:12:44+00:00\",\"dateModified\":\"2022-07-03T13:26:43+00:00\",\"breadcrumb\":{\"@id\":\"https:\/\/simpledream.pl\/index.php\/pl\/faq\/#breadcrumb\"},\"inLanguage\":\"pl-PL\",\"potentialAction\":[{\"@type\":\"ReadAction\",\"target\":[\"https:\/\/simpledream.pl\/index.php\/pl\/faq\/\"]}]},{\"@type\":\"BreadcrumbList\",\"@id\":\"https:\/\/simpledream.pl\/index.php\/pl\/faq\/#breadcrumb\",\"itemListElement\":[{\"@type\":\"ListItem\",\"position\":1,\"name\":\"Strona g\u0142\u00f3wna\",\"item\":\"https:\/\/simpledream.pl\/index.php\/pl\/main-home\/\"},{\"@type\":\"ListItem\",\"position\":2,\"name\":\"FAQ\"}]},{\"@type\":\"WebSite\",\"@id\":\"https:\/\/simpledream.pl\/#website\",\"url\":\"https:\/\/simpledream.pl\/\",\"name\":\"Simple Dream\",\"description\":\"\",\"potentialAction\":[{\"@type\":\"SearchAction\",\"target\":{\"@type\":\"EntryPoint\",\"urlTemplate\":\"https:\/\/simpledream.pl\/?s={search_term_string}\"},\"query-input\":{\"@type\":\"PropertyValueSpecification\",\"valueRequired\":true,\"valueName\":\"search_term_string\"}}],\"inLanguage\":\"pl-PL\"}]}<\/script>\n<!-- \/ Yoast SEO plugin. -->","yoast_head_json":{"title":"FAQ - Simple Dream","robots":{"index":"index","follow":"follow","max-snippet":"max-snippet:-1","max-image-preview":"max-image-preview:large","max-video-preview":"max-video-preview:-1"},"canonical":"https:\/\/simpledream.pl\/index.php\/pl\/faq\/","og_locale":"pl_PL","og_type":"article","og_title":"FAQ - Simple Dream","og_description":"Q&amp;A Poni\u017cej zebrali\u015bmy odpowiedzi na najbardziej nurtuj\u0105ce pytania: 1. P\u0142atno\u015b\u0107 zam\u00f3wienia Przy ka\u017cdym zam\u00f3wieniu pojawiaj\u0105 si\u0119 opcje p\u0142atno\u015bci. Dla naszych klient\u00f3w udost\u0119pnili\u015bmy do wyboru: zam\u00f3wienie za pobraniem na terenie Polski, przelew tradycyjny, PayPal, Szybkie Przelewy. 2. Czas realizacji Twoje zam\u00f3wienie zostanie spakowane i przekazane do wysy\u0142ki w ci\u0105gu 48 h od z\u0142o\u017cenia zam\u00f3wienia. 3. Made [&hellip;]","og_url":"https:\/\/simpledream.pl\/index.php\/pl\/faq\/","og_site_name":"Simple Dream","article_modified_time":"2022-07-03T13:26:43+00:00","twitter_card":"summary_large_image","twitter_misc":{"Szacowany czas czytania":"1 minuta"},"schema":{"@context":"https:\/\/schema.org","@graph":[{"@type":"WebPage","@id":"https:\/\/simpledream.pl\/index.php\/pl\/faq\/","url":"https:\/\/simpledream.pl\/index.php\/pl\/faq\/","name":"FAQ - Simple Dream","isPartOf":{"@id":"https:\/\/simpledream.pl\/#website"},"datePublished":"2021-10-10T17:12:44+00:00","dateModified":"2022-07-03T13:26:43+00:00","breadcrumb":{"@id":"https:\/\/simpledream.pl\/index.php\/pl\/faq\/#breadcrumb"},"inLanguage":"pl-PL","potentialAction":[{"@type":"ReadAction","target":["https:\/\/simpledream.pl\/index.php\/pl\/faq\/"]}]},{"@type":"BreadcrumbList","@id":"https:\/\/simpledream.pl\/index.php\/pl\/faq\/#breadcrumb","itemListElement":[{"@type":"ListItem","position":1,"name":"Strona g\u0142\u00f3wna","item":"https:\/\/simpledream.pl\/index.php\/pl\/main-home\/"},{"@type":"ListItem","position":2,"name":"FAQ"}]},{"@type":"WebSite","@id":"https:\/\/simpledream.pl\/#website","url":"https:\/\/simpledream.pl\/","name":"Simple Dream","description":"","potentialAction":[{"@type":"SearchAction","target":{"@type":"EntryPoint","urlTemplate":"https:\/\/simpledream.pl\/?s={search_term_string}"},"query-input":{"@type":"PropertyValueSpecification","valueRequired":true,"valueName":"search_term_string"}}],"inLanguage":"pl-PL"}]}},"lang":"pl","translations":{"pl":5839,"en":6583},"pll_sync_post":[],"_links":{"self":[{"href":"https:\/\/simpledream.pl\/index.php\/wp-json\/wp\/v2\/pages\/5839","targetHints":{"allow":["GET"]}}],"collection":[{"href":"https:\/\/simpledream.pl\/index.php\/wp-json\/wp\/v2\/pages"}],"about":[{"href":"https:\/\/simpledream.pl\/index.php\/wp-json\/wp\/v2\/types\/page"}],"author":[{"embeddable":true,"href":"https:\/\/simpledream.pl\/index.php\/wp-json\/wp\/v2\/users\/1"}],"replies":[{"embeddable":true,"href":"https:\/\/simpledream.pl\/index.php\/wp-json\/wp\/v2\/comments?post=5839"}],"version-history":[{"count":25,"href":"https:\/\/simpledream.pl\/index.php\/wp-json\/wp\/v2\/pages\/5839\/revisions"}],"predecessor-version":[{"id":7789,"href":"https:\/\/simpledream.pl\/index.php\/wp-json\/wp\/v2\/pages\/5839\/revisions\/7789"}],"wp:attachment":[{"href":"https:\/\/simpledream.pl\/index.php\/wp-json\/wp\/v2\/media?parent=5839"}],"curies":[{"name":"wp","href":"https:\/\/api.w.org\/{rel}","templated":true}]}}