{"id":10000,"date":"2023-07-01T10:34:51","date_gmt":"2023-07-01T08:34:51","guid":{"rendered":"https:\/\/simpledream.pl\/?post_type=product&#038;p=10000"},"modified":"2023-07-01T10:34:52","modified_gmt":"2023-07-01T08:34:52","slug":"magnetic-bookmark-frenzy-of-elation","status":"publish","type":"product","link":"https:\/\/simpledream.pl\/index.php\/en\/produkt\/magnetic-bookmark-frenzy-of-elation\/","title":{"rendered":"Magnetic bookmark &#8211; Frenzy of Elation"},"content":{"rendered":"<p><span class=\"Y2IQFc\" lang=\"en\">A magnetic bookmark with a magnet placed on both sides. Made in Poland. <\/span><span class=\"Y2IQFc\" lang=\"en\">So it doesn\u2019t fall out of the book.<\/span><\/p>\n<div id=\"tw-target-text-container\" class=\"tw-ta-container F0azHf tw-nfl\" tabindex=\"0\">\n<p id=\"tw-target-text\" class=\"tw-data-text tw-text-large tw-ta\" dir=\"ltr\" data-placeholder=\"T\u0142umaczenie\"><span class=\"Y2IQFc\" lang=\"en\">The tab is located on the information blister.<br \/>\nBlister dimension: 18 x 7 cm<br \/>\nBookmark dimension: 10 x 4.5 cm<\/span><\/p>\n<p id=\"tw-target-text\" class=\"tw-data-text tw-text-large tw-ta\" dir=\"ltr\" data-placeholder=\"T\u0142umaczenie\"><span class=\"Y2IQFc\" lang=\"en\">In some bookmarks, the pattern is positioned as a mirror image, i.e. it is identical on both sides. But, there are also those that have two different parts of the image.<\/span><\/p>\n<\/div>\n<p dir=\"ltr\" data-placeholder=\"T\u0142umaczenie\">\n<p dir=\"ltr\" data-placeholder=\"T\u0142umaczenie\"><span class=\"Y2IQFc\" lang=\"en\">The painting \u201cFrenzy (Frenzy of Elation)\u201d was made by W\u0142adys\u0142aw Podkowi\u0144ski in 1894. It belongs to the collection of the National Museum in Cracow.<\/span><\/p>\n<p>The artist worked under the pseudonym &#8220;Andrzej Ansgary&#8221;. He lived in the years 1866-1895. He was a Polish painter and illustrator. Also a precursor of impressionism in Poland. Towards the end of his life he leaned towards symbolism.<\/p>\n<p>His most famous painting is the title &#8220;Frenzy of Exultation&#8221;. It shows a naked woman sitting on a horse that &#8220;rears&#8221;. It was shown for the first time in an atmosphere of scandal during an exhibition at the Warsaw Society for the Encouragement of Fine Arts. In unexplained circumstances, the artist cut the painting just before the planned closing of the exhibition.<\/p>\n<p dir=\"ltr\" data-placeholder=\"T\u0142umaczenie\">\n","protected":false},"excerpt":{"rendered":"<p><span class=\"Y2IQFc\" lang=\"en\">A magnetic bookmark with a magnet placed on both sides. Made in Poland. The painting \u201cFrenzy (Frenzy of Elation)\u201d was made by W\u0142adys\u0142aw Podkowi\u0144ski in 1894. It belongs to the collection of the National Museum in Cracow.<\/span><\/p>\n","protected":false},"featured_media":9994,"comment_status":"open","ping_status":"closed","template":"","meta":[],"product_cat":[431,920,912,423,918,902,886,890,1334,908,916,910,888,256,922,906],"product_tag":[1361,1357,932,1359,1365,1367,1363],"class_list":{"0":"post-10000","1":"product","2":"type-product","3":"status-publish","4":"has-post-thumbnail","6":"product_cat-art","7":"product_cat-birthday-names-day","8":"product_cat-christmas","9":"product_cat-collections","10":"product_cat-fathers-day","11":"product_cat-for-whom","12":"product_cat-gifts","13":"product_cat-less-than-50-pln","14":"product_cat-magnetic-bookmark","15":"product_cat-man","16":"product_cat-mothers-day","17":"product_cat-occasion","18":"product_cat-price","19":"product_cat-uncategorized-en","20":"product_cat-valentines-day","21":"product_cat-woman","22":"product_tag-bookmark","23":"product_tag-gift","24":"product_tag-made-in-poland","25":"product_tag-magnetic-bookmark","26":"product_tag-national-museum","27":"product_tag-pink","28":"product_tag-reading","30":"first","31":"instock","32":"shipping-taxable","33":"purchasable","34":"product-type-simple"},"yoast_head":"<!-- This site is optimized with the Yoast SEO plugin v23.9 - https:\/\/yoast.com\/wordpress\/plugins\/seo\/ -->\n<title>Magnetic bookmark - Frenzy of Elation - Simple Dream<\/title>\n<meta name=\"robots\" content=\"index, follow, max-snippet:-1, max-image-preview:large, max-video-preview:-1\" \/>\n<link rel=\"canonical\" href=\"https:\/\/simpledream.pl\/index.php\/en\/produkt\/magnetic-bookmark-frenzy-of-elation\/\" \/>\n<meta property=\"og:locale\" content=\"pl_PL\" \/>\n<meta property=\"og:type\" content=\"article\" \/>\n<meta property=\"og:title\" content=\"Magnetic bookmark - Frenzy of Elation - Simple Dream\" \/>\n<meta property=\"og:description\" content=\"A magnetic bookmark with a magnet placed on both sides. Made in Poland. The painting \u201cFrenzy (Frenzy of Elation)\u201d was made by W\u0142adys\u0142aw Podkowi\u0144ski in 1894. It belongs to the collection of the National Museum in Cracow.\" \/>\n<meta property=\"og:url\" content=\"https:\/\/simpledream.pl\/index.php\/en\/produkt\/magnetic-bookmark-frenzy-of-elation\/\" \/>\n<meta property=\"og:site_name\" content=\"Simple Dream\" \/>\n<meta property=\"article:modified_time\" content=\"2023-07-01T08:34:52+00:00\" \/>\n<meta property=\"og:image\" content=\"https:\/\/simpledream.pl\/wp-content\/uploads\/2023\/07\/zakladki-aranzacje39.jpg\" \/>\n\t<meta property=\"og:image:width\" content=\"1200\" \/>\n\t<meta property=\"og:image:height\" content=\"1200\" \/>\n\t<meta property=\"og:image:type\" content=\"image\/jpeg\" \/>\n<meta name=\"twitter:card\" content=\"summary_large_image\" \/>\n<meta name=\"twitter:label1\" content=\"Szacowany czas czytania\" \/>\n\t<meta name=\"twitter:data1\" content=\"1 minuta\" \/>\n<script type=\"application\/ld+json\" class=\"yoast-schema-graph\">{\"@context\":\"https:\/\/schema.org\",\"@graph\":[{\"@type\":\"WebPage\",\"@id\":\"https:\/\/simpledream.pl\/index.php\/en\/produkt\/magnetic-bookmark-frenzy-of-elation\/\",\"url\":\"https:\/\/simpledream.pl\/index.php\/en\/produkt\/magnetic-bookmark-frenzy-of-elation\/\",\"name\":\"Magnetic bookmark - Frenzy of Elation - Simple Dream\",\"isPartOf\":{\"@id\":\"https:\/\/simpledream.pl\/#website\"},\"primaryImageOfPage\":{\"@id\":\"https:\/\/simpledream.pl\/index.php\/en\/produkt\/magnetic-bookmark-frenzy-of-elation\/#primaryimage\"},\"image\":{\"@id\":\"https:\/\/simpledream.pl\/index.php\/en\/produkt\/magnetic-bookmark-frenzy-of-elation\/#primaryimage\"},\"thumbnailUrl\":\"https:\/\/simpledream.pl\/wp-content\/uploads\/2023\/07\/zakladki-aranzacje39.jpg\",\"datePublished\":\"2023-07-01T08:34:51+00:00\",\"dateModified\":\"2023-07-01T08:34:52+00:00\",\"breadcrumb\":{\"@id\":\"https:\/\/simpledream.pl\/index.php\/en\/produkt\/magnetic-bookmark-frenzy-of-elation\/#breadcrumb\"},\"inLanguage\":\"pl-PL\",\"potentialAction\":[{\"@type\":\"ReadAction\",\"target\":[\"https:\/\/simpledream.pl\/index.php\/en\/produkt\/magnetic-bookmark-frenzy-of-elation\/\"]}]},{\"@type\":\"ImageObject\",\"inLanguage\":\"pl-PL\",\"@id\":\"https:\/\/simpledream.pl\/index.php\/en\/produkt\/magnetic-bookmark-frenzy-of-elation\/#primaryimage\",\"url\":\"https:\/\/simpledream.pl\/wp-content\/uploads\/2023\/07\/zakladki-aranzacje39.jpg\",\"contentUrl\":\"https:\/\/simpledream.pl\/wp-content\/uploads\/2023\/07\/zakladki-aranzacje39.jpg\",\"width\":1200,\"height\":1200},{\"@type\":\"BreadcrumbList\",\"@id\":\"https:\/\/simpledream.pl\/index.php\/en\/produkt\/magnetic-bookmark-frenzy-of-elation\/#breadcrumb\",\"itemListElement\":[{\"@type\":\"ListItem\",\"position\":1,\"name\":\"Strona g\u0142\u00f3wna\",\"item\":\"https:\/\/simpledream.pl\/index.php\/pl\/main-home\/\"},{\"@type\":\"ListItem\",\"position\":2,\"name\":\"Sklep\",\"item\":\"https:\/\/simpledream.pl\/index.php\/pl\/sklep\/\"},{\"@type\":\"ListItem\",\"position\":3,\"name\":\"Magnetic bookmark &#8211; Frenzy of Elation\"}]},{\"@type\":\"WebSite\",\"@id\":\"https:\/\/simpledream.pl\/#website\",\"url\":\"https:\/\/simpledream.pl\/\",\"name\":\"Simple Dream\",\"description\":\"\",\"potentialAction\":[{\"@type\":\"SearchAction\",\"target\":{\"@type\":\"EntryPoint\",\"urlTemplate\":\"https:\/\/simpledream.pl\/?s={search_term_string}\"},\"query-input\":{\"@type\":\"PropertyValueSpecification\",\"valueRequired\":true,\"valueName\":\"search_term_string\"}}],\"inLanguage\":\"pl-PL\"}]}<\/script>\n<!-- \/ Yoast SEO plugin. -->","yoast_head_json":{"title":"Magnetic bookmark - Frenzy of Elation - Simple Dream","robots":{"index":"index","follow":"follow","max-snippet":"max-snippet:-1","max-image-preview":"max-image-preview:large","max-video-preview":"max-video-preview:-1"},"canonical":"https:\/\/simpledream.pl\/index.php\/en\/produkt\/magnetic-bookmark-frenzy-of-elation\/","og_locale":"pl_PL","og_type":"article","og_title":"Magnetic bookmark - Frenzy of Elation - Simple Dream","og_description":"A magnetic bookmark with a magnet placed on both sides. Made in Poland. The painting \u201cFrenzy (Frenzy of Elation)\u201d was made by W\u0142adys\u0142aw Podkowi\u0144ski in 1894. It belongs to the collection of the National Museum in Cracow.","og_url":"https:\/\/simpledream.pl\/index.php\/en\/produkt\/magnetic-bookmark-frenzy-of-elation\/","og_site_name":"Simple Dream","article_modified_time":"2023-07-01T08:34:52+00:00","og_image":[{"width":1200,"height":1200,"url":"https:\/\/simpledream.pl\/wp-content\/uploads\/2023\/07\/zakladki-aranzacje39.jpg","type":"image\/jpeg"}],"twitter_card":"summary_large_image","twitter_misc":{"Szacowany czas czytania":"1 minuta"},"schema":{"@context":"https:\/\/schema.org","@graph":[{"@type":"WebPage","@id":"https:\/\/simpledream.pl\/index.php\/en\/produkt\/magnetic-bookmark-frenzy-of-elation\/","url":"https:\/\/simpledream.pl\/index.php\/en\/produkt\/magnetic-bookmark-frenzy-of-elation\/","name":"Magnetic bookmark - Frenzy of Elation - Simple Dream","isPartOf":{"@id":"https:\/\/simpledream.pl\/#website"},"primaryImageOfPage":{"@id":"https:\/\/simpledream.pl\/index.php\/en\/produkt\/magnetic-bookmark-frenzy-of-elation\/#primaryimage"},"image":{"@id":"https:\/\/simpledream.pl\/index.php\/en\/produkt\/magnetic-bookmark-frenzy-of-elation\/#primaryimage"},"thumbnailUrl":"https:\/\/simpledream.pl\/wp-content\/uploads\/2023\/07\/zakladki-aranzacje39.jpg","datePublished":"2023-07-01T08:34:51+00:00","dateModified":"2023-07-01T08:34:52+00:00","breadcrumb":{"@id":"https:\/\/simpledream.pl\/index.php\/en\/produkt\/magnetic-bookmark-frenzy-of-elation\/#breadcrumb"},"inLanguage":"pl-PL","potentialAction":[{"@type":"ReadAction","target":["https:\/\/simpledream.pl\/index.php\/en\/produkt\/magnetic-bookmark-frenzy-of-elation\/"]}]},{"@type":"ImageObject","inLanguage":"pl-PL","@id":"https:\/\/simpledream.pl\/index.php\/en\/produkt\/magnetic-bookmark-frenzy-of-elation\/#primaryimage","url":"https:\/\/simpledream.pl\/wp-content\/uploads\/2023\/07\/zakladki-aranzacje39.jpg","contentUrl":"https:\/\/simpledream.pl\/wp-content\/uploads\/2023\/07\/zakladki-aranzacje39.jpg","width":1200,"height":1200},{"@type":"BreadcrumbList","@id":"https:\/\/simpledream.pl\/index.php\/en\/produkt\/magnetic-bookmark-frenzy-of-elation\/#breadcrumb","itemListElement":[{"@type":"ListItem","position":1,"name":"Strona g\u0142\u00f3wna","item":"https:\/\/simpledream.pl\/index.php\/pl\/main-home\/"},{"@type":"ListItem","position":2,"name":"Sklep","item":"https:\/\/simpledream.pl\/index.php\/pl\/sklep\/"},{"@type":"ListItem","position":3,"name":"Magnetic bookmark &#8211; Frenzy of Elation"}]},{"@type":"WebSite","@id":"https:\/\/simpledream.pl\/#website","url":"https:\/\/simpledream.pl\/","name":"Simple Dream","description":"","potentialAction":[{"@type":"SearchAction","target":{"@type":"EntryPoint","urlTemplate":"https:\/\/simpledream.pl\/?s={search_term_string}"},"query-input":{"@type":"PropertyValueSpecification","valueRequired":true,"valueName":"search_term_string"}}],"inLanguage":"pl-PL"}]}},"lang":"en","translations":{"en":10000,"pl":9993},"pll_sync_post":[],"_links":{"self":[{"href":"https:\/\/simpledream.pl\/index.php\/wp-json\/wp\/v2\/product\/10000","targetHints":{"allow":["GET"]}}],"collection":[{"href":"https:\/\/simpledream.pl\/index.php\/wp-json\/wp\/v2\/product"}],"about":[{"href":"https:\/\/simpledream.pl\/index.php\/wp-json\/wp\/v2\/types\/product"}],"replies":[{"embeddable":true,"href":"https:\/\/simpledream.pl\/index.php\/wp-json\/wp\/v2\/comments?post=10000"}],"version-history":[{"count":2,"href":"https:\/\/simpledream.pl\/index.php\/wp-json\/wp\/v2\/product\/10000\/revisions"}],"predecessor-version":[{"id":10002,"href":"https:\/\/simpledream.pl\/index.php\/wp-json\/wp\/v2\/product\/10000\/revisions\/10002"}],"wp:featuredmedia":[{"embeddable":true,"href":"https:\/\/simpledream.pl\/index.php\/wp-json\/wp\/v2\/media\/9994"}],"wp:attachment":[{"href":"https:\/\/simpledream.pl\/index.php\/wp-json\/wp\/v2\/media?parent=10000"}],"wp:term":[{"taxonomy":"product_cat","embeddable":true,"href":"https:\/\/simpledream.pl\/index.php\/wp-json\/wp\/v2\/product_cat?post=10000"},{"taxonomy":"product_tag","embeddable":true,"href":"https:\/\/simpledream.pl\/index.php\/wp-json\/wp\/v2\/product_tag?post=10000"}],"curies":[{"name":"wp","href":"https:\/\/api.w.org\/{rel}","templated":true}]}}