{"id":10003,"date":"2023-07-01T10:52:48","date_gmt":"2023-07-01T08:52:48","guid":{"rendered":"https:\/\/simpledream.pl\/?post_type=product&#038;p=10003"},"modified":"2025-12-08T10:38:06","modified_gmt":"2025-12-08T09:38:06","slug":"zakladka-magnetyczna-w-oranzerii","status":"publish","type":"product","link":"https:\/\/simpledream.pl\/index.php\/pl\/produkt\/zakladka-magnetyczna-w-oranzerii\/","title":{"rendered":"Zak\u0142adka magnetyczna &#8211; W oran\u017cerii"},"content":{"rendered":"<p>Zak\u0142adka magnetyczna do ksi\u0105\u017cki, z umiejscowionym magnesem po ca\u0142o\u015bci z dw\u00f3ch stron. Dzi\u0119ki czemu, nie wypada z ksi\u0105\u017cki. Wyprodukowana zosta\u0142a w Polsce.<\/p>\n<p>Zak\u0142adka umiejscowiona jest na blistrze z informacj\u0105. W niekt\u00f3rych zak\u0142adkach wz\u00f3r umiejscowiony jest jak odbicie lustrzane, czyli z dw\u00f3ch stron jest identyczny. Ale, s\u0105 i r\u00f3wnie\u017c takie, kt\u00f3re maj\u0105 dwa r\u00f3\u017cne fragmenty obrazu.<\/p>\n<p>Wymiar blistra:<\/p>\n<p>18 x 7 cm<\/p>\n<p>Wymiar zak\u0142adki:<\/p>\n<p>10 x 4,5 cm<\/p>\n<p>&nbsp;<\/p>\n<p>Obraz \u201cW oran\u017cerii\u201d zosta\u0142 wykonany przez Olg\u0119 Bozna\u0144sk\u0105. Nale\u017cy do kolekcji Muzeum Narodowego w Krakowie.<\/p>\n<p>Polska malarka, portrecistka tworz\u0105ca w nurcie modernizmu. \u017by\u0142a w latach 1865- 1940. Portrety przynios\u0142y jej najwi\u0119ksz\u0105 s\u0142aw\u0119. R\u00f3wnie\u017c cz\u0119stym motywem jej obraz\u00f3w by\u0142y pracownia oraz widoki z okna.<\/p>\n<p>P\u0142\u00f3tno przedstawia dziewczyn\u0119 stoj\u0105ca w otoczeniu bujnych kwiat\u00f3w i ro\u015blin. Spogl\u0105daj\u0105ca w stron\u0119 odbiorcy obrazu z niepokojem oraz zainteresowaniem. Obraz mo\u017ce by\u0107 rozpatrywany w tematyce cielesno\u015bci, dojrzewania i dzieci\u0144stwa. Ogrodniczka jako egzotyczny kwiat dojrzewaj\u0105cy w domu rodzinnym, metaforycznie ukazanym jako cieplarnia.<\/p>\n","protected":false},"excerpt":{"rendered":"<p>Zak\u0142adka magnetyczna do ksi\u0105\u017cki, z umiejscowionym magnesem po ca\u0142o\u015bci z dw\u00f3ch stron. Wyprodukowana w Polsce. Obraz \u201cW oran\u017cerii\u201d zosta\u0142 wykonany przez Olg\u0119 Bozna\u0144sk\u0105. Nale\u017cy do kolekcji Muzeum Narodowego w Krakowie.<\/p>\n","protected":false},"featured_media":10004,"comment_status":"open","ping_status":"closed","template":"","meta":[],"product_cat":[1332,15,92,93,115,116,117,130,132,133,123,125,128,127,124,129],"product_tag":[1344,1346,1352,1348,177,1354,1340,1342],"class_list":{"0":"post-10003","1":"product","2":"type-product","3":"status-publish","4":"has-post-thumbnail","6":"product_cat-zakladka-magnetyczna","7":"product_cat-bez-kategorii","8":"product_cat-kolekcje","9":"product_cat-sztuka","10":"product_cat-prezenty","11":"product_cat-cena","12":"product_cat-ponizej-50-zl","13":"product_cat-dla-kogo","14":"product_cat-kobieta","15":"product_cat-mezczyzna","16":"product_cat-okazja","17":"product_cat-boze-narodzenie","18":"product_cat-dzien-matki","19":"product_cat-dzien-ojca","20":"product_cat-urodziny-imieniny","21":"product_cat-walentynki","22":"product_tag-czytanie","23":"product_tag-ksiazka","24":"product_tag-magnes","25":"product_tag-muzeum-narodowe","26":"product_tag-obraz","27":"product_tag-polskie-obrazy","28":"product_tag-zakladka","29":"product_tag-zakladka-do-ksiazki","31":"first","32":"instock","33":"shipping-taxable","34":"purchasable","35":"product-type-simple"},"yoast_head":"<!-- This site is optimized with the Yoast SEO plugin v23.9 - https:\/\/yoast.com\/wordpress\/plugins\/seo\/ -->\n<title>Zak\u0142adka magnetyczna - W oran\u017cerii - Simple Dream<\/title>\n<meta name=\"robots\" content=\"index, follow, max-snippet:-1, max-image-preview:large, max-video-preview:-1\" \/>\n<link rel=\"canonical\" href=\"https:\/\/simpledream.pl\/index.php\/pl\/produkt\/zakladka-magnetyczna-w-oranzerii\/\" \/>\n<meta property=\"og:locale\" content=\"pl_PL\" \/>\n<meta property=\"og:type\" content=\"article\" \/>\n<meta property=\"og:title\" content=\"Zak\u0142adka magnetyczna - W oran\u017cerii - Simple Dream\" \/>\n<meta property=\"og:description\" content=\"Zak\u0142adka magnetyczna do ksi\u0105\u017cki, z umiejscowionym magnesem po ca\u0142o\u015bci z dw\u00f3ch stron. Wyprodukowana w Polsce. Obraz \u201cW oran\u017cerii\u201d zosta\u0142 wykonany przez Olg\u0119 Bozna\u0144sk\u0105. Nale\u017cy do kolekcji Muzeum Narodowego w Krakowie.\" \/>\n<meta property=\"og:url\" content=\"https:\/\/simpledream.pl\/index.php\/pl\/produkt\/zakladka-magnetyczna-w-oranzerii\/\" \/>\n<meta property=\"og:site_name\" content=\"Simple Dream\" \/>\n<meta property=\"article:modified_time\" content=\"2025-12-08T09:38:06+00:00\" \/>\n<meta property=\"og:image\" content=\"https:\/\/simpledream.pl\/wp-content\/uploads\/2023\/07\/zakladki-aranzacje42.jpg\" \/>\n\t<meta property=\"og:image:width\" content=\"1200\" \/>\n\t<meta property=\"og:image:height\" content=\"1200\" \/>\n\t<meta property=\"og:image:type\" content=\"image\/jpeg\" \/>\n<meta name=\"twitter:card\" content=\"summary_large_image\" \/>\n<meta name=\"twitter:label1\" content=\"Szacowany czas czytania\" \/>\n\t<meta name=\"twitter:data1\" content=\"1 minuta\" \/>\n<script type=\"application\/ld+json\" class=\"yoast-schema-graph\">{\"@context\":\"https:\/\/schema.org\",\"@graph\":[{\"@type\":\"WebPage\",\"@id\":\"https:\/\/simpledream.pl\/index.php\/pl\/produkt\/zakladka-magnetyczna-w-oranzerii\/\",\"url\":\"https:\/\/simpledream.pl\/index.php\/pl\/produkt\/zakladka-magnetyczna-w-oranzerii\/\",\"name\":\"Zak\u0142adka magnetyczna - W oran\u017cerii - Simple Dream\",\"isPartOf\":{\"@id\":\"https:\/\/simpledream.pl\/#website\"},\"primaryImageOfPage\":{\"@id\":\"https:\/\/simpledream.pl\/index.php\/pl\/produkt\/zakladka-magnetyczna-w-oranzerii\/#primaryimage\"},\"image\":{\"@id\":\"https:\/\/simpledream.pl\/index.php\/pl\/produkt\/zakladka-magnetyczna-w-oranzerii\/#primaryimage\"},\"thumbnailUrl\":\"https:\/\/simpledream.pl\/wp-content\/uploads\/2023\/07\/zakladki-aranzacje42.jpg\",\"datePublished\":\"2023-07-01T08:52:48+00:00\",\"dateModified\":\"2025-12-08T09:38:06+00:00\",\"breadcrumb\":{\"@id\":\"https:\/\/simpledream.pl\/index.php\/pl\/produkt\/zakladka-magnetyczna-w-oranzerii\/#breadcrumb\"},\"inLanguage\":\"pl-PL\",\"potentialAction\":[{\"@type\":\"ReadAction\",\"target\":[\"https:\/\/simpledream.pl\/index.php\/pl\/produkt\/zakladka-magnetyczna-w-oranzerii\/\"]}]},{\"@type\":\"ImageObject\",\"inLanguage\":\"pl-PL\",\"@id\":\"https:\/\/simpledream.pl\/index.php\/pl\/produkt\/zakladka-magnetyczna-w-oranzerii\/#primaryimage\",\"url\":\"https:\/\/simpledream.pl\/wp-content\/uploads\/2023\/07\/zakladki-aranzacje42.jpg\",\"contentUrl\":\"https:\/\/simpledream.pl\/wp-content\/uploads\/2023\/07\/zakladki-aranzacje42.jpg\",\"width\":1200,\"height\":1200},{\"@type\":\"BreadcrumbList\",\"@id\":\"https:\/\/simpledream.pl\/index.php\/pl\/produkt\/zakladka-magnetyczna-w-oranzerii\/#breadcrumb\",\"itemListElement\":[{\"@type\":\"ListItem\",\"position\":1,\"name\":\"Strona g\u0142\u00f3wna\",\"item\":\"https:\/\/simpledream.pl\/index.php\/pl\/main-home\/\"},{\"@type\":\"ListItem\",\"position\":2,\"name\":\"Sklep\",\"item\":\"https:\/\/simpledream.pl\/index.php\/pl\/sklep\/\"},{\"@type\":\"ListItem\",\"position\":3,\"name\":\"Zak\u0142adka magnetyczna &#8211; W oran\u017cerii\"}]},{\"@type\":\"WebSite\",\"@id\":\"https:\/\/simpledream.pl\/#website\",\"url\":\"https:\/\/simpledream.pl\/\",\"name\":\"Simple Dream\",\"description\":\"\",\"potentialAction\":[{\"@type\":\"SearchAction\",\"target\":{\"@type\":\"EntryPoint\",\"urlTemplate\":\"https:\/\/simpledream.pl\/?s={search_term_string}\"},\"query-input\":{\"@type\":\"PropertyValueSpecification\",\"valueRequired\":true,\"valueName\":\"search_term_string\"}}],\"inLanguage\":\"pl-PL\"}]}<\/script>\n<!-- \/ Yoast SEO plugin. -->","yoast_head_json":{"title":"Zak\u0142adka magnetyczna - W oran\u017cerii - Simple Dream","robots":{"index":"index","follow":"follow","max-snippet":"max-snippet:-1","max-image-preview":"max-image-preview:large","max-video-preview":"max-video-preview:-1"},"canonical":"https:\/\/simpledream.pl\/index.php\/pl\/produkt\/zakladka-magnetyczna-w-oranzerii\/","og_locale":"pl_PL","og_type":"article","og_title":"Zak\u0142adka magnetyczna - W oran\u017cerii - Simple Dream","og_description":"Zak\u0142adka magnetyczna do ksi\u0105\u017cki, z umiejscowionym magnesem po ca\u0142o\u015bci z dw\u00f3ch stron. Wyprodukowana w Polsce. Obraz \u201cW oran\u017cerii\u201d zosta\u0142 wykonany przez Olg\u0119 Bozna\u0144sk\u0105. Nale\u017cy do kolekcji Muzeum Narodowego w Krakowie.","og_url":"https:\/\/simpledream.pl\/index.php\/pl\/produkt\/zakladka-magnetyczna-w-oranzerii\/","og_site_name":"Simple Dream","article_modified_time":"2025-12-08T09:38:06+00:00","og_image":[{"width":1200,"height":1200,"url":"https:\/\/simpledream.pl\/wp-content\/uploads\/2023\/07\/zakladki-aranzacje42.jpg","type":"image\/jpeg"}],"twitter_card":"summary_large_image","twitter_misc":{"Szacowany czas czytania":"1 minuta"},"schema":{"@context":"https:\/\/schema.org","@graph":[{"@type":"WebPage","@id":"https:\/\/simpledream.pl\/index.php\/pl\/produkt\/zakladka-magnetyczna-w-oranzerii\/","url":"https:\/\/simpledream.pl\/index.php\/pl\/produkt\/zakladka-magnetyczna-w-oranzerii\/","name":"Zak\u0142adka magnetyczna - W oran\u017cerii - Simple Dream","isPartOf":{"@id":"https:\/\/simpledream.pl\/#website"},"primaryImageOfPage":{"@id":"https:\/\/simpledream.pl\/index.php\/pl\/produkt\/zakladka-magnetyczna-w-oranzerii\/#primaryimage"},"image":{"@id":"https:\/\/simpledream.pl\/index.php\/pl\/produkt\/zakladka-magnetyczna-w-oranzerii\/#primaryimage"},"thumbnailUrl":"https:\/\/simpledream.pl\/wp-content\/uploads\/2023\/07\/zakladki-aranzacje42.jpg","datePublished":"2023-07-01T08:52:48+00:00","dateModified":"2025-12-08T09:38:06+00:00","breadcrumb":{"@id":"https:\/\/simpledream.pl\/index.php\/pl\/produkt\/zakladka-magnetyczna-w-oranzerii\/#breadcrumb"},"inLanguage":"pl-PL","potentialAction":[{"@type":"ReadAction","target":["https:\/\/simpledream.pl\/index.php\/pl\/produkt\/zakladka-magnetyczna-w-oranzerii\/"]}]},{"@type":"ImageObject","inLanguage":"pl-PL","@id":"https:\/\/simpledream.pl\/index.php\/pl\/produkt\/zakladka-magnetyczna-w-oranzerii\/#primaryimage","url":"https:\/\/simpledream.pl\/wp-content\/uploads\/2023\/07\/zakladki-aranzacje42.jpg","contentUrl":"https:\/\/simpledream.pl\/wp-content\/uploads\/2023\/07\/zakladki-aranzacje42.jpg","width":1200,"height":1200},{"@type":"BreadcrumbList","@id":"https:\/\/simpledream.pl\/index.php\/pl\/produkt\/zakladka-magnetyczna-w-oranzerii\/#breadcrumb","itemListElement":[{"@type":"ListItem","position":1,"name":"Strona g\u0142\u00f3wna","item":"https:\/\/simpledream.pl\/index.php\/pl\/main-home\/"},{"@type":"ListItem","position":2,"name":"Sklep","item":"https:\/\/simpledream.pl\/index.php\/pl\/sklep\/"},{"@type":"ListItem","position":3,"name":"Zak\u0142adka magnetyczna &#8211; W oran\u017cerii"}]},{"@type":"WebSite","@id":"https:\/\/simpledream.pl\/#website","url":"https:\/\/simpledream.pl\/","name":"Simple Dream","description":"","potentialAction":[{"@type":"SearchAction","target":{"@type":"EntryPoint","urlTemplate":"https:\/\/simpledream.pl\/?s={search_term_string}"},"query-input":{"@type":"PropertyValueSpecification","valueRequired":true,"valueName":"search_term_string"}}],"inLanguage":"pl-PL"}]}},"lang":"pl","translations":{"pl":10003,"en":10010},"pll_sync_post":[],"_links":{"self":[{"href":"https:\/\/simpledream.pl\/index.php\/wp-json\/wp\/v2\/product\/10003","targetHints":{"allow":["GET"]}}],"collection":[{"href":"https:\/\/simpledream.pl\/index.php\/wp-json\/wp\/v2\/product"}],"about":[{"href":"https:\/\/simpledream.pl\/index.php\/wp-json\/wp\/v2\/types\/product"}],"replies":[{"embeddable":true,"href":"https:\/\/simpledream.pl\/index.php\/wp-json\/wp\/v2\/comments?post=10003"}],"version-history":[{"count":2,"href":"https:\/\/simpledream.pl\/index.php\/wp-json\/wp\/v2\/product\/10003\/revisions"}],"predecessor-version":[{"id":10009,"href":"https:\/\/simpledream.pl\/index.php\/wp-json\/wp\/v2\/product\/10003\/revisions\/10009"}],"wp:featuredmedia":[{"embeddable":true,"href":"https:\/\/simpledream.pl\/index.php\/wp-json\/wp\/v2\/media\/10004"}],"wp:attachment":[{"href":"https:\/\/simpledream.pl\/index.php\/wp-json\/wp\/v2\/media?parent=10003"}],"wp:term":[{"taxonomy":"product_cat","embeddable":true,"href":"https:\/\/simpledream.pl\/index.php\/wp-json\/wp\/v2\/product_cat?post=10003"},{"taxonomy":"product_tag","embeddable":true,"href":"https:\/\/simpledream.pl\/index.php\/wp-json\/wp\/v2\/product_tag?post=10003"}],"curies":[{"name":"wp","href":"https:\/\/api.w.org\/{rel}","templated":true}]}}