{"id":10159,"date":"2023-08-14T11:52:38","date_gmt":"2023-08-14T09:52:38","guid":{"rendered":"https:\/\/simpledream.pl\/?post_type=product&#038;p=10159"},"modified":"2023-08-16T11:54:06","modified_gmt":"2023-08-16T09:54:06","slug":"magnetic-puzzle-postcard-womancombingherhair","status":"publish","type":"product","link":"https:\/\/simpledream.pl\/index.php\/en\/produkt\/magnetic-puzzle-postcard-womancombingherhair\/","title":{"rendered":"Magnetic &#8211; puzzle postcard &#8211; Woman combing her hair"},"content":{"rendered":"<p>Magnetic &#8211; puzzle postcard<\/p>\n<p>&nbsp;<\/p>\n<p>The postcard designed by us shows the painting \u201cWoman combing her hair\u201d made by W\u0142adys\u0142aw \u015alewi\u0144ski. It belongs to the collection of the National Museum in Cracow.<\/p>\n<p>Size: 10 x 15 cm<\/p>\n<p>Other side: space for note.<\/p>\n<p>You can write on it like on a normal postcard. Then break the puzzle pieces and put them in the envelope. Send them to your friend or nephew or niece. They will have fun putting it together and trying to decipher what you wrote! And then they can arrange the picture on the fridge and have their own piece of art.<\/p>\n<p>&nbsp;<\/p>\n<p>&nbsp;<\/p>\n<p>One of the representatives of Young Poland and Art Nouveau. A painterwholived in the years 1856-1918. He paintedmainlylandscapes and still life. He started painting late and createdmainlyduringhisstay in France.<\/p>\n<p>&nbsp;<\/p>\n<p>The composition on canvasshows a womancombingherhair. The model was shown in anintimatescene, itis not knownwhoshe was. Her face is not visible, but anintriguingfigureisreflected in the mirror. It isprobably the face of the artiststaringather. The synthesis of the image manifestsitself in form, content, colors and soft lines.<\/p>\n","protected":false},"excerpt":{"rendered":"<p>The puzzle-magnetic postcard was produced in Poland. Thanks to the hidden magnet, you can put it on the fridge. The painting &#8220;Woman combing her hair\u201d was made by W\u0142adys\u0142aw \u015alewi\u0144ski. It belongs to the collection of the National Museum in Cracow.<\/p>\n","protected":false},"featured_media":10160,"comment_status":"closed","ping_status":"closed","template":"","meta":[],"product_cat":[431,920,423,918,902,886,904,914,890,916,910,1338,888,256,922,906],"product_tag":[1055,1307,1314,1053,1051,964,934,1320,984,932,1299,1475,1303,1309,1417,1444],"class_list":{"0":"post-10159","1":"product","2":"type-product","3":"status-publish","4":"has-post-thumbnail","6":"product_cat-art","7":"product_cat-birthday-names-day","8":"product_cat-collections","9":"product_cat-fathers-day","10":"product_cat-for-whom","11":"product_cat-gifts","12":"product_cat-kid","13":"product_cat-kids-day","14":"product_cat-less-than-50-pln","15":"product_cat-mothers-day","16":"product_cat-occasion","17":"product_cat-postcard","18":"product_cat-price","19":"product_cat-uncategorized-en","20":"product_cat-valentines-day","21":"product_cat-woman","22":"product_tag-art","23":"product_tag-card","24":"product_tag-for-a-friend","25":"product_tag-for-her","26":"product_tag-for-him","27":"product_tag-for-notes","28":"product_tag-gift-idea","29":"product_tag-ll-the-best","30":"product_tag-love","31":"product_tag-made-in-poland","32":"product_tag-paiting","33":"product_tag-postcard","34":"product_tag-wishes","35":"product_tag-with-a-gift","36":"product_tag-wladyslaw-slewinski","37":"product_tag-womancombingherhair","39":"first","40":"instock","41":"shipping-taxable","42":"purchasable","43":"product-type-simple"},"yoast_head":"<!-- This site is optimized with the Yoast SEO plugin v23.9 - https:\/\/yoast.com\/wordpress\/plugins\/seo\/ -->\n<title>Magnetic - puzzle postcard - Woman combing her hair - Simple Dream<\/title>\n<meta name=\"robots\" content=\"index, follow, max-snippet:-1, max-image-preview:large, max-video-preview:-1\" \/>\n<link rel=\"canonical\" href=\"https:\/\/simpledream.pl\/index.php\/en\/produkt\/magnetic-puzzle-postcard-womancombingherhair\/\" \/>\n<meta property=\"og:locale\" content=\"pl_PL\" \/>\n<meta property=\"og:type\" content=\"article\" \/>\n<meta property=\"og:title\" content=\"Magnetic - puzzle postcard - Woman combing her hair - Simple Dream\" \/>\n<meta property=\"og:description\" content=\"The puzzle-magnetic postcard was produced in Poland. Thanks to the hidden magnet, you can put it on the fridge. The painting &quot;Woman combing her hair\u201d was made by W\u0142adys\u0142aw \u015alewi\u0144ski. It belongs to the collection of the National Museum in Cracow.\" \/>\n<meta property=\"og:url\" content=\"https:\/\/simpledream.pl\/index.php\/en\/produkt\/magnetic-puzzle-postcard-womancombingherhair\/\" \/>\n<meta property=\"og:site_name\" content=\"Simple Dream\" \/>\n<meta property=\"article:modified_time\" content=\"2023-08-16T09:54:06+00:00\" \/>\n<meta property=\"og:image\" content=\"https:\/\/simpledream.pl\/wp-content\/uploads\/2023\/08\/pocztowki-puzzle28.jpg\" \/>\n\t<meta property=\"og:image:width\" content=\"1200\" \/>\n\t<meta property=\"og:image:height\" content=\"1200\" \/>\n\t<meta property=\"og:image:type\" content=\"image\/jpeg\" \/>\n<meta name=\"twitter:card\" content=\"summary_large_image\" \/>\n<meta name=\"twitter:label1\" content=\"Szacowany czas czytania\" \/>\n\t<meta name=\"twitter:data1\" content=\"1 minuta\" \/>\n<script type=\"application\/ld+json\" class=\"yoast-schema-graph\">{\"@context\":\"https:\/\/schema.org\",\"@graph\":[{\"@type\":\"WebPage\",\"@id\":\"https:\/\/simpledream.pl\/index.php\/en\/produkt\/magnetic-puzzle-postcard-womancombingherhair\/\",\"url\":\"https:\/\/simpledream.pl\/index.php\/en\/produkt\/magnetic-puzzle-postcard-womancombingherhair\/\",\"name\":\"Magnetic - puzzle postcard - Woman combing her hair - Simple Dream\",\"isPartOf\":{\"@id\":\"https:\/\/simpledream.pl\/#website\"},\"primaryImageOfPage\":{\"@id\":\"https:\/\/simpledream.pl\/index.php\/en\/produkt\/magnetic-puzzle-postcard-womancombingherhair\/#primaryimage\"},\"image\":{\"@id\":\"https:\/\/simpledream.pl\/index.php\/en\/produkt\/magnetic-puzzle-postcard-womancombingherhair\/#primaryimage\"},\"thumbnailUrl\":\"https:\/\/simpledream.pl\/wp-content\/uploads\/2023\/08\/pocztowki-puzzle28.jpg\",\"datePublished\":\"2023-08-14T09:52:38+00:00\",\"dateModified\":\"2023-08-16T09:54:06+00:00\",\"breadcrumb\":{\"@id\":\"https:\/\/simpledream.pl\/index.php\/en\/produkt\/magnetic-puzzle-postcard-womancombingherhair\/#breadcrumb\"},\"inLanguage\":\"pl-PL\",\"potentialAction\":[{\"@type\":\"ReadAction\",\"target\":[\"https:\/\/simpledream.pl\/index.php\/en\/produkt\/magnetic-puzzle-postcard-womancombingherhair\/\"]}]},{\"@type\":\"ImageObject\",\"inLanguage\":\"pl-PL\",\"@id\":\"https:\/\/simpledream.pl\/index.php\/en\/produkt\/magnetic-puzzle-postcard-womancombingherhair\/#primaryimage\",\"url\":\"https:\/\/simpledream.pl\/wp-content\/uploads\/2023\/08\/pocztowki-puzzle28.jpg\",\"contentUrl\":\"https:\/\/simpledream.pl\/wp-content\/uploads\/2023\/08\/pocztowki-puzzle28.jpg\",\"width\":1200,\"height\":1200},{\"@type\":\"BreadcrumbList\",\"@id\":\"https:\/\/simpledream.pl\/index.php\/en\/produkt\/magnetic-puzzle-postcard-womancombingherhair\/#breadcrumb\",\"itemListElement\":[{\"@type\":\"ListItem\",\"position\":1,\"name\":\"Strona g\u0142\u00f3wna\",\"item\":\"https:\/\/simpledream.pl\/index.php\/pl\/main-home\/\"},{\"@type\":\"ListItem\",\"position\":2,\"name\":\"Sklep\",\"item\":\"https:\/\/simpledream.pl\/index.php\/pl\/sklep\/\"},{\"@type\":\"ListItem\",\"position\":3,\"name\":\"Magnetic &#8211; puzzle postcard &#8211; Woman combing her hair\"}]},{\"@type\":\"WebSite\",\"@id\":\"https:\/\/simpledream.pl\/#website\",\"url\":\"https:\/\/simpledream.pl\/\",\"name\":\"Simple Dream\",\"description\":\"\",\"potentialAction\":[{\"@type\":\"SearchAction\",\"target\":{\"@type\":\"EntryPoint\",\"urlTemplate\":\"https:\/\/simpledream.pl\/?s={search_term_string}\"},\"query-input\":{\"@type\":\"PropertyValueSpecification\",\"valueRequired\":true,\"valueName\":\"search_term_string\"}}],\"inLanguage\":\"pl-PL\"}]}<\/script>\n<!-- \/ Yoast SEO plugin. -->","yoast_head_json":{"title":"Magnetic - puzzle postcard - Woman combing her hair - Simple Dream","robots":{"index":"index","follow":"follow","max-snippet":"max-snippet:-1","max-image-preview":"max-image-preview:large","max-video-preview":"max-video-preview:-1"},"canonical":"https:\/\/simpledream.pl\/index.php\/en\/produkt\/magnetic-puzzle-postcard-womancombingherhair\/","og_locale":"pl_PL","og_type":"article","og_title":"Magnetic - puzzle postcard - Woman combing her hair - Simple Dream","og_description":"The puzzle-magnetic postcard was produced in Poland. Thanks to the hidden magnet, you can put it on the fridge. The painting \"Woman combing her hair\u201d was made by W\u0142adys\u0142aw \u015alewi\u0144ski. It belongs to the collection of the National Museum in Cracow.","og_url":"https:\/\/simpledream.pl\/index.php\/en\/produkt\/magnetic-puzzle-postcard-womancombingherhair\/","og_site_name":"Simple Dream","article_modified_time":"2023-08-16T09:54:06+00:00","og_image":[{"width":1200,"height":1200,"url":"https:\/\/simpledream.pl\/wp-content\/uploads\/2023\/08\/pocztowki-puzzle28.jpg","type":"image\/jpeg"}],"twitter_card":"summary_large_image","twitter_misc":{"Szacowany czas czytania":"1 minuta"},"schema":{"@context":"https:\/\/schema.org","@graph":[{"@type":"WebPage","@id":"https:\/\/simpledream.pl\/index.php\/en\/produkt\/magnetic-puzzle-postcard-womancombingherhair\/","url":"https:\/\/simpledream.pl\/index.php\/en\/produkt\/magnetic-puzzle-postcard-womancombingherhair\/","name":"Magnetic - puzzle postcard - Woman combing her hair - Simple Dream","isPartOf":{"@id":"https:\/\/simpledream.pl\/#website"},"primaryImageOfPage":{"@id":"https:\/\/simpledream.pl\/index.php\/en\/produkt\/magnetic-puzzle-postcard-womancombingherhair\/#primaryimage"},"image":{"@id":"https:\/\/simpledream.pl\/index.php\/en\/produkt\/magnetic-puzzle-postcard-womancombingherhair\/#primaryimage"},"thumbnailUrl":"https:\/\/simpledream.pl\/wp-content\/uploads\/2023\/08\/pocztowki-puzzle28.jpg","datePublished":"2023-08-14T09:52:38+00:00","dateModified":"2023-08-16T09:54:06+00:00","breadcrumb":{"@id":"https:\/\/simpledream.pl\/index.php\/en\/produkt\/magnetic-puzzle-postcard-womancombingherhair\/#breadcrumb"},"inLanguage":"pl-PL","potentialAction":[{"@type":"ReadAction","target":["https:\/\/simpledream.pl\/index.php\/en\/produkt\/magnetic-puzzle-postcard-womancombingherhair\/"]}]},{"@type":"ImageObject","inLanguage":"pl-PL","@id":"https:\/\/simpledream.pl\/index.php\/en\/produkt\/magnetic-puzzle-postcard-womancombingherhair\/#primaryimage","url":"https:\/\/simpledream.pl\/wp-content\/uploads\/2023\/08\/pocztowki-puzzle28.jpg","contentUrl":"https:\/\/simpledream.pl\/wp-content\/uploads\/2023\/08\/pocztowki-puzzle28.jpg","width":1200,"height":1200},{"@type":"BreadcrumbList","@id":"https:\/\/simpledream.pl\/index.php\/en\/produkt\/magnetic-puzzle-postcard-womancombingherhair\/#breadcrumb","itemListElement":[{"@type":"ListItem","position":1,"name":"Strona g\u0142\u00f3wna","item":"https:\/\/simpledream.pl\/index.php\/pl\/main-home\/"},{"@type":"ListItem","position":2,"name":"Sklep","item":"https:\/\/simpledream.pl\/index.php\/pl\/sklep\/"},{"@type":"ListItem","position":3,"name":"Magnetic &#8211; puzzle postcard &#8211; Woman combing her hair"}]},{"@type":"WebSite","@id":"https:\/\/simpledream.pl\/#website","url":"https:\/\/simpledream.pl\/","name":"Simple Dream","description":"","potentialAction":[{"@type":"SearchAction","target":{"@type":"EntryPoint","urlTemplate":"https:\/\/simpledream.pl\/?s={search_term_string}"},"query-input":{"@type":"PropertyValueSpecification","valueRequired":true,"valueName":"search_term_string"}}],"inLanguage":"pl-PL"}]}},"lang":"en","translations":{"en":10159,"pl":10158},"pll_sync_post":[],"_links":{"self":[{"href":"https:\/\/simpledream.pl\/index.php\/wp-json\/wp\/v2\/product\/10159","targetHints":{"allow":["GET"]}}],"collection":[{"href":"https:\/\/simpledream.pl\/index.php\/wp-json\/wp\/v2\/product"}],"about":[{"href":"https:\/\/simpledream.pl\/index.php\/wp-json\/wp\/v2\/types\/product"}],"replies":[{"embeddable":true,"href":"https:\/\/simpledream.pl\/index.php\/wp-json\/wp\/v2\/comments?post=10159"}],"version-history":[{"count":4,"href":"https:\/\/simpledream.pl\/index.php\/wp-json\/wp\/v2\/product\/10159\/revisions"}],"predecessor-version":[{"id":10312,"href":"https:\/\/simpledream.pl\/index.php\/wp-json\/wp\/v2\/product\/10159\/revisions\/10312"}],"wp:featuredmedia":[{"embeddable":true,"href":"https:\/\/simpledream.pl\/index.php\/wp-json\/wp\/v2\/media\/10160"}],"wp:attachment":[{"href":"https:\/\/simpledream.pl\/index.php\/wp-json\/wp\/v2\/media?parent=10159"}],"wp:term":[{"taxonomy":"product_cat","embeddable":true,"href":"https:\/\/simpledream.pl\/index.php\/wp-json\/wp\/v2\/product_cat?post=10159"},{"taxonomy":"product_tag","embeddable":true,"href":"https:\/\/simpledream.pl\/index.php\/wp-json\/wp\/v2\/product_tag?post=10159"}],"curies":[{"name":"wp","href":"https:\/\/api.w.org\/{rel}","templated":true}]}}