{"id":10176,"date":"2023-08-14T12:14:39","date_gmt":"2023-08-14T10:14:39","guid":{"rendered":"https:\/\/simpledream.pl\/?post_type=product&#038;p=10176"},"modified":"2024-07-03T22:36:53","modified_gmt":"2024-07-03T20:36:53","slug":"magnetic-puzzle-postcard-frenzy-frenzy-of-elation","status":"publish","type":"product","link":"https:\/\/simpledream.pl\/index.php\/en\/produkt\/magnetic-puzzle-postcard-frenzy-frenzy-of-elation\/","title":{"rendered":"Magnetic &#8211; puzzle postcard &#8211; Frenzy (Frenzy of Elation)"},"content":{"rendered":"<p>Magnetic &#8211; puzzle postcard<\/p>\n<p>&nbsp;<\/p>\n<p>The postcard designed by us shows the painting \u201cFrenzy (Frenzy of Elation)\u201d made by W\u0142adys\u0142aw Podkowi\u0144ski. It belongs to the collection of the National Museum in Cracow.<\/p>\n<p>Size: 10 x 15 cm<\/p>\n<p>Other side: space for note.<\/p>\n<p>You can write on it like on a normal postcard. Then break the puzzle pieces and put them in the envelope. Send them to your friend or nephew or niece. They will have fun putting it together and trying to decipher what you wrote! And then they can arrange the picture on the fridge and have their own piece of art.<\/p>\n<p>&nbsp;<\/p>\n<p>&nbsp;<\/p>\n<p>The artistworkedunder the pseudonym &#8220;Andrzej Ansgary&#8221;. He lived in the years 1866-1895. He was a Polishpainter and illustrator. Also a precursor of impressionism in Poland. Towards the end of his life he leanedtowardssymbolism.<\/p>\n<p>&nbsp;<\/p>\n<p>His most famous painting is the title &#8220;Frenzy of Exultation&#8221;. It shows a naked woman sitting on a horse that &#8220;rears&#8221;. It was shown for the first time in an atmosphere of scandal during an exhibition at the Warsaw Society for the Encouragement of Fine Arts. In unexplained circumstances, the artist cut the painting just before the planned closing of the exhibition.<\/p>\n","protected":false},"excerpt":{"rendered":"<p>The puzzle-magnetic postcard was produced in Poland. Thanks to the hidden magnet, you can put it on the fridge. The painting \u201cFrenzy (Frenzy of Elation)\u201d was made by W\u0142adys\u0142aw Podkowi\u0144ski. It belongs to the collection of the National Museum in Cracow.<\/p>\n","protected":false},"featured_media":10177,"comment_status":"closed","ping_status":"closed","template":"","meta":[],"product_cat":[431,920,423,918,902,886,904,914,890,916,910,1338,888,256,922,906],"product_tag":[1055,1307,1314,1053,1051,964,1455,934,1301,1320,984,932,1299,1475,1303,1309,1457],"class_list":{"0":"post-10176","1":"product","2":"type-product","3":"status-publish","4":"has-post-thumbnail","6":"product_cat-art","7":"product_cat-birthday-names-day","8":"product_cat-collections","9":"product_cat-fathers-day","10":"product_cat-for-whom","11":"product_cat-gifts","12":"product_cat-kid","13":"product_cat-kids-day","14":"product_cat-less-than-50-pln","15":"product_cat-mothers-day","16":"product_cat-occasion","17":"product_cat-postcard","18":"product_cat-price","19":"product_cat-uncategorized-en","20":"product_cat-valentines-day","21":"product_cat-woman","22":"product_tag-art","23":"product_tag-card","24":"product_tag-for-a-friend","25":"product_tag-for-her","26":"product_tag-for-him","27":"product_tag-for-notes","28":"product_tag-frenzy-frenzy-of-elation","29":"product_tag-gift-idea","30":"product_tag-greeting-card","31":"product_tag-ll-the-best","32":"product_tag-love","33":"product_tag-made-in-poland","34":"product_tag-paiting","35":"product_tag-postcard","36":"product_tag-wishes","37":"product_tag-with-a-gift","38":"product_tag-wladyslaw-podkowinski","40":"first","41":"instock","42":"shipping-taxable","43":"purchasable","44":"product-type-simple"},"yoast_head":"<!-- This site is optimized with the Yoast SEO plugin v23.9 - https:\/\/yoast.com\/wordpress\/plugins\/seo\/ -->\n<title>Magnetic - puzzle postcard - Frenzy (Frenzy of Elation) - Simple Dream<\/title>\n<meta name=\"robots\" content=\"index, follow, max-snippet:-1, max-image-preview:large, max-video-preview:-1\" \/>\n<link rel=\"canonical\" href=\"https:\/\/simpledream.pl\/index.php\/en\/produkt\/magnetic-puzzle-postcard-frenzy-frenzy-of-elation\/\" \/>\n<meta property=\"og:locale\" content=\"pl_PL\" \/>\n<meta property=\"og:type\" content=\"article\" \/>\n<meta property=\"og:title\" content=\"Magnetic - puzzle postcard - Frenzy (Frenzy of Elation) - Simple Dream\" \/>\n<meta property=\"og:description\" content=\"The puzzle-magnetic postcard was produced in Poland. Thanks to the hidden magnet, you can put it on the fridge. The painting \u201cFrenzy (Frenzy of Elation)\u201d was made by W\u0142adys\u0142aw Podkowi\u0144ski. It belongs to the collection of the National Museum in Cracow.\" \/>\n<meta property=\"og:url\" content=\"https:\/\/simpledream.pl\/index.php\/en\/produkt\/magnetic-puzzle-postcard-frenzy-frenzy-of-elation\/\" \/>\n<meta property=\"og:site_name\" content=\"Simple Dream\" \/>\n<meta property=\"article:modified_time\" content=\"2024-07-03T20:36:53+00:00\" \/>\n<meta property=\"og:image\" content=\"https:\/\/simpledream.pl\/wp-content\/uploads\/2023\/08\/pocztowki-puzzle47.jpg\" \/>\n\t<meta property=\"og:image:width\" content=\"1200\" \/>\n\t<meta property=\"og:image:height\" content=\"1200\" \/>\n\t<meta property=\"og:image:type\" content=\"image\/jpeg\" \/>\n<meta name=\"twitter:card\" content=\"summary_large_image\" \/>\n<meta name=\"twitter:label1\" content=\"Szacowany czas czytania\" \/>\n\t<meta name=\"twitter:data1\" content=\"1 minuta\" \/>\n<script type=\"application\/ld+json\" class=\"yoast-schema-graph\">{\"@context\":\"https:\/\/schema.org\",\"@graph\":[{\"@type\":\"WebPage\",\"@id\":\"https:\/\/simpledream.pl\/index.php\/en\/produkt\/magnetic-puzzle-postcard-frenzy-frenzy-of-elation\/\",\"url\":\"https:\/\/simpledream.pl\/index.php\/en\/produkt\/magnetic-puzzle-postcard-frenzy-frenzy-of-elation\/\",\"name\":\"Magnetic - puzzle postcard - Frenzy (Frenzy of Elation) - Simple Dream\",\"isPartOf\":{\"@id\":\"https:\/\/simpledream.pl\/#website\"},\"primaryImageOfPage\":{\"@id\":\"https:\/\/simpledream.pl\/index.php\/en\/produkt\/magnetic-puzzle-postcard-frenzy-frenzy-of-elation\/#primaryimage\"},\"image\":{\"@id\":\"https:\/\/simpledream.pl\/index.php\/en\/produkt\/magnetic-puzzle-postcard-frenzy-frenzy-of-elation\/#primaryimage\"},\"thumbnailUrl\":\"https:\/\/simpledream.pl\/wp-content\/uploads\/2023\/08\/pocztowki-puzzle47.jpg\",\"datePublished\":\"2023-08-14T10:14:39+00:00\",\"dateModified\":\"2024-07-03T20:36:53+00:00\",\"breadcrumb\":{\"@id\":\"https:\/\/simpledream.pl\/index.php\/en\/produkt\/magnetic-puzzle-postcard-frenzy-frenzy-of-elation\/#breadcrumb\"},\"inLanguage\":\"pl-PL\",\"potentialAction\":[{\"@type\":\"ReadAction\",\"target\":[\"https:\/\/simpledream.pl\/index.php\/en\/produkt\/magnetic-puzzle-postcard-frenzy-frenzy-of-elation\/\"]}]},{\"@type\":\"ImageObject\",\"inLanguage\":\"pl-PL\",\"@id\":\"https:\/\/simpledream.pl\/index.php\/en\/produkt\/magnetic-puzzle-postcard-frenzy-frenzy-of-elation\/#primaryimage\",\"url\":\"https:\/\/simpledream.pl\/wp-content\/uploads\/2023\/08\/pocztowki-puzzle47.jpg\",\"contentUrl\":\"https:\/\/simpledream.pl\/wp-content\/uploads\/2023\/08\/pocztowki-puzzle47.jpg\",\"width\":1200,\"height\":1200},{\"@type\":\"BreadcrumbList\",\"@id\":\"https:\/\/simpledream.pl\/index.php\/en\/produkt\/magnetic-puzzle-postcard-frenzy-frenzy-of-elation\/#breadcrumb\",\"itemListElement\":[{\"@type\":\"ListItem\",\"position\":1,\"name\":\"Strona g\u0142\u00f3wna\",\"item\":\"https:\/\/simpledream.pl\/index.php\/pl\/main-home\/\"},{\"@type\":\"ListItem\",\"position\":2,\"name\":\"Sklep\",\"item\":\"https:\/\/simpledream.pl\/index.php\/pl\/sklep\/\"},{\"@type\":\"ListItem\",\"position\":3,\"name\":\"Magnetic &#8211; puzzle postcard &#8211; Frenzy (Frenzy of Elation)\"}]},{\"@type\":\"WebSite\",\"@id\":\"https:\/\/simpledream.pl\/#website\",\"url\":\"https:\/\/simpledream.pl\/\",\"name\":\"Simple Dream\",\"description\":\"\",\"potentialAction\":[{\"@type\":\"SearchAction\",\"target\":{\"@type\":\"EntryPoint\",\"urlTemplate\":\"https:\/\/simpledream.pl\/?s={search_term_string}\"},\"query-input\":{\"@type\":\"PropertyValueSpecification\",\"valueRequired\":true,\"valueName\":\"search_term_string\"}}],\"inLanguage\":\"pl-PL\"}]}<\/script>\n<!-- \/ Yoast SEO plugin. -->","yoast_head_json":{"title":"Magnetic - puzzle postcard - Frenzy (Frenzy of Elation) - Simple Dream","robots":{"index":"index","follow":"follow","max-snippet":"max-snippet:-1","max-image-preview":"max-image-preview:large","max-video-preview":"max-video-preview:-1"},"canonical":"https:\/\/simpledream.pl\/index.php\/en\/produkt\/magnetic-puzzle-postcard-frenzy-frenzy-of-elation\/","og_locale":"pl_PL","og_type":"article","og_title":"Magnetic - puzzle postcard - Frenzy (Frenzy of Elation) - Simple Dream","og_description":"The puzzle-magnetic postcard was produced in Poland. Thanks to the hidden magnet, you can put it on the fridge. The painting \u201cFrenzy (Frenzy of Elation)\u201d was made by W\u0142adys\u0142aw Podkowi\u0144ski. It belongs to the collection of the National Museum in Cracow.","og_url":"https:\/\/simpledream.pl\/index.php\/en\/produkt\/magnetic-puzzle-postcard-frenzy-frenzy-of-elation\/","og_site_name":"Simple Dream","article_modified_time":"2024-07-03T20:36:53+00:00","og_image":[{"width":1200,"height":1200,"url":"https:\/\/simpledream.pl\/wp-content\/uploads\/2023\/08\/pocztowki-puzzle47.jpg","type":"image\/jpeg"}],"twitter_card":"summary_large_image","twitter_misc":{"Szacowany czas czytania":"1 minuta"},"schema":{"@context":"https:\/\/schema.org","@graph":[{"@type":"WebPage","@id":"https:\/\/simpledream.pl\/index.php\/en\/produkt\/magnetic-puzzle-postcard-frenzy-frenzy-of-elation\/","url":"https:\/\/simpledream.pl\/index.php\/en\/produkt\/magnetic-puzzle-postcard-frenzy-frenzy-of-elation\/","name":"Magnetic - puzzle postcard - Frenzy (Frenzy of Elation) - Simple Dream","isPartOf":{"@id":"https:\/\/simpledream.pl\/#website"},"primaryImageOfPage":{"@id":"https:\/\/simpledream.pl\/index.php\/en\/produkt\/magnetic-puzzle-postcard-frenzy-frenzy-of-elation\/#primaryimage"},"image":{"@id":"https:\/\/simpledream.pl\/index.php\/en\/produkt\/magnetic-puzzle-postcard-frenzy-frenzy-of-elation\/#primaryimage"},"thumbnailUrl":"https:\/\/simpledream.pl\/wp-content\/uploads\/2023\/08\/pocztowki-puzzle47.jpg","datePublished":"2023-08-14T10:14:39+00:00","dateModified":"2024-07-03T20:36:53+00:00","breadcrumb":{"@id":"https:\/\/simpledream.pl\/index.php\/en\/produkt\/magnetic-puzzle-postcard-frenzy-frenzy-of-elation\/#breadcrumb"},"inLanguage":"pl-PL","potentialAction":[{"@type":"ReadAction","target":["https:\/\/simpledream.pl\/index.php\/en\/produkt\/magnetic-puzzle-postcard-frenzy-frenzy-of-elation\/"]}]},{"@type":"ImageObject","inLanguage":"pl-PL","@id":"https:\/\/simpledream.pl\/index.php\/en\/produkt\/magnetic-puzzle-postcard-frenzy-frenzy-of-elation\/#primaryimage","url":"https:\/\/simpledream.pl\/wp-content\/uploads\/2023\/08\/pocztowki-puzzle47.jpg","contentUrl":"https:\/\/simpledream.pl\/wp-content\/uploads\/2023\/08\/pocztowki-puzzle47.jpg","width":1200,"height":1200},{"@type":"BreadcrumbList","@id":"https:\/\/simpledream.pl\/index.php\/en\/produkt\/magnetic-puzzle-postcard-frenzy-frenzy-of-elation\/#breadcrumb","itemListElement":[{"@type":"ListItem","position":1,"name":"Strona g\u0142\u00f3wna","item":"https:\/\/simpledream.pl\/index.php\/pl\/main-home\/"},{"@type":"ListItem","position":2,"name":"Sklep","item":"https:\/\/simpledream.pl\/index.php\/pl\/sklep\/"},{"@type":"ListItem","position":3,"name":"Magnetic &#8211; puzzle postcard &#8211; Frenzy (Frenzy of Elation)"}]},{"@type":"WebSite","@id":"https:\/\/simpledream.pl\/#website","url":"https:\/\/simpledream.pl\/","name":"Simple Dream","description":"","potentialAction":[{"@type":"SearchAction","target":{"@type":"EntryPoint","urlTemplate":"https:\/\/simpledream.pl\/?s={search_term_string}"},"query-input":{"@type":"PropertyValueSpecification","valueRequired":true,"valueName":"search_term_string"}}],"inLanguage":"pl-PL"}]}},"lang":"en","translations":{"en":10176,"pl":10175},"pll_sync_post":[],"_links":{"self":[{"href":"https:\/\/simpledream.pl\/index.php\/wp-json\/wp\/v2\/product\/10176","targetHints":{"allow":["GET"]}}],"collection":[{"href":"https:\/\/simpledream.pl\/index.php\/wp-json\/wp\/v2\/product"}],"about":[{"href":"https:\/\/simpledream.pl\/index.php\/wp-json\/wp\/v2\/types\/product"}],"replies":[{"embeddable":true,"href":"https:\/\/simpledream.pl\/index.php\/wp-json\/wp\/v2\/comments?post=10176"}],"version-history":[{"count":3,"href":"https:\/\/simpledream.pl\/index.php\/wp-json\/wp\/v2\/product\/10176\/revisions"}],"predecessor-version":[{"id":10310,"href":"https:\/\/simpledream.pl\/index.php\/wp-json\/wp\/v2\/product\/10176\/revisions\/10310"}],"wp:featuredmedia":[{"embeddable":true,"href":"https:\/\/simpledream.pl\/index.php\/wp-json\/wp\/v2\/media\/10177"}],"wp:attachment":[{"href":"https:\/\/simpledream.pl\/index.php\/wp-json\/wp\/v2\/media?parent=10176"}],"wp:term":[{"taxonomy":"product_cat","embeddable":true,"href":"https:\/\/simpledream.pl\/index.php\/wp-json\/wp\/v2\/product_cat?post=10176"},{"taxonomy":"product_tag","embeddable":true,"href":"https:\/\/simpledream.pl\/index.php\/wp-json\/wp\/v2\/product_tag?post=10176"}],"curies":[{"name":"wp","href":"https:\/\/api.w.org\/{rel}","templated":true}]}}