{"id":10234,"date":"2023-08-16T08:01:07","date_gmt":"2023-08-16T06:01:07","guid":{"rendered":"https:\/\/simpledream.pl\/?post_type=product&#038;p=10234"},"modified":"2025-02-07T16:09:05","modified_gmt":"2025-02-07T15:09:05","slug":"pocztowka-puzzlowo-magnetyczna-chimera","status":"publish","type":"product","link":"https:\/\/simpledream.pl\/index.php\/pl\/produkt\/pocztowka-puzzlowo-magnetyczna-chimera\/","title":{"rendered":"Poczt\u00f3wka puzzlowo-magnetyczna &#8211; Chimera"},"content":{"rendered":"<p>Poczt\u00f3wka przez nas zaprojektowana, przedstawia obraz \u201eNoc\u201d wykonany przez Edwarda Okunia dla czasopisma &#8220;Chimera&#8221;.<\/p>\n<p>Wymiar poczt\u00f3wki: 10 x 15 cm<\/p>\n<p>Druga strona: miejsce do zapisania wiadomo\u015bci.<\/p>\n<p>&nbsp;<\/p>\n<p>Mo\u017cesz zapisa\u0107 j\u0105 z jednej strony jak normaln\u0105 poczt\u00f3wk\u0119. Nast\u0119pnie rozwali\u0107 puzzle i wsypa\u0107 je do koperty. Wy\u015blij j\u0105 do swojego znajomego, siostrze\u0144ca lub siostrzenicy. B\u0119d\u0105 mieli niez\u0142\u0105 zabaw\u0119 uk\u0142adaj\u0105c wz\u00f3r i pr\u00f3buj\u0105c rozszyfrowa\u0107 co napisa\u0142e\u015b! A nast\u0119pnie mog\u0105 u\u0142o\u017cy\u0107 obraz na lod\u00f3wce i mie\u0107 w\u0142asne dzie\u0142o sztuki.<\/p>\n<p>&nbsp;<\/p>\n<p>&nbsp;<\/p>\n<p>Grafika \u201cNoc\u201d zosta\u0142a wykonana przez Edwarda Okunia dla czasopisma \u201cChimera\u201d. Oku\u0144 przedstawi\u0142 personifikacj\u0119 nocy, a kr\u0119te linie s\u0105 symbolem Drogi Mlecznej. Jest to jedna z pi\u0119kniejszych prac w\u015br\u00f3d jego secesyjnych dokona\u0144. Uprawia\u0142 gatunek portretu oraz idyllicznych pejza\u017cy z w\u0105tkami fantastycznymi, z niezwyk\u0142ym poczuciem dekoracyjno\u015bci.<\/p>\n","protected":false},"excerpt":{"rendered":"<p>Poczt\u00f3wka puzzlowo- magnetyczna zosta\u0142a wyprodukowana w Polsce. Dzi\u0119ki schowanemu magnesowi, mo\u017cna u\u0142o\u017cy\u0107 j\u0105 na lod\u00f3wce. Obraz \u201eNoc\u201d wykonany zosta\u0142 przez Edwarda Okunia.<\/p>\n<p>&nbsp;<\/p>\n","protected":false},"featured_media":10238,"comment_status":"closed","ping_status":"closed","template":"","meta":[],"product_cat":[1336,15,92,93,115,116,117,130,131,132,123,126,128,127,124,129,64],"product_tag":[161,1311,1294,216,1290,1284,1296,173,1288,226,1473,1286],"class_list":{"0":"post-10234","1":"product","2":"type-product","3":"status-publish","4":"has-post-thumbnail","6":"product_cat-pocztowka","7":"product_cat-bez-kategorii","8":"product_cat-kolekcje","9":"product_cat-sztuka","10":"product_cat-prezenty","11":"product_cat-cena","12":"product_cat-ponizej-50-zl","13":"product_cat-dla-kogo","14":"product_cat-dziecko","15":"product_cat-kobieta","16":"product_cat-okazja","17":"product_cat-dzien-dziecka","18":"product_cat-dzien-matki","19":"product_cat-dzien-ojca","20":"product_cat-urodziny-imieniny","21":"product_cat-walentynki","22":"product_cat-uncategorized","23":"product_tag-chimera","24":"product_tag-dla-przyjaciela","25":"product_tag-dodatek-do-prezentu","26":"product_tag-edward-okun","27":"product_tag-karteczka","28":"product_tag-kartka","29":"product_tag-koperta","30":"product_tag-milosc","31":"product_tag-na-rozne-okazje","32":"product_tag-papier","33":"product_tag-pocztowka","34":"product_tag-zyczenia","36":"first","37":"instock","38":"shipping-taxable","39":"purchasable","40":"product-type-simple"},"yoast_head":"<!-- This site is optimized with the Yoast SEO plugin v23.9 - https:\/\/yoast.com\/wordpress\/plugins\/seo\/ -->\n<title>Poczt\u00f3wka puzzlowo-magnetyczna - Chimera - Simple Dream<\/title>\n<meta name=\"robots\" content=\"index, follow, max-snippet:-1, max-image-preview:large, max-video-preview:-1\" \/>\n<link rel=\"canonical\" href=\"https:\/\/simpledream.pl\/index.php\/pl\/produkt\/pocztowka-puzzlowo-magnetyczna-chimera\/\" \/>\n<meta property=\"og:locale\" content=\"pl_PL\" \/>\n<meta property=\"og:type\" content=\"article\" \/>\n<meta property=\"og:title\" content=\"Poczt\u00f3wka puzzlowo-magnetyczna - Chimera - Simple Dream\" \/>\n<meta property=\"og:description\" content=\"Poczt\u00f3wka puzzlowo- magnetyczna zosta\u0142a wyprodukowana w Polsce. Dzi\u0119ki schowanemu magnesowi, mo\u017cna u\u0142o\u017cy\u0107 j\u0105 na lod\u00f3wce. Obraz \u201eNoc\u201d wykonany zosta\u0142 przez Edwarda Okunia.  &nbsp;\" \/>\n<meta property=\"og:url\" content=\"https:\/\/simpledream.pl\/index.php\/pl\/produkt\/pocztowka-puzzlowo-magnetyczna-chimera\/\" \/>\n<meta property=\"og:site_name\" content=\"Simple Dream\" \/>\n<meta property=\"article:modified_time\" content=\"2025-02-07T15:09:05+00:00\" \/>\n<meta property=\"og:image\" content=\"https:\/\/simpledream.pl\/wp-content\/uploads\/2023\/08\/pocztowki-puzzle40.jpg\" \/>\n\t<meta property=\"og:image:width\" content=\"1200\" \/>\n\t<meta property=\"og:image:height\" content=\"1200\" \/>\n\t<meta property=\"og:image:type\" content=\"image\/jpeg\" \/>\n<meta name=\"twitter:card\" content=\"summary_large_image\" \/>\n<meta name=\"twitter:label1\" content=\"Szacowany czas czytania\" \/>\n\t<meta name=\"twitter:data1\" content=\"1 minuta\" \/>\n<script type=\"application\/ld+json\" class=\"yoast-schema-graph\">{\"@context\":\"https:\/\/schema.org\",\"@graph\":[{\"@type\":\"WebPage\",\"@id\":\"https:\/\/simpledream.pl\/index.php\/pl\/produkt\/pocztowka-puzzlowo-magnetyczna-chimera\/\",\"url\":\"https:\/\/simpledream.pl\/index.php\/pl\/produkt\/pocztowka-puzzlowo-magnetyczna-chimera\/\",\"name\":\"Poczt\u00f3wka puzzlowo-magnetyczna - Chimera - Simple Dream\",\"isPartOf\":{\"@id\":\"https:\/\/simpledream.pl\/#website\"},\"primaryImageOfPage\":{\"@id\":\"https:\/\/simpledream.pl\/index.php\/pl\/produkt\/pocztowka-puzzlowo-magnetyczna-chimera\/#primaryimage\"},\"image\":{\"@id\":\"https:\/\/simpledream.pl\/index.php\/pl\/produkt\/pocztowka-puzzlowo-magnetyczna-chimera\/#primaryimage\"},\"thumbnailUrl\":\"https:\/\/simpledream.pl\/wp-content\/uploads\/2023\/08\/pocztowki-puzzle40.jpg\",\"datePublished\":\"2023-08-16T06:01:07+00:00\",\"dateModified\":\"2025-02-07T15:09:05+00:00\",\"breadcrumb\":{\"@id\":\"https:\/\/simpledream.pl\/index.php\/pl\/produkt\/pocztowka-puzzlowo-magnetyczna-chimera\/#breadcrumb\"},\"inLanguage\":\"pl-PL\",\"potentialAction\":[{\"@type\":\"ReadAction\",\"target\":[\"https:\/\/simpledream.pl\/index.php\/pl\/produkt\/pocztowka-puzzlowo-magnetyczna-chimera\/\"]}]},{\"@type\":\"ImageObject\",\"inLanguage\":\"pl-PL\",\"@id\":\"https:\/\/simpledream.pl\/index.php\/pl\/produkt\/pocztowka-puzzlowo-magnetyczna-chimera\/#primaryimage\",\"url\":\"https:\/\/simpledream.pl\/wp-content\/uploads\/2023\/08\/pocztowki-puzzle40.jpg\",\"contentUrl\":\"https:\/\/simpledream.pl\/wp-content\/uploads\/2023\/08\/pocztowki-puzzle40.jpg\",\"width\":1200,\"height\":1200},{\"@type\":\"BreadcrumbList\",\"@id\":\"https:\/\/simpledream.pl\/index.php\/pl\/produkt\/pocztowka-puzzlowo-magnetyczna-chimera\/#breadcrumb\",\"itemListElement\":[{\"@type\":\"ListItem\",\"position\":1,\"name\":\"Strona g\u0142\u00f3wna\",\"item\":\"https:\/\/simpledream.pl\/index.php\/pl\/main-home\/\"},{\"@type\":\"ListItem\",\"position\":2,\"name\":\"Sklep\",\"item\":\"https:\/\/simpledream.pl\/index.php\/pl\/sklep\/\"},{\"@type\":\"ListItem\",\"position\":3,\"name\":\"Poczt\u00f3wka puzzlowo-magnetyczna &#8211; Chimera\"}]},{\"@type\":\"WebSite\",\"@id\":\"https:\/\/simpledream.pl\/#website\",\"url\":\"https:\/\/simpledream.pl\/\",\"name\":\"Simple Dream\",\"description\":\"\",\"potentialAction\":[{\"@type\":\"SearchAction\",\"target\":{\"@type\":\"EntryPoint\",\"urlTemplate\":\"https:\/\/simpledream.pl\/?s={search_term_string}\"},\"query-input\":{\"@type\":\"PropertyValueSpecification\",\"valueRequired\":true,\"valueName\":\"search_term_string\"}}],\"inLanguage\":\"pl-PL\"}]}<\/script>\n<!-- \/ Yoast SEO plugin. -->","yoast_head_json":{"title":"Poczt\u00f3wka puzzlowo-magnetyczna - Chimera - Simple Dream","robots":{"index":"index","follow":"follow","max-snippet":"max-snippet:-1","max-image-preview":"max-image-preview:large","max-video-preview":"max-video-preview:-1"},"canonical":"https:\/\/simpledream.pl\/index.php\/pl\/produkt\/pocztowka-puzzlowo-magnetyczna-chimera\/","og_locale":"pl_PL","og_type":"article","og_title":"Poczt\u00f3wka puzzlowo-magnetyczna - Chimera - Simple Dream","og_description":"Poczt\u00f3wka puzzlowo- magnetyczna zosta\u0142a wyprodukowana w Polsce. Dzi\u0119ki schowanemu magnesowi, mo\u017cna u\u0142o\u017cy\u0107 j\u0105 na lod\u00f3wce. Obraz \u201eNoc\u201d wykonany zosta\u0142 przez Edwarda Okunia.  &nbsp;","og_url":"https:\/\/simpledream.pl\/index.php\/pl\/produkt\/pocztowka-puzzlowo-magnetyczna-chimera\/","og_site_name":"Simple Dream","article_modified_time":"2025-02-07T15:09:05+00:00","og_image":[{"width":1200,"height":1200,"url":"https:\/\/simpledream.pl\/wp-content\/uploads\/2023\/08\/pocztowki-puzzle40.jpg","type":"image\/jpeg"}],"twitter_card":"summary_large_image","twitter_misc":{"Szacowany czas czytania":"1 minuta"},"schema":{"@context":"https:\/\/schema.org","@graph":[{"@type":"WebPage","@id":"https:\/\/simpledream.pl\/index.php\/pl\/produkt\/pocztowka-puzzlowo-magnetyczna-chimera\/","url":"https:\/\/simpledream.pl\/index.php\/pl\/produkt\/pocztowka-puzzlowo-magnetyczna-chimera\/","name":"Poczt\u00f3wka puzzlowo-magnetyczna - Chimera - Simple Dream","isPartOf":{"@id":"https:\/\/simpledream.pl\/#website"},"primaryImageOfPage":{"@id":"https:\/\/simpledream.pl\/index.php\/pl\/produkt\/pocztowka-puzzlowo-magnetyczna-chimera\/#primaryimage"},"image":{"@id":"https:\/\/simpledream.pl\/index.php\/pl\/produkt\/pocztowka-puzzlowo-magnetyczna-chimera\/#primaryimage"},"thumbnailUrl":"https:\/\/simpledream.pl\/wp-content\/uploads\/2023\/08\/pocztowki-puzzle40.jpg","datePublished":"2023-08-16T06:01:07+00:00","dateModified":"2025-02-07T15:09:05+00:00","breadcrumb":{"@id":"https:\/\/simpledream.pl\/index.php\/pl\/produkt\/pocztowka-puzzlowo-magnetyczna-chimera\/#breadcrumb"},"inLanguage":"pl-PL","potentialAction":[{"@type":"ReadAction","target":["https:\/\/simpledream.pl\/index.php\/pl\/produkt\/pocztowka-puzzlowo-magnetyczna-chimera\/"]}]},{"@type":"ImageObject","inLanguage":"pl-PL","@id":"https:\/\/simpledream.pl\/index.php\/pl\/produkt\/pocztowka-puzzlowo-magnetyczna-chimera\/#primaryimage","url":"https:\/\/simpledream.pl\/wp-content\/uploads\/2023\/08\/pocztowki-puzzle40.jpg","contentUrl":"https:\/\/simpledream.pl\/wp-content\/uploads\/2023\/08\/pocztowki-puzzle40.jpg","width":1200,"height":1200},{"@type":"BreadcrumbList","@id":"https:\/\/simpledream.pl\/index.php\/pl\/produkt\/pocztowka-puzzlowo-magnetyczna-chimera\/#breadcrumb","itemListElement":[{"@type":"ListItem","position":1,"name":"Strona g\u0142\u00f3wna","item":"https:\/\/simpledream.pl\/index.php\/pl\/main-home\/"},{"@type":"ListItem","position":2,"name":"Sklep","item":"https:\/\/simpledream.pl\/index.php\/pl\/sklep\/"},{"@type":"ListItem","position":3,"name":"Poczt\u00f3wka puzzlowo-magnetyczna &#8211; Chimera"}]},{"@type":"WebSite","@id":"https:\/\/simpledream.pl\/#website","url":"https:\/\/simpledream.pl\/","name":"Simple Dream","description":"","potentialAction":[{"@type":"SearchAction","target":{"@type":"EntryPoint","urlTemplate":"https:\/\/simpledream.pl\/?s={search_term_string}"},"query-input":{"@type":"PropertyValueSpecification","valueRequired":true,"valueName":"search_term_string"}}],"inLanguage":"pl-PL"}]}},"lang":"pl","translations":{"pl":10234,"en":10235},"pll_sync_post":[],"_links":{"self":[{"href":"https:\/\/simpledream.pl\/index.php\/wp-json\/wp\/v2\/product\/10234","targetHints":{"allow":["GET"]}}],"collection":[{"href":"https:\/\/simpledream.pl\/index.php\/wp-json\/wp\/v2\/product"}],"about":[{"href":"https:\/\/simpledream.pl\/index.php\/wp-json\/wp\/v2\/types\/product"}],"replies":[{"embeddable":true,"href":"https:\/\/simpledream.pl\/index.php\/wp-json\/wp\/v2\/comments?post=10234"}],"version-history":[{"count":9,"href":"https:\/\/simpledream.pl\/index.php\/wp-json\/wp\/v2\/product\/10234\/revisions"}],"predecessor-version":[{"id":10334,"href":"https:\/\/simpledream.pl\/index.php\/wp-json\/wp\/v2\/product\/10234\/revisions\/10334"}],"wp:featuredmedia":[{"embeddable":true,"href":"https:\/\/simpledream.pl\/index.php\/wp-json\/wp\/v2\/media\/10238"}],"wp:attachment":[{"href":"https:\/\/simpledream.pl\/index.php\/wp-json\/wp\/v2\/media?parent=10234"}],"wp:term":[{"taxonomy":"product_cat","embeddable":true,"href":"https:\/\/simpledream.pl\/index.php\/wp-json\/wp\/v2\/product_cat?post=10234"},{"taxonomy":"product_tag","embeddable":true,"href":"https:\/\/simpledream.pl\/index.php\/wp-json\/wp\/v2\/product_tag?post=10234"}],"curies":[{"name":"wp","href":"https:\/\/api.w.org\/{rel}","templated":true}]}}