{"id":10422,"date":"2023-08-22T12:18:25","date_gmt":"2023-08-22T10:18:25","guid":{"rendered":"https:\/\/simpledream.pl\/?post_type=product&#038;p=10422"},"modified":"2025-01-12T03:31:05","modified_gmt":"2025-01-12T02:31:05","slug":"notes-w-pudelku-szal-uniesienia","status":"publish","type":"product","link":"https:\/\/simpledream.pl\/index.php\/pl\/produkt\/notes-w-pudelku-szal-uniesienia\/","title":{"rendered":"Notes w pude\u0142ku &#8211; Sza\u0142 uniesienia\u201d"},"content":{"rendered":"<p>Notes w pude\u0142ku z indywidualnym wzorem, wykonany w Polsce. Dekoracyjne pude\u0142ko zamykane na magnes zosta\u0142o wykonane r\u0119cznie.<\/p>\n<p>Notes w formacie kwadratowym, 80 kartek, oprawa twarda g\u0105bkowa. Z ty\u0142u, na ok\u0142adce opis po polsku i angielsku zwi\u0105zany ze wzorem.<\/p>\n<p>Ekskluzywne pude\u0142ko wykonane r\u0119cznie z kartonu barwionego w masie.<\/p>\n<p>&nbsp;<\/p>\n<p>Idealny zestaw 2 w 1 dla pisz\u0105cych, szkicuj\u0105cych, notuj\u0105cych. Dla kobiety, m\u0119\u017cczyzny oraz dziecka na ka\u017cd\u0105 okazj\u0119. Pude\u0142ko mo\u017cna wykorzysta\u0107 jako ozdob\u0119 w przestrzeni mieszkalnej. Dzi\u0119ki magnetycznemu zamkni\u0119ciu, pod wp\u0142ywem ruchu nie otwiera si\u0119 samoczynnie. Nadaje si\u0119 na przechowywanie skarb\u00f3w, bibelot\u00f3w oraz najpotrzebniejszych rzeczy. Dzi\u0119ki swojemu zastosowaniu oraz wysokiej jako\u015bci wyko\u0144czenia, jest ekskluzywnym zestawem, kt\u00f3ry zaspokoi gusta najbardziej wymagaj\u0105cego odbiorcy.<\/p>\n<p>&nbsp;<\/p>\n<p><span style=\"font-weight: 400\">Notes przedstawia obraz \u201eSza\u0142 uniesienia\u201d wykonany przez W\u0142adys\u0142awa Podkowi\u0144skiego w 1894 roku. Nale\u017cy do kolekcji Muzeum Narodowego w Krakowie.<\/span><\/p>\n<p>&nbsp;<\/p>\n<p>Artysta tworzy\u0142 pod pseudonimem \u201eAndrzej Ansgary\u201d. \u017by\u0142 w latach 1866- 1895. By\u0142 polskim malarzem i ilustratorem. R\u00f3wnie\u017c prekursorem impresjonizmu w Polsce. Pod koniec \u017cycia sk\u0142ania\u0142 si\u0119 ku symbolizmowi.<\/p>\n<p>&nbsp;<\/p>\n<p>Jego najbardziej znanym obrazem, jest tytu\u0142owy \u201eSza\u0142 uniesienia\u201d. Przedstawia nag\u0105 kobiet\u0119 siedz\u0105ca na koniu, kt\u00f3ry \u201estaje d\u0119ba\u201d. Po raz pierwszy ukazany w atmosferze skandalu podczas wystawy w warszawskim Towarzystwie Zach\u0119ty Sztuk Pi\u0119knych. W niewyja\u015bnionych okoliczno\u015bciach, artysta poci\u0105\u0142 obraz tu\u017c przed planowanym zamkni\u0119ciem wystawy.<\/p>\n","protected":false},"excerpt":{"rendered":"<div>Notes w pude\u0142ku z indywidualnym wzorem, wykonany w Polsce. Dekoracyjne pude\u0142ko, zamykane na magnes zosta\u0142o wykonane r\u0119cznie. Komplet w formacie15 x 15 cm. Obraz \u201eSza\u0142 uniesienia\u201d\u201d zosta\u0142 wykonany przez W\u0142adys\u0142awa Podkowi\u0144skiego w 1894 roku. Nale\u017cy do kolekcji Muzeum Narodowego w Krakowie.<\/div>\n<div><\/div>\n","protected":false},"featured_media":10424,"comment_status":"closed","ping_status":"closed","template":"","meta":[],"product_cat":[139,15,92,94,96,93,115,116,118,130,131,132,123,125,126,128,124,129],"product_tag":[224,461,463,465,473,219,221,177,226,479,1424,155,1453,208],"class_list":{"0":"post-10422","1":"product","2":"type-product","3":"status-publish","4":"has-post-thumbnail","6":"product_cat-notes-2","7":"product_cat-bez-kategorii","8":"product_cat-kolekcje","9":"product_cat-grafika","10":"product_cat-historia","11":"product_cat-sztuka","12":"product_cat-prezenty","13":"product_cat-cena","14":"product_cat-50-zl-100-zl","15":"product_cat-dla-kogo","16":"product_cat-dziecko","17":"product_cat-kobieta","18":"product_cat-okazja","19":"product_cat-boze-narodzenie","20":"product_cat-dzien-dziecka","21":"product_cat-dzien-matki","22":"product_cat-urodziny-imieniny","23":"product_cat-walentynki","24":"product_tag-artysta","25":"product_tag-dla-piszacych","26":"product_tag-dla-szkicujacych","27":"product_tag-dla-uczacych-sie","28":"product_tag-notatnik","29":"product_tag-notes","30":"product_tag-notes-w-pudelku","31":"product_tag-obraz","32":"product_tag-papier","33":"product_tag-pomysl-na-prezent","34":"product_tag-szal-uniesienia","35":"product_tag-sztuka","36":"product_tag-wladyslaw-podkowinski","37":"product_tag-zestaw","39":"first","40":"outofstock","41":"shipping-taxable","42":"purchasable","43":"product-type-simple"},"yoast_head":"<!-- This site is optimized with the Yoast SEO plugin v23.9 - https:\/\/yoast.com\/wordpress\/plugins\/seo\/ -->\n<title>Notes w pude\u0142ku - Sza\u0142 uniesienia\u201d - Simple Dream<\/title>\n<meta name=\"robots\" content=\"index, follow, max-snippet:-1, max-image-preview:large, max-video-preview:-1\" \/>\n<link rel=\"canonical\" href=\"https:\/\/simpledream.pl\/index.php\/pl\/produkt\/notes-w-pudelku-szal-uniesienia\/\" \/>\n<meta property=\"og:locale\" content=\"pl_PL\" \/>\n<meta property=\"og:type\" content=\"article\" \/>\n<meta property=\"og:title\" content=\"Notes w pude\u0142ku - Sza\u0142 uniesienia\u201d - Simple Dream\" \/>\n<meta property=\"og:description\" content=\"Notes w pude\u0142ku z indywidualnym wzorem, wykonany w Polsce. Dekoracyjne pude\u0142ko, zamykane na magnes zosta\u0142o wykonane r\u0119cznie. Komplet w formacie15 x 15 cm. Obraz \u201eSza\u0142 uniesienia\u201d\u201d zosta\u0142 wykonany przez W\u0142adys\u0142awa Podkowi\u0144skiego w 1894 roku. Nale\u017cy do kolekcji Muzeum Narodowego w Krakowie.\" \/>\n<meta property=\"og:url\" content=\"https:\/\/simpledream.pl\/index.php\/pl\/produkt\/notes-w-pudelku-szal-uniesienia\/\" \/>\n<meta property=\"og:site_name\" content=\"Simple Dream\" \/>\n<meta property=\"article:modified_time\" content=\"2025-01-12T02:31:05+00:00\" \/>\n<meta property=\"og:image\" content=\"https:\/\/simpledream.pl\/wp-content\/uploads\/2023\/08\/szal-un-gl.jpg\" \/>\n\t<meta property=\"og:image:width\" content=\"1200\" \/>\n\t<meta property=\"og:image:height\" content=\"1200\" \/>\n\t<meta property=\"og:image:type\" content=\"image\/jpeg\" \/>\n<meta name=\"twitter:card\" content=\"summary_large_image\" \/>\n<meta name=\"twitter:label1\" content=\"Szacowany czas czytania\" \/>\n\t<meta name=\"twitter:data1\" content=\"1 minuta\" \/>\n<script type=\"application\/ld+json\" class=\"yoast-schema-graph\">{\"@context\":\"https:\/\/schema.org\",\"@graph\":[{\"@type\":\"WebPage\",\"@id\":\"https:\/\/simpledream.pl\/index.php\/pl\/produkt\/notes-w-pudelku-szal-uniesienia\/\",\"url\":\"https:\/\/simpledream.pl\/index.php\/pl\/produkt\/notes-w-pudelku-szal-uniesienia\/\",\"name\":\"Notes w pude\u0142ku - Sza\u0142 uniesienia\u201d - Simple Dream\",\"isPartOf\":{\"@id\":\"https:\/\/simpledream.pl\/#website\"},\"primaryImageOfPage\":{\"@id\":\"https:\/\/simpledream.pl\/index.php\/pl\/produkt\/notes-w-pudelku-szal-uniesienia\/#primaryimage\"},\"image\":{\"@id\":\"https:\/\/simpledream.pl\/index.php\/pl\/produkt\/notes-w-pudelku-szal-uniesienia\/#primaryimage\"},\"thumbnailUrl\":\"https:\/\/simpledream.pl\/wp-content\/uploads\/2023\/08\/szal-un-gl.jpg\",\"datePublished\":\"2023-08-22T10:18:25+00:00\",\"dateModified\":\"2025-01-12T02:31:05+00:00\",\"breadcrumb\":{\"@id\":\"https:\/\/simpledream.pl\/index.php\/pl\/produkt\/notes-w-pudelku-szal-uniesienia\/#breadcrumb\"},\"inLanguage\":\"pl-PL\",\"potentialAction\":[{\"@type\":\"ReadAction\",\"target\":[\"https:\/\/simpledream.pl\/index.php\/pl\/produkt\/notes-w-pudelku-szal-uniesienia\/\"]}]},{\"@type\":\"ImageObject\",\"inLanguage\":\"pl-PL\",\"@id\":\"https:\/\/simpledream.pl\/index.php\/pl\/produkt\/notes-w-pudelku-szal-uniesienia\/#primaryimage\",\"url\":\"https:\/\/simpledream.pl\/wp-content\/uploads\/2023\/08\/szal-un-gl.jpg\",\"contentUrl\":\"https:\/\/simpledream.pl\/wp-content\/uploads\/2023\/08\/szal-un-gl.jpg\",\"width\":1200,\"height\":1200},{\"@type\":\"BreadcrumbList\",\"@id\":\"https:\/\/simpledream.pl\/index.php\/pl\/produkt\/notes-w-pudelku-szal-uniesienia\/#breadcrumb\",\"itemListElement\":[{\"@type\":\"ListItem\",\"position\":1,\"name\":\"Strona g\u0142\u00f3wna\",\"item\":\"https:\/\/simpledream.pl\/index.php\/pl\/main-home\/\"},{\"@type\":\"ListItem\",\"position\":2,\"name\":\"Sklep\",\"item\":\"https:\/\/simpledream.pl\/index.php\/pl\/sklep\/\"},{\"@type\":\"ListItem\",\"position\":3,\"name\":\"Notes w pude\u0142ku &#8211; Sza\u0142 uniesienia\u201d\"}]},{\"@type\":\"WebSite\",\"@id\":\"https:\/\/simpledream.pl\/#website\",\"url\":\"https:\/\/simpledream.pl\/\",\"name\":\"Simple Dream\",\"description\":\"\",\"potentialAction\":[{\"@type\":\"SearchAction\",\"target\":{\"@type\":\"EntryPoint\",\"urlTemplate\":\"https:\/\/simpledream.pl\/?s={search_term_string}\"},\"query-input\":{\"@type\":\"PropertyValueSpecification\",\"valueRequired\":true,\"valueName\":\"search_term_string\"}}],\"inLanguage\":\"pl-PL\"}]}<\/script>\n<!-- \/ Yoast SEO plugin. -->","yoast_head_json":{"title":"Notes w pude\u0142ku - Sza\u0142 uniesienia\u201d - Simple Dream","robots":{"index":"index","follow":"follow","max-snippet":"max-snippet:-1","max-image-preview":"max-image-preview:large","max-video-preview":"max-video-preview:-1"},"canonical":"https:\/\/simpledream.pl\/index.php\/pl\/produkt\/notes-w-pudelku-szal-uniesienia\/","og_locale":"pl_PL","og_type":"article","og_title":"Notes w pude\u0142ku - Sza\u0142 uniesienia\u201d - Simple Dream","og_description":"Notes w pude\u0142ku z indywidualnym wzorem, wykonany w Polsce. Dekoracyjne pude\u0142ko, zamykane na magnes zosta\u0142o wykonane r\u0119cznie. Komplet w formacie15 x 15 cm. Obraz \u201eSza\u0142 uniesienia\u201d\u201d zosta\u0142 wykonany przez W\u0142adys\u0142awa Podkowi\u0144skiego w 1894 roku. Nale\u017cy do kolekcji Muzeum Narodowego w Krakowie.","og_url":"https:\/\/simpledream.pl\/index.php\/pl\/produkt\/notes-w-pudelku-szal-uniesienia\/","og_site_name":"Simple Dream","article_modified_time":"2025-01-12T02:31:05+00:00","og_image":[{"width":1200,"height":1200,"url":"https:\/\/simpledream.pl\/wp-content\/uploads\/2023\/08\/szal-un-gl.jpg","type":"image\/jpeg"}],"twitter_card":"summary_large_image","twitter_misc":{"Szacowany czas czytania":"1 minuta"},"schema":{"@context":"https:\/\/schema.org","@graph":[{"@type":"WebPage","@id":"https:\/\/simpledream.pl\/index.php\/pl\/produkt\/notes-w-pudelku-szal-uniesienia\/","url":"https:\/\/simpledream.pl\/index.php\/pl\/produkt\/notes-w-pudelku-szal-uniesienia\/","name":"Notes w pude\u0142ku - Sza\u0142 uniesienia\u201d - Simple Dream","isPartOf":{"@id":"https:\/\/simpledream.pl\/#website"},"primaryImageOfPage":{"@id":"https:\/\/simpledream.pl\/index.php\/pl\/produkt\/notes-w-pudelku-szal-uniesienia\/#primaryimage"},"image":{"@id":"https:\/\/simpledream.pl\/index.php\/pl\/produkt\/notes-w-pudelku-szal-uniesienia\/#primaryimage"},"thumbnailUrl":"https:\/\/simpledream.pl\/wp-content\/uploads\/2023\/08\/szal-un-gl.jpg","datePublished":"2023-08-22T10:18:25+00:00","dateModified":"2025-01-12T02:31:05+00:00","breadcrumb":{"@id":"https:\/\/simpledream.pl\/index.php\/pl\/produkt\/notes-w-pudelku-szal-uniesienia\/#breadcrumb"},"inLanguage":"pl-PL","potentialAction":[{"@type":"ReadAction","target":["https:\/\/simpledream.pl\/index.php\/pl\/produkt\/notes-w-pudelku-szal-uniesienia\/"]}]},{"@type":"ImageObject","inLanguage":"pl-PL","@id":"https:\/\/simpledream.pl\/index.php\/pl\/produkt\/notes-w-pudelku-szal-uniesienia\/#primaryimage","url":"https:\/\/simpledream.pl\/wp-content\/uploads\/2023\/08\/szal-un-gl.jpg","contentUrl":"https:\/\/simpledream.pl\/wp-content\/uploads\/2023\/08\/szal-un-gl.jpg","width":1200,"height":1200},{"@type":"BreadcrumbList","@id":"https:\/\/simpledream.pl\/index.php\/pl\/produkt\/notes-w-pudelku-szal-uniesienia\/#breadcrumb","itemListElement":[{"@type":"ListItem","position":1,"name":"Strona g\u0142\u00f3wna","item":"https:\/\/simpledream.pl\/index.php\/pl\/main-home\/"},{"@type":"ListItem","position":2,"name":"Sklep","item":"https:\/\/simpledream.pl\/index.php\/pl\/sklep\/"},{"@type":"ListItem","position":3,"name":"Notes w pude\u0142ku &#8211; Sza\u0142 uniesienia\u201d"}]},{"@type":"WebSite","@id":"https:\/\/simpledream.pl\/#website","url":"https:\/\/simpledream.pl\/","name":"Simple Dream","description":"","potentialAction":[{"@type":"SearchAction","target":{"@type":"EntryPoint","urlTemplate":"https:\/\/simpledream.pl\/?s={search_term_string}"},"query-input":{"@type":"PropertyValueSpecification","valueRequired":true,"valueName":"search_term_string"}}],"inLanguage":"pl-PL"}]}},"lang":"pl","translations":{"pl":10422,"en":10423},"pll_sync_post":[],"_links":{"self":[{"href":"https:\/\/simpledream.pl\/index.php\/wp-json\/wp\/v2\/product\/10422","targetHints":{"allow":["GET"]}}],"collection":[{"href":"https:\/\/simpledream.pl\/index.php\/wp-json\/wp\/v2\/product"}],"about":[{"href":"https:\/\/simpledream.pl\/index.php\/wp-json\/wp\/v2\/types\/product"}],"replies":[{"embeddable":true,"href":"https:\/\/simpledream.pl\/index.php\/wp-json\/wp\/v2\/comments?post=10422"}],"version-history":[{"count":3,"href":"https:\/\/simpledream.pl\/index.php\/wp-json\/wp\/v2\/product\/10422\/revisions"}],"predecessor-version":[{"id":10500,"href":"https:\/\/simpledream.pl\/index.php\/wp-json\/wp\/v2\/product\/10422\/revisions\/10500"}],"wp:featuredmedia":[{"embeddable":true,"href":"https:\/\/simpledream.pl\/index.php\/wp-json\/wp\/v2\/media\/10424"}],"wp:attachment":[{"href":"https:\/\/simpledream.pl\/index.php\/wp-json\/wp\/v2\/media?parent=10422"}],"wp:term":[{"taxonomy":"product_cat","embeddable":true,"href":"https:\/\/simpledream.pl\/index.php\/wp-json\/wp\/v2\/product_cat?post=10422"},{"taxonomy":"product_tag","embeddable":true,"href":"https:\/\/simpledream.pl\/index.php\/wp-json\/wp\/v2\/product_tag?post=10422"}],"curies":[{"name":"wp","href":"https:\/\/api.w.org\/{rel}","templated":true}]}}