{"id":623,"date":"2020-04-21T13:37:34","date_gmt":"2020-04-21T11:37:34","guid":{"rendered":"https:\/\/lekker.qodeinteractive.com\/?post_type=product&#038;p=623"},"modified":"2025-02-07T15:21:18","modified_gmt":"2025-02-07T14:21:18","slug":"plecak-ortalionowy-milosc","status":"publish","type":"product","link":"https:\/\/simpledream.pl\/index.php\/pl\/produkt\/plecak-ortalionowy-milosc\/","title":{"rendered":"Plecak ortalionowy &#8211; Mi\u0142o\u015b\u0107"},"content":{"rendered":"<p>Plecak ortalionowy z indywidualnym wzorem, uszyty w polskiej szwalni. Nieprzemakalny, zamykany na rzep. W \u015brodku kieszonki. Szelki zosta\u0142y wykonane z pas\u00f3w samochodowych, dzi\u0119ki czemu, pomimo ci\u0119\u017caru rzeczy umieszczonych w plecaku, nie wrzynaj\u0105 si\u0119 w ramiona.<\/p>\n<p>&nbsp;<\/p>\n<p>Grafika ukazuje nasz\u0105 interpretacj\u0119 mi\u0142o\u015bci, jako pocz\u0105tek wsp\u00f3lnej drogi, budowania drzewa rodzinnego i zbierania owoc\u00f3w z tak pi\u0119knego uczucia.<\/p>\n<p>&nbsp;<\/p>\n<p>Wysoko\u015b\u0107: 42 cm, rozwijany do 50 cm<br \/>\nSzeroko\u015b\u0107: 38 cm<br \/>\nG\u0142\u0119boko\u015b\u0107 dna: 8 cm<\/p>\n<p>Elementy dodatkowe:<br \/>\n\u2013 plastikowe regulatory i klamra<br \/>\n\u2013 ta\u015bma polipropylenowa 4 cm<\/p>\n<p>&nbsp;<\/p>\n<p>Materia\u0142 zewn\u0119trzny brzuszek: tkanina ortalionowa o wysokiej wodoodporno\u015bci.<br \/>\nMateria\u0142 zewn\u0119trzny dno: kodura kaletnicza.<br \/>\nMateria\u0142 wewn\u0119trzny: tkanina ortalionowa o \u015bredniej wodoodporno\u015bci.<\/p>\n<p>&nbsp;<\/p>\n<p>Nadruk wykonany technik\u0105 cyfrow\u0105.<\/p>\n<p>Pra\u0107 r\u0119cznie w 30\u00b0C. Produkt pozostawi\u0107 do naturalnego wyschni\u0119cia, wywr\u00f3cony na drug\u0105 stron\u0119.<\/p>\n","protected":false},"excerpt":{"rendered":"<p>Plecak ortalionowy z indywidualnym wzorem, uszyty w polskiej szwalni. Nieprzemakalny, zamykany na rzep. W \u015brodku kieszonki. Grafika ukazuje nasz\u0105 interpretacj\u0119 mi\u0142o\u015bci, jako pocz\u0105tek wsp\u00f3lnej drogi, budowania drzewa rodzinnego i zbierania owoc\u00f3w z tak pi\u0119knego uczucia.<\/p>\n","protected":false},"featured_media":6421,"comment_status":"closed","ping_status":"closed","template":"","meta":[],"product_cat":[140,15,92,94,89,115,116,119,130,132,123,128,124,129],"product_tag":[175,174,163,173,160,158,157,112,162,164],"class_list":{"0":"post-623","1":"product","2":"type-product","3":"status-publish","4":"has-post-thumbnail","6":"product_cat-sale","7":"product_cat-bez-kategorii","8":"product_cat-kolekcje","9":"product_cat-grafika","10":"product_cat-plecak","11":"product_cat-prezenty","12":"product_cat-cena","13":"product_cat-100-zl-200-zl","14":"product_cat-dla-kogo","15":"product_cat-kobieta","16":"product_cat-okazja","17":"product_cat-dzien-matki","18":"product_cat-urodziny-imieniny","19":"product_cat-walentynki","20":"product_tag-dla-kobiety","21":"product_tag-grafika","22":"product_tag-kieszenie","23":"product_tag-milosc","24":"product_tag-okun","25":"product_tag-ortalion","26":"product_tag-plecak","27":"product_tag-prezent","28":"product_tag-szycie","29":"product_tag-wycieczka","31":"first","32":"instock","33":"sale","34":"shipping-taxable","35":"purchasable","36":"product-type-simple"},"yoast_head":"<!-- This site is optimized with the Yoast SEO plugin v23.9 - https:\/\/yoast.com\/wordpress\/plugins\/seo\/ -->\n<title>Plecak ortalionowy - Mi\u0142o\u015b\u0107 - Simple Dream<\/title>\n<meta name=\"robots\" content=\"index, follow, max-snippet:-1, max-image-preview:large, max-video-preview:-1\" \/>\n<link rel=\"canonical\" href=\"https:\/\/simpledream.pl\/index.php\/pl\/produkt\/plecak-ortalionowy-milosc\/\" \/>\n<meta property=\"og:locale\" content=\"pl_PL\" \/>\n<meta property=\"og:type\" content=\"article\" \/>\n<meta property=\"og:title\" content=\"Plecak ortalionowy - Mi\u0142o\u015b\u0107 - Simple Dream\" \/>\n<meta property=\"og:description\" content=\"Plecak ortalionowy z indywidualnym wzorem, uszyty w polskiej szwalni. Nieprzemakalny, zamykany na rzep. W \u015brodku kieszonki. Grafika ukazuje nasz\u0105 interpretacj\u0119 mi\u0142o\u015bci, jako pocz\u0105tek wsp\u00f3lnej drogi, budowania drzewa rodzinnego i zbierania owoc\u00f3w z tak pi\u0119knego uczucia.\" \/>\n<meta property=\"og:url\" content=\"https:\/\/simpledream.pl\/index.php\/pl\/produkt\/plecak-ortalionowy-milosc\/\" \/>\n<meta property=\"og:site_name\" content=\"Simple Dream\" \/>\n<meta property=\"article:modified_time\" content=\"2025-02-07T14:21:18+00:00\" \/>\n<meta property=\"og:image\" content=\"https:\/\/simpledream.pl\/wp-content\/uploads\/2020\/04\/Plecaki63.jpg\" \/>\n\t<meta property=\"og:image:width\" content=\"1200\" \/>\n\t<meta property=\"og:image:height\" content=\"1200\" \/>\n\t<meta property=\"og:image:type\" content=\"image\/jpeg\" \/>\n<meta name=\"twitter:card\" content=\"summary_large_image\" \/>\n<meta name=\"twitter:label1\" content=\"Szacowany czas czytania\" \/>\n\t<meta name=\"twitter:data1\" content=\"1 minuta\" \/>\n<script type=\"application\/ld+json\" class=\"yoast-schema-graph\">{\"@context\":\"https:\/\/schema.org\",\"@graph\":[{\"@type\":\"WebPage\",\"@id\":\"https:\/\/simpledream.pl\/index.php\/pl\/produkt\/plecak-ortalionowy-milosc\/\",\"url\":\"https:\/\/simpledream.pl\/index.php\/pl\/produkt\/plecak-ortalionowy-milosc\/\",\"name\":\"Plecak ortalionowy - Mi\u0142o\u015b\u0107 - Simple Dream\",\"isPartOf\":{\"@id\":\"https:\/\/simpledream.pl\/#website\"},\"primaryImageOfPage\":{\"@id\":\"https:\/\/simpledream.pl\/index.php\/pl\/produkt\/plecak-ortalionowy-milosc\/#primaryimage\"},\"image\":{\"@id\":\"https:\/\/simpledream.pl\/index.php\/pl\/produkt\/plecak-ortalionowy-milosc\/#primaryimage\"},\"thumbnailUrl\":\"https:\/\/simpledream.pl\/wp-content\/uploads\/2020\/04\/Plecaki63.jpg\",\"datePublished\":\"2020-04-21T11:37:34+00:00\",\"dateModified\":\"2025-02-07T14:21:18+00:00\",\"breadcrumb\":{\"@id\":\"https:\/\/simpledream.pl\/index.php\/pl\/produkt\/plecak-ortalionowy-milosc\/#breadcrumb\"},\"inLanguage\":\"pl-PL\",\"potentialAction\":[{\"@type\":\"ReadAction\",\"target\":[\"https:\/\/simpledream.pl\/index.php\/pl\/produkt\/plecak-ortalionowy-milosc\/\"]}]},{\"@type\":\"ImageObject\",\"inLanguage\":\"pl-PL\",\"@id\":\"https:\/\/simpledream.pl\/index.php\/pl\/produkt\/plecak-ortalionowy-milosc\/#primaryimage\",\"url\":\"https:\/\/simpledream.pl\/wp-content\/uploads\/2020\/04\/Plecaki63.jpg\",\"contentUrl\":\"https:\/\/simpledream.pl\/wp-content\/uploads\/2020\/04\/Plecaki63.jpg\",\"width\":1200,\"height\":1200,\"caption\":\"Plecak ortalionowy \u2013 wyj\u0105tkowy wz\u00f3r artystyczny\"},{\"@type\":\"BreadcrumbList\",\"@id\":\"https:\/\/simpledream.pl\/index.php\/pl\/produkt\/plecak-ortalionowy-milosc\/#breadcrumb\",\"itemListElement\":[{\"@type\":\"ListItem\",\"position\":1,\"name\":\"Strona g\u0142\u00f3wna\",\"item\":\"https:\/\/simpledream.pl\/index.php\/pl\/main-home\/\"},{\"@type\":\"ListItem\",\"position\":2,\"name\":\"Sklep\",\"item\":\"https:\/\/simpledream.pl\/index.php\/pl\/sklep\/\"},{\"@type\":\"ListItem\",\"position\":3,\"name\":\"Plecak ortalionowy &#8211; Mi\u0142o\u015b\u0107\"}]},{\"@type\":\"WebSite\",\"@id\":\"https:\/\/simpledream.pl\/#website\",\"url\":\"https:\/\/simpledream.pl\/\",\"name\":\"Simple Dream\",\"description\":\"\",\"potentialAction\":[{\"@type\":\"SearchAction\",\"target\":{\"@type\":\"EntryPoint\",\"urlTemplate\":\"https:\/\/simpledream.pl\/?s={search_term_string}\"},\"query-input\":{\"@type\":\"PropertyValueSpecification\",\"valueRequired\":true,\"valueName\":\"search_term_string\"}}],\"inLanguage\":\"pl-PL\"}]}<\/script>\n<!-- \/ Yoast SEO plugin. -->","yoast_head_json":{"title":"Plecak ortalionowy - Mi\u0142o\u015b\u0107 - Simple Dream","robots":{"index":"index","follow":"follow","max-snippet":"max-snippet:-1","max-image-preview":"max-image-preview:large","max-video-preview":"max-video-preview:-1"},"canonical":"https:\/\/simpledream.pl\/index.php\/pl\/produkt\/plecak-ortalionowy-milosc\/","og_locale":"pl_PL","og_type":"article","og_title":"Plecak ortalionowy - Mi\u0142o\u015b\u0107 - Simple Dream","og_description":"Plecak ortalionowy z indywidualnym wzorem, uszyty w polskiej szwalni. Nieprzemakalny, zamykany na rzep. W \u015brodku kieszonki. Grafika ukazuje nasz\u0105 interpretacj\u0119 mi\u0142o\u015bci, jako pocz\u0105tek wsp\u00f3lnej drogi, budowania drzewa rodzinnego i zbierania owoc\u00f3w z tak pi\u0119knego uczucia.","og_url":"https:\/\/simpledream.pl\/index.php\/pl\/produkt\/plecak-ortalionowy-milosc\/","og_site_name":"Simple Dream","article_modified_time":"2025-02-07T14:21:18+00:00","og_image":[{"width":1200,"height":1200,"url":"https:\/\/simpledream.pl\/wp-content\/uploads\/2020\/04\/Plecaki63.jpg","type":"image\/jpeg"}],"twitter_card":"summary_large_image","twitter_misc":{"Szacowany czas czytania":"1 minuta"},"schema":{"@context":"https:\/\/schema.org","@graph":[{"@type":"WebPage","@id":"https:\/\/simpledream.pl\/index.php\/pl\/produkt\/plecak-ortalionowy-milosc\/","url":"https:\/\/simpledream.pl\/index.php\/pl\/produkt\/plecak-ortalionowy-milosc\/","name":"Plecak ortalionowy - Mi\u0142o\u015b\u0107 - Simple Dream","isPartOf":{"@id":"https:\/\/simpledream.pl\/#website"},"primaryImageOfPage":{"@id":"https:\/\/simpledream.pl\/index.php\/pl\/produkt\/plecak-ortalionowy-milosc\/#primaryimage"},"image":{"@id":"https:\/\/simpledream.pl\/index.php\/pl\/produkt\/plecak-ortalionowy-milosc\/#primaryimage"},"thumbnailUrl":"https:\/\/simpledream.pl\/wp-content\/uploads\/2020\/04\/Plecaki63.jpg","datePublished":"2020-04-21T11:37:34+00:00","dateModified":"2025-02-07T14:21:18+00:00","breadcrumb":{"@id":"https:\/\/simpledream.pl\/index.php\/pl\/produkt\/plecak-ortalionowy-milosc\/#breadcrumb"},"inLanguage":"pl-PL","potentialAction":[{"@type":"ReadAction","target":["https:\/\/simpledream.pl\/index.php\/pl\/produkt\/plecak-ortalionowy-milosc\/"]}]},{"@type":"ImageObject","inLanguage":"pl-PL","@id":"https:\/\/simpledream.pl\/index.php\/pl\/produkt\/plecak-ortalionowy-milosc\/#primaryimage","url":"https:\/\/simpledream.pl\/wp-content\/uploads\/2020\/04\/Plecaki63.jpg","contentUrl":"https:\/\/simpledream.pl\/wp-content\/uploads\/2020\/04\/Plecaki63.jpg","width":1200,"height":1200,"caption":"Plecak ortalionowy \u2013 wyj\u0105tkowy wz\u00f3r artystyczny"},{"@type":"BreadcrumbList","@id":"https:\/\/simpledream.pl\/index.php\/pl\/produkt\/plecak-ortalionowy-milosc\/#breadcrumb","itemListElement":[{"@type":"ListItem","position":1,"name":"Strona g\u0142\u00f3wna","item":"https:\/\/simpledream.pl\/index.php\/pl\/main-home\/"},{"@type":"ListItem","position":2,"name":"Sklep","item":"https:\/\/simpledream.pl\/index.php\/pl\/sklep\/"},{"@type":"ListItem","position":3,"name":"Plecak ortalionowy &#8211; Mi\u0142o\u015b\u0107"}]},{"@type":"WebSite","@id":"https:\/\/simpledream.pl\/#website","url":"https:\/\/simpledream.pl\/","name":"Simple Dream","description":"","potentialAction":[{"@type":"SearchAction","target":{"@type":"EntryPoint","urlTemplate":"https:\/\/simpledream.pl\/?s={search_term_string}"},"query-input":{"@type":"PropertyValueSpecification","valueRequired":true,"valueName":"search_term_string"}}],"inLanguage":"pl-PL"}]}},"lang":"pl","translations":{"pl":623,"en":7582},"pll_sync_post":[],"_links":{"self":[{"href":"https:\/\/simpledream.pl\/index.php\/wp-json\/wp\/v2\/product\/623","targetHints":{"allow":["GET"]}}],"collection":[{"href":"https:\/\/simpledream.pl\/index.php\/wp-json\/wp\/v2\/product"}],"about":[{"href":"https:\/\/simpledream.pl\/index.php\/wp-json\/wp\/v2\/types\/product"}],"replies":[{"embeddable":true,"href":"https:\/\/simpledream.pl\/index.php\/wp-json\/wp\/v2\/comments?post=623"}],"version-history":[{"count":11,"href":"https:\/\/simpledream.pl\/index.php\/wp-json\/wp\/v2\/product\/623\/revisions"}],"predecessor-version":[{"id":9783,"href":"https:\/\/simpledream.pl\/index.php\/wp-json\/wp\/v2\/product\/623\/revisions\/9783"}],"wp:featuredmedia":[{"embeddable":true,"href":"https:\/\/simpledream.pl\/index.php\/wp-json\/wp\/v2\/media\/6421"}],"wp:attachment":[{"href":"https:\/\/simpledream.pl\/index.php\/wp-json\/wp\/v2\/media?parent=623"}],"wp:term":[{"taxonomy":"product_cat","embeddable":true,"href":"https:\/\/simpledream.pl\/index.php\/wp-json\/wp\/v2\/product_cat?post=623"},{"taxonomy":"product_tag","embeddable":true,"href":"https:\/\/simpledream.pl\/index.php\/wp-json\/wp\/v2\/product_tag?post=623"}],"curies":[{"name":"wp","href":"https:\/\/api.w.org\/{rel}","templated":true}]}}