{"id":630,"date":"2020-04-21T14:04:54","date_gmt":"2020-04-21T12:04:54","guid":{"rendered":"https:\/\/lekker.qodeinteractive.com\/?post_type=product&#038;p=630"},"modified":"2025-08-12T09:45:51","modified_gmt":"2025-08-12T07:45:51","slug":"plecak-ortalionowy-my-wojna","status":"publish","type":"product","link":"https:\/\/simpledream.pl\/index.php\/pl\/produkt\/plecak-ortalionowy-my-wojna\/","title":{"rendered":"Plecak ortalionowy &#8211; My i wojna"},"content":{"rendered":"<p>Plecak ortalionowy z indywidualnym wzorem, uszyty w polskiej szwalni. Nieprzemakalny, zamykany na rzep. W \u015brodku kieszonki. Szelki zosta\u0142y wykonane z pas\u00f3w samochodowych, dzi\u0119ki czemu, pomimo ci\u0119\u017caru rzeczy umieszczonych w plecaku, nie wrzynaj\u0105 si\u0119 w ramiona.<\/p>\n<p>&nbsp;<\/p>\n<p>Obraz \u201cMy i Wojna\u201d zosta\u0142 wykonany przez Edwarda Okunia. Na odwrocie widnieje napis \u201cRozpocz\u0105\u0142em ten obraz w 1917 r.\/ Doko\u0144czy\u0142em w 1923 r.\u201d. Autor w spos\u00f3b ba\u015bniowy oraz symboliczny podejmuje temat wojny, krocz\u0105c razem ze swoj\u0105 \u017con\u0105. Obok nich czai si\u0119 starucha &#8211; wied\u017ama, kt\u00f3ra jest personifikacj\u0105 wojny oraz g\u0142odu. Kolorowe t\u0142o obrazu, na pierwszy rzut oka, jest pi\u0119kne dla odbiorcy, jednak\u017ce przygl\u0105daj\u0105c si\u0119 detalom ukazuje groz\u0119. W\u0119\u017ce symbolizuj\u0105 z\u0142o oraz szatana, a agresywne \u0107my &#8211; \u015bmier\u0107. Zatem, wojna jest tylko pozornie przyjemna. W rzeczywisto\u015bci niesie zniszczenie, g\u0142\u00f3d, \u015bmier\u0107 i groz\u0119. Ma\u0142\u017conkowie chroni\u0105 kwiaty jako symbol kruchego ludzkiego \u017cycia, kt\u00f3re jest pi\u0119kne, lecz szybko przemijaj\u0105ce.<\/p>\n<p>&nbsp;<\/p>\n<p>Wysoko\u015b\u0107: 42 cm, rozwijany do 50 cm<br \/>\nSzeroko\u015b\u0107: 38 cm<br \/>\nG\u0142\u0119boko\u015b\u0107 dna: 8 cm<\/p>\n<p>&nbsp;<\/p>\n<p>Elementy dodatkowe:<br \/>\n\u2013 plastikowe regulatory i klamra<br \/>\n\u2013 ta\u015bma polipropylenowa 4 cm<\/p>\n<p>&nbsp;<\/p>\n<p>Materia\u0142 zewn\u0119trzny brzuszek: tkanina ortalionowa o wysokiej wodoodporno\u015bci.<br \/>\nMateria\u0142 zewn\u0119trzny dno: kodura kaletnicza.<br \/>\nMateria\u0142 wewn\u0119trzny: tkanina ortalionowa o \u015bredniej wodoodporno\u015bci.<\/p>\n<p>&nbsp;<\/p>\n<p>Nadruk wykonany technik\u0105 cyfrow\u0105.<\/p>\n<p>Pra\u0107 r\u0119cznie w 30\u00b0C. Produkt pozostawi\u0107 do naturalnego wyschni\u0119cia, wywr\u00f3cony na drug\u0105 stron\u0119.<\/p>\n","protected":false},"excerpt":{"rendered":"<p>Plecak ortalionowy z indywidualnym wzorem, uszyty w polskiej szwalni. Nieprzemakalny, zamykany na rzep. W \u015brodku kieszonki. Obraz &#8220;My i Wojna\u201d zosta\u0142 wykonany przez Edwarda Okunia. Na odwrocie widnieje napis &#8220;Rozpocz\u0105\u0142em ten obraz w 1917 r.\/ Doko\u0144czy\u0142em w 1923 r.&#8221;.<\/p>\n","protected":false},"featured_media":6427,"comment_status":"closed","ping_status":"closed","template":"","meta":[],"product_cat":[140,15,92,96,93,89,115,116,119,130,132,133,123,125,128,127,124],"product_tag":[159,163,176,177,160,158,157,112,155,162,164],"class_list":{"0":"post-630","1":"product","2":"type-product","3":"status-publish","4":"has-post-thumbnail","6":"product_cat-sale","7":"product_cat-bez-kategorii","8":"product_cat-kolekcje","9":"product_cat-historia","10":"product_cat-sztuka","11":"product_cat-plecak","12":"product_cat-prezenty","13":"product_cat-cena","14":"product_cat-100-zl-200-zl","15":"product_cat-dla-kogo","16":"product_cat-kobieta","17":"product_cat-mezczyzna","18":"product_cat-okazja","19":"product_cat-boze-narodzenie","20":"product_cat-dzien-matki","21":"product_cat-dzien-ojca","22":"product_cat-urodziny-imieniny","23":"product_tag-edward","24":"product_tag-kieszenie","25":"product_tag-my-i-wojna","26":"product_tag-obraz","27":"product_tag-okun","28":"product_tag-ortalion","29":"product_tag-plecak","30":"product_tag-prezent","31":"product_tag-sztuka","32":"product_tag-szycie","33":"product_tag-wycieczka","35":"first","36":"instock","37":"sale","38":"shipping-taxable","39":"purchasable","40":"product-type-simple"},"yoast_head":"<!-- This site is optimized with the Yoast SEO plugin v23.9 - https:\/\/yoast.com\/wordpress\/plugins\/seo\/ -->\n<title>Plecak ortalionowy - My i wojna - Simple Dream<\/title>\n<meta name=\"robots\" content=\"index, follow, max-snippet:-1, max-image-preview:large, max-video-preview:-1\" \/>\n<link rel=\"canonical\" href=\"https:\/\/simpledream.pl\/index.php\/pl\/produkt\/plecak-ortalionowy-my-wojna\/\" \/>\n<meta property=\"og:locale\" content=\"pl_PL\" \/>\n<meta property=\"og:type\" content=\"article\" \/>\n<meta property=\"og:title\" content=\"Plecak ortalionowy - My i wojna - Simple Dream\" \/>\n<meta property=\"og:description\" content=\"Plecak ortalionowy z indywidualnym wzorem, uszyty w polskiej szwalni. Nieprzemakalny, zamykany na rzep. W \u015brodku kieszonki. Obraz &quot;My i Wojna\u201d zosta\u0142 wykonany przez Edwarda Okunia. Na odwrocie widnieje napis &quot;Rozpocz\u0105\u0142em ten obraz w 1917 r.\/ Doko\u0144czy\u0142em w 1923 r.&quot;.\" \/>\n<meta property=\"og:url\" content=\"https:\/\/simpledream.pl\/index.php\/pl\/produkt\/plecak-ortalionowy-my-wojna\/\" \/>\n<meta property=\"og:site_name\" content=\"Simple Dream\" \/>\n<meta property=\"article:modified_time\" content=\"2025-08-12T07:45:51+00:00\" \/>\n<meta property=\"og:image\" content=\"https:\/\/simpledream.pl\/wp-content\/uploads\/2020\/04\/Plecaki98.jpg\" \/>\n\t<meta property=\"og:image:width\" content=\"1200\" \/>\n\t<meta property=\"og:image:height\" content=\"1200\" \/>\n\t<meta property=\"og:image:type\" content=\"image\/jpeg\" \/>\n<meta name=\"twitter:card\" content=\"summary_large_image\" \/>\n<meta name=\"twitter:label1\" content=\"Szacowany czas czytania\" \/>\n\t<meta name=\"twitter:data1\" content=\"1 minuta\" \/>\n<script type=\"application\/ld+json\" class=\"yoast-schema-graph\">{\"@context\":\"https:\/\/schema.org\",\"@graph\":[{\"@type\":\"WebPage\",\"@id\":\"https:\/\/simpledream.pl\/index.php\/pl\/produkt\/plecak-ortalionowy-my-wojna\/\",\"url\":\"https:\/\/simpledream.pl\/index.php\/pl\/produkt\/plecak-ortalionowy-my-wojna\/\",\"name\":\"Plecak ortalionowy - My i wojna - Simple Dream\",\"isPartOf\":{\"@id\":\"https:\/\/simpledream.pl\/#website\"},\"primaryImageOfPage\":{\"@id\":\"https:\/\/simpledream.pl\/index.php\/pl\/produkt\/plecak-ortalionowy-my-wojna\/#primaryimage\"},\"image\":{\"@id\":\"https:\/\/simpledream.pl\/index.php\/pl\/produkt\/plecak-ortalionowy-my-wojna\/#primaryimage\"},\"thumbnailUrl\":\"https:\/\/simpledream.pl\/wp-content\/uploads\/2020\/04\/Plecaki98.jpg\",\"datePublished\":\"2020-04-21T12:04:54+00:00\",\"dateModified\":\"2025-08-12T07:45:51+00:00\",\"breadcrumb\":{\"@id\":\"https:\/\/simpledream.pl\/index.php\/pl\/produkt\/plecak-ortalionowy-my-wojna\/#breadcrumb\"},\"inLanguage\":\"pl-PL\",\"potentialAction\":[{\"@type\":\"ReadAction\",\"target\":[\"https:\/\/simpledream.pl\/index.php\/pl\/produkt\/plecak-ortalionowy-my-wojna\/\"]}]},{\"@type\":\"ImageObject\",\"inLanguage\":\"pl-PL\",\"@id\":\"https:\/\/simpledream.pl\/index.php\/pl\/produkt\/plecak-ortalionowy-my-wojna\/#primaryimage\",\"url\":\"https:\/\/simpledream.pl\/wp-content\/uploads\/2020\/04\/Plecaki98.jpg\",\"contentUrl\":\"https:\/\/simpledream.pl\/wp-content\/uploads\/2020\/04\/Plecaki98.jpg\",\"width\":1200,\"height\":1200,\"caption\":\"Plecak ortalionowy nieprzemakalny\"},{\"@type\":\"BreadcrumbList\",\"@id\":\"https:\/\/simpledream.pl\/index.php\/pl\/produkt\/plecak-ortalionowy-my-wojna\/#breadcrumb\",\"itemListElement\":[{\"@type\":\"ListItem\",\"position\":1,\"name\":\"Strona g\u0142\u00f3wna\",\"item\":\"https:\/\/simpledream.pl\/index.php\/pl\/main-home\/\"},{\"@type\":\"ListItem\",\"position\":2,\"name\":\"Sklep\",\"item\":\"https:\/\/simpledream.pl\/index.php\/pl\/sklep\/\"},{\"@type\":\"ListItem\",\"position\":3,\"name\":\"Plecak ortalionowy &#8211; My i wojna\"}]},{\"@type\":\"WebSite\",\"@id\":\"https:\/\/simpledream.pl\/#website\",\"url\":\"https:\/\/simpledream.pl\/\",\"name\":\"Simple Dream\",\"description\":\"\",\"potentialAction\":[{\"@type\":\"SearchAction\",\"target\":{\"@type\":\"EntryPoint\",\"urlTemplate\":\"https:\/\/simpledream.pl\/?s={search_term_string}\"},\"query-input\":{\"@type\":\"PropertyValueSpecification\",\"valueRequired\":true,\"valueName\":\"search_term_string\"}}],\"inLanguage\":\"pl-PL\"}]}<\/script>\n<!-- \/ Yoast SEO plugin. -->","yoast_head_json":{"title":"Plecak ortalionowy - My i wojna - Simple Dream","robots":{"index":"index","follow":"follow","max-snippet":"max-snippet:-1","max-image-preview":"max-image-preview:large","max-video-preview":"max-video-preview:-1"},"canonical":"https:\/\/simpledream.pl\/index.php\/pl\/produkt\/plecak-ortalionowy-my-wojna\/","og_locale":"pl_PL","og_type":"article","og_title":"Plecak ortalionowy - My i wojna - Simple Dream","og_description":"Plecak ortalionowy z indywidualnym wzorem, uszyty w polskiej szwalni. Nieprzemakalny, zamykany na rzep. W \u015brodku kieszonki. Obraz \"My i Wojna\u201d zosta\u0142 wykonany przez Edwarda Okunia. Na odwrocie widnieje napis \"Rozpocz\u0105\u0142em ten obraz w 1917 r.\/ Doko\u0144czy\u0142em w 1923 r.\".","og_url":"https:\/\/simpledream.pl\/index.php\/pl\/produkt\/plecak-ortalionowy-my-wojna\/","og_site_name":"Simple Dream","article_modified_time":"2025-08-12T07:45:51+00:00","og_image":[{"width":1200,"height":1200,"url":"https:\/\/simpledream.pl\/wp-content\/uploads\/2020\/04\/Plecaki98.jpg","type":"image\/jpeg"}],"twitter_card":"summary_large_image","twitter_misc":{"Szacowany czas czytania":"1 minuta"},"schema":{"@context":"https:\/\/schema.org","@graph":[{"@type":"WebPage","@id":"https:\/\/simpledream.pl\/index.php\/pl\/produkt\/plecak-ortalionowy-my-wojna\/","url":"https:\/\/simpledream.pl\/index.php\/pl\/produkt\/plecak-ortalionowy-my-wojna\/","name":"Plecak ortalionowy - My i wojna - Simple Dream","isPartOf":{"@id":"https:\/\/simpledream.pl\/#website"},"primaryImageOfPage":{"@id":"https:\/\/simpledream.pl\/index.php\/pl\/produkt\/plecak-ortalionowy-my-wojna\/#primaryimage"},"image":{"@id":"https:\/\/simpledream.pl\/index.php\/pl\/produkt\/plecak-ortalionowy-my-wojna\/#primaryimage"},"thumbnailUrl":"https:\/\/simpledream.pl\/wp-content\/uploads\/2020\/04\/Plecaki98.jpg","datePublished":"2020-04-21T12:04:54+00:00","dateModified":"2025-08-12T07:45:51+00:00","breadcrumb":{"@id":"https:\/\/simpledream.pl\/index.php\/pl\/produkt\/plecak-ortalionowy-my-wojna\/#breadcrumb"},"inLanguage":"pl-PL","potentialAction":[{"@type":"ReadAction","target":["https:\/\/simpledream.pl\/index.php\/pl\/produkt\/plecak-ortalionowy-my-wojna\/"]}]},{"@type":"ImageObject","inLanguage":"pl-PL","@id":"https:\/\/simpledream.pl\/index.php\/pl\/produkt\/plecak-ortalionowy-my-wojna\/#primaryimage","url":"https:\/\/simpledream.pl\/wp-content\/uploads\/2020\/04\/Plecaki98.jpg","contentUrl":"https:\/\/simpledream.pl\/wp-content\/uploads\/2020\/04\/Plecaki98.jpg","width":1200,"height":1200,"caption":"Plecak ortalionowy nieprzemakalny"},{"@type":"BreadcrumbList","@id":"https:\/\/simpledream.pl\/index.php\/pl\/produkt\/plecak-ortalionowy-my-wojna\/#breadcrumb","itemListElement":[{"@type":"ListItem","position":1,"name":"Strona g\u0142\u00f3wna","item":"https:\/\/simpledream.pl\/index.php\/pl\/main-home\/"},{"@type":"ListItem","position":2,"name":"Sklep","item":"https:\/\/simpledream.pl\/index.php\/pl\/sklep\/"},{"@type":"ListItem","position":3,"name":"Plecak ortalionowy &#8211; My i wojna"}]},{"@type":"WebSite","@id":"https:\/\/simpledream.pl\/#website","url":"https:\/\/simpledream.pl\/","name":"Simple Dream","description":"","potentialAction":[{"@type":"SearchAction","target":{"@type":"EntryPoint","urlTemplate":"https:\/\/simpledream.pl\/?s={search_term_string}"},"query-input":{"@type":"PropertyValueSpecification","valueRequired":true,"valueName":"search_term_string"}}],"inLanguage":"pl-PL"}]}},"lang":"pl","translations":{"pl":630,"en":7584},"pll_sync_post":[],"_links":{"self":[{"href":"https:\/\/simpledream.pl\/index.php\/wp-json\/wp\/v2\/product\/630","targetHints":{"allow":["GET"]}}],"collection":[{"href":"https:\/\/simpledream.pl\/index.php\/wp-json\/wp\/v2\/product"}],"about":[{"href":"https:\/\/simpledream.pl\/index.php\/wp-json\/wp\/v2\/types\/product"}],"replies":[{"embeddable":true,"href":"https:\/\/simpledream.pl\/index.php\/wp-json\/wp\/v2\/comments?post=630"}],"version-history":[{"count":11,"href":"https:\/\/simpledream.pl\/index.php\/wp-json\/wp\/v2\/product\/630\/revisions"}],"predecessor-version":[{"id":9781,"href":"https:\/\/simpledream.pl\/index.php\/wp-json\/wp\/v2\/product\/630\/revisions\/9781"}],"wp:featuredmedia":[{"embeddable":true,"href":"https:\/\/simpledream.pl\/index.php\/wp-json\/wp\/v2\/media\/6427"}],"wp:attachment":[{"href":"https:\/\/simpledream.pl\/index.php\/wp-json\/wp\/v2\/media?parent=630"}],"wp:term":[{"taxonomy":"product_cat","embeddable":true,"href":"https:\/\/simpledream.pl\/index.php\/wp-json\/wp\/v2\/product_cat?post=630"},{"taxonomy":"product_tag","embeddable":true,"href":"https:\/\/simpledream.pl\/index.php\/wp-json\/wp\/v2\/product_tag?post=630"}],"curies":[{"name":"wp","href":"https:\/\/api.w.org\/{rel}","templated":true}]}}