{"id":7013,"date":"2022-06-01T11:46:25","date_gmt":"2022-06-01T09:46:25","guid":{"rendered":"https:\/\/simpledream.pl\/?post_type=product&#038;p=7013"},"modified":"2025-09-29T23:30:34","modified_gmt":"2025-09-29T21:30:34","slug":"notes-w-pudelku-kwiat-krakowski-zachodni","status":"publish","type":"product","link":"https:\/\/simpledream.pl\/index.php\/pl\/produkt\/notes-w-pudelku-kwiat-krakowski-zachodni\/","title":{"rendered":"Notes w pude\u0142ku &#8211; Kwiat krakowski zachodni"},"content":{"rendered":"<p>Notes w formacie A5, 192 kartki, oprawa twarda g\u0105bkowa. Z ty\u0142u, na ok\u0142adce opis po polsku i angielsku zwi\u0105zany ze wzorem.<\/p>\n<p>&nbsp;<\/p>\n<p>Ekskluzywne pude\u0142ko wykonane r\u0119cznie z kartonu barwionego w masie.<\/p>\n<p>&nbsp;<\/p>\n<p>Idealny zestaw 2 w 1 dla pisz\u0105cych, szkicuj\u0105cych, notuj\u0105cych. Dla kobiety, m\u0119\u017cczyzny oraz dziecka na ka\u017cd\u0105 okazj\u0119. Pude\u0142ko mo\u017cna wykorzysta\u0107 jako ozdob\u0119 w przestrzeni mieszkalnej. Dzi\u0119ki magnetycznemu zamkni\u0119ciu, pod wp\u0142ywem ruchu nie otwiera si\u0119 samoczynnie. Nadaje si\u0119 na przechowywanie skarb\u00f3w, bibelot\u00f3w oraz najpotrzebniejszych rzeczy. Dzi\u0119ki swojemu zastosowaniu oraz wysokiej jako\u015bci wyko\u0144czenia, jest ekskluzywnym zestawem, kt\u00f3ry zaspokoi gusta najbardziej wymagaj\u0105cego odbiorcy.<\/p>\n<p>&nbsp;<\/p>\n<p>Dziedzictwo polskiej sztuki ludowej opiera si\u0119 na haftach regionalnych. Zdobnictwo pochodz\u0105ce z regionu krakowskiego mo\u017cna zaliczy\u0107 do najbardziej rozpoznawalnych w Polsce. Etnografowie dziel\u0105 region krakowski na zachodni (miasto Krak\u00f3w, okalaj\u0105ce go wsie i miejscowo\u015bci w kierunku p\u00f3\u0142nocno \u2013 zachodnim) oraz wschodni (po\u0142udniowo \u2013 wschodnie obrze\u017ca miasta i dalej w kierunku Brzeska i Tarnowa). Hafty bia\u0142e i kolorowe, to jeden z najbardziej charakterystycznych element\u00f3w stroju krakowskiego. Noszony do ko\u0144ca XVIII w. sta\u0142 si\u0119 ubiorem od\u015bwi\u0119tnym na pocz\u0105tku XX w.<\/p>\n","protected":false},"excerpt":{"rendered":"<p>Notes w pude\u0142ku z indywidualnym wzorem, wykonany w Polsce. Dekoracyjne pude\u0142ko, zamykane na magnes zosta\u0142o wykonane r\u0119cznie. Komplety w formacie A5. Dziedzictwo polskiej sztuki ludowej opiera si\u0119 na haftach regionalnych. Haft krakowski to szale\u0144stwo kolor\u00f3w, jakimi mieni si\u0119 wybuchaj\u0105ca wiosn\u0105 przyroda i rozkosz dla wszystkich, kt\u00f3rzy kochaj\u0105 kwiaty.<\/p>\n","protected":false},"featured_media":7088,"comment_status":"closed","ping_status":"closed","template":"","meta":[],"product_cat":[139,15,92,95,115,116,118,130,131,132,123,125,126,128,124,129],"product_tag":[475,461,463,465,166,189,187,473,219,221,226,479,212],"class_list":{"0":"post-7013","1":"product","2":"type-product","3":"status-publish","4":"has-post-thumbnail","6":"product_cat-notes-2","7":"product_cat-bez-kategorii","8":"product_cat-kolekcje","9":"product_cat-folklor","10":"product_cat-prezenty","11":"product_cat-cena","12":"product_cat-50-zl-100-zl","13":"product_cat-dla-kogo","14":"product_cat-dziecko","15":"product_cat-kobieta","16":"product_cat-okazja","17":"product_cat-boze-narodzenie","18":"product_cat-dzien-dziecka","19":"product_cat-dzien-matki","20":"product_cat-urodziny-imieniny","21":"product_cat-walentynki","22":"product_tag-dla-notujacych","23":"product_tag-dla-piszacych","24":"product_tag-dla-szkicujacych","25":"product_tag-dla-uczacych-sie","26":"product_tag-folklore","27":"product_tag-haft","28":"product_tag-krakowski","29":"product_tag-notatnik","30":"product_tag-notes","31":"product_tag-notes-w-pudelku","32":"product_tag-papier","33":"product_tag-pomysl-na-prezent","34":"product_tag-wzor","36":"first","37":"instock","38":"shipping-taxable","39":"purchasable","40":"product-type-simple"},"yoast_head":"<!-- This site is optimized with the Yoast SEO plugin v23.9 - https:\/\/yoast.com\/wordpress\/plugins\/seo\/ -->\n<title>Notes w pude\u0142ku - Kwiat krakowski zachodni - Simple Dream<\/title>\n<meta name=\"robots\" content=\"index, follow, max-snippet:-1, max-image-preview:large, max-video-preview:-1\" \/>\n<link rel=\"canonical\" href=\"https:\/\/simpledream.pl\/index.php\/pl\/produkt\/notes-w-pudelku-kwiat-krakowski-zachodni\/\" \/>\n<meta property=\"og:locale\" content=\"pl_PL\" \/>\n<meta property=\"og:type\" content=\"article\" \/>\n<meta property=\"og:title\" content=\"Notes w pude\u0142ku - Kwiat krakowski zachodni - Simple Dream\" \/>\n<meta property=\"og:description\" content=\"Notes w pude\u0142ku z indywidualnym wzorem, wykonany w Polsce. Dekoracyjne pude\u0142ko, zamykane na magnes zosta\u0142o wykonane r\u0119cznie. Komplety w formacie A5. Dziedzictwo polskiej sztuki ludowej opiera si\u0119 na haftach regionalnych. Haft krakowski to szale\u0144stwo kolor\u00f3w, jakimi mieni si\u0119 wybuchaj\u0105ca wiosn\u0105 przyroda i rozkosz dla wszystkich, kt\u00f3rzy kochaj\u0105 kwiaty.\" \/>\n<meta property=\"og:url\" content=\"https:\/\/simpledream.pl\/index.php\/pl\/produkt\/notes-w-pudelku-kwiat-krakowski-zachodni\/\" \/>\n<meta property=\"og:site_name\" content=\"Simple Dream\" \/>\n<meta property=\"article:modified_time\" content=\"2025-09-29T21:30:34+00:00\" \/>\n<meta property=\"og:image\" content=\"https:\/\/simpledream.pl\/wp-content\/uploads\/2022\/06\/BRULIONY-ostatnia-sesja5.jpg\" \/>\n\t<meta property=\"og:image:width\" content=\"1200\" \/>\n\t<meta property=\"og:image:height\" content=\"1200\" \/>\n\t<meta property=\"og:image:type\" content=\"image\/jpeg\" \/>\n<meta name=\"twitter:card\" content=\"summary_large_image\" \/>\n<meta name=\"twitter:label1\" content=\"Szacowany czas czytania\" \/>\n\t<meta name=\"twitter:data1\" content=\"2 minuty\" \/>\n<script type=\"application\/ld+json\" class=\"yoast-schema-graph\">{\"@context\":\"https:\/\/schema.org\",\"@graph\":[{\"@type\":\"WebPage\",\"@id\":\"https:\/\/simpledream.pl\/index.php\/pl\/produkt\/notes-w-pudelku-kwiat-krakowski-zachodni\/\",\"url\":\"https:\/\/simpledream.pl\/index.php\/pl\/produkt\/notes-w-pudelku-kwiat-krakowski-zachodni\/\",\"name\":\"Notes w pude\u0142ku - Kwiat krakowski zachodni - Simple Dream\",\"isPartOf\":{\"@id\":\"https:\/\/simpledream.pl\/#website\"},\"primaryImageOfPage\":{\"@id\":\"https:\/\/simpledream.pl\/index.php\/pl\/produkt\/notes-w-pudelku-kwiat-krakowski-zachodni\/#primaryimage\"},\"image\":{\"@id\":\"https:\/\/simpledream.pl\/index.php\/pl\/produkt\/notes-w-pudelku-kwiat-krakowski-zachodni\/#primaryimage\"},\"thumbnailUrl\":\"https:\/\/simpledream.pl\/wp-content\/uploads\/2022\/06\/BRULIONY-ostatnia-sesja5.jpg\",\"datePublished\":\"2022-06-01T09:46:25+00:00\",\"dateModified\":\"2025-09-29T21:30:34+00:00\",\"breadcrumb\":{\"@id\":\"https:\/\/simpledream.pl\/index.php\/pl\/produkt\/notes-w-pudelku-kwiat-krakowski-zachodni\/#breadcrumb\"},\"inLanguage\":\"pl-PL\",\"potentialAction\":[{\"@type\":\"ReadAction\",\"target\":[\"https:\/\/simpledream.pl\/index.php\/pl\/produkt\/notes-w-pudelku-kwiat-krakowski-zachodni\/\"]}]},{\"@type\":\"ImageObject\",\"inLanguage\":\"pl-PL\",\"@id\":\"https:\/\/simpledream.pl\/index.php\/pl\/produkt\/notes-w-pudelku-kwiat-krakowski-zachodni\/#primaryimage\",\"url\":\"https:\/\/simpledream.pl\/wp-content\/uploads\/2022\/06\/BRULIONY-ostatnia-sesja5.jpg\",\"contentUrl\":\"https:\/\/simpledream.pl\/wp-content\/uploads\/2022\/06\/BRULIONY-ostatnia-sesja5.jpg\",\"width\":1200,\"height\":1200,\"caption\":\"Notes w pude\u0142ku z haftem regionalnym\"},{\"@type\":\"BreadcrumbList\",\"@id\":\"https:\/\/simpledream.pl\/index.php\/pl\/produkt\/notes-w-pudelku-kwiat-krakowski-zachodni\/#breadcrumb\",\"itemListElement\":[{\"@type\":\"ListItem\",\"position\":1,\"name\":\"Strona g\u0142\u00f3wna\",\"item\":\"https:\/\/simpledream.pl\/index.php\/pl\/main-home\/\"},{\"@type\":\"ListItem\",\"position\":2,\"name\":\"Sklep\",\"item\":\"https:\/\/simpledream.pl\/index.php\/pl\/sklep\/\"},{\"@type\":\"ListItem\",\"position\":3,\"name\":\"Notes w pude\u0142ku &#8211; Kwiat krakowski zachodni\"}]},{\"@type\":\"WebSite\",\"@id\":\"https:\/\/simpledream.pl\/#website\",\"url\":\"https:\/\/simpledream.pl\/\",\"name\":\"Simple Dream\",\"description\":\"\",\"potentialAction\":[{\"@type\":\"SearchAction\",\"target\":{\"@type\":\"EntryPoint\",\"urlTemplate\":\"https:\/\/simpledream.pl\/?s={search_term_string}\"},\"query-input\":{\"@type\":\"PropertyValueSpecification\",\"valueRequired\":true,\"valueName\":\"search_term_string\"}}],\"inLanguage\":\"pl-PL\"}]}<\/script>\n<!-- \/ Yoast SEO plugin. -->","yoast_head_json":{"title":"Notes w pude\u0142ku - Kwiat krakowski zachodni - Simple Dream","robots":{"index":"index","follow":"follow","max-snippet":"max-snippet:-1","max-image-preview":"max-image-preview:large","max-video-preview":"max-video-preview:-1"},"canonical":"https:\/\/simpledream.pl\/index.php\/pl\/produkt\/notes-w-pudelku-kwiat-krakowski-zachodni\/","og_locale":"pl_PL","og_type":"article","og_title":"Notes w pude\u0142ku - Kwiat krakowski zachodni - Simple Dream","og_description":"Notes w pude\u0142ku z indywidualnym wzorem, wykonany w Polsce. Dekoracyjne pude\u0142ko, zamykane na magnes zosta\u0142o wykonane r\u0119cznie. Komplety w formacie A5. Dziedzictwo polskiej sztuki ludowej opiera si\u0119 na haftach regionalnych. Haft krakowski to szale\u0144stwo kolor\u00f3w, jakimi mieni si\u0119 wybuchaj\u0105ca wiosn\u0105 przyroda i rozkosz dla wszystkich, kt\u00f3rzy kochaj\u0105 kwiaty.","og_url":"https:\/\/simpledream.pl\/index.php\/pl\/produkt\/notes-w-pudelku-kwiat-krakowski-zachodni\/","og_site_name":"Simple Dream","article_modified_time":"2025-09-29T21:30:34+00:00","og_image":[{"width":1200,"height":1200,"url":"https:\/\/simpledream.pl\/wp-content\/uploads\/2022\/06\/BRULIONY-ostatnia-sesja5.jpg","type":"image\/jpeg"}],"twitter_card":"summary_large_image","twitter_misc":{"Szacowany czas czytania":"2 minuty"},"schema":{"@context":"https:\/\/schema.org","@graph":[{"@type":"WebPage","@id":"https:\/\/simpledream.pl\/index.php\/pl\/produkt\/notes-w-pudelku-kwiat-krakowski-zachodni\/","url":"https:\/\/simpledream.pl\/index.php\/pl\/produkt\/notes-w-pudelku-kwiat-krakowski-zachodni\/","name":"Notes w pude\u0142ku - Kwiat krakowski zachodni - Simple Dream","isPartOf":{"@id":"https:\/\/simpledream.pl\/#website"},"primaryImageOfPage":{"@id":"https:\/\/simpledream.pl\/index.php\/pl\/produkt\/notes-w-pudelku-kwiat-krakowski-zachodni\/#primaryimage"},"image":{"@id":"https:\/\/simpledream.pl\/index.php\/pl\/produkt\/notes-w-pudelku-kwiat-krakowski-zachodni\/#primaryimage"},"thumbnailUrl":"https:\/\/simpledream.pl\/wp-content\/uploads\/2022\/06\/BRULIONY-ostatnia-sesja5.jpg","datePublished":"2022-06-01T09:46:25+00:00","dateModified":"2025-09-29T21:30:34+00:00","breadcrumb":{"@id":"https:\/\/simpledream.pl\/index.php\/pl\/produkt\/notes-w-pudelku-kwiat-krakowski-zachodni\/#breadcrumb"},"inLanguage":"pl-PL","potentialAction":[{"@type":"ReadAction","target":["https:\/\/simpledream.pl\/index.php\/pl\/produkt\/notes-w-pudelku-kwiat-krakowski-zachodni\/"]}]},{"@type":"ImageObject","inLanguage":"pl-PL","@id":"https:\/\/simpledream.pl\/index.php\/pl\/produkt\/notes-w-pudelku-kwiat-krakowski-zachodni\/#primaryimage","url":"https:\/\/simpledream.pl\/wp-content\/uploads\/2022\/06\/BRULIONY-ostatnia-sesja5.jpg","contentUrl":"https:\/\/simpledream.pl\/wp-content\/uploads\/2022\/06\/BRULIONY-ostatnia-sesja5.jpg","width":1200,"height":1200,"caption":"Notes w pude\u0142ku z haftem regionalnym"},{"@type":"BreadcrumbList","@id":"https:\/\/simpledream.pl\/index.php\/pl\/produkt\/notes-w-pudelku-kwiat-krakowski-zachodni\/#breadcrumb","itemListElement":[{"@type":"ListItem","position":1,"name":"Strona g\u0142\u00f3wna","item":"https:\/\/simpledream.pl\/index.php\/pl\/main-home\/"},{"@type":"ListItem","position":2,"name":"Sklep","item":"https:\/\/simpledream.pl\/index.php\/pl\/sklep\/"},{"@type":"ListItem","position":3,"name":"Notes w pude\u0142ku &#8211; Kwiat krakowski zachodni"}]},{"@type":"WebSite","@id":"https:\/\/simpledream.pl\/#website","url":"https:\/\/simpledream.pl\/","name":"Simple Dream","description":"","potentialAction":[{"@type":"SearchAction","target":{"@type":"EntryPoint","urlTemplate":"https:\/\/simpledream.pl\/?s={search_term_string}"},"query-input":{"@type":"PropertyValueSpecification","valueRequired":true,"valueName":"search_term_string"}}],"inLanguage":"pl-PL"}]}},"lang":"pl","translations":{"pl":7013,"en":7520},"pll_sync_post":[],"_links":{"self":[{"href":"https:\/\/simpledream.pl\/index.php\/wp-json\/wp\/v2\/product\/7013","targetHints":{"allow":["GET"]}}],"collection":[{"href":"https:\/\/simpledream.pl\/index.php\/wp-json\/wp\/v2\/product"}],"about":[{"href":"https:\/\/simpledream.pl\/index.php\/wp-json\/wp\/v2\/types\/product"}],"replies":[{"embeddable":true,"href":"https:\/\/simpledream.pl\/index.php\/wp-json\/wp\/v2\/comments?post=7013"}],"version-history":[{"count":11,"href":"https:\/\/simpledream.pl\/index.php\/wp-json\/wp\/v2\/product\/7013\/revisions"}],"predecessor-version":[{"id":9737,"href":"https:\/\/simpledream.pl\/index.php\/wp-json\/wp\/v2\/product\/7013\/revisions\/9737"}],"wp:featuredmedia":[{"embeddable":true,"href":"https:\/\/simpledream.pl\/index.php\/wp-json\/wp\/v2\/media\/7088"}],"wp:attachment":[{"href":"https:\/\/simpledream.pl\/index.php\/wp-json\/wp\/v2\/media?parent=7013"}],"wp:term":[{"taxonomy":"product_cat","embeddable":true,"href":"https:\/\/simpledream.pl\/index.php\/wp-json\/wp\/v2\/product_cat?post=7013"},{"taxonomy":"product_tag","embeddable":true,"href":"https:\/\/simpledream.pl\/index.php\/wp-json\/wp\/v2\/product_tag?post=7013"}],"curies":[{"name":"wp","href":"https:\/\/api.w.org\/{rel}","templated":true}]}}