{"id":7016,"date":"2022-06-01T11:49:41","date_gmt":"2022-06-01T09:49:41","guid":{"rendered":"https:\/\/simpledream.pl\/?post_type=product&#038;p=7016"},"modified":"2025-02-19T23:52:03","modified_gmt":"2025-02-19T22:52:03","slug":"notes-w-pudelku-chimera","status":"publish","type":"product","link":"https:\/\/simpledream.pl\/index.php\/pl\/produkt\/notes-w-pudelku-chimera\/","title":{"rendered":"Notes w pude\u0142ku &#8211; Chimera"},"content":{"rendered":"<p>Notes w pude\u0142ku z indywidualnym wzorem, wykonany w Polsce. Dekoracyjne pude\u0142ko zamykane na magnes zosta\u0142o wykonane r\u0119cznie.<\/p>\n<p>&nbsp;<\/p>\n<p>Notes w formacie A5, 192 kartki, oprawa twarda g\u0105bkowa. Z ty\u0142u, na ok\u0142adce opis po polsku i angielsku zwi\u0105zany ze wzorem. Ekskluzywne pude\u0142ko wykonane r\u0119cznie z kartonu barwionego w masie.<\/p>\n<p>&nbsp;<\/p>\n<p>Idealny zestaw 2 w 1 dla pisz\u0105cych, szkicuj\u0105cych, notuj\u0105cych. Dla kobiety, m\u0119\u017cczyzny oraz dziecka na ka\u017cd\u0105 okazj\u0119. Pude\u0142ko mo\u017cna wykorzysta\u0107 jako ozdob\u0119 w przestrzeni mieszkalnej. Dzi\u0119ki magnetycznemu zamkni\u0119ciu, pod wp\u0142ywem ruchu nie otwiera si\u0119 samoczynnie. Nadaje si\u0119 na przechowywanie skarb\u00f3w, bibelot\u00f3w oraz najpotrzebniejszych rzeczy. Dzi\u0119ki swojemu zastosowaniu oraz wysokiej jako\u015bci wyko\u0144czenia, jest ekskluzywnym zestawem, kt\u00f3ry zaspokoi gusta najbardziej wymagaj\u0105cego odbiorcy.<\/p>\n<p>&nbsp;<\/p>\n<p>Grafika \u201cNoc\u201d zosta\u0142a wykonana przez Edwarda Okunia dla czasopisma \u201cChimera\u201d. Oku\u0144 przedstawi\u0142 personifikacj\u0119 nocy, a kr\u0119te linie s\u0105 symbolem Drogi Mlecznej. Jest to jedna z pi\u0119kniejszych prac w\u015br\u00f3d jego secesyjnych dokona\u0144. Uprawia\u0142 gatunek portretu oraz idyllicznych pejza\u017cy z w\u0105tkami fantastycznymi, z niezwyk\u0142ym poczuciem dekoracyjno\u015bci.<\/p>\n","protected":false},"excerpt":{"rendered":"<p>Notes w pude\u0142ku z indywidualnym wzorem, wykonany w Polsce. Dekoracyjne pude\u0142ko, zamykane na magnes zosta\u0142o wykonane r\u0119cznie. Komplet w formacie A5. Grafika \u201cNoc\u201d zosta\u0142a wykonana przez Edwarda Okunia dla czasopisma \u201cChimera\u201d.<\/p>\n","protected":false},"featured_media":7095,"comment_status":"closed","ping_status":"closed","template":"","meta":[],"product_cat":[139,15,92,94,96,93,115,116,118,130,131,132,123,125,126,128,124,129],"product_tag":[224,161,461,463,465,216,473,219,221,177,226,479,155,208],"class_list":{"0":"post-7016","1":"product","2":"type-product","3":"status-publish","4":"has-post-thumbnail","6":"product_cat-notes-2","7":"product_cat-bez-kategorii","8":"product_cat-kolekcje","9":"product_cat-grafika","10":"product_cat-historia","11":"product_cat-sztuka","12":"product_cat-prezenty","13":"product_cat-cena","14":"product_cat-50-zl-100-zl","15":"product_cat-dla-kogo","16":"product_cat-dziecko","17":"product_cat-kobieta","18":"product_cat-okazja","19":"product_cat-boze-narodzenie","20":"product_cat-dzien-dziecka","21":"product_cat-dzien-matki","22":"product_cat-urodziny-imieniny","23":"product_cat-walentynki","24":"product_tag-artysta","25":"product_tag-chimera","26":"product_tag-dla-piszacych","27":"product_tag-dla-szkicujacych","28":"product_tag-dla-uczacych-sie","29":"product_tag-edward-okun","30":"product_tag-notatnik","31":"product_tag-notes","32":"product_tag-notes-w-pudelku","33":"product_tag-obraz","34":"product_tag-papier","35":"product_tag-pomysl-na-prezent","36":"product_tag-sztuka","37":"product_tag-zestaw","39":"first","40":"outofstock","41":"shipping-taxable","42":"purchasable","43":"product-type-simple"},"yoast_head":"<!-- This site is optimized with the Yoast SEO plugin v23.9 - https:\/\/yoast.com\/wordpress\/plugins\/seo\/ -->\n<title>Notes w pude\u0142ku - Chimera - Simple Dream<\/title>\n<meta name=\"robots\" content=\"index, follow, max-snippet:-1, max-image-preview:large, max-video-preview:-1\" \/>\n<link rel=\"canonical\" href=\"https:\/\/simpledream.pl\/index.php\/pl\/produkt\/notes-w-pudelku-chimera\/\" \/>\n<meta property=\"og:locale\" content=\"pl_PL\" \/>\n<meta property=\"og:type\" content=\"article\" \/>\n<meta property=\"og:title\" content=\"Notes w pude\u0142ku - Chimera - Simple Dream\" \/>\n<meta property=\"og:description\" content=\"Notes w pude\u0142ku z indywidualnym wzorem, wykonany w Polsce. Dekoracyjne pude\u0142ko, zamykane na magnes zosta\u0142o wykonane r\u0119cznie. Komplet w formacie A5. Grafika \u201cNoc\u201d zosta\u0142a wykonana przez Edwarda Okunia dla czasopisma \u201cChimera\u201d.\" \/>\n<meta property=\"og:url\" content=\"https:\/\/simpledream.pl\/index.php\/pl\/produkt\/notes-w-pudelku-chimera\/\" \/>\n<meta property=\"og:site_name\" content=\"Simple Dream\" \/>\n<meta property=\"article:modified_time\" content=\"2025-02-19T22:52:03+00:00\" \/>\n<meta property=\"og:image\" content=\"https:\/\/simpledream.pl\/wp-content\/uploads\/2022\/06\/BRULIONY-ostatnia-sesja8.jpg\" \/>\n\t<meta property=\"og:image:width\" content=\"1200\" \/>\n\t<meta property=\"og:image:height\" content=\"1200\" \/>\n\t<meta property=\"og:image:type\" content=\"image\/jpeg\" \/>\n<meta name=\"twitter:card\" content=\"summary_large_image\" \/>\n<meta name=\"twitter:label1\" content=\"Szacowany czas czytania\" \/>\n\t<meta name=\"twitter:data1\" content=\"2 minuty\" \/>\n<script type=\"application\/ld+json\" class=\"yoast-schema-graph\">{\"@context\":\"https:\/\/schema.org\",\"@graph\":[{\"@type\":\"WebPage\",\"@id\":\"https:\/\/simpledream.pl\/index.php\/pl\/produkt\/notes-w-pudelku-chimera\/\",\"url\":\"https:\/\/simpledream.pl\/index.php\/pl\/produkt\/notes-w-pudelku-chimera\/\",\"name\":\"Notes w pude\u0142ku - Chimera - Simple Dream\",\"isPartOf\":{\"@id\":\"https:\/\/simpledream.pl\/#website\"},\"primaryImageOfPage\":{\"@id\":\"https:\/\/simpledream.pl\/index.php\/pl\/produkt\/notes-w-pudelku-chimera\/#primaryimage\"},\"image\":{\"@id\":\"https:\/\/simpledream.pl\/index.php\/pl\/produkt\/notes-w-pudelku-chimera\/#primaryimage\"},\"thumbnailUrl\":\"https:\/\/simpledream.pl\/wp-content\/uploads\/2022\/06\/BRULIONY-ostatnia-sesja8.jpg\",\"datePublished\":\"2022-06-01T09:49:41+00:00\",\"dateModified\":\"2025-02-19T22:52:03+00:00\",\"breadcrumb\":{\"@id\":\"https:\/\/simpledream.pl\/index.php\/pl\/produkt\/notes-w-pudelku-chimera\/#breadcrumb\"},\"inLanguage\":\"pl-PL\",\"potentialAction\":[{\"@type\":\"ReadAction\",\"target\":[\"https:\/\/simpledream.pl\/index.php\/pl\/produkt\/notes-w-pudelku-chimera\/\"]}]},{\"@type\":\"ImageObject\",\"inLanguage\":\"pl-PL\",\"@id\":\"https:\/\/simpledream.pl\/index.php\/pl\/produkt\/notes-w-pudelku-chimera\/#primaryimage\",\"url\":\"https:\/\/simpledream.pl\/wp-content\/uploads\/2022\/06\/BRULIONY-ostatnia-sesja8.jpg\",\"contentUrl\":\"https:\/\/simpledream.pl\/wp-content\/uploads\/2022\/06\/BRULIONY-ostatnia-sesja8.jpg\",\"width\":1200,\"height\":1200,\"caption\":\"Notes w pude\u0142ku \u2013 unikalny wz\u00f3r Chimera\"},{\"@type\":\"BreadcrumbList\",\"@id\":\"https:\/\/simpledream.pl\/index.php\/pl\/produkt\/notes-w-pudelku-chimera\/#breadcrumb\",\"itemListElement\":[{\"@type\":\"ListItem\",\"position\":1,\"name\":\"Strona g\u0142\u00f3wna\",\"item\":\"https:\/\/simpledream.pl\/index.php\/pl\/main-home\/\"},{\"@type\":\"ListItem\",\"position\":2,\"name\":\"Sklep\",\"item\":\"https:\/\/simpledream.pl\/index.php\/pl\/sklep\/\"},{\"@type\":\"ListItem\",\"position\":3,\"name\":\"Notes w pude\u0142ku &#8211; Chimera\"}]},{\"@type\":\"WebSite\",\"@id\":\"https:\/\/simpledream.pl\/#website\",\"url\":\"https:\/\/simpledream.pl\/\",\"name\":\"Simple Dream\",\"description\":\"\",\"potentialAction\":[{\"@type\":\"SearchAction\",\"target\":{\"@type\":\"EntryPoint\",\"urlTemplate\":\"https:\/\/simpledream.pl\/?s={search_term_string}\"},\"query-input\":{\"@type\":\"PropertyValueSpecification\",\"valueRequired\":true,\"valueName\":\"search_term_string\"}}],\"inLanguage\":\"pl-PL\"}]}<\/script>\n<!-- \/ Yoast SEO plugin. -->","yoast_head_json":{"title":"Notes w pude\u0142ku - Chimera - Simple Dream","robots":{"index":"index","follow":"follow","max-snippet":"max-snippet:-1","max-image-preview":"max-image-preview:large","max-video-preview":"max-video-preview:-1"},"canonical":"https:\/\/simpledream.pl\/index.php\/pl\/produkt\/notes-w-pudelku-chimera\/","og_locale":"pl_PL","og_type":"article","og_title":"Notes w pude\u0142ku - Chimera - Simple Dream","og_description":"Notes w pude\u0142ku z indywidualnym wzorem, wykonany w Polsce. Dekoracyjne pude\u0142ko, zamykane na magnes zosta\u0142o wykonane r\u0119cznie. Komplet w formacie A5. Grafika \u201cNoc\u201d zosta\u0142a wykonana przez Edwarda Okunia dla czasopisma \u201cChimera\u201d.","og_url":"https:\/\/simpledream.pl\/index.php\/pl\/produkt\/notes-w-pudelku-chimera\/","og_site_name":"Simple Dream","article_modified_time":"2025-02-19T22:52:03+00:00","og_image":[{"width":1200,"height":1200,"url":"https:\/\/simpledream.pl\/wp-content\/uploads\/2022\/06\/BRULIONY-ostatnia-sesja8.jpg","type":"image\/jpeg"}],"twitter_card":"summary_large_image","twitter_misc":{"Szacowany czas czytania":"2 minuty"},"schema":{"@context":"https:\/\/schema.org","@graph":[{"@type":"WebPage","@id":"https:\/\/simpledream.pl\/index.php\/pl\/produkt\/notes-w-pudelku-chimera\/","url":"https:\/\/simpledream.pl\/index.php\/pl\/produkt\/notes-w-pudelku-chimera\/","name":"Notes w pude\u0142ku - Chimera - Simple Dream","isPartOf":{"@id":"https:\/\/simpledream.pl\/#website"},"primaryImageOfPage":{"@id":"https:\/\/simpledream.pl\/index.php\/pl\/produkt\/notes-w-pudelku-chimera\/#primaryimage"},"image":{"@id":"https:\/\/simpledream.pl\/index.php\/pl\/produkt\/notes-w-pudelku-chimera\/#primaryimage"},"thumbnailUrl":"https:\/\/simpledream.pl\/wp-content\/uploads\/2022\/06\/BRULIONY-ostatnia-sesja8.jpg","datePublished":"2022-06-01T09:49:41+00:00","dateModified":"2025-02-19T22:52:03+00:00","breadcrumb":{"@id":"https:\/\/simpledream.pl\/index.php\/pl\/produkt\/notes-w-pudelku-chimera\/#breadcrumb"},"inLanguage":"pl-PL","potentialAction":[{"@type":"ReadAction","target":["https:\/\/simpledream.pl\/index.php\/pl\/produkt\/notes-w-pudelku-chimera\/"]}]},{"@type":"ImageObject","inLanguage":"pl-PL","@id":"https:\/\/simpledream.pl\/index.php\/pl\/produkt\/notes-w-pudelku-chimera\/#primaryimage","url":"https:\/\/simpledream.pl\/wp-content\/uploads\/2022\/06\/BRULIONY-ostatnia-sesja8.jpg","contentUrl":"https:\/\/simpledream.pl\/wp-content\/uploads\/2022\/06\/BRULIONY-ostatnia-sesja8.jpg","width":1200,"height":1200,"caption":"Notes w pude\u0142ku \u2013 unikalny wz\u00f3r Chimera"},{"@type":"BreadcrumbList","@id":"https:\/\/simpledream.pl\/index.php\/pl\/produkt\/notes-w-pudelku-chimera\/#breadcrumb","itemListElement":[{"@type":"ListItem","position":1,"name":"Strona g\u0142\u00f3wna","item":"https:\/\/simpledream.pl\/index.php\/pl\/main-home\/"},{"@type":"ListItem","position":2,"name":"Sklep","item":"https:\/\/simpledream.pl\/index.php\/pl\/sklep\/"},{"@type":"ListItem","position":3,"name":"Notes w pude\u0142ku &#8211; Chimera"}]},{"@type":"WebSite","@id":"https:\/\/simpledream.pl\/#website","url":"https:\/\/simpledream.pl\/","name":"Simple Dream","description":"","potentialAction":[{"@type":"SearchAction","target":{"@type":"EntryPoint","urlTemplate":"https:\/\/simpledream.pl\/?s={search_term_string}"},"query-input":{"@type":"PropertyValueSpecification","valueRequired":true,"valueName":"search_term_string"}}],"inLanguage":"pl-PL"}]}},"lang":"pl","translations":{"pl":7016,"en":7518},"pll_sync_post":[],"_links":{"self":[{"href":"https:\/\/simpledream.pl\/index.php\/wp-json\/wp\/v2\/product\/7016","targetHints":{"allow":["GET"]}}],"collection":[{"href":"https:\/\/simpledream.pl\/index.php\/wp-json\/wp\/v2\/product"}],"about":[{"href":"https:\/\/simpledream.pl\/index.php\/wp-json\/wp\/v2\/types\/product"}],"replies":[{"embeddable":true,"href":"https:\/\/simpledream.pl\/index.php\/wp-json\/wp\/v2\/comments?post=7016"}],"version-history":[{"count":7,"href":"https:\/\/simpledream.pl\/index.php\/wp-json\/wp\/v2\/product\/7016\/revisions"}],"predecessor-version":[{"id":9735,"href":"https:\/\/simpledream.pl\/index.php\/wp-json\/wp\/v2\/product\/7016\/revisions\/9735"}],"wp:featuredmedia":[{"embeddable":true,"href":"https:\/\/simpledream.pl\/index.php\/wp-json\/wp\/v2\/media\/7095"}],"wp:attachment":[{"href":"https:\/\/simpledream.pl\/index.php\/wp-json\/wp\/v2\/media?parent=7016"}],"wp:term":[{"taxonomy":"product_cat","embeddable":true,"href":"https:\/\/simpledream.pl\/index.php\/wp-json\/wp\/v2\/product_cat?post=7016"},{"taxonomy":"product_tag","embeddable":true,"href":"https:\/\/simpledream.pl\/index.php\/wp-json\/wp\/v2\/product_tag?post=7016"}],"curies":[{"name":"wp","href":"https:\/\/api.w.org\/{rel}","templated":true}]}}