{"id":702,"date":"2020-04-22T06:26:59","date_gmt":"2020-04-22T04:26:59","guid":{"rendered":"https:\/\/lekker.qodeinteractive.com\/?post_type=product&#038;p=702"},"modified":"2025-12-11T23:48:10","modified_gmt":"2025-12-11T22:48:10","slug":"kosmetyczka-kwiat-krakowski-zachodni","status":"publish","type":"product","link":"https:\/\/simpledream.pl\/index.php\/pl\/produkt\/kosmetyczka-kwiat-krakowski-zachodni\/","title":{"rendered":"Kosmetyczka &#8211; Kwiat krakowski zachodni"},"content":{"rendered":"<p>Kosmetyczka bawe\u0142niano \u2013 ortalionowa z indywidualnym wzorem, uszyta w polskiej szwalni. Z przyszytym metalowym k\u00f3\u0142kiem do wygodnego trzymania oraz przypi\u0119cia do torby podr\u00f3\u017cnej.<\/p>\n<p>&nbsp;<\/p>\n<p>Dziedzictwo polskiej sztuki ludowej opiera si\u0119 na haftach regionalnych. Zdobnictwo pochodz\u0105ce z regionu krakowskiego mo\u017cna zaliczy\u0107 do najbardziej rozpoznawalnych w Polsce. Etnografowie dziel\u0105 region krakowski na zachodni (miasto Krak\u00f3w, okalaj\u0105ce go wsie i miejscowo\u015bci w kierunku p\u00f3\u0142nocno \u2013 zachodnim) oraz wschodni (po\u0142udniowo \u2013 wschodnie obrze\u017ca miasta i dalej w kierunku Brzeska i Tarnowa). Hafty bia\u0142e i kolorowe, to jeden z najbardziej charakterystycznych element\u00f3w stroju krakowskiego. Noszony do ko\u0144ca XVIII w. sta\u0142 si\u0119 ubiorem od\u015bwi\u0119tnym na pocz\u0105tku XX w.<\/p>\n<p>&nbsp;<\/p>\n<p>Wysoko\u015b\u0107: 17 cm<br \/>\nSzeroko\u015b\u0107: 29 cm<\/p>\n<p>G\u0142\u0119boko\u015b\u0107 dna: 8 cmElementy dodatkowe:\u00a0&#8211; zamek spiralny nierozdzielczy- podszewka ortalionowa- zewn\u0119trzne k\u00f3\u0142eczko na szlufce\u00a0Materia\u0142 zewn\u0119trzny: bawe\u0142na drelichowa.Materia\u0142 wewn\u0119trzny: tkanina ortalionowa o \u015bredniej wodoodporno\u015b\u0107.Nasz kosmetyczka dost\u0119pna jest w czterech opcjach kolorystycznych podszewki: r\u00f3\u017cowa, czerwona, niebieska i zielona. Przy zam\u00f3wieniu w notatkach prosz\u0119 wpisa\u0107 jaki kolor podszewki zosta\u0142 wybrany.\u00a0Nadruk wykonany technik\u0105 sitodrukow\u0105.\u00a0Pra\u0107 r\u0119cznie w 30\u00b0C. Produkt pozostawi\u0107 do naturalnego wyschni\u0119cia, wywr\u00f3cony na drug\u0105 stron\u0119.<\/p>\n","protected":false},"excerpt":{"rendered":"<p>Kosmetyczka bawe\u0142niano \u2013 ortalionowa z indywidualnym wzorem, uszyta w polskiej szwalni. Z przyszytym metalowym k\u00f3\u0142kiem do wygodnego trzymania oraz przypi\u0119cia do torby podr\u00f3\u017cnej. Haft krakowski to szale\u0144stwo kolor\u00f3w, jakimi mieni si\u0119 wybuchaj\u0105ca wiosn\u0105 przyroda i rozkosz dla wszystkich, kt\u00f3rzy kochaj\u0105 kwiaty.<\/p>\n","protected":false},"featured_media":6478,"comment_status":"closed","ping_status":"closed","template":"","meta":[],"product_cat":[140,15,92,95,86,115,116,118,130,132,123,125,128,124,129],"product_tag":[185,166,189,104,194,195,187,186,158,184,170,164,188],"class_list":{"0":"post-702","1":"product","2":"type-product","3":"status-publish","4":"has-post-thumbnail","6":"product_cat-sale","7":"product_cat-bez-kategorii","8":"product_cat-kolekcje","9":"product_cat-folklor","10":"product_cat-kosmetyczka","11":"product_cat-prezenty","12":"product_cat-cena","13":"product_cat-50-zl-100-zl","14":"product_cat-dla-kogo","15":"product_cat-kobieta","16":"product_cat-okazja","17":"product_cat-boze-narodzenie","18":"product_cat-dzien-matki","19":"product_cat-urodziny-imieniny","20":"product_cat-walentynki","21":"product_tag-bawelna","22":"product_tag-folklore","23":"product_tag-haft","24":"product_tag-kobieta","25":"product_tag-kosmetyczka","26":"product_tag-kosmetyki","27":"product_tag-krakowski","28":"product_tag-kwiat","29":"product_tag-ortalion","30":"product_tag-podroz","31":"product_tag-tkanie","32":"product_tag-wycieczka","33":"product_tag-zachodni","35":"first","36":"instock","37":"sale","38":"shipping-taxable","39":"purchasable","40":"product-type-simple"},"yoast_head":"<!-- This site is optimized with the Yoast SEO plugin v23.9 - https:\/\/yoast.com\/wordpress\/plugins\/seo\/ -->\n<title>Kosmetyczka - Kwiat krakowski zachodni - Simple Dream<\/title>\n<meta name=\"robots\" content=\"index, follow, max-snippet:-1, max-image-preview:large, max-video-preview:-1\" \/>\n<link rel=\"canonical\" href=\"https:\/\/simpledream.pl\/index.php\/pl\/produkt\/kosmetyczka-kwiat-krakowski-zachodni\/\" \/>\n<meta property=\"og:locale\" content=\"pl_PL\" \/>\n<meta property=\"og:type\" content=\"article\" \/>\n<meta property=\"og:title\" content=\"Kosmetyczka - Kwiat krakowski zachodni - Simple Dream\" \/>\n<meta property=\"og:description\" content=\"Kosmetyczka bawe\u0142niano \u2013 ortalionowa z indywidualnym wzorem, uszyta w polskiej szwalni. Z przyszytym metalowym k\u00f3\u0142kiem do wygodnego trzymania oraz przypi\u0119cia do torby podr\u00f3\u017cnej. Haft krakowski to szale\u0144stwo kolor\u00f3w, jakimi mieni si\u0119 wybuchaj\u0105ca wiosn\u0105 przyroda i rozkosz dla wszystkich, kt\u00f3rzy kochaj\u0105 kwiaty.\" \/>\n<meta property=\"og:url\" content=\"https:\/\/simpledream.pl\/index.php\/pl\/produkt\/kosmetyczka-kwiat-krakowski-zachodni\/\" \/>\n<meta property=\"og:site_name\" content=\"Simple Dream\" \/>\n<meta property=\"article:modified_time\" content=\"2025-12-11T22:48:10+00:00\" \/>\n<meta property=\"og:image\" content=\"https:\/\/simpledream.pl\/wp-content\/uploads\/2020\/04\/TORBA-I-KOSMETYCZKA13.jpg\" \/>\n\t<meta property=\"og:image:width\" content=\"1200\" \/>\n\t<meta property=\"og:image:height\" content=\"1200\" \/>\n\t<meta property=\"og:image:type\" content=\"image\/jpeg\" \/>\n<meta name=\"twitter:card\" content=\"summary_large_image\" \/>\n<meta name=\"twitter:label1\" content=\"Szacowany czas czytania\" \/>\n\t<meta name=\"twitter:data1\" content=\"1 minuta\" \/>\n<script type=\"application\/ld+json\" class=\"yoast-schema-graph\">{\"@context\":\"https:\/\/schema.org\",\"@graph\":[{\"@type\":\"WebPage\",\"@id\":\"https:\/\/simpledream.pl\/index.php\/pl\/produkt\/kosmetyczka-kwiat-krakowski-zachodni\/\",\"url\":\"https:\/\/simpledream.pl\/index.php\/pl\/produkt\/kosmetyczka-kwiat-krakowski-zachodni\/\",\"name\":\"Kosmetyczka - Kwiat krakowski zachodni - Simple Dream\",\"isPartOf\":{\"@id\":\"https:\/\/simpledream.pl\/#website\"},\"primaryImageOfPage\":{\"@id\":\"https:\/\/simpledream.pl\/index.php\/pl\/produkt\/kosmetyczka-kwiat-krakowski-zachodni\/#primaryimage\"},\"image\":{\"@id\":\"https:\/\/simpledream.pl\/index.php\/pl\/produkt\/kosmetyczka-kwiat-krakowski-zachodni\/#primaryimage\"},\"thumbnailUrl\":\"https:\/\/simpledream.pl\/wp-content\/uploads\/2020\/04\/TORBA-I-KOSMETYCZKA13.jpg\",\"datePublished\":\"2020-04-22T04:26:59+00:00\",\"dateModified\":\"2025-12-11T22:48:10+00:00\",\"breadcrumb\":{\"@id\":\"https:\/\/simpledream.pl\/index.php\/pl\/produkt\/kosmetyczka-kwiat-krakowski-zachodni\/#breadcrumb\"},\"inLanguage\":\"pl-PL\",\"potentialAction\":[{\"@type\":\"ReadAction\",\"target\":[\"https:\/\/simpledream.pl\/index.php\/pl\/produkt\/kosmetyczka-kwiat-krakowski-zachodni\/\"]}]},{\"@type\":\"ImageObject\",\"inLanguage\":\"pl-PL\",\"@id\":\"https:\/\/simpledream.pl\/index.php\/pl\/produkt\/kosmetyczka-kwiat-krakowski-zachodni\/#primaryimage\",\"url\":\"https:\/\/simpledream.pl\/wp-content\/uploads\/2020\/04\/TORBA-I-KOSMETYCZKA13.jpg\",\"contentUrl\":\"https:\/\/simpledream.pl\/wp-content\/uploads\/2020\/04\/TORBA-I-KOSMETYCZKA13.jpg\",\"width\":1200,\"height\":1200,\"caption\":\"Kosmetyczka ortalionowa, kolorowa\"},{\"@type\":\"BreadcrumbList\",\"@id\":\"https:\/\/simpledream.pl\/index.php\/pl\/produkt\/kosmetyczka-kwiat-krakowski-zachodni\/#breadcrumb\",\"itemListElement\":[{\"@type\":\"ListItem\",\"position\":1,\"name\":\"Strona g\u0142\u00f3wna\",\"item\":\"https:\/\/simpledream.pl\/index.php\/pl\/main-home\/\"},{\"@type\":\"ListItem\",\"position\":2,\"name\":\"Sklep\",\"item\":\"https:\/\/simpledream.pl\/index.php\/pl\/sklep\/\"},{\"@type\":\"ListItem\",\"position\":3,\"name\":\"Kosmetyczka &#8211; Kwiat krakowski zachodni\"}]},{\"@type\":\"WebSite\",\"@id\":\"https:\/\/simpledream.pl\/#website\",\"url\":\"https:\/\/simpledream.pl\/\",\"name\":\"Simple Dream\",\"description\":\"\",\"potentialAction\":[{\"@type\":\"SearchAction\",\"target\":{\"@type\":\"EntryPoint\",\"urlTemplate\":\"https:\/\/simpledream.pl\/?s={search_term_string}\"},\"query-input\":{\"@type\":\"PropertyValueSpecification\",\"valueRequired\":true,\"valueName\":\"search_term_string\"}}],\"inLanguage\":\"pl-PL\"}]}<\/script>\n<!-- \/ Yoast SEO plugin. -->","yoast_head_json":{"title":"Kosmetyczka - Kwiat krakowski zachodni - Simple Dream","robots":{"index":"index","follow":"follow","max-snippet":"max-snippet:-1","max-image-preview":"max-image-preview:large","max-video-preview":"max-video-preview:-1"},"canonical":"https:\/\/simpledream.pl\/index.php\/pl\/produkt\/kosmetyczka-kwiat-krakowski-zachodni\/","og_locale":"pl_PL","og_type":"article","og_title":"Kosmetyczka - Kwiat krakowski zachodni - Simple Dream","og_description":"Kosmetyczka bawe\u0142niano \u2013 ortalionowa z indywidualnym wzorem, uszyta w polskiej szwalni. Z przyszytym metalowym k\u00f3\u0142kiem do wygodnego trzymania oraz przypi\u0119cia do torby podr\u00f3\u017cnej. Haft krakowski to szale\u0144stwo kolor\u00f3w, jakimi mieni si\u0119 wybuchaj\u0105ca wiosn\u0105 przyroda i rozkosz dla wszystkich, kt\u00f3rzy kochaj\u0105 kwiaty.","og_url":"https:\/\/simpledream.pl\/index.php\/pl\/produkt\/kosmetyczka-kwiat-krakowski-zachodni\/","og_site_name":"Simple Dream","article_modified_time":"2025-12-11T22:48:10+00:00","og_image":[{"width":1200,"height":1200,"url":"https:\/\/simpledream.pl\/wp-content\/uploads\/2020\/04\/TORBA-I-KOSMETYCZKA13.jpg","type":"image\/jpeg"}],"twitter_card":"summary_large_image","twitter_misc":{"Szacowany czas czytania":"1 minuta"},"schema":{"@context":"https:\/\/schema.org","@graph":[{"@type":"WebPage","@id":"https:\/\/simpledream.pl\/index.php\/pl\/produkt\/kosmetyczka-kwiat-krakowski-zachodni\/","url":"https:\/\/simpledream.pl\/index.php\/pl\/produkt\/kosmetyczka-kwiat-krakowski-zachodni\/","name":"Kosmetyczka - Kwiat krakowski zachodni - Simple Dream","isPartOf":{"@id":"https:\/\/simpledream.pl\/#website"},"primaryImageOfPage":{"@id":"https:\/\/simpledream.pl\/index.php\/pl\/produkt\/kosmetyczka-kwiat-krakowski-zachodni\/#primaryimage"},"image":{"@id":"https:\/\/simpledream.pl\/index.php\/pl\/produkt\/kosmetyczka-kwiat-krakowski-zachodni\/#primaryimage"},"thumbnailUrl":"https:\/\/simpledream.pl\/wp-content\/uploads\/2020\/04\/TORBA-I-KOSMETYCZKA13.jpg","datePublished":"2020-04-22T04:26:59+00:00","dateModified":"2025-12-11T22:48:10+00:00","breadcrumb":{"@id":"https:\/\/simpledream.pl\/index.php\/pl\/produkt\/kosmetyczka-kwiat-krakowski-zachodni\/#breadcrumb"},"inLanguage":"pl-PL","potentialAction":[{"@type":"ReadAction","target":["https:\/\/simpledream.pl\/index.php\/pl\/produkt\/kosmetyczka-kwiat-krakowski-zachodni\/"]}]},{"@type":"ImageObject","inLanguage":"pl-PL","@id":"https:\/\/simpledream.pl\/index.php\/pl\/produkt\/kosmetyczka-kwiat-krakowski-zachodni\/#primaryimage","url":"https:\/\/simpledream.pl\/wp-content\/uploads\/2020\/04\/TORBA-I-KOSMETYCZKA13.jpg","contentUrl":"https:\/\/simpledream.pl\/wp-content\/uploads\/2020\/04\/TORBA-I-KOSMETYCZKA13.jpg","width":1200,"height":1200,"caption":"Kosmetyczka ortalionowa, kolorowa"},{"@type":"BreadcrumbList","@id":"https:\/\/simpledream.pl\/index.php\/pl\/produkt\/kosmetyczka-kwiat-krakowski-zachodni\/#breadcrumb","itemListElement":[{"@type":"ListItem","position":1,"name":"Strona g\u0142\u00f3wna","item":"https:\/\/simpledream.pl\/index.php\/pl\/main-home\/"},{"@type":"ListItem","position":2,"name":"Sklep","item":"https:\/\/simpledream.pl\/index.php\/pl\/sklep\/"},{"@type":"ListItem","position":3,"name":"Kosmetyczka &#8211; Kwiat krakowski zachodni"}]},{"@type":"WebSite","@id":"https:\/\/simpledream.pl\/#website","url":"https:\/\/simpledream.pl\/","name":"Simple Dream","description":"","potentialAction":[{"@type":"SearchAction","target":{"@type":"EntryPoint","urlTemplate":"https:\/\/simpledream.pl\/?s={search_term_string}"},"query-input":{"@type":"PropertyValueSpecification","valueRequired":true,"valueName":"search_term_string"}}],"inLanguage":"pl-PL"}]}},"lang":"pl","translations":{"pl":702,"en":7568},"pll_sync_post":[],"_links":{"self":[{"href":"https:\/\/simpledream.pl\/index.php\/wp-json\/wp\/v2\/product\/702","targetHints":{"allow":["GET"]}}],"collection":[{"href":"https:\/\/simpledream.pl\/index.php\/wp-json\/wp\/v2\/product"}],"about":[{"href":"https:\/\/simpledream.pl\/index.php\/wp-json\/wp\/v2\/types\/product"}],"replies":[{"embeddable":true,"href":"https:\/\/simpledream.pl\/index.php\/wp-json\/wp\/v2\/comments?post=702"}],"version-history":[{"count":20,"href":"https:\/\/simpledream.pl\/index.php\/wp-json\/wp\/v2\/product\/702\/revisions"}],"predecessor-version":[{"id":9774,"href":"https:\/\/simpledream.pl\/index.php\/wp-json\/wp\/v2\/product\/702\/revisions\/9774"}],"wp:featuredmedia":[{"embeddable":true,"href":"https:\/\/simpledream.pl\/index.php\/wp-json\/wp\/v2\/media\/6478"}],"wp:attachment":[{"href":"https:\/\/simpledream.pl\/index.php\/wp-json\/wp\/v2\/media?parent=702"}],"wp:term":[{"taxonomy":"product_cat","embeddable":true,"href":"https:\/\/simpledream.pl\/index.php\/wp-json\/wp\/v2\/product_cat?post=702"},{"taxonomy":"product_tag","embeddable":true,"href":"https:\/\/simpledream.pl\/index.php\/wp-json\/wp\/v2\/product_tag?post=702"}],"curies":[{"name":"wp","href":"https:\/\/api.w.org\/{rel}","templated":true}]}}