{"id":707,"date":"2020-04-22T06:27:03","date_gmt":"2020-04-22T04:27:03","guid":{"rendered":"https:\/\/lekker.qodeinteractive.com\/?post_type=product&#038;p=707"},"modified":"2024-12-16T00:36:30","modified_gmt":"2024-12-15T23:36:30","slug":"komplet-etui-na-okulary-slonce-majowe","status":"publish","type":"product","link":"https:\/\/simpledream.pl\/index.php\/pl\/produkt\/komplet-etui-na-okulary-slonce-majowe\/","title":{"rendered":"Komplet etui na okulary &#8211; S\u0142o\u0144ce majowe"},"content":{"rendered":"<p>Komplet etui na okulary ze \u015bciereczk\u0105 z indywidualnymi wzorami zosta\u0142 wyprodukowany w Polsce. Wykonany z mikrofibry. Obraz \u201cS\u0142o\u0144ce majowe\u201d zosta\u0142 wykonany przez J\u00f3zefa Mehoffera. Nale\u017cy do kolekcji Muzeum Narodowego w Warszawie.<\/p>\n<p>&nbsp;<\/p>\n<p>Artysta odczuwa\u0142 rado\u015b\u0107 z odtwarzania rzeczy &#8220;bliskich&#8221;, ukazuj\u0105c w ten spos\u00f3b uciech\u0119 s\u0142o\u0144cem, \u015bwiat\u0142em, \u017cyciem czy ogrodem. Obraz prezentuje, zakupiony przez niego dw\u00f3r w Jank\u00f3wce ko\u0142o Krakowa. Artysta zaprojektowa\u0142 ogr\u00f3d, a nast\u0119pnie uwieczni\u0142 na p\u0142\u00f3tnie obrazu, tworz\u0105c w ten spos\u00f3b malarski synonim Arkadii. Pogodnego i beztroskiego ziemskiego raju..<\/p>\n<p>&nbsp;<\/p>\n<p>Wymiary: 16,1 x 6,2 x 4 cm<\/p>\n<p>&nbsp;<\/p>\n<p>Materia\u0142 zewn\u0119trzny mikrofibra, w \u015brodku \u015bciereczka r\u00f3wnie\u017c z tego samego materia\u0142u. Etui zamykane na zawias spr\u0119\u017cynowy. Ze wzgl\u0119du na swoj\u0105 wielko\u015b\u0107, mie\u015bci oprawki w przer\u00f3\u017cnych formatach. Rozwi\u0105zanie dla wszystkich tych, kt\u00f3rzy szukaj\u0105 u\u017cytecznego prezentu z oryginalnym wzorem. A zarazem niezobowi\u0105zuj\u0105cego na r\u00f3\u017cne okazje.<\/p>\n","protected":false},"excerpt":{"rendered":"<p>Komplet etui na okulary ze \u015bciereczk\u0105 z indywidualnym wzorem zosta\u0142 wyprodukowany w Polsce. Wykonany z mikrofibry. Obraz &#8220;S\u0142o\u0144ce majowe\u201d zosta\u0142 wykonany przez J\u00f3zefa Mehoffera. Nale\u017cy do kolekcji Muzeum Narodowego w Warszawie.<\/p>\n","protected":false},"featured_media":6753,"comment_status":"closed","ping_status":"closed","template":"","meta":[],"product_cat":[136,506,15,92,94,96,115,116,117,130,132,133,123,125,128,127,124,129],"product_tag":[204,214,206,177,211,205,213,155],"class_list":{"0":"post-707","1":"product","2":"type-product","3":"status-publish","4":"has-post-thumbnail","6":"product_cat-etui-2","7":"product_cat-zestawy","8":"product_cat-bez-kategorii","9":"product_cat-kolekcje","10":"product_cat-grafika","11":"product_cat-historia","12":"product_cat-prezenty","13":"product_cat-cena","14":"product_cat-ponizej-50-zl","15":"product_cat-dla-kogo","16":"product_cat-kobieta","17":"product_cat-mezczyzna","18":"product_cat-okazja","19":"product_cat-boze-narodzenie","20":"product_cat-dzien-matki","21":"product_cat-dzien-ojca","22":"product_cat-urodziny-imieniny","23":"product_cat-walentynki","24":"product_tag-etui-na-okulary","25":"product_tag-jozef-mehoffer","26":"product_tag-mikrofibra","27":"product_tag-obraz","28":"product_tag-okulary","29":"product_tag-sciereczka","30":"product_tag-slonce-majowe","31":"product_tag-sztuka","33":"first","34":"outofstock","35":"shipping-taxable","36":"purchasable","37":"product-type-simple"},"yoast_head":"<!-- This site is optimized with the Yoast SEO plugin v23.9 - https:\/\/yoast.com\/wordpress\/plugins\/seo\/ -->\n<title>Komplet etui na okulary - S\u0142o\u0144ce majowe - Simple Dream<\/title>\n<meta name=\"robots\" content=\"index, follow, max-snippet:-1, max-image-preview:large, max-video-preview:-1\" \/>\n<link rel=\"canonical\" href=\"https:\/\/simpledream.pl\/index.php\/pl\/produkt\/komplet-etui-na-okulary-slonce-majowe\/\" \/>\n<meta property=\"og:locale\" content=\"pl_PL\" \/>\n<meta property=\"og:type\" content=\"article\" \/>\n<meta property=\"og:title\" content=\"Komplet etui na okulary - S\u0142o\u0144ce majowe - Simple Dream\" \/>\n<meta property=\"og:description\" content=\"Komplet etui na okulary ze \u015bciereczk\u0105 z indywidualnym wzorem zosta\u0142 wyprodukowany w Polsce. Wykonany z mikrofibry. Obraz &quot;S\u0142o\u0144ce majowe\u201d zosta\u0142 wykonany przez J\u00f3zefa Mehoffera. Nale\u017cy do kolekcji Muzeum Narodowego w Warszawie.\" \/>\n<meta property=\"og:url\" content=\"https:\/\/simpledream.pl\/index.php\/pl\/produkt\/komplet-etui-na-okulary-slonce-majowe\/\" \/>\n<meta property=\"og:site_name\" content=\"Simple Dream\" \/>\n<meta property=\"article:modified_time\" content=\"2024-12-15T23:36:30+00:00\" \/>\n<meta property=\"og:image\" content=\"https:\/\/simpledream.pl\/wp-content\/uploads\/2020\/04\/etui-221-1.jpg\" \/>\n\t<meta property=\"og:image:width\" content=\"1200\" \/>\n\t<meta property=\"og:image:height\" content=\"1200\" \/>\n\t<meta property=\"og:image:type\" content=\"image\/jpeg\" \/>\n<meta name=\"twitter:card\" content=\"summary_large_image\" \/>\n<meta name=\"twitter:label1\" content=\"Szacowany czas czytania\" \/>\n\t<meta name=\"twitter:data1\" content=\"1 minuta\" \/>\n<script type=\"application\/ld+json\" class=\"yoast-schema-graph\">{\"@context\":\"https:\/\/schema.org\",\"@graph\":[{\"@type\":\"WebPage\",\"@id\":\"https:\/\/simpledream.pl\/index.php\/pl\/produkt\/komplet-etui-na-okulary-slonce-majowe\/\",\"url\":\"https:\/\/simpledream.pl\/index.php\/pl\/produkt\/komplet-etui-na-okulary-slonce-majowe\/\",\"name\":\"Komplet etui na okulary - S\u0142o\u0144ce majowe - Simple Dream\",\"isPartOf\":{\"@id\":\"https:\/\/simpledream.pl\/#website\"},\"primaryImageOfPage\":{\"@id\":\"https:\/\/simpledream.pl\/index.php\/pl\/produkt\/komplet-etui-na-okulary-slonce-majowe\/#primaryimage\"},\"image\":{\"@id\":\"https:\/\/simpledream.pl\/index.php\/pl\/produkt\/komplet-etui-na-okulary-slonce-majowe\/#primaryimage\"},\"thumbnailUrl\":\"https:\/\/simpledream.pl\/wp-content\/uploads\/2020\/04\/etui-221-1.jpg\",\"datePublished\":\"2020-04-22T04:27:03+00:00\",\"dateModified\":\"2024-12-15T23:36:30+00:00\",\"breadcrumb\":{\"@id\":\"https:\/\/simpledream.pl\/index.php\/pl\/produkt\/komplet-etui-na-okulary-slonce-majowe\/#breadcrumb\"},\"inLanguage\":\"pl-PL\",\"potentialAction\":[{\"@type\":\"ReadAction\",\"target\":[\"https:\/\/simpledream.pl\/index.php\/pl\/produkt\/komplet-etui-na-okulary-slonce-majowe\/\"]}]},{\"@type\":\"ImageObject\",\"inLanguage\":\"pl-PL\",\"@id\":\"https:\/\/simpledream.pl\/index.php\/pl\/produkt\/komplet-etui-na-okulary-slonce-majowe\/#primaryimage\",\"url\":\"https:\/\/simpledream.pl\/wp-content\/uploads\/2020\/04\/etui-221-1.jpg\",\"contentUrl\":\"https:\/\/simpledream.pl\/wp-content\/uploads\/2020\/04\/etui-221-1.jpg\",\"width\":1200,\"height\":1200,\"caption\":\"Komplet etui na okulary \u2013 S\u0142o\u0144ce majowe\"},{\"@type\":\"BreadcrumbList\",\"@id\":\"https:\/\/simpledream.pl\/index.php\/pl\/produkt\/komplet-etui-na-okulary-slonce-majowe\/#breadcrumb\",\"itemListElement\":[{\"@type\":\"ListItem\",\"position\":1,\"name\":\"Strona g\u0142\u00f3wna\",\"item\":\"https:\/\/simpledream.pl\/index.php\/pl\/main-home\/\"},{\"@type\":\"ListItem\",\"position\":2,\"name\":\"Sklep\",\"item\":\"https:\/\/simpledream.pl\/index.php\/pl\/sklep\/\"},{\"@type\":\"ListItem\",\"position\":3,\"name\":\"Komplet etui na okulary &#8211; S\u0142o\u0144ce majowe\"}]},{\"@type\":\"WebSite\",\"@id\":\"https:\/\/simpledream.pl\/#website\",\"url\":\"https:\/\/simpledream.pl\/\",\"name\":\"Simple Dream\",\"description\":\"\",\"potentialAction\":[{\"@type\":\"SearchAction\",\"target\":{\"@type\":\"EntryPoint\",\"urlTemplate\":\"https:\/\/simpledream.pl\/?s={search_term_string}\"},\"query-input\":{\"@type\":\"PropertyValueSpecification\",\"valueRequired\":true,\"valueName\":\"search_term_string\"}}],\"inLanguage\":\"pl-PL\"}]}<\/script>\n<!-- \/ Yoast SEO plugin. -->","yoast_head_json":{"title":"Komplet etui na okulary - S\u0142o\u0144ce majowe - Simple Dream","robots":{"index":"index","follow":"follow","max-snippet":"max-snippet:-1","max-image-preview":"max-image-preview:large","max-video-preview":"max-video-preview:-1"},"canonical":"https:\/\/simpledream.pl\/index.php\/pl\/produkt\/komplet-etui-na-okulary-slonce-majowe\/","og_locale":"pl_PL","og_type":"article","og_title":"Komplet etui na okulary - S\u0142o\u0144ce majowe - Simple Dream","og_description":"Komplet etui na okulary ze \u015bciereczk\u0105 z indywidualnym wzorem zosta\u0142 wyprodukowany w Polsce. Wykonany z mikrofibry. Obraz \"S\u0142o\u0144ce majowe\u201d zosta\u0142 wykonany przez J\u00f3zefa Mehoffera. Nale\u017cy do kolekcji Muzeum Narodowego w Warszawie.","og_url":"https:\/\/simpledream.pl\/index.php\/pl\/produkt\/komplet-etui-na-okulary-slonce-majowe\/","og_site_name":"Simple Dream","article_modified_time":"2024-12-15T23:36:30+00:00","og_image":[{"width":1200,"height":1200,"url":"https:\/\/simpledream.pl\/wp-content\/uploads\/2020\/04\/etui-221-1.jpg","type":"image\/jpeg"}],"twitter_card":"summary_large_image","twitter_misc":{"Szacowany czas czytania":"1 minuta"},"schema":{"@context":"https:\/\/schema.org","@graph":[{"@type":"WebPage","@id":"https:\/\/simpledream.pl\/index.php\/pl\/produkt\/komplet-etui-na-okulary-slonce-majowe\/","url":"https:\/\/simpledream.pl\/index.php\/pl\/produkt\/komplet-etui-na-okulary-slonce-majowe\/","name":"Komplet etui na okulary - S\u0142o\u0144ce majowe - Simple Dream","isPartOf":{"@id":"https:\/\/simpledream.pl\/#website"},"primaryImageOfPage":{"@id":"https:\/\/simpledream.pl\/index.php\/pl\/produkt\/komplet-etui-na-okulary-slonce-majowe\/#primaryimage"},"image":{"@id":"https:\/\/simpledream.pl\/index.php\/pl\/produkt\/komplet-etui-na-okulary-slonce-majowe\/#primaryimage"},"thumbnailUrl":"https:\/\/simpledream.pl\/wp-content\/uploads\/2020\/04\/etui-221-1.jpg","datePublished":"2020-04-22T04:27:03+00:00","dateModified":"2024-12-15T23:36:30+00:00","breadcrumb":{"@id":"https:\/\/simpledream.pl\/index.php\/pl\/produkt\/komplet-etui-na-okulary-slonce-majowe\/#breadcrumb"},"inLanguage":"pl-PL","potentialAction":[{"@type":"ReadAction","target":["https:\/\/simpledream.pl\/index.php\/pl\/produkt\/komplet-etui-na-okulary-slonce-majowe\/"]}]},{"@type":"ImageObject","inLanguage":"pl-PL","@id":"https:\/\/simpledream.pl\/index.php\/pl\/produkt\/komplet-etui-na-okulary-slonce-majowe\/#primaryimage","url":"https:\/\/simpledream.pl\/wp-content\/uploads\/2020\/04\/etui-221-1.jpg","contentUrl":"https:\/\/simpledream.pl\/wp-content\/uploads\/2020\/04\/etui-221-1.jpg","width":1200,"height":1200,"caption":"Komplet etui na okulary \u2013 S\u0142o\u0144ce majowe"},{"@type":"BreadcrumbList","@id":"https:\/\/simpledream.pl\/index.php\/pl\/produkt\/komplet-etui-na-okulary-slonce-majowe\/#breadcrumb","itemListElement":[{"@type":"ListItem","position":1,"name":"Strona g\u0142\u00f3wna","item":"https:\/\/simpledream.pl\/index.php\/pl\/main-home\/"},{"@type":"ListItem","position":2,"name":"Sklep","item":"https:\/\/simpledream.pl\/index.php\/pl\/sklep\/"},{"@type":"ListItem","position":3,"name":"Komplet etui na okulary &#8211; S\u0142o\u0144ce majowe"}]},{"@type":"WebSite","@id":"https:\/\/simpledream.pl\/#website","url":"https:\/\/simpledream.pl\/","name":"Simple Dream","description":"","potentialAction":[{"@type":"SearchAction","target":{"@type":"EntryPoint","urlTemplate":"https:\/\/simpledream.pl\/?s={search_term_string}"},"query-input":{"@type":"PropertyValueSpecification","valueRequired":true,"valueName":"search_term_string"}}],"inLanguage":"pl-PL"}]}},"lang":"pl","translations":{"pl":707,"en":7558},"pll_sync_post":[],"_links":{"self":[{"href":"https:\/\/simpledream.pl\/index.php\/wp-json\/wp\/v2\/product\/707","targetHints":{"allow":["GET"]}}],"collection":[{"href":"https:\/\/simpledream.pl\/index.php\/wp-json\/wp\/v2\/product"}],"about":[{"href":"https:\/\/simpledream.pl\/index.php\/wp-json\/wp\/v2\/types\/product"}],"replies":[{"embeddable":true,"href":"https:\/\/simpledream.pl\/index.php\/wp-json\/wp\/v2\/comments?post=707"}],"version-history":[{"count":7,"href":"https:\/\/simpledream.pl\/index.php\/wp-json\/wp\/v2\/product\/707\/revisions"}],"predecessor-version":[{"id":9767,"href":"https:\/\/simpledream.pl\/index.php\/wp-json\/wp\/v2\/product\/707\/revisions\/9767"}],"wp:featuredmedia":[{"embeddable":true,"href":"https:\/\/simpledream.pl\/index.php\/wp-json\/wp\/v2\/media\/6753"}],"wp:attachment":[{"href":"https:\/\/simpledream.pl\/index.php\/wp-json\/wp\/v2\/media?parent=707"}],"wp:term":[{"taxonomy":"product_cat","embeddable":true,"href":"https:\/\/simpledream.pl\/index.php\/wp-json\/wp\/v2\/product_cat?post=707"},{"taxonomy":"product_tag","embeddable":true,"href":"https:\/\/simpledream.pl\/index.php\/wp-json\/wp\/v2\/product_tag?post=707"}],"curies":[{"name":"wp","href":"https:\/\/api.w.org\/{rel}","templated":true}]}}