{"id":7536,"date":"2022-06-21T06:50:26","date_gmt":"2022-06-21T04:50:26","guid":{"rendered":"https:\/\/simpledream.pl\/?post_type=product&#038;p=7536"},"modified":"2025-05-14T14:02:39","modified_gmt":"2025-05-14T12:02:39","slug":"notebook-in-a-box-zamosc-embroidery","status":"publish","type":"product","link":"https:\/\/simpledream.pl\/index.php\/en\/produkt\/notebook-in-a-box-zamosc-embroidery\/","title":{"rendered":"Notebook in a box &#8211; Zamo\u015b\u0107 embroidery"},"content":{"rendered":"<p>Notebook in a decorative box with individual pattern, made in Poland. Hand-made product with a magnetic close. Notebook in A5 format. The heritage of Polish folk art is based on regional embroidery. The red and black embroidery in Zamo\u015b\u0107 touches the heart with its minimalism, reminiscent of the beginnings of the era of computer graphics.<\/p>\n<p>Notebook in a decorative box with individual pattern, made in Poland. Hand-made product with a magnetic close. Notebook in A5 format, 192 sheets, hard sponge cover. On the back, on the cover, there is a description in Polish and English related to the pattern. An exclusive box made by hand from colored cardboard.<\/p>\n<p>The perfect 2-in-1 set for writing, sketching, and taking notes. For women, men and children for all occasions. The box can be used as a decoration in a living space. Due to the magnetic closure, it does not open automatically under the influence of movement. It is suitable for storing treasures, knick-knacks and the most necessary things. Thanks to its application and high-quality finish, it is an exclusive set that will satisfy the tastes of the most demanding recipients.<\/p>\n<p>The heritage of Polish folk art gathers primarily regional embroidery.The Zamo\u015b\u0107 pattern was mostly based on the bodice of velvet. Embroidered in multicoloured cotton thread in flat, back and herringbone stitches. Trimmed with silk tape. Made in early 20th centure in Chocho\u0142\u00f3w in Zamo\u015b\u0107 province. Pattern belongs to the collection of the Ethnographic Museum in Warsaw.<\/p>\n","protected":false},"excerpt":{"rendered":"<p>Notebook in a decorative box with individual pattern, made in Poland. Hand-made product with a magnetic close. Notebook in A5 format. The heritage of Polish folk art is based on regional embroidery. The red and black embroidery in Zamo\u015b\u0107 touches the heart with its minimalism, reminiscent of the beginnings of the era of computer graphics.<\/p>\n","protected":false},"featured_media":7041,"comment_status":"closed","ping_status":"closed","template":"","meta":[],"product_cat":[892,920,912,423,425,902,886,916,413,910,888,256,922,906],"product_tag":[972,1136,964,960,962,958,934,1142,930,926,974,988,1160,998],"class_list":{"0":"post-7536","1":"product","2":"type-product","3":"status-publish","4":"has-post-thumbnail","6":"product_cat-50-pln-100-pln","7":"product_cat-birthday-names-day","8":"product_cat-christmas","9":"product_cat-collections","10":"product_cat-folklore-en","11":"product_cat-for-whom","12":"product_cat-gifts","13":"product_cat-mothers-day","14":"product_cat-notebook","15":"product_cat-occasion","16":"product_cat-price","17":"product_cat-uncategorized-en","18":"product_cat-valentines-day","19":"product_cat-woman","20":"product_tag-embroidery","21":"product_tag-folklore","22":"product_tag-for-notes","23":"product_tag-for-painting","24":"product_tag-for-sketching","25":"product_tag-for-writing","26":"product_tag-gift-idea","27":"product_tag-haft","28":"product_tag-hand-made","29":"product_tag-notebook","30":"product_tag-notebook-in-a-decorative-box","31":"product_tag-polish-embroidery","32":"product_tag-prezent","33":"product_tag-zamosc","35":"first","36":"outofstock","37":"shipping-taxable","38":"purchasable","39":"product-type-simple"},"yoast_head":"<!-- This site is optimized with the Yoast SEO plugin v23.9 - https:\/\/yoast.com\/wordpress\/plugins\/seo\/ -->\n<title>Notebook in a box - Zamo\u015b\u0107 embroidery - Simple Dream<\/title>\n<meta name=\"robots\" content=\"index, follow, max-snippet:-1, max-image-preview:large, max-video-preview:-1\" \/>\n<link rel=\"canonical\" href=\"https:\/\/simpledream.pl\/index.php\/en\/produkt\/notebook-in-a-box-zamosc-embroidery\/\" \/>\n<meta property=\"og:locale\" content=\"pl_PL\" \/>\n<meta property=\"og:type\" content=\"article\" \/>\n<meta property=\"og:title\" content=\"Notebook in a box - Zamo\u015b\u0107 embroidery - Simple Dream\" \/>\n<meta property=\"og:description\" content=\"Notebook in a decorative box with individual pattern, made in Poland. Hand-made product with a magnetic close. Notebook in A5 format. The heritage of Polish folk art is based on regional embroidery. The red and black embroidery in Zamo\u015b\u0107 touches the heart with its minimalism, reminiscent of the beginnings of the era of computer graphics.\" \/>\n<meta property=\"og:url\" content=\"https:\/\/simpledream.pl\/index.php\/en\/produkt\/notebook-in-a-box-zamosc-embroidery\/\" \/>\n<meta property=\"og:site_name\" content=\"Simple Dream\" \/>\n<meta property=\"article:modified_time\" content=\"2025-05-14T12:02:39+00:00\" \/>\n<meta property=\"og:image\" content=\"https:\/\/simpledream.pl\/wp-content\/uploads\/2020\/04\/BRULIONY-ostatnia-sesja.jpg\" \/>\n\t<meta property=\"og:image:width\" content=\"1200\" \/>\n\t<meta property=\"og:image:height\" content=\"1200\" \/>\n\t<meta property=\"og:image:type\" content=\"image\/jpeg\" \/>\n<meta name=\"twitter:card\" content=\"summary_large_image\" \/>\n<meta name=\"twitter:label1\" content=\"Szacowany czas czytania\" \/>\n\t<meta name=\"twitter:data1\" content=\"1 minuta\" \/>\n<script type=\"application\/ld+json\" class=\"yoast-schema-graph\">{\"@context\":\"https:\/\/schema.org\",\"@graph\":[{\"@type\":\"WebPage\",\"@id\":\"https:\/\/simpledream.pl\/index.php\/en\/produkt\/notebook-in-a-box-zamosc-embroidery\/\",\"url\":\"https:\/\/simpledream.pl\/index.php\/en\/produkt\/notebook-in-a-box-zamosc-embroidery\/\",\"name\":\"Notebook in a box - Zamo\u015b\u0107 embroidery - Simple Dream\",\"isPartOf\":{\"@id\":\"https:\/\/simpledream.pl\/#website\"},\"primaryImageOfPage\":{\"@id\":\"https:\/\/simpledream.pl\/index.php\/en\/produkt\/notebook-in-a-box-zamosc-embroidery\/#primaryimage\"},\"image\":{\"@id\":\"https:\/\/simpledream.pl\/index.php\/en\/produkt\/notebook-in-a-box-zamosc-embroidery\/#primaryimage\"},\"thumbnailUrl\":\"https:\/\/simpledream.pl\/wp-content\/uploads\/2020\/04\/BRULIONY-ostatnia-sesja.jpg\",\"datePublished\":\"2022-06-21T04:50:26+00:00\",\"dateModified\":\"2025-05-14T12:02:39+00:00\",\"breadcrumb\":{\"@id\":\"https:\/\/simpledream.pl\/index.php\/en\/produkt\/notebook-in-a-box-zamosc-embroidery\/#breadcrumb\"},\"inLanguage\":\"pl-PL\",\"potentialAction\":[{\"@type\":\"ReadAction\",\"target\":[\"https:\/\/simpledream.pl\/index.php\/en\/produkt\/notebook-in-a-box-zamosc-embroidery\/\"]}]},{\"@type\":\"ImageObject\",\"inLanguage\":\"pl-PL\",\"@id\":\"https:\/\/simpledream.pl\/index.php\/en\/produkt\/notebook-in-a-box-zamosc-embroidery\/#primaryimage\",\"url\":\"https:\/\/simpledream.pl\/wp-content\/uploads\/2020\/04\/BRULIONY-ostatnia-sesja.jpg\",\"contentUrl\":\"https:\/\/simpledream.pl\/wp-content\/uploads\/2020\/04\/BRULIONY-ostatnia-sesja.jpg\",\"width\":1200,\"height\":1200,\"caption\":\"Unikalny notes w pude\u0142ku \u2013 Zamojski\"},{\"@type\":\"BreadcrumbList\",\"@id\":\"https:\/\/simpledream.pl\/index.php\/en\/produkt\/notebook-in-a-box-zamosc-embroidery\/#breadcrumb\",\"itemListElement\":[{\"@type\":\"ListItem\",\"position\":1,\"name\":\"Strona g\u0142\u00f3wna\",\"item\":\"https:\/\/simpledream.pl\/index.php\/pl\/main-home\/\"},{\"@type\":\"ListItem\",\"position\":2,\"name\":\"Sklep\",\"item\":\"https:\/\/simpledream.pl\/index.php\/pl\/sklep\/\"},{\"@type\":\"ListItem\",\"position\":3,\"name\":\"Notebook in a box &#8211; Zamo\u015b\u0107 embroidery\"}]},{\"@type\":\"WebSite\",\"@id\":\"https:\/\/simpledream.pl\/#website\",\"url\":\"https:\/\/simpledream.pl\/\",\"name\":\"Simple Dream\",\"description\":\"\",\"potentialAction\":[{\"@type\":\"SearchAction\",\"target\":{\"@type\":\"EntryPoint\",\"urlTemplate\":\"https:\/\/simpledream.pl\/?s={search_term_string}\"},\"query-input\":{\"@type\":\"PropertyValueSpecification\",\"valueRequired\":true,\"valueName\":\"search_term_string\"}}],\"inLanguage\":\"pl-PL\"}]}<\/script>\n<!-- \/ Yoast SEO plugin. -->","yoast_head_json":{"title":"Notebook in a box - Zamo\u015b\u0107 embroidery - Simple Dream","robots":{"index":"index","follow":"follow","max-snippet":"max-snippet:-1","max-image-preview":"max-image-preview:large","max-video-preview":"max-video-preview:-1"},"canonical":"https:\/\/simpledream.pl\/index.php\/en\/produkt\/notebook-in-a-box-zamosc-embroidery\/","og_locale":"pl_PL","og_type":"article","og_title":"Notebook in a box - Zamo\u015b\u0107 embroidery - Simple Dream","og_description":"Notebook in a decorative box with individual pattern, made in Poland. Hand-made product with a magnetic close. Notebook in A5 format. The heritage of Polish folk art is based on regional embroidery. The red and black embroidery in Zamo\u015b\u0107 touches the heart with its minimalism, reminiscent of the beginnings of the era of computer graphics.","og_url":"https:\/\/simpledream.pl\/index.php\/en\/produkt\/notebook-in-a-box-zamosc-embroidery\/","og_site_name":"Simple Dream","article_modified_time":"2025-05-14T12:02:39+00:00","og_image":[{"width":1200,"height":1200,"url":"https:\/\/simpledream.pl\/wp-content\/uploads\/2020\/04\/BRULIONY-ostatnia-sesja.jpg","type":"image\/jpeg"}],"twitter_card":"summary_large_image","twitter_misc":{"Szacowany czas czytania":"1 minuta"},"schema":{"@context":"https:\/\/schema.org","@graph":[{"@type":"WebPage","@id":"https:\/\/simpledream.pl\/index.php\/en\/produkt\/notebook-in-a-box-zamosc-embroidery\/","url":"https:\/\/simpledream.pl\/index.php\/en\/produkt\/notebook-in-a-box-zamosc-embroidery\/","name":"Notebook in a box - Zamo\u015b\u0107 embroidery - Simple Dream","isPartOf":{"@id":"https:\/\/simpledream.pl\/#website"},"primaryImageOfPage":{"@id":"https:\/\/simpledream.pl\/index.php\/en\/produkt\/notebook-in-a-box-zamosc-embroidery\/#primaryimage"},"image":{"@id":"https:\/\/simpledream.pl\/index.php\/en\/produkt\/notebook-in-a-box-zamosc-embroidery\/#primaryimage"},"thumbnailUrl":"https:\/\/simpledream.pl\/wp-content\/uploads\/2020\/04\/BRULIONY-ostatnia-sesja.jpg","datePublished":"2022-06-21T04:50:26+00:00","dateModified":"2025-05-14T12:02:39+00:00","breadcrumb":{"@id":"https:\/\/simpledream.pl\/index.php\/en\/produkt\/notebook-in-a-box-zamosc-embroidery\/#breadcrumb"},"inLanguage":"pl-PL","potentialAction":[{"@type":"ReadAction","target":["https:\/\/simpledream.pl\/index.php\/en\/produkt\/notebook-in-a-box-zamosc-embroidery\/"]}]},{"@type":"ImageObject","inLanguage":"pl-PL","@id":"https:\/\/simpledream.pl\/index.php\/en\/produkt\/notebook-in-a-box-zamosc-embroidery\/#primaryimage","url":"https:\/\/simpledream.pl\/wp-content\/uploads\/2020\/04\/BRULIONY-ostatnia-sesja.jpg","contentUrl":"https:\/\/simpledream.pl\/wp-content\/uploads\/2020\/04\/BRULIONY-ostatnia-sesja.jpg","width":1200,"height":1200,"caption":"Unikalny notes w pude\u0142ku \u2013 Zamojski"},{"@type":"BreadcrumbList","@id":"https:\/\/simpledream.pl\/index.php\/en\/produkt\/notebook-in-a-box-zamosc-embroidery\/#breadcrumb","itemListElement":[{"@type":"ListItem","position":1,"name":"Strona g\u0142\u00f3wna","item":"https:\/\/simpledream.pl\/index.php\/pl\/main-home\/"},{"@type":"ListItem","position":2,"name":"Sklep","item":"https:\/\/simpledream.pl\/index.php\/pl\/sklep\/"},{"@type":"ListItem","position":3,"name":"Notebook in a box &#8211; Zamo\u015b\u0107 embroidery"}]},{"@type":"WebSite","@id":"https:\/\/simpledream.pl\/#website","url":"https:\/\/simpledream.pl\/","name":"Simple Dream","description":"","potentialAction":[{"@type":"SearchAction","target":{"@type":"EntryPoint","urlTemplate":"https:\/\/simpledream.pl\/?s={search_term_string}"},"query-input":{"@type":"PropertyValueSpecification","valueRequired":true,"valueName":"search_term_string"}}],"inLanguage":"pl-PL"}]}},"lang":"en","translations":{"en":7536,"pl":732},"pll_sync_post":[],"_links":{"self":[{"href":"https:\/\/simpledream.pl\/index.php\/wp-json\/wp\/v2\/product\/7536","targetHints":{"allow":["GET"]}}],"collection":[{"href":"https:\/\/simpledream.pl\/index.php\/wp-json\/wp\/v2\/product"}],"about":[{"href":"https:\/\/simpledream.pl\/index.php\/wp-json\/wp\/v2\/types\/product"}],"replies":[{"embeddable":true,"href":"https:\/\/simpledream.pl\/index.php\/wp-json\/wp\/v2\/comments?post=7536"}],"version-history":[{"count":5,"href":"https:\/\/simpledream.pl\/index.php\/wp-json\/wp\/v2\/product\/7536\/revisions"}],"predecessor-version":[{"id":8218,"href":"https:\/\/simpledream.pl\/index.php\/wp-json\/wp\/v2\/product\/7536\/revisions\/8218"}],"wp:featuredmedia":[{"embeddable":true,"href":"https:\/\/simpledream.pl\/index.php\/wp-json\/wp\/v2\/media\/7041"}],"wp:attachment":[{"href":"https:\/\/simpledream.pl\/index.php\/wp-json\/wp\/v2\/media?parent=7536"}],"wp:term":[{"taxonomy":"product_cat","embeddable":true,"href":"https:\/\/simpledream.pl\/index.php\/wp-json\/wp\/v2\/product_cat?post=7536"},{"taxonomy":"product_tag","embeddable":true,"href":"https:\/\/simpledream.pl\/index.php\/wp-json\/wp\/v2\/product_tag?post=7536"}],"curies":[{"name":"wp","href":"https:\/\/api.w.org\/{rel}","templated":true}]}}