{"id":7552,"date":"2022-06-21T06:56:21","date_gmt":"2022-06-21T04:56:21","guid":{"rendered":"https:\/\/simpledream.pl\/?post_type=product&#038;p=7552"},"modified":"2023-12-19T09:23:33","modified_gmt":"2023-12-19T08:23:33","slug":"multibandana-zamosc-embroidery","status":"publish","type":"product","link":"https:\/\/simpledream.pl\/index.php\/en\/produkt\/multibandana-zamosc-embroidery\/","title":{"rendered":"Multibandana &#8211; Zamo\u015b\u0107 embroidery"},"content":{"rendered":"<p>Multibandana with an individual pattern, sewn in a Polish sewing company. Made of flexible material, that will work when donning.<\/p>\n<p>It is made of 100% polyester microfiber with Oeko-Tex certificate. It is a certificate awarded by the International Textile Ecology Research and Testing Association.<\/p>\n<p>Size: 50 x 25 cm (+\/- 5%)<\/p>\n<p>Material weight: 150 g<\/p>\n<p>You can use it as: a neck scarf, a headband or a hair band, a hat \u2013 hood, a mask covering the mouth and nose, and as a wristband. It is an ideal solution for various weather conditions, as it will protect against sun, wind and frost. It is suitable as a gift for active sports one, children of all ages and people who want to decorate their outfit with accessories. For mum, dad, daughter, son and friend.<\/p>\n<p>The heritage of Polish folk art gathers primarily regional embroidery.The Zamo\u015b\u0107 pattern was mostly based on the bodice of velvet. Embroidered in multicoloured cotton thread in flat, back and herringbone stitches. Trimmed with silk tape. Made in early 20th centure in Chocho\u0142\u00f3w in Zamo\u015b\u0107 province. Pattern belongs to the collection of the Ethnographic Museum in Warsaw.<\/p>\n","protected":false},"excerpt":{"rendered":"<p>Multibandana with an individual pattern, sewn in a Polish sewing company. Made of flexible material, that will work when donning. The heritage of Polish folk art is based on regional embroidery. The red and black embroidery in Zamo\u015b\u0107 touches the heart with its minimalism, reminiscent of the beginnings of the era of computer graphics.<\/p>\n","protected":false},"featured_media":6719,"comment_status":"closed","ping_status":"closed","template":"","meta":[],"product_cat":[920,912,423,425,902,886,904,914,890,916,407,910,888,421,256,906],"product_tag":[972,1036,994,1136,1142,1026,986,1024,1034,643,1032,1030,584,1028,998],"class_list":{"0":"post-7552","1":"product","2":"type-product","3":"status-publish","4":"has-post-thumbnail","6":"product_cat-birthday-names-day","7":"product_cat-christmas","8":"product_cat-collections","9":"product_cat-folklore-en","10":"product_cat-for-whom","11":"product_cat-gifts","12":"product_cat-kid","13":"product_cat-kids-day","14":"product_cat-less-than-50-pln","15":"product_cat-mothers-day","16":"product_cat-multibandana","17":"product_cat-occasion","18":"product_cat-price","19":"product_cat-sale-en","20":"product_cat-uncategorized-en","21":"product_cat-woman","22":"product_tag-embroidery","23":"product_tag-flowers","24":"product_tag-folk","25":"product_tag-folklore","26":"product_tag-haft","27":"product_tag-multibandana","28":"product_tag-pattern","29":"product_tag-polish-folk","30":"product_tag-protection","31":"product_tag-sport-en","32":"product_tag-sun","33":"product_tag-trips","34":"product_tag-wilanow-en","35":"product_tag-winter","36":"product_tag-zamosc","38":"first","39":"instock","40":"sale","41":"shipping-taxable","42":"purchasable","43":"product-type-simple"},"yoast_head":"<!-- This site is optimized with the Yoast SEO plugin v23.9 - https:\/\/yoast.com\/wordpress\/plugins\/seo\/ -->\n<title>Multibandana - Zamo\u015b\u0107 embroidery - Simple Dream<\/title>\n<meta name=\"robots\" content=\"index, follow, max-snippet:-1, max-image-preview:large, max-video-preview:-1\" \/>\n<link rel=\"canonical\" href=\"https:\/\/simpledream.pl\/index.php\/en\/produkt\/multibandana-zamosc-embroidery\/\" \/>\n<meta property=\"og:locale\" content=\"pl_PL\" \/>\n<meta property=\"og:type\" content=\"article\" \/>\n<meta property=\"og:title\" content=\"Multibandana - Zamo\u015b\u0107 embroidery - Simple Dream\" \/>\n<meta property=\"og:description\" content=\"Multibandana with an individual pattern, sewn in a Polish sewing company. Made of flexible material, that will work when donning. The heritage of Polish folk art is based on regional embroidery. The red and black embroidery in Zamo\u015b\u0107 touches the heart with its minimalism, reminiscent of the beginnings of the era of computer graphics.\" \/>\n<meta property=\"og:url\" content=\"https:\/\/simpledream.pl\/index.php\/en\/produkt\/multibandana-zamosc-embroidery\/\" \/>\n<meta property=\"og:site_name\" content=\"Simple Dream\" \/>\n<meta property=\"article:modified_time\" content=\"2023-12-19T08:23:33+00:00\" \/>\n<meta property=\"og:image\" content=\"https:\/\/simpledream.pl\/wp-content\/uploads\/2020\/04\/KOMINY-zamojski.jpg\" \/>\n\t<meta property=\"og:image:width\" content=\"1200\" \/>\n\t<meta property=\"og:image:height\" content=\"1200\" \/>\n\t<meta property=\"og:image:type\" content=\"image\/jpeg\" \/>\n<meta name=\"twitter:card\" content=\"summary_large_image\" \/>\n<meta name=\"twitter:label1\" content=\"Szacowany czas czytania\" \/>\n\t<meta name=\"twitter:data1\" content=\"1 minuta\" \/>\n<script type=\"application\/ld+json\" class=\"yoast-schema-graph\">{\"@context\":\"https:\/\/schema.org\",\"@graph\":[{\"@type\":\"WebPage\",\"@id\":\"https:\/\/simpledream.pl\/index.php\/en\/produkt\/multibandana-zamosc-embroidery\/\",\"url\":\"https:\/\/simpledream.pl\/index.php\/en\/produkt\/multibandana-zamosc-embroidery\/\",\"name\":\"Multibandana - Zamo\u015b\u0107 embroidery - Simple Dream\",\"isPartOf\":{\"@id\":\"https:\/\/simpledream.pl\/#website\"},\"primaryImageOfPage\":{\"@id\":\"https:\/\/simpledream.pl\/index.php\/en\/produkt\/multibandana-zamosc-embroidery\/#primaryimage\"},\"image\":{\"@id\":\"https:\/\/simpledream.pl\/index.php\/en\/produkt\/multibandana-zamosc-embroidery\/#primaryimage\"},\"thumbnailUrl\":\"https:\/\/simpledream.pl\/wp-content\/uploads\/2020\/04\/KOMINY-zamojski.jpg\",\"datePublished\":\"2022-06-21T04:56:21+00:00\",\"dateModified\":\"2023-12-19T08:23:33+00:00\",\"breadcrumb\":{\"@id\":\"https:\/\/simpledream.pl\/index.php\/en\/produkt\/multibandana-zamosc-embroidery\/#breadcrumb\"},\"inLanguage\":\"pl-PL\",\"potentialAction\":[{\"@type\":\"ReadAction\",\"target\":[\"https:\/\/simpledream.pl\/index.php\/en\/produkt\/multibandana-zamosc-embroidery\/\"]}]},{\"@type\":\"ImageObject\",\"inLanguage\":\"pl-PL\",\"@id\":\"https:\/\/simpledream.pl\/index.php\/en\/produkt\/multibandana-zamosc-embroidery\/#primaryimage\",\"url\":\"https:\/\/simpledream.pl\/wp-content\/uploads\/2020\/04\/KOMINY-zamojski.jpg\",\"contentUrl\":\"https:\/\/simpledream.pl\/wp-content\/uploads\/2020\/04\/KOMINY-zamojski.jpg\",\"width\":1200,\"height\":1200,\"caption\":\"Bandana \u2013 haft regionalny\"},{\"@type\":\"BreadcrumbList\",\"@id\":\"https:\/\/simpledream.pl\/index.php\/en\/produkt\/multibandana-zamosc-embroidery\/#breadcrumb\",\"itemListElement\":[{\"@type\":\"ListItem\",\"position\":1,\"name\":\"Strona g\u0142\u00f3wna\",\"item\":\"https:\/\/simpledream.pl\/index.php\/pl\/main-home\/\"},{\"@type\":\"ListItem\",\"position\":2,\"name\":\"Sklep\",\"item\":\"https:\/\/simpledream.pl\/index.php\/pl\/sklep\/\"},{\"@type\":\"ListItem\",\"position\":3,\"name\":\"Multibandana &#8211; Zamo\u015b\u0107 embroidery\"}]},{\"@type\":\"WebSite\",\"@id\":\"https:\/\/simpledream.pl\/#website\",\"url\":\"https:\/\/simpledream.pl\/\",\"name\":\"Simple Dream\",\"description\":\"\",\"potentialAction\":[{\"@type\":\"SearchAction\",\"target\":{\"@type\":\"EntryPoint\",\"urlTemplate\":\"https:\/\/simpledream.pl\/?s={search_term_string}\"},\"query-input\":{\"@type\":\"PropertyValueSpecification\",\"valueRequired\":true,\"valueName\":\"search_term_string\"}}],\"inLanguage\":\"pl-PL\"}]}<\/script>\n<!-- \/ Yoast SEO plugin. -->","yoast_head_json":{"title":"Multibandana - Zamo\u015b\u0107 embroidery - Simple Dream","robots":{"index":"index","follow":"follow","max-snippet":"max-snippet:-1","max-image-preview":"max-image-preview:large","max-video-preview":"max-video-preview:-1"},"canonical":"https:\/\/simpledream.pl\/index.php\/en\/produkt\/multibandana-zamosc-embroidery\/","og_locale":"pl_PL","og_type":"article","og_title":"Multibandana - Zamo\u015b\u0107 embroidery - Simple Dream","og_description":"Multibandana with an individual pattern, sewn in a Polish sewing company. Made of flexible material, that will work when donning. The heritage of Polish folk art is based on regional embroidery. The red and black embroidery in Zamo\u015b\u0107 touches the heart with its minimalism, reminiscent of the beginnings of the era of computer graphics.","og_url":"https:\/\/simpledream.pl\/index.php\/en\/produkt\/multibandana-zamosc-embroidery\/","og_site_name":"Simple Dream","article_modified_time":"2023-12-19T08:23:33+00:00","og_image":[{"width":1200,"height":1200,"url":"https:\/\/simpledream.pl\/wp-content\/uploads\/2020\/04\/KOMINY-zamojski.jpg","type":"image\/jpeg"}],"twitter_card":"summary_large_image","twitter_misc":{"Szacowany czas czytania":"1 minuta"},"schema":{"@context":"https:\/\/schema.org","@graph":[{"@type":"WebPage","@id":"https:\/\/simpledream.pl\/index.php\/en\/produkt\/multibandana-zamosc-embroidery\/","url":"https:\/\/simpledream.pl\/index.php\/en\/produkt\/multibandana-zamosc-embroidery\/","name":"Multibandana - Zamo\u015b\u0107 embroidery - Simple Dream","isPartOf":{"@id":"https:\/\/simpledream.pl\/#website"},"primaryImageOfPage":{"@id":"https:\/\/simpledream.pl\/index.php\/en\/produkt\/multibandana-zamosc-embroidery\/#primaryimage"},"image":{"@id":"https:\/\/simpledream.pl\/index.php\/en\/produkt\/multibandana-zamosc-embroidery\/#primaryimage"},"thumbnailUrl":"https:\/\/simpledream.pl\/wp-content\/uploads\/2020\/04\/KOMINY-zamojski.jpg","datePublished":"2022-06-21T04:56:21+00:00","dateModified":"2023-12-19T08:23:33+00:00","breadcrumb":{"@id":"https:\/\/simpledream.pl\/index.php\/en\/produkt\/multibandana-zamosc-embroidery\/#breadcrumb"},"inLanguage":"pl-PL","potentialAction":[{"@type":"ReadAction","target":["https:\/\/simpledream.pl\/index.php\/en\/produkt\/multibandana-zamosc-embroidery\/"]}]},{"@type":"ImageObject","inLanguage":"pl-PL","@id":"https:\/\/simpledream.pl\/index.php\/en\/produkt\/multibandana-zamosc-embroidery\/#primaryimage","url":"https:\/\/simpledream.pl\/wp-content\/uploads\/2020\/04\/KOMINY-zamojski.jpg","contentUrl":"https:\/\/simpledream.pl\/wp-content\/uploads\/2020\/04\/KOMINY-zamojski.jpg","width":1200,"height":1200,"caption":"Bandana \u2013 haft regionalny"},{"@type":"BreadcrumbList","@id":"https:\/\/simpledream.pl\/index.php\/en\/produkt\/multibandana-zamosc-embroidery\/#breadcrumb","itemListElement":[{"@type":"ListItem","position":1,"name":"Strona g\u0142\u00f3wna","item":"https:\/\/simpledream.pl\/index.php\/pl\/main-home\/"},{"@type":"ListItem","position":2,"name":"Sklep","item":"https:\/\/simpledream.pl\/index.php\/pl\/sklep\/"},{"@type":"ListItem","position":3,"name":"Multibandana &#8211; Zamo\u015b\u0107 embroidery"}]},{"@type":"WebSite","@id":"https:\/\/simpledream.pl\/#website","url":"https:\/\/simpledream.pl\/","name":"Simple Dream","description":"","potentialAction":[{"@type":"SearchAction","target":{"@type":"EntryPoint","urlTemplate":"https:\/\/simpledream.pl\/?s={search_term_string}"},"query-input":{"@type":"PropertyValueSpecification","valueRequired":true,"valueName":"search_term_string"}}],"inLanguage":"pl-PL"}]}},"lang":"en","translations":{"en":7552,"pl":723},"pll_sync_post":[],"_links":{"self":[{"href":"https:\/\/simpledream.pl\/index.php\/wp-json\/wp\/v2\/product\/7552","targetHints":{"allow":["GET"]}}],"collection":[{"href":"https:\/\/simpledream.pl\/index.php\/wp-json\/wp\/v2\/product"}],"about":[{"href":"https:\/\/simpledream.pl\/index.php\/wp-json\/wp\/v2\/types\/product"}],"replies":[{"embeddable":true,"href":"https:\/\/simpledream.pl\/index.php\/wp-json\/wp\/v2\/comments?post=7552"}],"version-history":[{"count":5,"href":"https:\/\/simpledream.pl\/index.php\/wp-json\/wp\/v2\/product\/7552\/revisions"}],"predecessor-version":[{"id":8246,"href":"https:\/\/simpledream.pl\/index.php\/wp-json\/wp\/v2\/product\/7552\/revisions\/8246"}],"wp:featuredmedia":[{"embeddable":true,"href":"https:\/\/simpledream.pl\/index.php\/wp-json\/wp\/v2\/media\/6719"}],"wp:attachment":[{"href":"https:\/\/simpledream.pl\/index.php\/wp-json\/wp\/v2\/media?parent=7552"}],"wp:term":[{"taxonomy":"product_cat","embeddable":true,"href":"https:\/\/simpledream.pl\/index.php\/wp-json\/wp\/v2\/product_cat?post=7552"},{"taxonomy":"product_tag","embeddable":true,"href":"https:\/\/simpledream.pl\/index.php\/wp-json\/wp\/v2\/product_tag?post=7552"}],"curies":[{"name":"wp","href":"https:\/\/api.w.org\/{rel}","templated":true}]}}