{"id":7562,"date":"2022-06-21T06:59:58","date_gmt":"2022-06-21T04:59:58","guid":{"rendered":"https:\/\/simpledream.pl\/?post_type=product&#038;p=7562"},"modified":"2023-12-19T09:22:34","modified_gmt":"2023-12-19T08:22:34","slug":"glass-case-set-love","status":"publish","type":"product","link":"https:\/\/simpledream.pl\/index.php\/en\/produkt\/glass-case-set-love\/","title":{"rendered":"Glass case set &#8211; Love"},"content":{"rendered":"<p>The set with individual patterns was made in Poland. Material is a soft microfiber.<\/p>\n<p>Dimensions: 16.5 x 7.5 x 6 cm<\/p>\n<p>The graphic shows our interpretation of love as the beginning of a journey together, building a family tree and reaping fruit from such a beautiful feeling.<\/p>\n<p>Outer material is a microfiber, the same inside. The case is closed with a spring hinge. Due to its size, it can accommodate glasses in various formats. Our product is a solution for all those who are looking for a useful gift with an original design. And at the same time casual for various occasions.<\/p>\n","protected":false},"excerpt":{"rendered":"<p>The set with individual patterns was made in Poland. Material is a soft microfiber. The graphic shows our interpretation of love as the beginning of a journey together, building a family tree and reaping fruit from such a beautiful feeling.<\/p>\n","protected":false},"featured_media":6722,"comment_status":"closed","ping_status":"closed","template":"","meta":[],"product_cat":[920,912,423,902,886,403,427,890,916,910,888,797,256,922,906],"product_tag":[1047,934,1041,1139,1063,984,1045,986,1043,1049],"class_list":{"0":"post-7562","1":"product","2":"type-product","3":"status-publish","4":"has-post-thumbnail","6":"product_cat-birthday-names-day","7":"product_cat-christmas","8":"product_cat-collections","9":"product_cat-for-whom","10":"product_cat-gifts","11":"product_cat-glasses-case","12":"product_cat-graphics","13":"product_cat-less-than-50-pln","14":"product_cat-mothers-day","15":"product_cat-occasion","16":"product_cat-price","17":"product_cat-sets","18":"product_cat-uncategorized-en","19":"product_cat-valentines-day","20":"product_cat-woman","21":"product_tag-cloth","22":"product_tag-gift-idea","23":"product_tag-glass-case-set","24":"product_tag-grafika","25":"product_tag-graphic","26":"product_tag-love","27":"product_tag-microfiber","28":"product_tag-pattern","29":"product_tag-patterns","30":"product_tag-set","32":"first","33":"instock","34":"shipping-taxable","35":"purchasable","36":"product-type-simple"},"yoast_head":"<!-- This site is optimized with the Yoast SEO plugin v23.9 - https:\/\/yoast.com\/wordpress\/plugins\/seo\/ -->\n<title>Glass case set - Love - Simple Dream<\/title>\n<meta name=\"robots\" content=\"index, follow, max-snippet:-1, max-image-preview:large, max-video-preview:-1\" \/>\n<link rel=\"canonical\" href=\"https:\/\/simpledream.pl\/index.php\/en\/produkt\/glass-case-set-love\/\" \/>\n<meta property=\"og:locale\" content=\"pl_PL\" \/>\n<meta property=\"og:type\" content=\"article\" \/>\n<meta property=\"og:title\" content=\"Glass case set - Love - Simple Dream\" \/>\n<meta property=\"og:description\" content=\"The set with individual patterns was made in Poland. Material is a soft microfiber. The graphic shows our interpretation of love as the beginning of a journey together, building a family tree and reaping fruit from such a beautiful feeling.\" \/>\n<meta property=\"og:url\" content=\"https:\/\/simpledream.pl\/index.php\/en\/produkt\/glass-case-set-love\/\" \/>\n<meta property=\"og:site_name\" content=\"Simple Dream\" \/>\n<meta property=\"article:modified_time\" content=\"2023-12-19T08:22:34+00:00\" \/>\n<meta property=\"og:image\" content=\"https:\/\/simpledream.pl\/wp-content\/uploads\/2020\/04\/etui-219.jpg\" \/>\n\t<meta property=\"og:image:width\" content=\"1200\" \/>\n\t<meta property=\"og:image:height\" content=\"1200\" \/>\n\t<meta property=\"og:image:type\" content=\"image\/jpeg\" \/>\n<meta name=\"twitter:card\" content=\"summary_large_image\" \/>\n<script type=\"application\/ld+json\" class=\"yoast-schema-graph\">{\"@context\":\"https:\/\/schema.org\",\"@graph\":[{\"@type\":\"WebPage\",\"@id\":\"https:\/\/simpledream.pl\/index.php\/en\/produkt\/glass-case-set-love\/\",\"url\":\"https:\/\/simpledream.pl\/index.php\/en\/produkt\/glass-case-set-love\/\",\"name\":\"Glass case set - Love - Simple Dream\",\"isPartOf\":{\"@id\":\"https:\/\/simpledream.pl\/#website\"},\"primaryImageOfPage\":{\"@id\":\"https:\/\/simpledream.pl\/index.php\/en\/produkt\/glass-case-set-love\/#primaryimage\"},\"image\":{\"@id\":\"https:\/\/simpledream.pl\/index.php\/en\/produkt\/glass-case-set-love\/#primaryimage\"},\"thumbnailUrl\":\"https:\/\/simpledream.pl\/wp-content\/uploads\/2020\/04\/etui-219.jpg\",\"datePublished\":\"2022-06-21T04:59:58+00:00\",\"dateModified\":\"2023-12-19T08:22:34+00:00\",\"breadcrumb\":{\"@id\":\"https:\/\/simpledream.pl\/index.php\/en\/produkt\/glass-case-set-love\/#breadcrumb\"},\"inLanguage\":\"pl-PL\",\"potentialAction\":[{\"@type\":\"ReadAction\",\"target\":[\"https:\/\/simpledream.pl\/index.php\/en\/produkt\/glass-case-set-love\/\"]}]},{\"@type\":\"ImageObject\",\"inLanguage\":\"pl-PL\",\"@id\":\"https:\/\/simpledream.pl\/index.php\/en\/produkt\/glass-case-set-love\/#primaryimage\",\"url\":\"https:\/\/simpledream.pl\/wp-content\/uploads\/2020\/04\/etui-219.jpg\",\"contentUrl\":\"https:\/\/simpledream.pl\/wp-content\/uploads\/2020\/04\/etui-219.jpg\",\"width\":1200,\"height\":1200,\"caption\":\"Etui na okulary \u2013 unikalny wz\u00f3r Mi\u0142o\u015b\u0107\"},{\"@type\":\"BreadcrumbList\",\"@id\":\"https:\/\/simpledream.pl\/index.php\/en\/produkt\/glass-case-set-love\/#breadcrumb\",\"itemListElement\":[{\"@type\":\"ListItem\",\"position\":1,\"name\":\"Strona g\u0142\u00f3wna\",\"item\":\"https:\/\/simpledream.pl\/index.php\/pl\/main-home\/\"},{\"@type\":\"ListItem\",\"position\":2,\"name\":\"Sklep\",\"item\":\"https:\/\/simpledream.pl\/index.php\/pl\/sklep\/\"},{\"@type\":\"ListItem\",\"position\":3,\"name\":\"Glass case set &#8211; Love\"}]},{\"@type\":\"WebSite\",\"@id\":\"https:\/\/simpledream.pl\/#website\",\"url\":\"https:\/\/simpledream.pl\/\",\"name\":\"Simple Dream\",\"description\":\"\",\"potentialAction\":[{\"@type\":\"SearchAction\",\"target\":{\"@type\":\"EntryPoint\",\"urlTemplate\":\"https:\/\/simpledream.pl\/?s={search_term_string}\"},\"query-input\":{\"@type\":\"PropertyValueSpecification\",\"valueRequired\":true,\"valueName\":\"search_term_string\"}}],\"inLanguage\":\"pl-PL\"}]}<\/script>\n<!-- \/ Yoast SEO plugin. -->","yoast_head_json":{"title":"Glass case set - Love - Simple Dream","robots":{"index":"index","follow":"follow","max-snippet":"max-snippet:-1","max-image-preview":"max-image-preview:large","max-video-preview":"max-video-preview:-1"},"canonical":"https:\/\/simpledream.pl\/index.php\/en\/produkt\/glass-case-set-love\/","og_locale":"pl_PL","og_type":"article","og_title":"Glass case set - Love - Simple Dream","og_description":"The set with individual patterns was made in Poland. Material is a soft microfiber. The graphic shows our interpretation of love as the beginning of a journey together, building a family tree and reaping fruit from such a beautiful feeling.","og_url":"https:\/\/simpledream.pl\/index.php\/en\/produkt\/glass-case-set-love\/","og_site_name":"Simple Dream","article_modified_time":"2023-12-19T08:22:34+00:00","og_image":[{"width":1200,"height":1200,"url":"https:\/\/simpledream.pl\/wp-content\/uploads\/2020\/04\/etui-219.jpg","type":"image\/jpeg"}],"twitter_card":"summary_large_image","schema":{"@context":"https:\/\/schema.org","@graph":[{"@type":"WebPage","@id":"https:\/\/simpledream.pl\/index.php\/en\/produkt\/glass-case-set-love\/","url":"https:\/\/simpledream.pl\/index.php\/en\/produkt\/glass-case-set-love\/","name":"Glass case set - Love - Simple Dream","isPartOf":{"@id":"https:\/\/simpledream.pl\/#website"},"primaryImageOfPage":{"@id":"https:\/\/simpledream.pl\/index.php\/en\/produkt\/glass-case-set-love\/#primaryimage"},"image":{"@id":"https:\/\/simpledream.pl\/index.php\/en\/produkt\/glass-case-set-love\/#primaryimage"},"thumbnailUrl":"https:\/\/simpledream.pl\/wp-content\/uploads\/2020\/04\/etui-219.jpg","datePublished":"2022-06-21T04:59:58+00:00","dateModified":"2023-12-19T08:22:34+00:00","breadcrumb":{"@id":"https:\/\/simpledream.pl\/index.php\/en\/produkt\/glass-case-set-love\/#breadcrumb"},"inLanguage":"pl-PL","potentialAction":[{"@type":"ReadAction","target":["https:\/\/simpledream.pl\/index.php\/en\/produkt\/glass-case-set-love\/"]}]},{"@type":"ImageObject","inLanguage":"pl-PL","@id":"https:\/\/simpledream.pl\/index.php\/en\/produkt\/glass-case-set-love\/#primaryimage","url":"https:\/\/simpledream.pl\/wp-content\/uploads\/2020\/04\/etui-219.jpg","contentUrl":"https:\/\/simpledream.pl\/wp-content\/uploads\/2020\/04\/etui-219.jpg","width":1200,"height":1200,"caption":"Etui na okulary \u2013 unikalny wz\u00f3r Mi\u0142o\u015b\u0107"},{"@type":"BreadcrumbList","@id":"https:\/\/simpledream.pl\/index.php\/en\/produkt\/glass-case-set-love\/#breadcrumb","itemListElement":[{"@type":"ListItem","position":1,"name":"Strona g\u0142\u00f3wna","item":"https:\/\/simpledream.pl\/index.php\/pl\/main-home\/"},{"@type":"ListItem","position":2,"name":"Sklep","item":"https:\/\/simpledream.pl\/index.php\/pl\/sklep\/"},{"@type":"ListItem","position":3,"name":"Glass case set &#8211; Love"}]},{"@type":"WebSite","@id":"https:\/\/simpledream.pl\/#website","url":"https:\/\/simpledream.pl\/","name":"Simple Dream","description":"","potentialAction":[{"@type":"SearchAction","target":{"@type":"EntryPoint","urlTemplate":"https:\/\/simpledream.pl\/?s={search_term_string}"},"query-input":{"@type":"PropertyValueSpecification","valueRequired":true,"valueName":"search_term_string"}}],"inLanguage":"pl-PL"}]}},"lang":"en","translations":{"en":7562,"pl":705},"pll_sync_post":[],"_links":{"self":[{"href":"https:\/\/simpledream.pl\/index.php\/wp-json\/wp\/v2\/product\/7562","targetHints":{"allow":["GET"]}}],"collection":[{"href":"https:\/\/simpledream.pl\/index.php\/wp-json\/wp\/v2\/product"}],"about":[{"href":"https:\/\/simpledream.pl\/index.php\/wp-json\/wp\/v2\/types\/product"}],"replies":[{"embeddable":true,"href":"https:\/\/simpledream.pl\/index.php\/wp-json\/wp\/v2\/comments?post=7562"}],"version-history":[{"count":5,"href":"https:\/\/simpledream.pl\/index.php\/wp-json\/wp\/v2\/product\/7562\/revisions"}],"predecessor-version":[{"id":8291,"href":"https:\/\/simpledream.pl\/index.php\/wp-json\/wp\/v2\/product\/7562\/revisions\/8291"}],"wp:featuredmedia":[{"embeddable":true,"href":"https:\/\/simpledream.pl\/index.php\/wp-json\/wp\/v2\/media\/6722"}],"wp:attachment":[{"href":"https:\/\/simpledream.pl\/index.php\/wp-json\/wp\/v2\/media?parent=7562"}],"wp:term":[{"taxonomy":"product_cat","embeddable":true,"href":"https:\/\/simpledream.pl\/index.php\/wp-json\/wp\/v2\/product_cat?post=7562"},{"taxonomy":"product_tag","embeddable":true,"href":"https:\/\/simpledream.pl\/index.php\/wp-json\/wp\/v2\/product_tag?post=7562"}],"curies":[{"name":"wp","href":"https:\/\/api.w.org\/{rel}","templated":true}]}}