{"id":8357,"date":"2022-09-19T17:55:24","date_gmt":"2022-09-19T15:55:24","guid":{"rendered":"https:\/\/simpledream.pl\/?post_type=product&#038;p=8357"},"modified":"2023-12-19T09:10:31","modified_gmt":"2023-12-19T08:10:31","slug":"bag-3-in-1-wilanow","status":"publish","type":"product","link":"https:\/\/simpledream.pl\/index.php\/en\/produkt\/bag-3-in-1-wilanow\/","title":{"rendered":"Bag 3 in 1 &#8211; Wilan\u00f3w"},"content":{"rendered":"<p>3 in 1 bag sew in a Polish company made of nylon and codura. Inside, there are pockets for various small items, and a hidden pocket for keys. Our bag is a solution for different situations during the day.<\/p>\n<p>Depending on your needs, it can be used as a shoulder bag, a bag over the shoulder or a backpack. In the set you will get two additional straps that can be attached. Both are adjustable to the length that suits you.<\/p>\n<p>Height: 43 cm<\/p>\n<p>Width: 38 cm<\/p>\n<p>Bottom depth: 8 cm<\/p>\n<p>Additional elements:<\/p>\n<p>&#8211; non-separable ankle zipper<br \/>\n&#8211; 4 cm cotton tape<\/p>\n<p>Outer material: nylon; high water resistance<\/p>\n<p>Inner material: nylon; medium water resistance<\/p>\n<p>Print made with digital technique. Hand wash at 30 \u00b0 C. Allow the product to dry naturally, turned inside out. Maximum product weight up to 5 kg.<\/p>\n<p>The heritage of Polish folk art gathers primarily regional embroidery.The Wilan\u00f3w pattern was created in the area of western Mazovia \u2013 the left bank of the Vistula. Now, most of the region is the administrative area of Warsaw, which includes: Wilan\u00f3w, Powsin, Ujazd\u00f3w and S\u0142u\u017cew. Usually, the Wilan\u00f3w pattern includes symmetrically arranged, black flowers. The main background color is white. The first embroidery appeared before the First World War. They belong to the collection of the ethnographic Museum in Warsaw and the Museum in St. Petersburg.<\/p>\n","protected":false},"excerpt":{"rendered":"<p>3 in 1 bag made in a Polish sewing room company of nylon and codura. Inside, there are pockets for various small items, and a hidden pocket for keys. The heritage of Polish folk art is based on regional embroidery. Elegant, black and white Wilan\u00f3w embroidery rightly evokes the palace atmosphere of King Sobieski\u2019s court in Warsaw\u2019s Wilan\u00f3w.<\/p>\n","protected":false},"featured_media":8337,"comment_status":"closed","ping_status":"closed","template":"","meta":[],"product_cat":[896,419,920,912,423,425,902,886,914,916,910,888,421,256,922,906],"product_tag":[1124,1073,1133,994,1136,1053,934,1142,932,1148,1083,1151,1126,1079,1163,1169,1087,1172,1128,645,1175],"class_list":{"0":"post-8357","1":"product","2":"type-product","3":"status-publish","4":"has-post-thumbnail","6":"product_cat-200-pln-300-pln","7":"product_cat-bag","8":"product_cat-birthday-names-day","9":"product_cat-christmas","10":"product_cat-collections","11":"product_cat-folklore-en","12":"product_cat-for-whom","13":"product_cat-gifts","14":"product_cat-kids-day","15":"product_cat-mothers-day","16":"product_cat-occasion","17":"product_cat-price","18":"product_cat-sale-en","19":"product_cat-uncategorized-en","20":"product_cat-valentines-day","21":"product_cat-woman","22":"product_tag-3w1","23":"product_tag-bag","24":"product_tag-dla-niej","25":"product_tag-folk","26":"product_tag-folklore","27":"product_tag-for-her","28":"product_tag-gift-idea","29":"product_tag-haft","30":"product_tag-made-in-poland","31":"product_tag-nieprzemakalna","32":"product_tag-nylon","33":"product_tag-ortalion","34":"product_tag-polish-folklore","35":"product_tag-rucksack","36":"product_tag-torba","37":"product_tag-tulipany","38":"product_tag-usefull","39":"product_tag-uzytkowa","40":"product_tag-water-proof","41":"product_tag-wilanowski-en","42":"product_tag-wiosna","44":"first","45":"instock","46":"sale","47":"shipping-taxable","48":"purchasable","49":"product-type-simple"},"yoast_head":"<!-- This site is optimized with the Yoast SEO plugin v23.9 - https:\/\/yoast.com\/wordpress\/plugins\/seo\/ -->\n<title>Bag 3 in 1 - Wilan\u00f3w - Simple Dream<\/title>\n<meta name=\"robots\" content=\"index, follow, max-snippet:-1, max-image-preview:large, max-video-preview:-1\" \/>\n<link rel=\"canonical\" href=\"https:\/\/simpledream.pl\/index.php\/en\/produkt\/bag-3-in-1-wilanow\/\" \/>\n<meta property=\"og:locale\" content=\"pl_PL\" \/>\n<meta property=\"og:type\" content=\"article\" \/>\n<meta property=\"og:title\" content=\"Bag 3 in 1 - Wilan\u00f3w - Simple Dream\" \/>\n<meta property=\"og:description\" content=\"3 in 1 bag made in a Polish sewing room company of nylon and codura. Inside, there are pockets for various small items, and a hidden pocket for keys. The heritage of Polish folk art is based on regional embroidery. Elegant, black and white Wilan\u00f3w embroidery rightly evokes the palace atmosphere of King Sobieski\u2019s court in Warsaw\u2019s Wilan\u00f3w.\" \/>\n<meta property=\"og:url\" content=\"https:\/\/simpledream.pl\/index.php\/en\/produkt\/bag-3-in-1-wilanow\/\" \/>\n<meta property=\"og:site_name\" content=\"Simple Dream\" \/>\n<meta property=\"article:modified_time\" content=\"2023-12-19T08:10:31+00:00\" \/>\n<meta property=\"og:image\" content=\"https:\/\/simpledream.pl\/wp-content\/uploads\/2022\/09\/Finlandia-2022-cz336.jpg\" \/>\n\t<meta property=\"og:image:width\" content=\"1200\" \/>\n\t<meta property=\"og:image:height\" content=\"1200\" \/>\n\t<meta property=\"og:image:type\" content=\"image\/jpeg\" \/>\n<meta name=\"twitter:card\" content=\"summary_large_image\" \/>\n<meta name=\"twitter:label1\" content=\"Szacowany czas czytania\" \/>\n\t<meta name=\"twitter:data1\" content=\"1 minuta\" \/>\n<script type=\"application\/ld+json\" class=\"yoast-schema-graph\">{\"@context\":\"https:\/\/schema.org\",\"@graph\":[{\"@type\":\"WebPage\",\"@id\":\"https:\/\/simpledream.pl\/index.php\/en\/produkt\/bag-3-in-1-wilanow\/\",\"url\":\"https:\/\/simpledream.pl\/index.php\/en\/produkt\/bag-3-in-1-wilanow\/\",\"name\":\"Bag 3 in 1 - Wilan\u00f3w - Simple Dream\",\"isPartOf\":{\"@id\":\"https:\/\/simpledream.pl\/#website\"},\"primaryImageOfPage\":{\"@id\":\"https:\/\/simpledream.pl\/index.php\/en\/produkt\/bag-3-in-1-wilanow\/#primaryimage\"},\"image\":{\"@id\":\"https:\/\/simpledream.pl\/index.php\/en\/produkt\/bag-3-in-1-wilanow\/#primaryimage\"},\"thumbnailUrl\":\"https:\/\/simpledream.pl\/wp-content\/uploads\/2022\/09\/Finlandia-2022-cz336.jpg\",\"datePublished\":\"2022-09-19T15:55:24+00:00\",\"dateModified\":\"2023-12-19T08:10:31+00:00\",\"breadcrumb\":{\"@id\":\"https:\/\/simpledream.pl\/index.php\/en\/produkt\/bag-3-in-1-wilanow\/#breadcrumb\"},\"inLanguage\":\"pl-PL\",\"potentialAction\":[{\"@type\":\"ReadAction\",\"target\":[\"https:\/\/simpledream.pl\/index.php\/en\/produkt\/bag-3-in-1-wilanow\/\"]}]},{\"@type\":\"ImageObject\",\"inLanguage\":\"pl-PL\",\"@id\":\"https:\/\/simpledream.pl\/index.php\/en\/produkt\/bag-3-in-1-wilanow\/#primaryimage\",\"url\":\"https:\/\/simpledream.pl\/wp-content\/uploads\/2022\/09\/Finlandia-2022-cz336.jpg\",\"contentUrl\":\"https:\/\/simpledream.pl\/wp-content\/uploads\/2022\/09\/Finlandia-2022-cz336.jpg\",\"width\":1200,\"height\":1200,\"caption\":\"Torba 3 w 1 uniwersalna z ortalionu oraz kodury\"},{\"@type\":\"BreadcrumbList\",\"@id\":\"https:\/\/simpledream.pl\/index.php\/en\/produkt\/bag-3-in-1-wilanow\/#breadcrumb\",\"itemListElement\":[{\"@type\":\"ListItem\",\"position\":1,\"name\":\"Strona g\u0142\u00f3wna\",\"item\":\"https:\/\/simpledream.pl\/index.php\/pl\/main-home\/\"},{\"@type\":\"ListItem\",\"position\":2,\"name\":\"Sklep\",\"item\":\"https:\/\/simpledream.pl\/index.php\/pl\/sklep\/\"},{\"@type\":\"ListItem\",\"position\":3,\"name\":\"Bag 3 in 1 &#8211; Wilan\u00f3w\"}]},{\"@type\":\"WebSite\",\"@id\":\"https:\/\/simpledream.pl\/#website\",\"url\":\"https:\/\/simpledream.pl\/\",\"name\":\"Simple Dream\",\"description\":\"\",\"potentialAction\":[{\"@type\":\"SearchAction\",\"target\":{\"@type\":\"EntryPoint\",\"urlTemplate\":\"https:\/\/simpledream.pl\/?s={search_term_string}\"},\"query-input\":{\"@type\":\"PropertyValueSpecification\",\"valueRequired\":true,\"valueName\":\"search_term_string\"}}],\"inLanguage\":\"pl-PL\"}]}<\/script>\n<!-- \/ Yoast SEO plugin. -->","yoast_head_json":{"title":"Bag 3 in 1 - Wilan\u00f3w - Simple Dream","robots":{"index":"index","follow":"follow","max-snippet":"max-snippet:-1","max-image-preview":"max-image-preview:large","max-video-preview":"max-video-preview:-1"},"canonical":"https:\/\/simpledream.pl\/index.php\/en\/produkt\/bag-3-in-1-wilanow\/","og_locale":"pl_PL","og_type":"article","og_title":"Bag 3 in 1 - Wilan\u00f3w - Simple Dream","og_description":"3 in 1 bag made in a Polish sewing room company of nylon and codura. Inside, there are pockets for various small items, and a hidden pocket for keys. The heritage of Polish folk art is based on regional embroidery. Elegant, black and white Wilan\u00f3w embroidery rightly evokes the palace atmosphere of King Sobieski\u2019s court in Warsaw\u2019s Wilan\u00f3w.","og_url":"https:\/\/simpledream.pl\/index.php\/en\/produkt\/bag-3-in-1-wilanow\/","og_site_name":"Simple Dream","article_modified_time":"2023-12-19T08:10:31+00:00","og_image":[{"width":1200,"height":1200,"url":"https:\/\/simpledream.pl\/wp-content\/uploads\/2022\/09\/Finlandia-2022-cz336.jpg","type":"image\/jpeg"}],"twitter_card":"summary_large_image","twitter_misc":{"Szacowany czas czytania":"1 minuta"},"schema":{"@context":"https:\/\/schema.org","@graph":[{"@type":"WebPage","@id":"https:\/\/simpledream.pl\/index.php\/en\/produkt\/bag-3-in-1-wilanow\/","url":"https:\/\/simpledream.pl\/index.php\/en\/produkt\/bag-3-in-1-wilanow\/","name":"Bag 3 in 1 - Wilan\u00f3w - Simple Dream","isPartOf":{"@id":"https:\/\/simpledream.pl\/#website"},"primaryImageOfPage":{"@id":"https:\/\/simpledream.pl\/index.php\/en\/produkt\/bag-3-in-1-wilanow\/#primaryimage"},"image":{"@id":"https:\/\/simpledream.pl\/index.php\/en\/produkt\/bag-3-in-1-wilanow\/#primaryimage"},"thumbnailUrl":"https:\/\/simpledream.pl\/wp-content\/uploads\/2022\/09\/Finlandia-2022-cz336.jpg","datePublished":"2022-09-19T15:55:24+00:00","dateModified":"2023-12-19T08:10:31+00:00","breadcrumb":{"@id":"https:\/\/simpledream.pl\/index.php\/en\/produkt\/bag-3-in-1-wilanow\/#breadcrumb"},"inLanguage":"pl-PL","potentialAction":[{"@type":"ReadAction","target":["https:\/\/simpledream.pl\/index.php\/en\/produkt\/bag-3-in-1-wilanow\/"]}]},{"@type":"ImageObject","inLanguage":"pl-PL","@id":"https:\/\/simpledream.pl\/index.php\/en\/produkt\/bag-3-in-1-wilanow\/#primaryimage","url":"https:\/\/simpledream.pl\/wp-content\/uploads\/2022\/09\/Finlandia-2022-cz336.jpg","contentUrl":"https:\/\/simpledream.pl\/wp-content\/uploads\/2022\/09\/Finlandia-2022-cz336.jpg","width":1200,"height":1200,"caption":"Torba 3 w 1 uniwersalna z ortalionu oraz kodury"},{"@type":"BreadcrumbList","@id":"https:\/\/simpledream.pl\/index.php\/en\/produkt\/bag-3-in-1-wilanow\/#breadcrumb","itemListElement":[{"@type":"ListItem","position":1,"name":"Strona g\u0142\u00f3wna","item":"https:\/\/simpledream.pl\/index.php\/pl\/main-home\/"},{"@type":"ListItem","position":2,"name":"Sklep","item":"https:\/\/simpledream.pl\/index.php\/pl\/sklep\/"},{"@type":"ListItem","position":3,"name":"Bag 3 in 1 &#8211; Wilan\u00f3w"}]},{"@type":"WebSite","@id":"https:\/\/simpledream.pl\/#website","url":"https:\/\/simpledream.pl\/","name":"Simple Dream","description":"","potentialAction":[{"@type":"SearchAction","target":{"@type":"EntryPoint","urlTemplate":"https:\/\/simpledream.pl\/?s={search_term_string}"},"query-input":{"@type":"PropertyValueSpecification","valueRequired":true,"valueName":"search_term_string"}}],"inLanguage":"pl-PL"}]}},"lang":"en","translations":{"en":8357,"pl":8336},"pll_sync_post":[],"_links":{"self":[{"href":"https:\/\/simpledream.pl\/index.php\/wp-json\/wp\/v2\/product\/8357","targetHints":{"allow":["GET"]}}],"collection":[{"href":"https:\/\/simpledream.pl\/index.php\/wp-json\/wp\/v2\/product"}],"about":[{"href":"https:\/\/simpledream.pl\/index.php\/wp-json\/wp\/v2\/types\/product"}],"replies":[{"embeddable":true,"href":"https:\/\/simpledream.pl\/index.php\/wp-json\/wp\/v2\/comments?post=8357"}],"version-history":[{"count":7,"href":"https:\/\/simpledream.pl\/index.php\/wp-json\/wp\/v2\/product\/8357\/revisions"}],"predecessor-version":[{"id":8499,"href":"https:\/\/simpledream.pl\/index.php\/wp-json\/wp\/v2\/product\/8357\/revisions\/8499"}],"wp:featuredmedia":[{"embeddable":true,"href":"https:\/\/simpledream.pl\/index.php\/wp-json\/wp\/v2\/media\/8337"}],"wp:attachment":[{"href":"https:\/\/simpledream.pl\/index.php\/wp-json\/wp\/v2\/media?parent=8357"}],"wp:term":[{"taxonomy":"product_cat","embeddable":true,"href":"https:\/\/simpledream.pl\/index.php\/wp-json\/wp\/v2\/product_cat?post=8357"},{"taxonomy":"product_tag","embeddable":true,"href":"https:\/\/simpledream.pl\/index.php\/wp-json\/wp\/v2\/product_tag?post=8357"}],"curies":[{"name":"wp","href":"https:\/\/api.w.org\/{rel}","templated":true}]}}