{"id":8393,"date":"2022-09-20T10:19:38","date_gmt":"2022-09-20T08:19:38","guid":{"rendered":"https:\/\/simpledream.pl\/?post_type=product&#038;p=8393"},"modified":"2025-04-25T12:19:11","modified_gmt":"2025-04-25T10:19:11","slug":"torba-3-w-1-tulipany","status":"publish","type":"product","link":"https:\/\/simpledream.pl\/index.php\/pl\/produkt\/torba-3-w-1-tulipany\/","title":{"rendered":"Torba 3 w 1 &#8211; Tulipany"},"content":{"rendered":"<p>Torba 3 w 1 uszyta w polskiej szwalni z ortalionu oraz kodury. W \u015brodku kieszonki na r\u00f3\u017cne drobiazgi, oraz ukryta kiesze\u0144 na klucze. Nasza torba jest rozwi\u0105zaniem na r\u00f3\u017cne sytuacje w ci\u0105gu dnia. W zale\u017cno\u015bci od Twoich potrzeb mo\u017ce s\u0142u\u017cy\u0107 Ci jako torba na rami\u0119, torba przewieszona przez rami\u0119 b\u0105d\u017a plecak. W zestawie dostaniesz dwa dodatkowe pasy, kt\u00f3re si\u0119 przypina. Obydwa s\u0105 regulowane na d\u0142ugo\u015b\u0107 odpowiedni\u0105 dla Ciebie.<\/p>\n<p>Wysoko\u015b\u0107: 43 cm<br \/>\nSzeroko\u015b\u0107: 38 cm<br \/>\nG\u0142\u0119boko\u015b\u0107 dna: 8 cm<br \/>\nElementy dodatkowe:<br \/>\n\u2013 zamek kostkowy nierozdzielczy<br \/>\n\u2013 ta\u015bma bawe\u0142niana 4 cm<\/p>\n<p>Materia\u0142 zewn\u0119trzny: ortalion; wysoka wodoodporno\u015b\u0107<br \/>\nMateria\u0142 wewn\u0119trzny: ortalion; \u015bredniej wodoodporno\u015b\u0107<\/p>\n<p>Nadruk wykonany technik\u0105 cyfrow\u0105.<\/p>\n<p>Pra\u0107 r\u0119cznie w 30\u00b0C. Produkt pozostawi\u0107 do naturalnego wyschni\u0119cia, wywr\u00f3cony na drug\u0105 stron\u0119.<\/p>\n<p>Maksymalny ci\u0119\u017car produkt\u00f3w do 5 kg.<\/p>\n<p>Wz\u00f3r zosta\u0142 stworzony przez artystk\u0119 Barbar\u0119 Troick\u0105, kt\u00f3ra tworzy swoje grafiki jak i r\u00f3wniez prace olejne pod pseudonimem Basia ArtVibes. Uwielbia natur\u0119 oraz kwiaty, kt\u00f3re inspiruj\u0105 j\u0105 w procesie tw\u00f3rczym.<\/p>\n","protected":false},"excerpt":{"rendered":"<p>Torba 3 w 1 uszyta w polskiej szwalni z ortalionu oraz kodury. W \u015brodku kieszonki na r\u00f3\u017cne drobiazgi, oraz ukryta kiesze\u0144 na klucze. Wz\u00f3r tulipany to nasza celebracja wiosny, kiedy to ca\u0142a natura budzi si\u0119 do \u017cycia.<\/p>\n","protected":false},"featured_media":8367,"comment_status":"closed","ping_status":"closed","template":"","meta":[],"product_cat":[140,15,92,94,115,116,120,130,132,123,125,128,124,129,91],"product_tag":[1186,217,166,189,171,1121,158,183,1130,1117,191],"class_list":{"0":"post-8393","1":"product","2":"type-product","3":"status-publish","4":"has-post-thumbnail","6":"product_cat-sale","7":"product_cat-bez-kategorii","8":"product_cat-kolekcje","9":"product_cat-grafika","10":"product_cat-prezenty","11":"product_cat-cena","12":"product_cat-200-zl-300-zl","13":"product_cat-dla-kogo","14":"product_cat-kobieta","15":"product_cat-okazja","16":"product_cat-boze-narodzenie","17":"product_cat-dzien-matki","18":"product_cat-urodziny-imieniny","19":"product_cat-walentynki","20":"product_cat-torba","21":"product_tag-3w1","22":"product_tag-dla-niej","23":"product_tag-folklore","24":"product_tag-haft","25":"product_tag-kwiaty","26":"product_tag-nieprzemakalna","27":"product_tag-ortalion","28":"product_tag-torba","29":"product_tag-tulipany","30":"product_tag-uzytkowa","31":"product_tag-wiosna","33":"first","34":"instock","35":"sale","36":"shipping-taxable","37":"purchasable","38":"product-type-simple"},"yoast_head":"<!-- This site is optimized with the Yoast SEO plugin v23.9 - https:\/\/yoast.com\/wordpress\/plugins\/seo\/ -->\n<title>Torba 3 w 1 - Tulipany - Simple Dream<\/title>\n<meta name=\"robots\" content=\"index, follow, max-snippet:-1, max-image-preview:large, max-video-preview:-1\" \/>\n<link rel=\"canonical\" href=\"https:\/\/simpledream.pl\/index.php\/pl\/produkt\/torba-3-w-1-tulipany\/\" \/>\n<meta property=\"og:locale\" content=\"pl_PL\" \/>\n<meta property=\"og:type\" content=\"article\" \/>\n<meta property=\"og:title\" content=\"Torba 3 w 1 - Tulipany - Simple Dream\" \/>\n<meta property=\"og:description\" content=\"Torba 3 w 1 uszyta w polskiej szwalni z ortalionu oraz kodury. W \u015brodku kieszonki na r\u00f3\u017cne drobiazgi, oraz ukryta kiesze\u0144 na klucze. Wz\u00f3r tulipany to nasza celebracja wiosny, kiedy to ca\u0142a natura budzi si\u0119 do \u017cycia.\" \/>\n<meta property=\"og:url\" content=\"https:\/\/simpledream.pl\/index.php\/pl\/produkt\/torba-3-w-1-tulipany\/\" \/>\n<meta property=\"og:site_name\" content=\"Simple Dream\" \/>\n<meta property=\"article:modified_time\" content=\"2025-04-25T10:19:11+00:00\" \/>\n<meta property=\"og:image\" content=\"https:\/\/simpledream.pl\/wp-content\/uploads\/2022\/09\/Finlandia-202254.jpg\" \/>\n\t<meta property=\"og:image:width\" content=\"1200\" \/>\n\t<meta property=\"og:image:height\" content=\"1200\" \/>\n\t<meta property=\"og:image:type\" content=\"image\/jpeg\" \/>\n<meta name=\"twitter:card\" content=\"summary_large_image\" \/>\n<meta name=\"twitter:label1\" content=\"Szacowany czas czytania\" \/>\n\t<meta name=\"twitter:data1\" content=\"1 minuta\" \/>\n<script type=\"application\/ld+json\" class=\"yoast-schema-graph\">{\"@context\":\"https:\/\/schema.org\",\"@graph\":[{\"@type\":\"WebPage\",\"@id\":\"https:\/\/simpledream.pl\/index.php\/pl\/produkt\/torba-3-w-1-tulipany\/\",\"url\":\"https:\/\/simpledream.pl\/index.php\/pl\/produkt\/torba-3-w-1-tulipany\/\",\"name\":\"Torba 3 w 1 - Tulipany - Simple Dream\",\"isPartOf\":{\"@id\":\"https:\/\/simpledream.pl\/#website\"},\"primaryImageOfPage\":{\"@id\":\"https:\/\/simpledream.pl\/index.php\/pl\/produkt\/torba-3-w-1-tulipany\/#primaryimage\"},\"image\":{\"@id\":\"https:\/\/simpledream.pl\/index.php\/pl\/produkt\/torba-3-w-1-tulipany\/#primaryimage\"},\"thumbnailUrl\":\"https:\/\/simpledream.pl\/wp-content\/uploads\/2022\/09\/Finlandia-202254.jpg\",\"datePublished\":\"2022-09-20T08:19:38+00:00\",\"dateModified\":\"2025-04-25T10:19:11+00:00\",\"breadcrumb\":{\"@id\":\"https:\/\/simpledream.pl\/index.php\/pl\/produkt\/torba-3-w-1-tulipany\/#breadcrumb\"},\"inLanguage\":\"pl-PL\",\"potentialAction\":[{\"@type\":\"ReadAction\",\"target\":[\"https:\/\/simpledream.pl\/index.php\/pl\/produkt\/torba-3-w-1-tulipany\/\"]}]},{\"@type\":\"ImageObject\",\"inLanguage\":\"pl-PL\",\"@id\":\"https:\/\/simpledream.pl\/index.php\/pl\/produkt\/torba-3-w-1-tulipany\/#primaryimage\",\"url\":\"https:\/\/simpledream.pl\/wp-content\/uploads\/2022\/09\/Finlandia-202254.jpg\",\"contentUrl\":\"https:\/\/simpledream.pl\/wp-content\/uploads\/2022\/09\/Finlandia-202254.jpg\",\"width\":1200,\"height\":1200,\"caption\":\"Torba 3 w 1 uniwersalna z ortalionu oraz kodury\"},{\"@type\":\"BreadcrumbList\",\"@id\":\"https:\/\/simpledream.pl\/index.php\/pl\/produkt\/torba-3-w-1-tulipany\/#breadcrumb\",\"itemListElement\":[{\"@type\":\"ListItem\",\"position\":1,\"name\":\"Strona g\u0142\u00f3wna\",\"item\":\"https:\/\/simpledream.pl\/index.php\/pl\/main-home\/\"},{\"@type\":\"ListItem\",\"position\":2,\"name\":\"Sklep\",\"item\":\"https:\/\/simpledream.pl\/index.php\/pl\/sklep\/\"},{\"@type\":\"ListItem\",\"position\":3,\"name\":\"Torba 3 w 1 &#8211; Tulipany\"}]},{\"@type\":\"WebSite\",\"@id\":\"https:\/\/simpledream.pl\/#website\",\"url\":\"https:\/\/simpledream.pl\/\",\"name\":\"Simple Dream\",\"description\":\"\",\"potentialAction\":[{\"@type\":\"SearchAction\",\"target\":{\"@type\":\"EntryPoint\",\"urlTemplate\":\"https:\/\/simpledream.pl\/?s={search_term_string}\"},\"query-input\":{\"@type\":\"PropertyValueSpecification\",\"valueRequired\":true,\"valueName\":\"search_term_string\"}}],\"inLanguage\":\"pl-PL\"}]}<\/script>\n<!-- \/ Yoast SEO plugin. -->","yoast_head_json":{"title":"Torba 3 w 1 - Tulipany - Simple Dream","robots":{"index":"index","follow":"follow","max-snippet":"max-snippet:-1","max-image-preview":"max-image-preview:large","max-video-preview":"max-video-preview:-1"},"canonical":"https:\/\/simpledream.pl\/index.php\/pl\/produkt\/torba-3-w-1-tulipany\/","og_locale":"pl_PL","og_type":"article","og_title":"Torba 3 w 1 - Tulipany - Simple Dream","og_description":"Torba 3 w 1 uszyta w polskiej szwalni z ortalionu oraz kodury. W \u015brodku kieszonki na r\u00f3\u017cne drobiazgi, oraz ukryta kiesze\u0144 na klucze. Wz\u00f3r tulipany to nasza celebracja wiosny, kiedy to ca\u0142a natura budzi si\u0119 do \u017cycia.","og_url":"https:\/\/simpledream.pl\/index.php\/pl\/produkt\/torba-3-w-1-tulipany\/","og_site_name":"Simple Dream","article_modified_time":"2025-04-25T10:19:11+00:00","og_image":[{"width":1200,"height":1200,"url":"https:\/\/simpledream.pl\/wp-content\/uploads\/2022\/09\/Finlandia-202254.jpg","type":"image\/jpeg"}],"twitter_card":"summary_large_image","twitter_misc":{"Szacowany czas czytania":"1 minuta"},"schema":{"@context":"https:\/\/schema.org","@graph":[{"@type":"WebPage","@id":"https:\/\/simpledream.pl\/index.php\/pl\/produkt\/torba-3-w-1-tulipany\/","url":"https:\/\/simpledream.pl\/index.php\/pl\/produkt\/torba-3-w-1-tulipany\/","name":"Torba 3 w 1 - Tulipany - Simple Dream","isPartOf":{"@id":"https:\/\/simpledream.pl\/#website"},"primaryImageOfPage":{"@id":"https:\/\/simpledream.pl\/index.php\/pl\/produkt\/torba-3-w-1-tulipany\/#primaryimage"},"image":{"@id":"https:\/\/simpledream.pl\/index.php\/pl\/produkt\/torba-3-w-1-tulipany\/#primaryimage"},"thumbnailUrl":"https:\/\/simpledream.pl\/wp-content\/uploads\/2022\/09\/Finlandia-202254.jpg","datePublished":"2022-09-20T08:19:38+00:00","dateModified":"2025-04-25T10:19:11+00:00","breadcrumb":{"@id":"https:\/\/simpledream.pl\/index.php\/pl\/produkt\/torba-3-w-1-tulipany\/#breadcrumb"},"inLanguage":"pl-PL","potentialAction":[{"@type":"ReadAction","target":["https:\/\/simpledream.pl\/index.php\/pl\/produkt\/torba-3-w-1-tulipany\/"]}]},{"@type":"ImageObject","inLanguage":"pl-PL","@id":"https:\/\/simpledream.pl\/index.php\/pl\/produkt\/torba-3-w-1-tulipany\/#primaryimage","url":"https:\/\/simpledream.pl\/wp-content\/uploads\/2022\/09\/Finlandia-202254.jpg","contentUrl":"https:\/\/simpledream.pl\/wp-content\/uploads\/2022\/09\/Finlandia-202254.jpg","width":1200,"height":1200,"caption":"Torba 3 w 1 uniwersalna z ortalionu oraz kodury"},{"@type":"BreadcrumbList","@id":"https:\/\/simpledream.pl\/index.php\/pl\/produkt\/torba-3-w-1-tulipany\/#breadcrumb","itemListElement":[{"@type":"ListItem","position":1,"name":"Strona g\u0142\u00f3wna","item":"https:\/\/simpledream.pl\/index.php\/pl\/main-home\/"},{"@type":"ListItem","position":2,"name":"Sklep","item":"https:\/\/simpledream.pl\/index.php\/pl\/sklep\/"},{"@type":"ListItem","position":3,"name":"Torba 3 w 1 &#8211; Tulipany"}]},{"@type":"WebSite","@id":"https:\/\/simpledream.pl\/#website","url":"https:\/\/simpledream.pl\/","name":"Simple Dream","description":"","potentialAction":[{"@type":"SearchAction","target":{"@type":"EntryPoint","urlTemplate":"https:\/\/simpledream.pl\/?s={search_term_string}"},"query-input":{"@type":"PropertyValueSpecification","valueRequired":true,"valueName":"search_term_string"}}],"inLanguage":"pl-PL"}]}},"lang":"pl","translations":{"pl":8393,"en":8380},"pll_sync_post":[],"_links":{"self":[{"href":"https:\/\/simpledream.pl\/index.php\/wp-json\/wp\/v2\/product\/8393","targetHints":{"allow":["GET"]}}],"collection":[{"href":"https:\/\/simpledream.pl\/index.php\/wp-json\/wp\/v2\/product"}],"about":[{"href":"https:\/\/simpledream.pl\/index.php\/wp-json\/wp\/v2\/types\/product"}],"replies":[{"embeddable":true,"href":"https:\/\/simpledream.pl\/index.php\/wp-json\/wp\/v2\/comments?post=8393"}],"version-history":[{"count":6,"href":"https:\/\/simpledream.pl\/index.php\/wp-json\/wp\/v2\/product\/8393\/revisions"}],"predecessor-version":[{"id":9727,"href":"https:\/\/simpledream.pl\/index.php\/wp-json\/wp\/v2\/product\/8393\/revisions\/9727"}],"wp:featuredmedia":[{"embeddable":true,"href":"https:\/\/simpledream.pl\/index.php\/wp-json\/wp\/v2\/media\/8367"}],"wp:attachment":[{"href":"https:\/\/simpledream.pl\/index.php\/wp-json\/wp\/v2\/media?parent=8393"}],"wp:term":[{"taxonomy":"product_cat","embeddable":true,"href":"https:\/\/simpledream.pl\/index.php\/wp-json\/wp\/v2\/product_cat?post=8393"},{"taxonomy":"product_tag","embeddable":true,"href":"https:\/\/simpledream.pl\/index.php\/wp-json\/wp\/v2\/product_tag?post=8393"}],"curies":[{"name":"wp","href":"https:\/\/api.w.org\/{rel}","templated":true}]}}