{"id":8399,"date":"2022-09-20T17:06:04","date_gmt":"2022-09-20T15:06:04","guid":{"rendered":"https:\/\/simpledream.pl\/?post_type=product&#038;p=8399"},"modified":"2025-06-10T19:41:25","modified_gmt":"2025-06-10T17:41:25","slug":"torba-3-w-1-przyjazn","status":"publish","type":"product","link":"https:\/\/simpledream.pl\/index.php\/pl\/produkt\/torba-3-w-1-przyjazn\/","title":{"rendered":"Torba 3 w 1 &#8211; Przyja\u017a\u0144"},"content":{"rendered":"<p>Torba 3 w 1 uszyta w polskiej szwalni z ortalionu oraz kodury. W \u015brodku kieszonki na r\u00f3\u017cne drobiazgi, oraz ukryta kiesze\u0144 na klucze. Nasza torba jest rozwi\u0105zaniem na r\u00f3\u017cne sytuacje w ci\u0105gu dnia. W zale\u017cno\u015bci od Twoich potrzeb mo\u017ce s\u0142u\u017cy\u0107 Ci jako torba na rami\u0119, torba przewieszona przez rami\u0119 b\u0105d\u017a plecak. W zestawie dostaniesz dwa dodatkowe pasy, kt\u00f3re si\u0119 przypina. Obydwa s\u0105 regulowane na d\u0142ugo\u015b\u0107 odpowiedni\u0105 dla Ciebie.<\/p>\n<p>&nbsp;<\/p>\n<p>Wysoko\u015b\u0107: 43 cm<br \/>\nSzeroko\u015b\u0107: 38 cm<br \/>\nG\u0142\u0119boko\u015b\u0107 dna: 8 cm<\/p>\n<p>Elementy dodatkowe:<br \/>\n\u2013 zamek kostkowy nierozdzielczy<br \/>\n\u2013 ta\u015bma bawe\u0142niana 4 cm<\/p>\n<p>&nbsp;<\/p>\n<p>Materia\u0142 zewn\u0119trzny: ortalion; wysoka wodoodporno\u015b\u0107<\/p>\n<p>Materia\u0142 wewn\u0119trzny: ortalion; \u015bredniej wodoodporno\u015b\u0107<\/p>\n<p>&nbsp;<\/p>\n<p>Nadruk wykonany technik\u0105 cyfrow\u0105.<\/p>\n<p>&nbsp;<\/p>\n<p>Pra\u0107 r\u0119cznie w 30\u00b0C. Produkt pozostawi\u0107 do naturalnego wyschni\u0119cia, wywr\u00f3cony na drug\u0105 stron\u0119.<\/p>\n<p>&nbsp;<\/p>\n<p>Maksymalny ci\u0119\u017car produkt\u00f3w do 5 kg.<\/p>\n","protected":false},"excerpt":{"rendered":"<p>Torba 3 w 1 uszyta w polskiej szwalni z ortalionu oraz kodury. W \u015brodku kieszonki na r\u00f3\u017cne drobiazgi, oraz ukryta kiesze\u0144 na klucze. Wz\u00f3r jest nasz\u0105 interpretacj\u0105 przyja\u017ani, kt\u00f3ra wprowadza w nasze \u017cycie harmoni\u0119. Ka\u017cdy z nas jest sum\u0105 do\u015bwiadcze\u0144, kt\u00f3rymi mo\u017cemy si\u0119 wymienia\u0107.<\/p>\n","protected":false},"featured_media":8952,"comment_status":"closed","ping_status":"closed","template":"","meta":[],"product_cat":[140,15,92,94,115,116,120,130,131,132,123,125,126,128,124,129,91],"product_tag":[1186,217,1119,1121,158,157,112,1179,1181,183,1115,1117],"class_list":{"0":"post-8399","1":"product","2":"type-product","3":"status-publish","4":"has-post-thumbnail","6":"product_cat-sale","7":"product_cat-bez-kategorii","8":"product_cat-kolekcje","9":"product_cat-grafika","10":"product_cat-prezenty","11":"product_cat-cena","12":"product_cat-200-zl-300-zl","13":"product_cat-dla-kogo","14":"product_cat-dziecko","15":"product_cat-kobieta","16":"product_cat-okazja","17":"product_cat-boze-narodzenie","18":"product_cat-dzien-dziecka","19":"product_cat-dzien-matki","20":"product_cat-urodziny-imieniny","21":"product_cat-walentynki","22":"product_cat-torba","23":"product_tag-3w1","24":"product_tag-dla-niej","25":"product_tag-na-ramie","26":"product_tag-nieprzemakalna","27":"product_tag-ortalion","28":"product_tag-plecak","29":"product_tag-prezent","30":"product_tag-przyjazn","31":"product_tag-relacja","32":"product_tag-torba","33":"product_tag-torba-3-w-1","34":"product_tag-uzytkowa","36":"first","37":"instock","38":"sale","39":"shipping-taxable","40":"purchasable","41":"product-type-simple"},"yoast_head":"<!-- This site is optimized with the Yoast SEO plugin v23.9 - https:\/\/yoast.com\/wordpress\/plugins\/seo\/ -->\n<title>Torba 3 w 1 - Przyja\u017a\u0144 - Simple Dream<\/title>\n<meta name=\"robots\" content=\"index, follow, max-snippet:-1, max-image-preview:large, max-video-preview:-1\" \/>\n<link rel=\"canonical\" href=\"https:\/\/simpledream.pl\/index.php\/pl\/produkt\/torba-3-w-1-przyjazn\/\" \/>\n<meta property=\"og:locale\" content=\"pl_PL\" \/>\n<meta property=\"og:type\" content=\"article\" \/>\n<meta property=\"og:title\" content=\"Torba 3 w 1 - Przyja\u017a\u0144 - Simple Dream\" \/>\n<meta property=\"og:description\" content=\"Torba 3 w 1 uszyta w polskiej szwalni z ortalionu oraz kodury. W \u015brodku kieszonki na r\u00f3\u017cne drobiazgi, oraz ukryta kiesze\u0144 na klucze. Wz\u00f3r jest nasz\u0105 interpretacj\u0105 przyja\u017ani, kt\u00f3ra wprowadza w nasze \u017cycie harmoni\u0119. Ka\u017cdy z nas jest sum\u0105 do\u015bwiadcze\u0144, kt\u00f3rymi mo\u017cemy si\u0119 wymienia\u0107.\" \/>\n<meta property=\"og:url\" content=\"https:\/\/simpledream.pl\/index.php\/pl\/produkt\/torba-3-w-1-przyjazn\/\" \/>\n<meta property=\"og:site_name\" content=\"Simple Dream\" \/>\n<meta property=\"article:modified_time\" content=\"2025-06-10T17:41:25+00:00\" \/>\n<meta property=\"og:image\" content=\"https:\/\/simpledream.pl\/wp-content\/uploads\/2022\/09\/sesja-jesienna15.jpg\" \/>\n\t<meta property=\"og:image:width\" content=\"1200\" \/>\n\t<meta property=\"og:image:height\" content=\"1200\" \/>\n\t<meta property=\"og:image:type\" content=\"image\/jpeg\" \/>\n<meta name=\"twitter:card\" content=\"summary_large_image\" \/>\n<meta name=\"twitter:label1\" content=\"Szacowany czas czytania\" \/>\n\t<meta name=\"twitter:data1\" content=\"1 minuta\" \/>\n<script type=\"application\/ld+json\" class=\"yoast-schema-graph\">{\"@context\":\"https:\/\/schema.org\",\"@graph\":[{\"@type\":\"WebPage\",\"@id\":\"https:\/\/simpledream.pl\/index.php\/pl\/produkt\/torba-3-w-1-przyjazn\/\",\"url\":\"https:\/\/simpledream.pl\/index.php\/pl\/produkt\/torba-3-w-1-przyjazn\/\",\"name\":\"Torba 3 w 1 - Przyja\u017a\u0144 - Simple Dream\",\"isPartOf\":{\"@id\":\"https:\/\/simpledream.pl\/#website\"},\"primaryImageOfPage\":{\"@id\":\"https:\/\/simpledream.pl\/index.php\/pl\/produkt\/torba-3-w-1-przyjazn\/#primaryimage\"},\"image\":{\"@id\":\"https:\/\/simpledream.pl\/index.php\/pl\/produkt\/torba-3-w-1-przyjazn\/#primaryimage\"},\"thumbnailUrl\":\"https:\/\/simpledream.pl\/wp-content\/uploads\/2022\/09\/sesja-jesienna15.jpg\",\"datePublished\":\"2022-09-20T15:06:04+00:00\",\"dateModified\":\"2025-06-10T17:41:25+00:00\",\"breadcrumb\":{\"@id\":\"https:\/\/simpledream.pl\/index.php\/pl\/produkt\/torba-3-w-1-przyjazn\/#breadcrumb\"},\"inLanguage\":\"pl-PL\",\"potentialAction\":[{\"@type\":\"ReadAction\",\"target\":[\"https:\/\/simpledream.pl\/index.php\/pl\/produkt\/torba-3-w-1-przyjazn\/\"]}]},{\"@type\":\"ImageObject\",\"inLanguage\":\"pl-PL\",\"@id\":\"https:\/\/simpledream.pl\/index.php\/pl\/produkt\/torba-3-w-1-przyjazn\/#primaryimage\",\"url\":\"https:\/\/simpledream.pl\/wp-content\/uploads\/2022\/09\/sesja-jesienna15.jpg\",\"contentUrl\":\"https:\/\/simpledream.pl\/wp-content\/uploads\/2022\/09\/sesja-jesienna15.jpg\",\"width\":1200,\"height\":1200,\"caption\":\"Wyj\u0105tkowa torba z ortalionu i kodury\"},{\"@type\":\"BreadcrumbList\",\"@id\":\"https:\/\/simpledream.pl\/index.php\/pl\/produkt\/torba-3-w-1-przyjazn\/#breadcrumb\",\"itemListElement\":[{\"@type\":\"ListItem\",\"position\":1,\"name\":\"Strona g\u0142\u00f3wna\",\"item\":\"https:\/\/simpledream.pl\/index.php\/pl\/main-home\/\"},{\"@type\":\"ListItem\",\"position\":2,\"name\":\"Sklep\",\"item\":\"https:\/\/simpledream.pl\/index.php\/pl\/sklep\/\"},{\"@type\":\"ListItem\",\"position\":3,\"name\":\"Torba 3 w 1 &#8211; Przyja\u017a\u0144\"}]},{\"@type\":\"WebSite\",\"@id\":\"https:\/\/simpledream.pl\/#website\",\"url\":\"https:\/\/simpledream.pl\/\",\"name\":\"Simple Dream\",\"description\":\"\",\"potentialAction\":[{\"@type\":\"SearchAction\",\"target\":{\"@type\":\"EntryPoint\",\"urlTemplate\":\"https:\/\/simpledream.pl\/?s={search_term_string}\"},\"query-input\":{\"@type\":\"PropertyValueSpecification\",\"valueRequired\":true,\"valueName\":\"search_term_string\"}}],\"inLanguage\":\"pl-PL\"}]}<\/script>\n<!-- \/ Yoast SEO plugin. -->","yoast_head_json":{"title":"Torba 3 w 1 - Przyja\u017a\u0144 - Simple Dream","robots":{"index":"index","follow":"follow","max-snippet":"max-snippet:-1","max-image-preview":"max-image-preview:large","max-video-preview":"max-video-preview:-1"},"canonical":"https:\/\/simpledream.pl\/index.php\/pl\/produkt\/torba-3-w-1-przyjazn\/","og_locale":"pl_PL","og_type":"article","og_title":"Torba 3 w 1 - Przyja\u017a\u0144 - Simple Dream","og_description":"Torba 3 w 1 uszyta w polskiej szwalni z ortalionu oraz kodury. W \u015brodku kieszonki na r\u00f3\u017cne drobiazgi, oraz ukryta kiesze\u0144 na klucze. Wz\u00f3r jest nasz\u0105 interpretacj\u0105 przyja\u017ani, kt\u00f3ra wprowadza w nasze \u017cycie harmoni\u0119. Ka\u017cdy z nas jest sum\u0105 do\u015bwiadcze\u0144, kt\u00f3rymi mo\u017cemy si\u0119 wymienia\u0107.","og_url":"https:\/\/simpledream.pl\/index.php\/pl\/produkt\/torba-3-w-1-przyjazn\/","og_site_name":"Simple Dream","article_modified_time":"2025-06-10T17:41:25+00:00","og_image":[{"width":1200,"height":1200,"url":"https:\/\/simpledream.pl\/wp-content\/uploads\/2022\/09\/sesja-jesienna15.jpg","type":"image\/jpeg"}],"twitter_card":"summary_large_image","twitter_misc":{"Szacowany czas czytania":"1 minuta"},"schema":{"@context":"https:\/\/schema.org","@graph":[{"@type":"WebPage","@id":"https:\/\/simpledream.pl\/index.php\/pl\/produkt\/torba-3-w-1-przyjazn\/","url":"https:\/\/simpledream.pl\/index.php\/pl\/produkt\/torba-3-w-1-przyjazn\/","name":"Torba 3 w 1 - Przyja\u017a\u0144 - Simple Dream","isPartOf":{"@id":"https:\/\/simpledream.pl\/#website"},"primaryImageOfPage":{"@id":"https:\/\/simpledream.pl\/index.php\/pl\/produkt\/torba-3-w-1-przyjazn\/#primaryimage"},"image":{"@id":"https:\/\/simpledream.pl\/index.php\/pl\/produkt\/torba-3-w-1-przyjazn\/#primaryimage"},"thumbnailUrl":"https:\/\/simpledream.pl\/wp-content\/uploads\/2022\/09\/sesja-jesienna15.jpg","datePublished":"2022-09-20T15:06:04+00:00","dateModified":"2025-06-10T17:41:25+00:00","breadcrumb":{"@id":"https:\/\/simpledream.pl\/index.php\/pl\/produkt\/torba-3-w-1-przyjazn\/#breadcrumb"},"inLanguage":"pl-PL","potentialAction":[{"@type":"ReadAction","target":["https:\/\/simpledream.pl\/index.php\/pl\/produkt\/torba-3-w-1-przyjazn\/"]}]},{"@type":"ImageObject","inLanguage":"pl-PL","@id":"https:\/\/simpledream.pl\/index.php\/pl\/produkt\/torba-3-w-1-przyjazn\/#primaryimage","url":"https:\/\/simpledream.pl\/wp-content\/uploads\/2022\/09\/sesja-jesienna15.jpg","contentUrl":"https:\/\/simpledream.pl\/wp-content\/uploads\/2022\/09\/sesja-jesienna15.jpg","width":1200,"height":1200,"caption":"Wyj\u0105tkowa torba z ortalionu i kodury"},{"@type":"BreadcrumbList","@id":"https:\/\/simpledream.pl\/index.php\/pl\/produkt\/torba-3-w-1-przyjazn\/#breadcrumb","itemListElement":[{"@type":"ListItem","position":1,"name":"Strona g\u0142\u00f3wna","item":"https:\/\/simpledream.pl\/index.php\/pl\/main-home\/"},{"@type":"ListItem","position":2,"name":"Sklep","item":"https:\/\/simpledream.pl\/index.php\/pl\/sklep\/"},{"@type":"ListItem","position":3,"name":"Torba 3 w 1 &#8211; Przyja\u017a\u0144"}]},{"@type":"WebSite","@id":"https:\/\/simpledream.pl\/#website","url":"https:\/\/simpledream.pl\/","name":"Simple Dream","description":"","potentialAction":[{"@type":"SearchAction","target":{"@type":"EntryPoint","urlTemplate":"https:\/\/simpledream.pl\/?s={search_term_string}"},"query-input":{"@type":"PropertyValueSpecification","valueRequired":true,"valueName":"search_term_string"}}],"inLanguage":"pl-PL"}]}},"lang":"pl","translations":{"pl":8399,"en":8409},"pll_sync_post":[],"_links":{"self":[{"href":"https:\/\/simpledream.pl\/index.php\/wp-json\/wp\/v2\/product\/8399","targetHints":{"allow":["GET"]}}],"collection":[{"href":"https:\/\/simpledream.pl\/index.php\/wp-json\/wp\/v2\/product"}],"about":[{"href":"https:\/\/simpledream.pl\/index.php\/wp-json\/wp\/v2\/types\/product"}],"replies":[{"embeddable":true,"href":"https:\/\/simpledream.pl\/index.php\/wp-json\/wp\/v2\/comments?post=8399"}],"version-history":[{"count":8,"href":"https:\/\/simpledream.pl\/index.php\/wp-json\/wp\/v2\/product\/8399\/revisions"}],"predecessor-version":[{"id":9726,"href":"https:\/\/simpledream.pl\/index.php\/wp-json\/wp\/v2\/product\/8399\/revisions\/9726"}],"wp:featuredmedia":[{"embeddable":true,"href":"https:\/\/simpledream.pl\/index.php\/wp-json\/wp\/v2\/media\/8952"}],"wp:attachment":[{"href":"https:\/\/simpledream.pl\/index.php\/wp-json\/wp\/v2\/media?parent=8399"}],"wp:term":[{"taxonomy":"product_cat","embeddable":true,"href":"https:\/\/simpledream.pl\/index.php\/wp-json\/wp\/v2\/product_cat?post=8399"},{"taxonomy":"product_tag","embeddable":true,"href":"https:\/\/simpledream.pl\/index.php\/wp-json\/wp\/v2\/product_tag?post=8399"}],"curies":[{"name":"wp","href":"https:\/\/api.w.org\/{rel}","templated":true}]}}