{"id":8435,"date":"2022-09-20T20:39:49","date_gmt":"2022-09-20T18:39:49","guid":{"rendered":"https:\/\/simpledream.pl\/?post_type=product&#038;p=8435"},"modified":"2025-02-07T16:19:38","modified_gmt":"2025-02-07T15:19:38","slug":"torba-3-w-1-marysia-i-burek","status":"publish","type":"product","link":"https:\/\/simpledream.pl\/index.php\/pl\/produkt\/torba-3-w-1-marysia-i-burek\/","title":{"rendered":"Torba 3 w 1 &#8211; Marysia i Burek"},"content":{"rendered":"<p>Torba 3 w 1 uszyta w polskiej szwalni z ortalionu oraz kodury. W \u015brodku kieszonki na r\u00f3\u017cne drobiazgi, oraz ukryta kiesze\u0144 na klucze. Nasza torba jest rozwi\u0105zaniem na r\u00f3\u017cne sytuacje w ci\u0105gu dnia. W zale\u017cno\u015bci od Twoich potrzeb mo\u017ce s\u0142u\u017cy\u0107 Ci jako torba na rami\u0119, torba przewieszona przez rami\u0119 b\u0105d\u017a plecak. W zestawie dostaniesz dwa dodatkowe pasy, kt\u00f3re si\u0119 przypina. Obydwa s\u0105 regulowane na d\u0142ugo\u015b\u0107 odpowiedni\u0105 dla Ciebie.<\/p>\n<p>&nbsp;<\/p>\n<p>Wysoko\u015b\u0107: 43 cm<br \/>\nSzeroko\u015b\u0107: 38 cm<br \/>\nG\u0142\u0119boko\u015b\u0107 dna: 8 cm<br \/>\nElementy dodatkowe:<br \/>\n\u2013 zamek kostkowy nierozdzielczy<br \/>\n\u2013 ta\u015bma bawe\u0142niana 4 cm<\/p>\n<p>&nbsp;<\/p>\n<p>Materia\u0142 zewn\u0119trzny: ortalion; wysoka wodoodporno\u015b\u0107<br \/>\nMateria\u0142 wewn\u0119trzny: ortalion; \u015bredniej wodoodporno\u015b\u0107<\/p>\n<p>Nadruk wykonany technik\u0105 cyfrow\u0105.<\/p>\n<p>Pra\u0107 r\u0119cznie w 30\u00b0C. Produkt pozostawi\u0107 do naturalnego wyschni\u0119cia, wywr\u00f3cony na drug\u0105 stron\u0119.<\/p>\n<p>Maksymalny ci\u0119\u017car produkt\u00f3w do 5 kg.<\/p>\n<p>&nbsp;<\/p>\n<p>Obraz &#8220;Marysia i Burek na Cejlonie&#8221; zosta\u0142 stworzy przez Stanis\u0142awa Ignacego Witkiewicza w 1920 r. Nale\u017cy do kolekcji Muzeum Narodowego w Krakowie. Nawi\u0105zuje do podr\u00f3\u017cy artysty na Cejlon oraz do Australii. Trzech bohater\u00f3w zosta\u0142o ukazanych w skalistym krajobrazie, pomi\u0119dzy znajduje si\u0119 forma, kojarz\u0105ca si\u0119 ze spinelem.<\/p>\n","protected":false},"excerpt":{"rendered":"<p>Torba 3 w 1 uszyta w polskiej szwalni z ortalionu oraz kodury. W \u015brodku kieszonki na r\u00f3\u017cne drobiazgi, oraz ukryta kiesze\u0144 na klucze. Obraz &#8220;Marysia i Burek na Cejlonie&#8221; zosta\u0142 stworzy przez Stanis\u0142awa Ignacego Witkiewicza w 1920 r. Nale\u017cy do kolekcji Muzeum Narodowego w Krakowie.<\/p>\n","protected":false},"featured_media":8436,"comment_status":"open","ping_status":"closed","template":"","meta":[],"product_cat":[140,15,92,93,115,116,120,130,132,133,123,125,128,127,124,129,91],"product_tag":[1186,224,163,1197,1193,1195,177,155,1191,164],"class_list":{"0":"post-8435","1":"product","2":"type-product","3":"status-publish","4":"has-post-thumbnail","6":"product_cat-sale","7":"product_cat-bez-kategorii","8":"product_cat-kolekcje","9":"product_cat-sztuka","10":"product_cat-prezenty","11":"product_cat-cena","12":"product_cat-200-zl-300-zl","13":"product_cat-dla-kogo","14":"product_cat-kobieta","15":"product_cat-mezczyzna","16":"product_cat-okazja","17":"product_cat-boze-narodzenie","18":"product_cat-dzien-matki","19":"product_cat-dzien-ojca","20":"product_cat-urodziny-imieniny","21":"product_cat-walentynki","22":"product_cat-torba","23":"product_tag-3w1","24":"product_tag-artysta","25":"product_tag-kieszenie","26":"product_tag-made-in-poland","27":"product_tag-mnk","28":"product_tag-muzeum-narodowe-w-krakowie","29":"product_tag-obraz","30":"product_tag-sztuka","31":"product_tag-witkacy","32":"product_tag-wycieczka","34":"first","35":"instock","36":"sale","37":"shipping-taxable","38":"purchasable","39":"product-type-simple"},"yoast_head":"<!-- This site is optimized with the Yoast SEO plugin v23.9 - https:\/\/yoast.com\/wordpress\/plugins\/seo\/ -->\n<title>Torba 3 w 1 - Marysia i Burek - Simple Dream<\/title>\n<meta name=\"robots\" content=\"index, follow, max-snippet:-1, max-image-preview:large, max-video-preview:-1\" \/>\n<link rel=\"canonical\" href=\"https:\/\/simpledream.pl\/index.php\/pl\/produkt\/torba-3-w-1-marysia-i-burek\/\" \/>\n<meta property=\"og:locale\" content=\"pl_PL\" \/>\n<meta property=\"og:type\" content=\"article\" \/>\n<meta property=\"og:title\" content=\"Torba 3 w 1 - Marysia i Burek - Simple Dream\" \/>\n<meta property=\"og:description\" content=\"Torba 3 w 1 uszyta w polskiej szwalni z ortalionu oraz kodury. W \u015brodku kieszonki na r\u00f3\u017cne drobiazgi, oraz ukryta kiesze\u0144 na klucze. Obraz &quot;Marysia i Burek na Cejlonie&quot; zosta\u0142 stworzy przez Stanis\u0142awa Ignacego Witkiewicza w 1920 r. Nale\u017cy do kolekcji Muzeum Narodowego w Krakowie.\" \/>\n<meta property=\"og:url\" content=\"https:\/\/simpledream.pl\/index.php\/pl\/produkt\/torba-3-w-1-marysia-i-burek\/\" \/>\n<meta property=\"og:site_name\" content=\"Simple Dream\" \/>\n<meta property=\"article:modified_time\" content=\"2025-02-07T15:19:38+00:00\" \/>\n<meta property=\"og:image\" content=\"https:\/\/simpledream.pl\/wp-content\/uploads\/2022\/09\/Finlandia-2022-cz330.jpg\" \/>\n\t<meta property=\"og:image:width\" content=\"1200\" \/>\n\t<meta property=\"og:image:height\" content=\"1200\" \/>\n\t<meta property=\"og:image:type\" content=\"image\/jpeg\" \/>\n<meta name=\"twitter:card\" content=\"summary_large_image\" \/>\n<meta name=\"twitter:label1\" content=\"Szacowany czas czytania\" \/>\n\t<meta name=\"twitter:data1\" content=\"1 minuta\" \/>\n<script type=\"application\/ld+json\" class=\"yoast-schema-graph\">{\"@context\":\"https:\/\/schema.org\",\"@graph\":[{\"@type\":\"WebPage\",\"@id\":\"https:\/\/simpledream.pl\/index.php\/pl\/produkt\/torba-3-w-1-marysia-i-burek\/\",\"url\":\"https:\/\/simpledream.pl\/index.php\/pl\/produkt\/torba-3-w-1-marysia-i-burek\/\",\"name\":\"Torba 3 w 1 - Marysia i Burek - Simple Dream\",\"isPartOf\":{\"@id\":\"https:\/\/simpledream.pl\/#website\"},\"primaryImageOfPage\":{\"@id\":\"https:\/\/simpledream.pl\/index.php\/pl\/produkt\/torba-3-w-1-marysia-i-burek\/#primaryimage\"},\"image\":{\"@id\":\"https:\/\/simpledream.pl\/index.php\/pl\/produkt\/torba-3-w-1-marysia-i-burek\/#primaryimage\"},\"thumbnailUrl\":\"https:\/\/simpledream.pl\/wp-content\/uploads\/2022\/09\/Finlandia-2022-cz330.jpg\",\"datePublished\":\"2022-09-20T18:39:49+00:00\",\"dateModified\":\"2025-02-07T15:19:38+00:00\",\"breadcrumb\":{\"@id\":\"https:\/\/simpledream.pl\/index.php\/pl\/produkt\/torba-3-w-1-marysia-i-burek\/#breadcrumb\"},\"inLanguage\":\"pl-PL\",\"potentialAction\":[{\"@type\":\"ReadAction\",\"target\":[\"https:\/\/simpledream.pl\/index.php\/pl\/produkt\/torba-3-w-1-marysia-i-burek\/\"]}]},{\"@type\":\"ImageObject\",\"inLanguage\":\"pl-PL\",\"@id\":\"https:\/\/simpledream.pl\/index.php\/pl\/produkt\/torba-3-w-1-marysia-i-burek\/#primaryimage\",\"url\":\"https:\/\/simpledream.pl\/wp-content\/uploads\/2022\/09\/Finlandia-2022-cz330.jpg\",\"contentUrl\":\"https:\/\/simpledream.pl\/wp-content\/uploads\/2022\/09\/Finlandia-2022-cz330.jpg\",\"width\":1200,\"height\":1200,\"caption\":\"Torba 3 w 1 z ortalionu \u2013 grafika obrazu Witkiewicza\"},{\"@type\":\"BreadcrumbList\",\"@id\":\"https:\/\/simpledream.pl\/index.php\/pl\/produkt\/torba-3-w-1-marysia-i-burek\/#breadcrumb\",\"itemListElement\":[{\"@type\":\"ListItem\",\"position\":1,\"name\":\"Strona g\u0142\u00f3wna\",\"item\":\"https:\/\/simpledream.pl\/index.php\/pl\/main-home\/\"},{\"@type\":\"ListItem\",\"position\":2,\"name\":\"Sklep\",\"item\":\"https:\/\/simpledream.pl\/index.php\/pl\/sklep\/\"},{\"@type\":\"ListItem\",\"position\":3,\"name\":\"Torba 3 w 1 &#8211; Marysia i Burek\"}]},{\"@type\":\"WebSite\",\"@id\":\"https:\/\/simpledream.pl\/#website\",\"url\":\"https:\/\/simpledream.pl\/\",\"name\":\"Simple Dream\",\"description\":\"\",\"potentialAction\":[{\"@type\":\"SearchAction\",\"target\":{\"@type\":\"EntryPoint\",\"urlTemplate\":\"https:\/\/simpledream.pl\/?s={search_term_string}\"},\"query-input\":{\"@type\":\"PropertyValueSpecification\",\"valueRequired\":true,\"valueName\":\"search_term_string\"}}],\"inLanguage\":\"pl-PL\"}]}<\/script>\n<!-- \/ Yoast SEO plugin. -->","yoast_head_json":{"title":"Torba 3 w 1 - Marysia i Burek - Simple Dream","robots":{"index":"index","follow":"follow","max-snippet":"max-snippet:-1","max-image-preview":"max-image-preview:large","max-video-preview":"max-video-preview:-1"},"canonical":"https:\/\/simpledream.pl\/index.php\/pl\/produkt\/torba-3-w-1-marysia-i-burek\/","og_locale":"pl_PL","og_type":"article","og_title":"Torba 3 w 1 - Marysia i Burek - Simple Dream","og_description":"Torba 3 w 1 uszyta w polskiej szwalni z ortalionu oraz kodury. W \u015brodku kieszonki na r\u00f3\u017cne drobiazgi, oraz ukryta kiesze\u0144 na klucze. Obraz \"Marysia i Burek na Cejlonie\" zosta\u0142 stworzy przez Stanis\u0142awa Ignacego Witkiewicza w 1920 r. Nale\u017cy do kolekcji Muzeum Narodowego w Krakowie.","og_url":"https:\/\/simpledream.pl\/index.php\/pl\/produkt\/torba-3-w-1-marysia-i-burek\/","og_site_name":"Simple Dream","article_modified_time":"2025-02-07T15:19:38+00:00","og_image":[{"width":1200,"height":1200,"url":"https:\/\/simpledream.pl\/wp-content\/uploads\/2022\/09\/Finlandia-2022-cz330.jpg","type":"image\/jpeg"}],"twitter_card":"summary_large_image","twitter_misc":{"Szacowany czas czytania":"1 minuta"},"schema":{"@context":"https:\/\/schema.org","@graph":[{"@type":"WebPage","@id":"https:\/\/simpledream.pl\/index.php\/pl\/produkt\/torba-3-w-1-marysia-i-burek\/","url":"https:\/\/simpledream.pl\/index.php\/pl\/produkt\/torba-3-w-1-marysia-i-burek\/","name":"Torba 3 w 1 - Marysia i Burek - Simple Dream","isPartOf":{"@id":"https:\/\/simpledream.pl\/#website"},"primaryImageOfPage":{"@id":"https:\/\/simpledream.pl\/index.php\/pl\/produkt\/torba-3-w-1-marysia-i-burek\/#primaryimage"},"image":{"@id":"https:\/\/simpledream.pl\/index.php\/pl\/produkt\/torba-3-w-1-marysia-i-burek\/#primaryimage"},"thumbnailUrl":"https:\/\/simpledream.pl\/wp-content\/uploads\/2022\/09\/Finlandia-2022-cz330.jpg","datePublished":"2022-09-20T18:39:49+00:00","dateModified":"2025-02-07T15:19:38+00:00","breadcrumb":{"@id":"https:\/\/simpledream.pl\/index.php\/pl\/produkt\/torba-3-w-1-marysia-i-burek\/#breadcrumb"},"inLanguage":"pl-PL","potentialAction":[{"@type":"ReadAction","target":["https:\/\/simpledream.pl\/index.php\/pl\/produkt\/torba-3-w-1-marysia-i-burek\/"]}]},{"@type":"ImageObject","inLanguage":"pl-PL","@id":"https:\/\/simpledream.pl\/index.php\/pl\/produkt\/torba-3-w-1-marysia-i-burek\/#primaryimage","url":"https:\/\/simpledream.pl\/wp-content\/uploads\/2022\/09\/Finlandia-2022-cz330.jpg","contentUrl":"https:\/\/simpledream.pl\/wp-content\/uploads\/2022\/09\/Finlandia-2022-cz330.jpg","width":1200,"height":1200,"caption":"Torba 3 w 1 z ortalionu \u2013 grafika obrazu Witkiewicza"},{"@type":"BreadcrumbList","@id":"https:\/\/simpledream.pl\/index.php\/pl\/produkt\/torba-3-w-1-marysia-i-burek\/#breadcrumb","itemListElement":[{"@type":"ListItem","position":1,"name":"Strona g\u0142\u00f3wna","item":"https:\/\/simpledream.pl\/index.php\/pl\/main-home\/"},{"@type":"ListItem","position":2,"name":"Sklep","item":"https:\/\/simpledream.pl\/index.php\/pl\/sklep\/"},{"@type":"ListItem","position":3,"name":"Torba 3 w 1 &#8211; Marysia i Burek"}]},{"@type":"WebSite","@id":"https:\/\/simpledream.pl\/#website","url":"https:\/\/simpledream.pl\/","name":"Simple Dream","description":"","potentialAction":[{"@type":"SearchAction","target":{"@type":"EntryPoint","urlTemplate":"https:\/\/simpledream.pl\/?s={search_term_string}"},"query-input":{"@type":"PropertyValueSpecification","valueRequired":true,"valueName":"search_term_string"}}],"inLanguage":"pl-PL"}]}},"lang":"pl","translations":{"pl":8435,"en":8447},"pll_sync_post":[],"_links":{"self":[{"href":"https:\/\/simpledream.pl\/index.php\/wp-json\/wp\/v2\/product\/8435","targetHints":{"allow":["GET"]}}],"collection":[{"href":"https:\/\/simpledream.pl\/index.php\/wp-json\/wp\/v2\/product"}],"about":[{"href":"https:\/\/simpledream.pl\/index.php\/wp-json\/wp\/v2\/types\/product"}],"replies":[{"embeddable":true,"href":"https:\/\/simpledream.pl\/index.php\/wp-json\/wp\/v2\/comments?post=8435"}],"version-history":[{"count":3,"href":"https:\/\/simpledream.pl\/index.php\/wp-json\/wp\/v2\/product\/8435\/revisions"}],"predecessor-version":[{"id":8445,"href":"https:\/\/simpledream.pl\/index.php\/wp-json\/wp\/v2\/product\/8435\/revisions\/8445"}],"wp:featuredmedia":[{"embeddable":true,"href":"https:\/\/simpledream.pl\/index.php\/wp-json\/wp\/v2\/media\/8436"}],"wp:attachment":[{"href":"https:\/\/simpledream.pl\/index.php\/wp-json\/wp\/v2\/media?parent=8435"}],"wp:term":[{"taxonomy":"product_cat","embeddable":true,"href":"https:\/\/simpledream.pl\/index.php\/wp-json\/wp\/v2\/product_cat?post=8435"},{"taxonomy":"product_tag","embeddable":true,"href":"https:\/\/simpledream.pl\/index.php\/wp-json\/wp\/v2\/product_tag?post=8435"}],"curies":[{"name":"wp","href":"https:\/\/api.w.org\/{rel}","templated":true}]}}