{"id":8450,"date":"2022-09-21T16:47:42","date_gmt":"2022-09-21T14:47:42","guid":{"rendered":"https:\/\/simpledream.pl\/?post_type=product&#038;p=8450"},"modified":"2025-09-16T12:02:51","modified_gmt":"2025-09-16T10:02:51","slug":"plenerowka-laka","status":"publish","type":"product","link":"https:\/\/simpledream.pl\/index.php\/pl\/produkt\/plenerowka-laka\/","title":{"rendered":"Plener\u00f3wka &#8211; \u0141\u0105ka"},"content":{"rendered":"<p>Torba plener\u00f3wka zosta\u0142a uszyta w polskiej szwalni z ortalionu oraz polaru. Rozsuwana po bokach przemienia si\u0119 w idealne rozwi\u0105zanie do siedzenia na suchej b\u0105d\u017a mokrej powierzchni. Dodatkowo na sznurkach wszyta jest sakiewka na portfel, klucze czy telefon.<\/p>\n<p>&nbsp;<\/p>\n<p>Chcieliby\u015bmy, aby nasza torba wp\u0142yn\u0119\u0142a na wdro\u017cenie nowych, pozytywnych, ekologicznych schemat\u00f3w zachowania. Czyli, to co ze sob\u0105 bierzesz w plener &#8211; zabierasz. A nasza torba u\u0142atwi ci zadanie! Nie b\u0119dziesz musia\u0142 nosi\u0107 ze sob\u0105 tysi\u0105ca rzeczy i czu\u0107 si\u0119 jakby brakowa\u0142o Ci r\u0105k. Torba &#8211; koc do siedzenia w jednym, rozwi\u0105\u017ce za Ciebie zadania.<\/p>\n<p>&nbsp;<\/p>\n<p>Wymiary z\u0142o\u017conego produktu:<\/p>\n<p>Wysoko\u015b\u0107: 50 cm<br \/>\nSzeroko\u015b\u0107: 50 cm<\/p>\n<p>&nbsp;<\/p>\n<p>Elementy dodatkowe:<br \/>\n&#8211; zamek kostkowe<br \/>\n&#8211; ta\u015bma bawe\u0142niana 4 cm<br \/>\n&#8211; \u015bci\u0105gany woreczek na drobiazgi<\/p>\n<p>&nbsp;<\/p>\n<p>Materia\u0142 zewn\u0119trzny: tkanina ortalionowa powleka; wysoka wodoodporno\u015b\u0107 &#8211; 230 g\/m2<br \/>\nMateria\u0142 wewn\u0119trzny: tkanina polarowa &#8211; 285 g\/m2<\/p>\n<p>&nbsp;<\/p>\n<p>Nadruk wykonany technik\u0105 cyfrow\u0105.<\/p>\n<p>&nbsp;<\/p>\n<p>Pra\u0107 r\u0119cznie w 30\u00b0C. Produkt pozostawi\u0107 do naturalnego wyschni\u0119cia, wywr\u00f3cony na drug\u0105 stron\u0119.<\/p>\n<p>&nbsp;<\/p>\n<p>Maksymalny ci\u0119\u017car produkt\u00f3w do 5 kg.<\/p>\n","protected":false},"excerpt":{"rendered":"<p>Torba plener\u00f3wka uszyta w polskiej szwalni z ortalionu oraz polaru. Rozsuwana po bokach przemienia si\u0119 w idealne rozwi\u0105zanie do siedzenia na suchej b\u0105d\u017a mokrej powierzchni. Wz\u00f3r jest nasz\u0105 interpretacj\u0105 dla polskiej \u0142\u0105ki, zaprojektowanej w kolory ziemiste, matowe.<\/p>\n","protected":false},"featured_media":8451,"comment_status":"closed","ping_status":"closed","template":"","meta":[],"product_cat":[140,15,92,94,115,116,119,130,131,132,123,125,126,128,124,129,91],"product_tag":[1212,1210,1197,1218,1208,1216,162,1214,212],"class_list":{"0":"post-8450","1":"product","2":"type-product","3":"status-publish","4":"has-post-thumbnail","6":"product_cat-sale","7":"product_cat-bez-kategorii","8":"product_cat-kolekcje","9":"product_cat-grafika","10":"product_cat-prezenty","11":"product_cat-cena","12":"product_cat-100-zl-200-zl","13":"product_cat-dla-kogo","14":"product_cat-dziecko","15":"product_cat-kobieta","16":"product_cat-okazja","17":"product_cat-boze-narodzenie","18":"product_cat-dzien-dziecka","19":"product_cat-dzien-matki","20":"product_cat-urodziny-imieniny","21":"product_cat-walentynki","22":"product_cat-torba","23":"product_tag-do-siedzenia","24":"product_tag-laka","25":"product_tag-made-in-poland","26":"product_tag-nieprzemakalne","27":"product_tag-plenerowka","28":"product_tag-polar","29":"product_tag-szycie","30":"product_tag-w-plener","31":"product_tag-wzor","33":"first","34":"instock","35":"sale","36":"shipping-taxable","37":"purchasable","38":"product-type-simple"},"yoast_head":"<!-- This site is optimized with the Yoast SEO plugin v23.9 - https:\/\/yoast.com\/wordpress\/plugins\/seo\/ -->\n<title>Plener\u00f3wka - \u0141\u0105ka - Simple Dream<\/title>\n<meta name=\"robots\" content=\"index, follow, max-snippet:-1, max-image-preview:large, max-video-preview:-1\" \/>\n<link rel=\"canonical\" href=\"https:\/\/simpledream.pl\/index.php\/pl\/produkt\/plenerowka-laka\/\" \/>\n<meta property=\"og:locale\" content=\"pl_PL\" \/>\n<meta property=\"og:type\" content=\"article\" \/>\n<meta property=\"og:title\" content=\"Plener\u00f3wka - \u0141\u0105ka - Simple Dream\" \/>\n<meta property=\"og:description\" content=\"Torba plener\u00f3wka uszyta w polskiej szwalni z ortalionu oraz polaru. Rozsuwana po bokach przemienia si\u0119 w idealne rozwi\u0105zanie do siedzenia na suchej b\u0105d\u017a mokrej powierzchni. Wz\u00f3r jest nasz\u0105 interpretacj\u0105 dla polskiej \u0142\u0105ki, zaprojektowanej w kolory ziemiste, matowe.\" \/>\n<meta property=\"og:url\" content=\"https:\/\/simpledream.pl\/index.php\/pl\/produkt\/plenerowka-laka\/\" \/>\n<meta property=\"og:site_name\" content=\"Simple Dream\" \/>\n<meta property=\"article:modified_time\" content=\"2025-09-16T10:02:51+00:00\" \/>\n<meta property=\"og:image\" content=\"https:\/\/simpledream.pl\/wp-content\/uploads\/2022\/09\/Finlandia-202218.jpg\" \/>\n\t<meta property=\"og:image:width\" content=\"1200\" \/>\n\t<meta property=\"og:image:height\" content=\"1200\" \/>\n\t<meta property=\"og:image:type\" content=\"image\/jpeg\" \/>\n<meta name=\"twitter:card\" content=\"summary_large_image\" \/>\n<meta name=\"twitter:label1\" content=\"Szacowany czas czytania\" \/>\n\t<meta name=\"twitter:data1\" content=\"1 minuta\" \/>\n<script type=\"application\/ld+json\" class=\"yoast-schema-graph\">{\"@context\":\"https:\/\/schema.org\",\"@graph\":[{\"@type\":\"WebPage\",\"@id\":\"https:\/\/simpledream.pl\/index.php\/pl\/produkt\/plenerowka-laka\/\",\"url\":\"https:\/\/simpledream.pl\/index.php\/pl\/produkt\/plenerowka-laka\/\",\"name\":\"Plener\u00f3wka - \u0141\u0105ka - Simple Dream\",\"isPartOf\":{\"@id\":\"https:\/\/simpledream.pl\/#website\"},\"primaryImageOfPage\":{\"@id\":\"https:\/\/simpledream.pl\/index.php\/pl\/produkt\/plenerowka-laka\/#primaryimage\"},\"image\":{\"@id\":\"https:\/\/simpledream.pl\/index.php\/pl\/produkt\/plenerowka-laka\/#primaryimage\"},\"thumbnailUrl\":\"https:\/\/simpledream.pl\/wp-content\/uploads\/2022\/09\/Finlandia-202218.jpg\",\"datePublished\":\"2022-09-21T14:47:42+00:00\",\"dateModified\":\"2025-09-16T10:02:51+00:00\",\"breadcrumb\":{\"@id\":\"https:\/\/simpledream.pl\/index.php\/pl\/produkt\/plenerowka-laka\/#breadcrumb\"},\"inLanguage\":\"pl-PL\",\"potentialAction\":[{\"@type\":\"ReadAction\",\"target\":[\"https:\/\/simpledream.pl\/index.php\/pl\/produkt\/plenerowka-laka\/\"]}]},{\"@type\":\"ImageObject\",\"inLanguage\":\"pl-PL\",\"@id\":\"https:\/\/simpledream.pl\/index.php\/pl\/produkt\/plenerowka-laka\/#primaryimage\",\"url\":\"https:\/\/simpledream.pl\/wp-content\/uploads\/2022\/09\/Finlandia-202218.jpg\",\"contentUrl\":\"https:\/\/simpledream.pl\/wp-content\/uploads\/2022\/09\/Finlandia-202218.jpg\",\"width\":1200,\"height\":1200,\"caption\":\"Plener\u00f3wka z ortalionu oraz kodury \u2013 wz\u00f3r \u0141\u0105ka\"},{\"@type\":\"BreadcrumbList\",\"@id\":\"https:\/\/simpledream.pl\/index.php\/pl\/produkt\/plenerowka-laka\/#breadcrumb\",\"itemListElement\":[{\"@type\":\"ListItem\",\"position\":1,\"name\":\"Strona g\u0142\u00f3wna\",\"item\":\"https:\/\/simpledream.pl\/index.php\/pl\/main-home\/\"},{\"@type\":\"ListItem\",\"position\":2,\"name\":\"Sklep\",\"item\":\"https:\/\/simpledream.pl\/index.php\/pl\/sklep\/\"},{\"@type\":\"ListItem\",\"position\":3,\"name\":\"Plener\u00f3wka &#8211; \u0141\u0105ka\"}]},{\"@type\":\"WebSite\",\"@id\":\"https:\/\/simpledream.pl\/#website\",\"url\":\"https:\/\/simpledream.pl\/\",\"name\":\"Simple Dream\",\"description\":\"\",\"potentialAction\":[{\"@type\":\"SearchAction\",\"target\":{\"@type\":\"EntryPoint\",\"urlTemplate\":\"https:\/\/simpledream.pl\/?s={search_term_string}\"},\"query-input\":{\"@type\":\"PropertyValueSpecification\",\"valueRequired\":true,\"valueName\":\"search_term_string\"}}],\"inLanguage\":\"pl-PL\"}]}<\/script>\n<!-- \/ Yoast SEO plugin. -->","yoast_head_json":{"title":"Plener\u00f3wka - \u0141\u0105ka - Simple Dream","robots":{"index":"index","follow":"follow","max-snippet":"max-snippet:-1","max-image-preview":"max-image-preview:large","max-video-preview":"max-video-preview:-1"},"canonical":"https:\/\/simpledream.pl\/index.php\/pl\/produkt\/plenerowka-laka\/","og_locale":"pl_PL","og_type":"article","og_title":"Plener\u00f3wka - \u0141\u0105ka - Simple Dream","og_description":"Torba plener\u00f3wka uszyta w polskiej szwalni z ortalionu oraz polaru. Rozsuwana po bokach przemienia si\u0119 w idealne rozwi\u0105zanie do siedzenia na suchej b\u0105d\u017a mokrej powierzchni. Wz\u00f3r jest nasz\u0105 interpretacj\u0105 dla polskiej \u0142\u0105ki, zaprojektowanej w kolory ziemiste, matowe.","og_url":"https:\/\/simpledream.pl\/index.php\/pl\/produkt\/plenerowka-laka\/","og_site_name":"Simple Dream","article_modified_time":"2025-09-16T10:02:51+00:00","og_image":[{"width":1200,"height":1200,"url":"https:\/\/simpledream.pl\/wp-content\/uploads\/2022\/09\/Finlandia-202218.jpg","type":"image\/jpeg"}],"twitter_card":"summary_large_image","twitter_misc":{"Szacowany czas czytania":"1 minuta"},"schema":{"@context":"https:\/\/schema.org","@graph":[{"@type":"WebPage","@id":"https:\/\/simpledream.pl\/index.php\/pl\/produkt\/plenerowka-laka\/","url":"https:\/\/simpledream.pl\/index.php\/pl\/produkt\/plenerowka-laka\/","name":"Plener\u00f3wka - \u0141\u0105ka - Simple Dream","isPartOf":{"@id":"https:\/\/simpledream.pl\/#website"},"primaryImageOfPage":{"@id":"https:\/\/simpledream.pl\/index.php\/pl\/produkt\/plenerowka-laka\/#primaryimage"},"image":{"@id":"https:\/\/simpledream.pl\/index.php\/pl\/produkt\/plenerowka-laka\/#primaryimage"},"thumbnailUrl":"https:\/\/simpledream.pl\/wp-content\/uploads\/2022\/09\/Finlandia-202218.jpg","datePublished":"2022-09-21T14:47:42+00:00","dateModified":"2025-09-16T10:02:51+00:00","breadcrumb":{"@id":"https:\/\/simpledream.pl\/index.php\/pl\/produkt\/plenerowka-laka\/#breadcrumb"},"inLanguage":"pl-PL","potentialAction":[{"@type":"ReadAction","target":["https:\/\/simpledream.pl\/index.php\/pl\/produkt\/plenerowka-laka\/"]}]},{"@type":"ImageObject","inLanguage":"pl-PL","@id":"https:\/\/simpledream.pl\/index.php\/pl\/produkt\/plenerowka-laka\/#primaryimage","url":"https:\/\/simpledream.pl\/wp-content\/uploads\/2022\/09\/Finlandia-202218.jpg","contentUrl":"https:\/\/simpledream.pl\/wp-content\/uploads\/2022\/09\/Finlandia-202218.jpg","width":1200,"height":1200,"caption":"Plener\u00f3wka z ortalionu oraz kodury \u2013 wz\u00f3r \u0141\u0105ka"},{"@type":"BreadcrumbList","@id":"https:\/\/simpledream.pl\/index.php\/pl\/produkt\/plenerowka-laka\/#breadcrumb","itemListElement":[{"@type":"ListItem","position":1,"name":"Strona g\u0142\u00f3wna","item":"https:\/\/simpledream.pl\/index.php\/pl\/main-home\/"},{"@type":"ListItem","position":2,"name":"Sklep","item":"https:\/\/simpledream.pl\/index.php\/pl\/sklep\/"},{"@type":"ListItem","position":3,"name":"Plener\u00f3wka &#8211; \u0141\u0105ka"}]},{"@type":"WebSite","@id":"https:\/\/simpledream.pl\/#website","url":"https:\/\/simpledream.pl\/","name":"Simple Dream","description":"","potentialAction":[{"@type":"SearchAction","target":{"@type":"EntryPoint","urlTemplate":"https:\/\/simpledream.pl\/?s={search_term_string}"},"query-input":{"@type":"PropertyValueSpecification","valueRequired":true,"valueName":"search_term_string"}}],"inLanguage":"pl-PL"}]}},"lang":"pl","translations":{"pl":8450,"en":8528},"pll_sync_post":[],"_links":{"self":[{"href":"https:\/\/simpledream.pl\/index.php\/wp-json\/wp\/v2\/product\/8450","targetHints":{"allow":["GET"]}}],"collection":[{"href":"https:\/\/simpledream.pl\/index.php\/wp-json\/wp\/v2\/product"}],"about":[{"href":"https:\/\/simpledream.pl\/index.php\/wp-json\/wp\/v2\/types\/product"}],"replies":[{"embeddable":true,"href":"https:\/\/simpledream.pl\/index.php\/wp-json\/wp\/v2\/comments?post=8450"}],"version-history":[{"count":12,"href":"https:\/\/simpledream.pl\/index.php\/wp-json\/wp\/v2\/product\/8450\/revisions"}],"predecessor-version":[{"id":9723,"href":"https:\/\/simpledream.pl\/index.php\/wp-json\/wp\/v2\/product\/8450\/revisions\/9723"}],"wp:featuredmedia":[{"embeddable":true,"href":"https:\/\/simpledream.pl\/index.php\/wp-json\/wp\/v2\/media\/8451"}],"wp:attachment":[{"href":"https:\/\/simpledream.pl\/index.php\/wp-json\/wp\/v2\/media?parent=8450"}],"wp:term":[{"taxonomy":"product_cat","embeddable":true,"href":"https:\/\/simpledream.pl\/index.php\/wp-json\/wp\/v2\/product_cat?post=8450"},{"taxonomy":"product_tag","embeddable":true,"href":"https:\/\/simpledream.pl\/index.php\/wp-json\/wp\/v2\/product_tag?post=8450"}],"curies":[{"name":"wp","href":"https:\/\/api.w.org\/{rel}","templated":true}]}}