{"id":8504,"date":"2022-10-30T10:44:20","date_gmt":"2022-10-30T09:44:20","guid":{"rendered":"https:\/\/simpledream.pl\/?post_type=product&#038;p=8504"},"modified":"2025-02-07T15:38:32","modified_gmt":"2025-02-07T14:38:32","slug":"butelka-metalowa-kwiat-krakowski-zachodni","status":"publish","type":"product","link":"https:\/\/simpledream.pl\/index.php\/pl\/produkt\/butelka-metalowa-kwiat-krakowski-zachodni\/","title":{"rendered":"Butelka metalowa &#8211; Kwiat krakowski zachodni"},"content":{"rendered":"<p>Butelka metalowa na wod\u0119 z indywidualnym wzorem umieszczonym 360\u00b0. Szczelnie zamykana, nie zawiera BPA. Butelka ze stali nierdzewnej, posiada podw\u00f3jne \u015bcianki mi\u0119dzy kt\u00f3rymi znajduje si\u0119 izolacyjna komora pr\u00f3\u017cniowa.<\/p>\n<p>&nbsp;<\/p>\n<p>Pojemno\u015b\u0107 500 ml.<\/p>\n<p>Wielko\u015b\u0107: \u00f87\u00d725,5 cm<\/p>\n<p>Wielko\u015b\u0107 pude\u0142ka: 40,5 x 40,5 x 56 cm.<\/p>\n<p>&nbsp;<\/p>\n<p>Sugerowana, najwy\u017csza temperatura cieczy: 80 stopni.<\/p>\n<p>&nbsp;<\/p>\n<p>Prosto zaprojektowana butelka o podw\u00f3jnych \u015bciankach, kt\u00f3ra utrzyma ciep\u0142o lub zimno Twojego ulubionego<br \/>\nnapoju, gdziekolwiek jeste\u015b. Idealna do zabrania w podr\u00f3\u017c, na wycieczk\u0119 lub piknik.<\/p>\n<p>&nbsp;<\/p>\n<p>Idealna na wycieczk\u0119, na zaj\u0119cia sportowe, na upalny dzie\u0144 czy zimny. Dzi\u0119ki swojej pojemno\u015bci ugasi pragnienie wiele razy. Wz\u00f3r umieszczony wko\u0142o butelki, wyr\u00f3\u017cnia j\u0105 na tle innych. Pomimo popularnego kszta\u0142tu, zawsze rozpoznasz, kt\u00f3ra jest w\u0142a\u015bnie Twoja np. na si\u0142owni. Nasza butelka wielokrotnego u\u017cytku \u0142\u0105czy w sobie funkcjonalno\u015b\u0107 oraz \u015bwiadomo\u015b\u0107 wp\u0142ywu na ochron\u0119 \u015brodowiska. Zmieniaj\u0105c podej\u015bcie wyra\u017casz siebie w nowy spos\u00f3b. Nasza butelka jest przyjazna dla \u015brodowiska. Idealnie nada si\u0119 na prezent dla dziecka, m\u0119\u017cczyzny oraz kobiety. Nie zale\u017cnie od okazji!<\/p>\n<p>&nbsp;<\/p>\n<p>Dziedzictwo polskiej sztuki ludowej opiera si\u0119 na haftach regionalnych. Zdobnictwo pochodz\u0105ce z regionu krakowskiego mo\u017cna zaliczy\u0107 do najbardziej rozpoznawalnych w Polsce. Etnografowie dziel\u0105 region krakowski na zachodni (miasto Krak\u00f3w, okalaj\u0105ce go wsie i miejscowo\u015bci w kierunku p\u00f3\u0142nocno \u2013 zachodnim) oraz wschodni (po\u0142udniowo \u2013 wschodnie obrze\u017ca miasta i dalej w kierunku Brzeska i Tarnowa). Hafty bia\u0142e i kolorowe, to jeden z najbardziej charakterystycznych element\u00f3w stroju krakowskiego. Noszony do ko\u0144ca XVIII w. sta\u0142 si\u0119 ubiorem od\u015bwi\u0119tnym na pocz\u0105tku XX w.<\/p>\n","protected":false},"excerpt":{"rendered":"<p>Butelka metalowa na wod\u0119 z indywidualnym wzorem umieszczonym 360\u00b0. Dziedzictwo polskiej sztuki ludowej opiera si\u0119 na haftach regionalnych. Haft krakowski to szale\u0144stwo kolor\u00f3w, jakimi mieni si\u0119 wybuchaj\u0105ca wiosn\u0105 przyroda i rozkosz dla wszystkich, kt\u00f3rzy kochaj\u0105 kwiaty.<\/p>\n","protected":false},"featured_media":8505,"comment_status":"closed","ping_status":"closed","template":"","meta":[],"product_cat":[135,140,15,92,95,115,116,118,130,131,132,133,123,125,126,128,127,124,129],"product_tag":[1220,491,187,186,171,184,479,201,1222],"class_list":{"0":"post-8504","1":"product","2":"type-product","3":"status-publish","4":"has-post-thumbnail","6":"product_cat-butelka","7":"product_cat-sale","8":"product_cat-bez-kategorii","9":"product_cat-kolekcje","10":"product_cat-folklor","11":"product_cat-prezenty","12":"product_cat-cena","13":"product_cat-50-zl-100-zl","14":"product_cat-dla-kogo","15":"product_cat-dziecko","16":"product_cat-kobieta","17":"product_cat-mezczyzna","18":"product_cat-okazja","19":"product_cat-boze-narodzenie","20":"product_cat-dzien-dziecka","21":"product_cat-dzien-matki","22":"product_cat-dzien-ojca","23":"product_cat-urodziny-imieniny","24":"product_cat-walentynki","25":"product_tag-butelka-metalowa","26":"product_tag-ekologia","27":"product_tag-krakowski","28":"product_tag-kwiat","29":"product_tag-kwiaty","30":"product_tag-podroz","31":"product_tag-pomysl-na-prezent","32":"product_tag-sport","33":"product_tag-wez-ze-soba","35":"first","36":"instock","37":"sale","38":"shipping-taxable","39":"purchasable","40":"product-type-simple"},"yoast_head":"<!-- This site is optimized with the Yoast SEO plugin v23.9 - https:\/\/yoast.com\/wordpress\/plugins\/seo\/ -->\n<title>Butelka metalowa - Kwiat krakowski zachodni - Simple Dream<\/title>\n<meta name=\"robots\" content=\"index, follow, max-snippet:-1, max-image-preview:large, max-video-preview:-1\" \/>\n<link rel=\"canonical\" href=\"https:\/\/simpledream.pl\/index.php\/pl\/produkt\/butelka-metalowa-kwiat-krakowski-zachodni\/\" \/>\n<meta property=\"og:locale\" content=\"pl_PL\" \/>\n<meta property=\"og:type\" content=\"article\" \/>\n<meta property=\"og:title\" content=\"Butelka metalowa - Kwiat krakowski zachodni - Simple Dream\" \/>\n<meta property=\"og:description\" content=\"Butelka metalowa na wod\u0119 z indywidualnym wzorem umieszczonym 360\u00b0. Dziedzictwo polskiej sztuki ludowej opiera si\u0119 na haftach regionalnych. Haft krakowski to szale\u0144stwo kolor\u00f3w, jakimi mieni si\u0119 wybuchaj\u0105ca wiosn\u0105 przyroda i rozkosz dla wszystkich, kt\u00f3rzy kochaj\u0105 kwiaty.\" \/>\n<meta property=\"og:url\" content=\"https:\/\/simpledream.pl\/index.php\/pl\/produkt\/butelka-metalowa-kwiat-krakowski-zachodni\/\" \/>\n<meta property=\"og:site_name\" content=\"Simple Dream\" \/>\n<meta property=\"article:modified_time\" content=\"2025-02-07T14:38:32+00:00\" \/>\n<meta property=\"og:image\" content=\"https:\/\/simpledream.pl\/wp-content\/uploads\/2022\/10\/SESJA-URSYNOW15.jpg\" \/>\n\t<meta property=\"og:image:width\" content=\"1200\" \/>\n\t<meta property=\"og:image:height\" content=\"1200\" \/>\n\t<meta property=\"og:image:type\" content=\"image\/jpeg\" \/>\n<meta name=\"twitter:card\" content=\"summary_large_image\" \/>\n<meta name=\"twitter:label1\" content=\"Szacowany czas czytania\" \/>\n\t<meta name=\"twitter:data1\" content=\"1 minuta\" \/>\n<script type=\"application\/ld+json\" class=\"yoast-schema-graph\">{\"@context\":\"https:\/\/schema.org\",\"@graph\":[{\"@type\":\"WebPage\",\"@id\":\"https:\/\/simpledream.pl\/index.php\/pl\/produkt\/butelka-metalowa-kwiat-krakowski-zachodni\/\",\"url\":\"https:\/\/simpledream.pl\/index.php\/pl\/produkt\/butelka-metalowa-kwiat-krakowski-zachodni\/\",\"name\":\"Butelka metalowa - Kwiat krakowski zachodni - Simple Dream\",\"isPartOf\":{\"@id\":\"https:\/\/simpledream.pl\/#website\"},\"primaryImageOfPage\":{\"@id\":\"https:\/\/simpledream.pl\/index.php\/pl\/produkt\/butelka-metalowa-kwiat-krakowski-zachodni\/#primaryimage\"},\"image\":{\"@id\":\"https:\/\/simpledream.pl\/index.php\/pl\/produkt\/butelka-metalowa-kwiat-krakowski-zachodni\/#primaryimage\"},\"thumbnailUrl\":\"https:\/\/simpledream.pl\/wp-content\/uploads\/2022\/10\/SESJA-URSYNOW15.jpg\",\"datePublished\":\"2022-10-30T09:44:20+00:00\",\"dateModified\":\"2025-02-07T14:38:32+00:00\",\"breadcrumb\":{\"@id\":\"https:\/\/simpledream.pl\/index.php\/pl\/produkt\/butelka-metalowa-kwiat-krakowski-zachodni\/#breadcrumb\"},\"inLanguage\":\"pl-PL\",\"potentialAction\":[{\"@type\":\"ReadAction\",\"target\":[\"https:\/\/simpledream.pl\/index.php\/pl\/produkt\/butelka-metalowa-kwiat-krakowski-zachodni\/\"]}]},{\"@type\":\"ImageObject\",\"inLanguage\":\"pl-PL\",\"@id\":\"https:\/\/simpledream.pl\/index.php\/pl\/produkt\/butelka-metalowa-kwiat-krakowski-zachodni\/#primaryimage\",\"url\":\"https:\/\/simpledream.pl\/wp-content\/uploads\/2022\/10\/SESJA-URSYNOW15.jpg\",\"contentUrl\":\"https:\/\/simpledream.pl\/wp-content\/uploads\/2022\/10\/SESJA-URSYNOW15.jpg\",\"width\":1200,\"height\":1200,\"caption\":\"Unikalna butelka ekologiczna \u2013 Wilanowski\"},{\"@type\":\"BreadcrumbList\",\"@id\":\"https:\/\/simpledream.pl\/index.php\/pl\/produkt\/butelka-metalowa-kwiat-krakowski-zachodni\/#breadcrumb\",\"itemListElement\":[{\"@type\":\"ListItem\",\"position\":1,\"name\":\"Strona g\u0142\u00f3wna\",\"item\":\"https:\/\/simpledream.pl\/index.php\/pl\/main-home\/\"},{\"@type\":\"ListItem\",\"position\":2,\"name\":\"Sklep\",\"item\":\"https:\/\/simpledream.pl\/index.php\/pl\/sklep\/\"},{\"@type\":\"ListItem\",\"position\":3,\"name\":\"Butelka metalowa &#8211; Kwiat krakowski zachodni\"}]},{\"@type\":\"WebSite\",\"@id\":\"https:\/\/simpledream.pl\/#website\",\"url\":\"https:\/\/simpledream.pl\/\",\"name\":\"Simple Dream\",\"description\":\"\",\"potentialAction\":[{\"@type\":\"SearchAction\",\"target\":{\"@type\":\"EntryPoint\",\"urlTemplate\":\"https:\/\/simpledream.pl\/?s={search_term_string}\"},\"query-input\":{\"@type\":\"PropertyValueSpecification\",\"valueRequired\":true,\"valueName\":\"search_term_string\"}}],\"inLanguage\":\"pl-PL\"}]}<\/script>\n<!-- \/ Yoast SEO plugin. -->","yoast_head_json":{"title":"Butelka metalowa - Kwiat krakowski zachodni - Simple Dream","robots":{"index":"index","follow":"follow","max-snippet":"max-snippet:-1","max-image-preview":"max-image-preview:large","max-video-preview":"max-video-preview:-1"},"canonical":"https:\/\/simpledream.pl\/index.php\/pl\/produkt\/butelka-metalowa-kwiat-krakowski-zachodni\/","og_locale":"pl_PL","og_type":"article","og_title":"Butelka metalowa - Kwiat krakowski zachodni - Simple Dream","og_description":"Butelka metalowa na wod\u0119 z indywidualnym wzorem umieszczonym 360\u00b0. Dziedzictwo polskiej sztuki ludowej opiera si\u0119 na haftach regionalnych. Haft krakowski to szale\u0144stwo kolor\u00f3w, jakimi mieni si\u0119 wybuchaj\u0105ca wiosn\u0105 przyroda i rozkosz dla wszystkich, kt\u00f3rzy kochaj\u0105 kwiaty.","og_url":"https:\/\/simpledream.pl\/index.php\/pl\/produkt\/butelka-metalowa-kwiat-krakowski-zachodni\/","og_site_name":"Simple Dream","article_modified_time":"2025-02-07T14:38:32+00:00","og_image":[{"width":1200,"height":1200,"url":"https:\/\/simpledream.pl\/wp-content\/uploads\/2022\/10\/SESJA-URSYNOW15.jpg","type":"image\/jpeg"}],"twitter_card":"summary_large_image","twitter_misc":{"Szacowany czas czytania":"1 minuta"},"schema":{"@context":"https:\/\/schema.org","@graph":[{"@type":"WebPage","@id":"https:\/\/simpledream.pl\/index.php\/pl\/produkt\/butelka-metalowa-kwiat-krakowski-zachodni\/","url":"https:\/\/simpledream.pl\/index.php\/pl\/produkt\/butelka-metalowa-kwiat-krakowski-zachodni\/","name":"Butelka metalowa - Kwiat krakowski zachodni - Simple Dream","isPartOf":{"@id":"https:\/\/simpledream.pl\/#website"},"primaryImageOfPage":{"@id":"https:\/\/simpledream.pl\/index.php\/pl\/produkt\/butelka-metalowa-kwiat-krakowski-zachodni\/#primaryimage"},"image":{"@id":"https:\/\/simpledream.pl\/index.php\/pl\/produkt\/butelka-metalowa-kwiat-krakowski-zachodni\/#primaryimage"},"thumbnailUrl":"https:\/\/simpledream.pl\/wp-content\/uploads\/2022\/10\/SESJA-URSYNOW15.jpg","datePublished":"2022-10-30T09:44:20+00:00","dateModified":"2025-02-07T14:38:32+00:00","breadcrumb":{"@id":"https:\/\/simpledream.pl\/index.php\/pl\/produkt\/butelka-metalowa-kwiat-krakowski-zachodni\/#breadcrumb"},"inLanguage":"pl-PL","potentialAction":[{"@type":"ReadAction","target":["https:\/\/simpledream.pl\/index.php\/pl\/produkt\/butelka-metalowa-kwiat-krakowski-zachodni\/"]}]},{"@type":"ImageObject","inLanguage":"pl-PL","@id":"https:\/\/simpledream.pl\/index.php\/pl\/produkt\/butelka-metalowa-kwiat-krakowski-zachodni\/#primaryimage","url":"https:\/\/simpledream.pl\/wp-content\/uploads\/2022\/10\/SESJA-URSYNOW15.jpg","contentUrl":"https:\/\/simpledream.pl\/wp-content\/uploads\/2022\/10\/SESJA-URSYNOW15.jpg","width":1200,"height":1200,"caption":"Unikalna butelka ekologiczna \u2013 Wilanowski"},{"@type":"BreadcrumbList","@id":"https:\/\/simpledream.pl\/index.php\/pl\/produkt\/butelka-metalowa-kwiat-krakowski-zachodni\/#breadcrumb","itemListElement":[{"@type":"ListItem","position":1,"name":"Strona g\u0142\u00f3wna","item":"https:\/\/simpledream.pl\/index.php\/pl\/main-home\/"},{"@type":"ListItem","position":2,"name":"Sklep","item":"https:\/\/simpledream.pl\/index.php\/pl\/sklep\/"},{"@type":"ListItem","position":3,"name":"Butelka metalowa &#8211; Kwiat krakowski zachodni"}]},{"@type":"WebSite","@id":"https:\/\/simpledream.pl\/#website","url":"https:\/\/simpledream.pl\/","name":"Simple Dream","description":"","potentialAction":[{"@type":"SearchAction","target":{"@type":"EntryPoint","urlTemplate":"https:\/\/simpledream.pl\/?s={search_term_string}"},"query-input":{"@type":"PropertyValueSpecification","valueRequired":true,"valueName":"search_term_string"}}],"inLanguage":"pl-PL"}]}},"lang":"pl","translations":{"pl":8504,"en":8521},"pll_sync_post":[],"_links":{"self":[{"href":"https:\/\/simpledream.pl\/index.php\/wp-json\/wp\/v2\/product\/8504","targetHints":{"allow":["GET"]}}],"collection":[{"href":"https:\/\/simpledream.pl\/index.php\/wp-json\/wp\/v2\/product"}],"about":[{"href":"https:\/\/simpledream.pl\/index.php\/wp-json\/wp\/v2\/types\/product"}],"replies":[{"embeddable":true,"href":"https:\/\/simpledream.pl\/index.php\/wp-json\/wp\/v2\/comments?post=8504"}],"version-history":[{"count":13,"href":"https:\/\/simpledream.pl\/index.php\/wp-json\/wp\/v2\/product\/8504\/revisions"}],"predecessor-version":[{"id":9721,"href":"https:\/\/simpledream.pl\/index.php\/wp-json\/wp\/v2\/product\/8504\/revisions\/9721"}],"wp:featuredmedia":[{"embeddable":true,"href":"https:\/\/simpledream.pl\/index.php\/wp-json\/wp\/v2\/media\/8505"}],"wp:attachment":[{"href":"https:\/\/simpledream.pl\/index.php\/wp-json\/wp\/v2\/media?parent=8504"}],"wp:term":[{"taxonomy":"product_cat","embeddable":true,"href":"https:\/\/simpledream.pl\/index.php\/wp-json\/wp\/v2\/product_cat?post=8504"},{"taxonomy":"product_tag","embeddable":true,"href":"https:\/\/simpledream.pl\/index.php\/wp-json\/wp\/v2\/product_tag?post=8504"}],"curies":[{"name":"wp","href":"https:\/\/api.w.org\/{rel}","templated":true}]}}