{"id":8528,"date":"2022-10-30T11:13:42","date_gmt":"2022-10-30T10:13:42","guid":{"rendered":"https:\/\/simpledream.pl\/?post_type=product&#038;p=8528"},"modified":"2023-12-19T09:18:16","modified_gmt":"2023-12-19T08:18:16","slug":"outdoor-bag-meadow","status":"publish","type":"product","link":"https:\/\/simpledream.pl\/index.php\/en\/produkt\/outdoor-bag-meadow\/","title":{"rendered":"Outdoor bag &#8211; Meadow"},"content":{"rendered":"<p>Outdoor bag made in a Polish sewing room. We used nylon and fleece. Sliding on the sides, it turns into a perfect solution for sitting on a dry or wet surface. Additionally, a pouch for a wallet, keys or a phone is sewn on the strings.<\/p>\n<p>We would like our bag to influence the implementation of new, positive, ecological behavior patterns. So what you take outdoors &#8211; you take it back with you. And our bag will make your task easier! You won&#8217;t have to carry a thousand things with you and feel like you are lack of hands. Bag &#8211; a blanket to sit in one, will solve the tasks for you.<\/p>\n<p>Folded product dimensions:<\/p>\n<p>Height: 50 cm<\/p>\n<p>Width: 50 cm<\/p>\n<p>Additional elements:<br \/>\n&#8211; ankle zipper<br \/>\n&#8211; 4 cm cotton tape<br \/>\n&#8211; removable bag for small items<\/p>\n<p>Outer material: nylon coated fabric; high water resistance &#8211; 230 g \/ m2<br \/>\nInner material: fleece fabric &#8211; 285 g \/ m2<br \/>\nPrint made using digital technique.<br \/>\nHand wash at 30 \u00b0 C. Allow the product to dry naturally, turned inside out.\u00a0Maximum product weight up to 5 kg.<\/p>\n","protected":false},"excerpt":{"rendered":"<p>Outdoor bag made in a Polish sewing room. We used nylon and fleece. Sliding on the sides, it turns into a perfect solution for sitting on a dry or wet surface. The pattern is our interpretation for a Polish meadow, designed in earthy, matte colors.<\/p>\n","protected":false},"featured_media":8451,"comment_status":"closed","ping_status":"closed","template":"","meta":[],"product_cat":[894,419,920,912,423,902,886,427,904,914,916,910,888,421,256,922,906],"product_tag":[1073,1036,1053,934,936,930,932,1083,1232,1230,1034,1226,1228,1069,1087],"class_list":{"0":"post-8528","1":"product","2":"type-product","3":"status-publish","4":"has-post-thumbnail","6":"product_cat-100-pln-200-pln","7":"product_cat-bag","8":"product_cat-birthday-names-day","9":"product_cat-christmas","10":"product_cat-collections","11":"product_cat-for-whom","12":"product_cat-gifts","13":"product_cat-graphics","14":"product_cat-kid","15":"product_cat-kids-day","16":"product_cat-mothers-day","17":"product_cat-occasion","18":"product_cat-price","19":"product_cat-sale-en","20":"product_cat-uncategorized-en","21":"product_cat-valentines-day","22":"product_cat-woman","23":"product_tag-bag","24":"product_tag-flowers","25":"product_tag-for-her","26":"product_tag-gift-idea","27":"product_tag-graphic-pattern","28":"product_tag-hand-made","29":"product_tag-made-in-poland","30":"product_tag-nylon","31":"product_tag-outdoor-bag","32":"product_tag-picnic","33":"product_tag-protection","34":"product_tag-to-sit","35":"product_tag-to-take","36":"product_tag-trip","37":"product_tag-usefull","39":"first","40":"instock","41":"sale","42":"shipping-taxable","43":"purchasable","44":"product-type-simple"},"yoast_head":"<!-- This site is optimized with the Yoast SEO plugin v23.9 - https:\/\/yoast.com\/wordpress\/plugins\/seo\/ -->\n<title>Outdoor bag - Meadow - Simple Dream<\/title>\n<meta name=\"robots\" content=\"index, follow, max-snippet:-1, max-image-preview:large, max-video-preview:-1\" \/>\n<link rel=\"canonical\" href=\"https:\/\/simpledream.pl\/index.php\/en\/produkt\/outdoor-bag-meadow\/\" \/>\n<meta property=\"og:locale\" content=\"pl_PL\" \/>\n<meta property=\"og:type\" content=\"article\" \/>\n<meta property=\"og:title\" content=\"Outdoor bag - Meadow - Simple Dream\" \/>\n<meta property=\"og:description\" content=\"Outdoor bag made in a Polish sewing room. We used nylon and fleece. Sliding on the sides, it turns into a perfect solution for sitting on a dry or wet surface. The pattern is our interpretation for a Polish meadow, designed in earthy, matte colors.\" \/>\n<meta property=\"og:url\" content=\"https:\/\/simpledream.pl\/index.php\/en\/produkt\/outdoor-bag-meadow\/\" \/>\n<meta property=\"og:site_name\" content=\"Simple Dream\" \/>\n<meta property=\"article:modified_time\" content=\"2023-12-19T08:18:16+00:00\" \/>\n<meta property=\"og:image\" content=\"https:\/\/simpledream.pl\/wp-content\/uploads\/2022\/09\/Finlandia-202218.jpg\" \/>\n\t<meta property=\"og:image:width\" content=\"1200\" \/>\n\t<meta property=\"og:image:height\" content=\"1200\" \/>\n\t<meta property=\"og:image:type\" content=\"image\/jpeg\" \/>\n<meta name=\"twitter:card\" content=\"summary_large_image\" \/>\n<meta name=\"twitter:label1\" content=\"Szacowany czas czytania\" \/>\n\t<meta name=\"twitter:data1\" content=\"1 minuta\" \/>\n<script type=\"application\/ld+json\" class=\"yoast-schema-graph\">{\"@context\":\"https:\/\/schema.org\",\"@graph\":[{\"@type\":\"WebPage\",\"@id\":\"https:\/\/simpledream.pl\/index.php\/en\/produkt\/outdoor-bag-meadow\/\",\"url\":\"https:\/\/simpledream.pl\/index.php\/en\/produkt\/outdoor-bag-meadow\/\",\"name\":\"Outdoor bag - Meadow - Simple Dream\",\"isPartOf\":{\"@id\":\"https:\/\/simpledream.pl\/#website\"},\"primaryImageOfPage\":{\"@id\":\"https:\/\/simpledream.pl\/index.php\/en\/produkt\/outdoor-bag-meadow\/#primaryimage\"},\"image\":{\"@id\":\"https:\/\/simpledream.pl\/index.php\/en\/produkt\/outdoor-bag-meadow\/#primaryimage\"},\"thumbnailUrl\":\"https:\/\/simpledream.pl\/wp-content\/uploads\/2022\/09\/Finlandia-202218.jpg\",\"datePublished\":\"2022-10-30T10:13:42+00:00\",\"dateModified\":\"2023-12-19T08:18:16+00:00\",\"breadcrumb\":{\"@id\":\"https:\/\/simpledream.pl\/index.php\/en\/produkt\/outdoor-bag-meadow\/#breadcrumb\"},\"inLanguage\":\"pl-PL\",\"potentialAction\":[{\"@type\":\"ReadAction\",\"target\":[\"https:\/\/simpledream.pl\/index.php\/en\/produkt\/outdoor-bag-meadow\/\"]}]},{\"@type\":\"ImageObject\",\"inLanguage\":\"pl-PL\",\"@id\":\"https:\/\/simpledream.pl\/index.php\/en\/produkt\/outdoor-bag-meadow\/#primaryimage\",\"url\":\"https:\/\/simpledream.pl\/wp-content\/uploads\/2022\/09\/Finlandia-202218.jpg\",\"contentUrl\":\"https:\/\/simpledream.pl\/wp-content\/uploads\/2022\/09\/Finlandia-202218.jpg\",\"width\":1200,\"height\":1200,\"caption\":\"Plener\u00f3wka z ortalionu oraz kodury \u2013 wz\u00f3r \u0141\u0105ka\"},{\"@type\":\"BreadcrumbList\",\"@id\":\"https:\/\/simpledream.pl\/index.php\/en\/produkt\/outdoor-bag-meadow\/#breadcrumb\",\"itemListElement\":[{\"@type\":\"ListItem\",\"position\":1,\"name\":\"Strona g\u0142\u00f3wna\",\"item\":\"https:\/\/simpledream.pl\/index.php\/pl\/main-home\/\"},{\"@type\":\"ListItem\",\"position\":2,\"name\":\"Sklep\",\"item\":\"https:\/\/simpledream.pl\/index.php\/pl\/sklep\/\"},{\"@type\":\"ListItem\",\"position\":3,\"name\":\"Outdoor bag &#8211; Meadow\"}]},{\"@type\":\"WebSite\",\"@id\":\"https:\/\/simpledream.pl\/#website\",\"url\":\"https:\/\/simpledream.pl\/\",\"name\":\"Simple Dream\",\"description\":\"\",\"potentialAction\":[{\"@type\":\"SearchAction\",\"target\":{\"@type\":\"EntryPoint\",\"urlTemplate\":\"https:\/\/simpledream.pl\/?s={search_term_string}\"},\"query-input\":{\"@type\":\"PropertyValueSpecification\",\"valueRequired\":true,\"valueName\":\"search_term_string\"}}],\"inLanguage\":\"pl-PL\"}]}<\/script>\n<!-- \/ Yoast SEO plugin. -->","yoast_head_json":{"title":"Outdoor bag - Meadow - Simple Dream","robots":{"index":"index","follow":"follow","max-snippet":"max-snippet:-1","max-image-preview":"max-image-preview:large","max-video-preview":"max-video-preview:-1"},"canonical":"https:\/\/simpledream.pl\/index.php\/en\/produkt\/outdoor-bag-meadow\/","og_locale":"pl_PL","og_type":"article","og_title":"Outdoor bag - Meadow - Simple Dream","og_description":"Outdoor bag made in a Polish sewing room. We used nylon and fleece. Sliding on the sides, it turns into a perfect solution for sitting on a dry or wet surface. The pattern is our interpretation for a Polish meadow, designed in earthy, matte colors.","og_url":"https:\/\/simpledream.pl\/index.php\/en\/produkt\/outdoor-bag-meadow\/","og_site_name":"Simple Dream","article_modified_time":"2023-12-19T08:18:16+00:00","og_image":[{"width":1200,"height":1200,"url":"https:\/\/simpledream.pl\/wp-content\/uploads\/2022\/09\/Finlandia-202218.jpg","type":"image\/jpeg"}],"twitter_card":"summary_large_image","twitter_misc":{"Szacowany czas czytania":"1 minuta"},"schema":{"@context":"https:\/\/schema.org","@graph":[{"@type":"WebPage","@id":"https:\/\/simpledream.pl\/index.php\/en\/produkt\/outdoor-bag-meadow\/","url":"https:\/\/simpledream.pl\/index.php\/en\/produkt\/outdoor-bag-meadow\/","name":"Outdoor bag - Meadow - Simple Dream","isPartOf":{"@id":"https:\/\/simpledream.pl\/#website"},"primaryImageOfPage":{"@id":"https:\/\/simpledream.pl\/index.php\/en\/produkt\/outdoor-bag-meadow\/#primaryimage"},"image":{"@id":"https:\/\/simpledream.pl\/index.php\/en\/produkt\/outdoor-bag-meadow\/#primaryimage"},"thumbnailUrl":"https:\/\/simpledream.pl\/wp-content\/uploads\/2022\/09\/Finlandia-202218.jpg","datePublished":"2022-10-30T10:13:42+00:00","dateModified":"2023-12-19T08:18:16+00:00","breadcrumb":{"@id":"https:\/\/simpledream.pl\/index.php\/en\/produkt\/outdoor-bag-meadow\/#breadcrumb"},"inLanguage":"pl-PL","potentialAction":[{"@type":"ReadAction","target":["https:\/\/simpledream.pl\/index.php\/en\/produkt\/outdoor-bag-meadow\/"]}]},{"@type":"ImageObject","inLanguage":"pl-PL","@id":"https:\/\/simpledream.pl\/index.php\/en\/produkt\/outdoor-bag-meadow\/#primaryimage","url":"https:\/\/simpledream.pl\/wp-content\/uploads\/2022\/09\/Finlandia-202218.jpg","contentUrl":"https:\/\/simpledream.pl\/wp-content\/uploads\/2022\/09\/Finlandia-202218.jpg","width":1200,"height":1200,"caption":"Plener\u00f3wka z ortalionu oraz kodury \u2013 wz\u00f3r \u0141\u0105ka"},{"@type":"BreadcrumbList","@id":"https:\/\/simpledream.pl\/index.php\/en\/produkt\/outdoor-bag-meadow\/#breadcrumb","itemListElement":[{"@type":"ListItem","position":1,"name":"Strona g\u0142\u00f3wna","item":"https:\/\/simpledream.pl\/index.php\/pl\/main-home\/"},{"@type":"ListItem","position":2,"name":"Sklep","item":"https:\/\/simpledream.pl\/index.php\/pl\/sklep\/"},{"@type":"ListItem","position":3,"name":"Outdoor bag &#8211; Meadow"}]},{"@type":"WebSite","@id":"https:\/\/simpledream.pl\/#website","url":"https:\/\/simpledream.pl\/","name":"Simple Dream","description":"","potentialAction":[{"@type":"SearchAction","target":{"@type":"EntryPoint","urlTemplate":"https:\/\/simpledream.pl\/?s={search_term_string}"},"query-input":{"@type":"PropertyValueSpecification","valueRequired":true,"valueName":"search_term_string"}}],"inLanguage":"pl-PL"}]}},"lang":"en","translations":{"en":8528,"pl":8450},"pll_sync_post":[],"_links":{"self":[{"href":"https:\/\/simpledream.pl\/index.php\/wp-json\/wp\/v2\/product\/8528","targetHints":{"allow":["GET"]}}],"collection":[{"href":"https:\/\/simpledream.pl\/index.php\/wp-json\/wp\/v2\/product"}],"about":[{"href":"https:\/\/simpledream.pl\/index.php\/wp-json\/wp\/v2\/types\/product"}],"replies":[{"embeddable":true,"href":"https:\/\/simpledream.pl\/index.php\/wp-json\/wp\/v2\/comments?post=8528"}],"version-history":[{"count":5,"href":"https:\/\/simpledream.pl\/index.php\/wp-json\/wp\/v2\/product\/8528\/revisions"}],"predecessor-version":[{"id":9008,"href":"https:\/\/simpledream.pl\/index.php\/wp-json\/wp\/v2\/product\/8528\/revisions\/9008"}],"wp:featuredmedia":[{"embeddable":true,"href":"https:\/\/simpledream.pl\/index.php\/wp-json\/wp\/v2\/media\/8451"}],"wp:attachment":[{"href":"https:\/\/simpledream.pl\/index.php\/wp-json\/wp\/v2\/media?parent=8528"}],"wp:term":[{"taxonomy":"product_cat","embeddable":true,"href":"https:\/\/simpledream.pl\/index.php\/wp-json\/wp\/v2\/product_cat?post=8528"},{"taxonomy":"product_tag","embeddable":true,"href":"https:\/\/simpledream.pl\/index.php\/wp-json\/wp\/v2\/product_tag?post=8528"}],"curies":[{"name":"wp","href":"https:\/\/api.w.org\/{rel}","templated":true}]}}