{"id":8544,"date":"2022-10-30T12:04:34","date_gmt":"2022-10-30T11:04:34","guid":{"rendered":"https:\/\/simpledream.pl\/?post_type=product&#038;p=8544"},"modified":"2023-12-15T09:14:40","modified_gmt":"2023-12-15T08:14:40","slug":"metal-bottle-zamosc-pattern","status":"publish","type":"product","link":"https:\/\/simpledream.pl\/index.php\/en\/produkt\/metal-bottle-zamosc-pattern\/","title":{"rendered":"Metal bottle &#8211; Zamo\u015b\u0107 pattern"},"content":{"rendered":"<p>Metal water bottle with individual design placed 360 \u00b0. Tightly closed, BPA free. The stainless steel bottle has double walls between which there is an insulating vacuum chamber.<\/p>\n<p>Capacity 500 ml.<\/p>\n<p>Size: \u00f87 \u00d7 25.5 cm<\/p>\n<p>Box size: 40.5 x 40.5 x 56 cm.<\/p>\n<p>Suggested highest liquid temperature: 80 degrees.<\/p>\n<p>A simple designed double-walled bottle that will keep your favorite warm or colddrink wherever you are. Perfect to take on a trip, on a trip or a picnic.<\/p>\n<p>Perfect for a trip, for sports activities, for a hot or cold day. Thanks to its capacity, it will quench your thirst many times. With an individual pattern, it distinguishes it from others. Despite the popular shape, you will always recognize which one is yours, e.g. in the gym. Our reusable bottle combines functionality and awareness of the impact on environmental protection. By changing your approach, you express yourself in a new way. Our bottle is environmentally friendly. Perfect for a gift for a child, man and woman. Regardless of the occasion!<\/p>\n<p>The heritage of Polish folk art gathers primarily regional embroidery.The Zamo\u015b\u0107 pattern was mostly based on the bodice of velvet. Embroidered in multicoloured cotton thread in flat, back and herringbone stitches. Trimmed with silk tape. Made in early 20th centure in Chocho\u0142\u00f3w in Zamo\u015b\u0107 province. Pattern belongs to the collection of the Ethnographic Museum in Warsaw.<\/p>\n","protected":false},"excerpt":{"rendered":"<p>Metal water bottle with individual design placed 360\u00b0. The heritage of Polish folk art is based on regional embroidery. The red and black embroidery in Zamo\u015b\u0107 touches the heart with its minimalism, reminiscent of the beginnings of the era of computer graphics.<\/p>\n","protected":false},"featured_media":8535,"comment_status":"closed","ping_status":"closed","template":"","meta":[],"product_cat":[892,920,912,423,918,425,902,886,904,914,908,916,910,888,421,256,922,401,906],"product_tag":[1004,1018,972,1006,994,1020,1010,986,1024,643,1016,998],"class_list":{"0":"post-8544","1":"product","2":"type-product","3":"status-publish","4":"has-post-thumbnail","6":"product_cat-50-pln-100-pln","7":"product_cat-birthday-names-day","8":"product_cat-christmas","9":"product_cat-collections","10":"product_cat-fathers-day","11":"product_cat-folklore-en","12":"product_cat-for-whom","13":"product_cat-gifts","14":"product_cat-kid","15":"product_cat-kids-day","16":"product_cat-man","17":"product_cat-mothers-day","18":"product_cat-occasion","19":"product_cat-price","20":"product_cat-sale-en","21":"product_cat-uncategorized-en","22":"product_cat-valentines-day","23":"product_cat-water-bottle","24":"product_cat-woman","25":"product_tag-bpa-free","26":"product_tag-ecological","27":"product_tag-embroidery","28":"product_tag-engraving","29":"product_tag-folk","30":"product_tag-metal-bottle","31":"product_tag-metal-water-bottle","32":"product_tag-pattern","33":"product_tag-polish-folk","34":"product_tag-sport-en","35":"product_tag-sport-activities","36":"product_tag-zamosc","38":"first","39":"instock","40":"sale","41":"shipping-taxable","42":"purchasable","43":"product-type-simple"},"yoast_head":"<!-- This site is optimized with the Yoast SEO plugin v23.9 - https:\/\/yoast.com\/wordpress\/plugins\/seo\/ -->\n<title>Metal bottle - Zamo\u015b\u0107 pattern - Simple Dream<\/title>\n<meta name=\"robots\" content=\"index, follow, max-snippet:-1, max-image-preview:large, max-video-preview:-1\" \/>\n<link rel=\"canonical\" href=\"https:\/\/simpledream.pl\/index.php\/en\/produkt\/metal-bottle-zamosc-pattern\/\" \/>\n<meta property=\"og:locale\" content=\"pl_PL\" \/>\n<meta property=\"og:type\" content=\"article\" \/>\n<meta property=\"og:title\" content=\"Metal bottle - Zamo\u015b\u0107 pattern - Simple Dream\" \/>\n<meta property=\"og:description\" content=\"Metal water bottle with individual design placed 360\u00b0. The heritage of Polish folk art is based on regional embroidery. The red and black embroidery in Zamo\u015b\u0107 touches the heart with its minimalism, reminiscent of the beginnings of the era of computer graphics.\" \/>\n<meta property=\"og:url\" content=\"https:\/\/simpledream.pl\/index.php\/en\/produkt\/metal-bottle-zamosc-pattern\/\" \/>\n<meta property=\"og:site_name\" content=\"Simple Dream\" \/>\n<meta property=\"article:modified_time\" content=\"2023-12-15T08:14:40+00:00\" \/>\n<meta property=\"og:image\" content=\"https:\/\/simpledream.pl\/wp-content\/uploads\/2022\/10\/SESJA-URSYNOW13.jpg\" \/>\n\t<meta property=\"og:image:width\" content=\"1200\" \/>\n\t<meta property=\"og:image:height\" content=\"1200\" \/>\n\t<meta property=\"og:image:type\" content=\"image\/jpeg\" \/>\n<meta name=\"twitter:card\" content=\"summary_large_image\" \/>\n<meta name=\"twitter:label1\" content=\"Szacowany czas czytania\" \/>\n\t<meta name=\"twitter:data1\" content=\"1 minuta\" \/>\n<script type=\"application\/ld+json\" class=\"yoast-schema-graph\">{\"@context\":\"https:\/\/schema.org\",\"@graph\":[{\"@type\":\"WebPage\",\"@id\":\"https:\/\/simpledream.pl\/index.php\/en\/produkt\/metal-bottle-zamosc-pattern\/\",\"url\":\"https:\/\/simpledream.pl\/index.php\/en\/produkt\/metal-bottle-zamosc-pattern\/\",\"name\":\"Metal bottle - Zamo\u015b\u0107 pattern - Simple Dream\",\"isPartOf\":{\"@id\":\"https:\/\/simpledream.pl\/#website\"},\"primaryImageOfPage\":{\"@id\":\"https:\/\/simpledream.pl\/index.php\/en\/produkt\/metal-bottle-zamosc-pattern\/#primaryimage\"},\"image\":{\"@id\":\"https:\/\/simpledream.pl\/index.php\/en\/produkt\/metal-bottle-zamosc-pattern\/#primaryimage\"},\"thumbnailUrl\":\"https:\/\/simpledream.pl\/wp-content\/uploads\/2022\/10\/SESJA-URSYNOW13.jpg\",\"datePublished\":\"2022-10-30T11:04:34+00:00\",\"dateModified\":\"2023-12-15T08:14:40+00:00\",\"breadcrumb\":{\"@id\":\"https:\/\/simpledream.pl\/index.php\/en\/produkt\/metal-bottle-zamosc-pattern\/#breadcrumb\"},\"inLanguage\":\"pl-PL\",\"potentialAction\":[{\"@type\":\"ReadAction\",\"target\":[\"https:\/\/simpledream.pl\/index.php\/en\/produkt\/metal-bottle-zamosc-pattern\/\"]}]},{\"@type\":\"ImageObject\",\"inLanguage\":\"pl-PL\",\"@id\":\"https:\/\/simpledream.pl\/index.php\/en\/produkt\/metal-bottle-zamosc-pattern\/#primaryimage\",\"url\":\"https:\/\/simpledream.pl\/wp-content\/uploads\/2022\/10\/SESJA-URSYNOW13.jpg\",\"contentUrl\":\"https:\/\/simpledream.pl\/wp-content\/uploads\/2022\/10\/SESJA-URSYNOW13.jpg\",\"width\":1200,\"height\":1200,\"caption\":\"Butelka na wod\u0119 unikalny zw\u00f3r Zamojski\"},{\"@type\":\"BreadcrumbList\",\"@id\":\"https:\/\/simpledream.pl\/index.php\/en\/produkt\/metal-bottle-zamosc-pattern\/#breadcrumb\",\"itemListElement\":[{\"@type\":\"ListItem\",\"position\":1,\"name\":\"Strona g\u0142\u00f3wna\",\"item\":\"https:\/\/simpledream.pl\/index.php\/pl\/main-home\/\"},{\"@type\":\"ListItem\",\"position\":2,\"name\":\"Sklep\",\"item\":\"https:\/\/simpledream.pl\/index.php\/pl\/sklep\/\"},{\"@type\":\"ListItem\",\"position\":3,\"name\":\"Metal bottle &#8211; Zamo\u015b\u0107 pattern\"}]},{\"@type\":\"WebSite\",\"@id\":\"https:\/\/simpledream.pl\/#website\",\"url\":\"https:\/\/simpledream.pl\/\",\"name\":\"Simple Dream\",\"description\":\"\",\"potentialAction\":[{\"@type\":\"SearchAction\",\"target\":{\"@type\":\"EntryPoint\",\"urlTemplate\":\"https:\/\/simpledream.pl\/?s={search_term_string}\"},\"query-input\":{\"@type\":\"PropertyValueSpecification\",\"valueRequired\":true,\"valueName\":\"search_term_string\"}}],\"inLanguage\":\"pl-PL\"}]}<\/script>\n<!-- \/ Yoast SEO plugin. -->","yoast_head_json":{"title":"Metal bottle - Zamo\u015b\u0107 pattern - Simple Dream","robots":{"index":"index","follow":"follow","max-snippet":"max-snippet:-1","max-image-preview":"max-image-preview:large","max-video-preview":"max-video-preview:-1"},"canonical":"https:\/\/simpledream.pl\/index.php\/en\/produkt\/metal-bottle-zamosc-pattern\/","og_locale":"pl_PL","og_type":"article","og_title":"Metal bottle - Zamo\u015b\u0107 pattern - Simple Dream","og_description":"Metal water bottle with individual design placed 360\u00b0. The heritage of Polish folk art is based on regional embroidery. The red and black embroidery in Zamo\u015b\u0107 touches the heart with its minimalism, reminiscent of the beginnings of the era of computer graphics.","og_url":"https:\/\/simpledream.pl\/index.php\/en\/produkt\/metal-bottle-zamosc-pattern\/","og_site_name":"Simple Dream","article_modified_time":"2023-12-15T08:14:40+00:00","og_image":[{"width":1200,"height":1200,"url":"https:\/\/simpledream.pl\/wp-content\/uploads\/2022\/10\/SESJA-URSYNOW13.jpg","type":"image\/jpeg"}],"twitter_card":"summary_large_image","twitter_misc":{"Szacowany czas czytania":"1 minuta"},"schema":{"@context":"https:\/\/schema.org","@graph":[{"@type":"WebPage","@id":"https:\/\/simpledream.pl\/index.php\/en\/produkt\/metal-bottle-zamosc-pattern\/","url":"https:\/\/simpledream.pl\/index.php\/en\/produkt\/metal-bottle-zamosc-pattern\/","name":"Metal bottle - Zamo\u015b\u0107 pattern - Simple Dream","isPartOf":{"@id":"https:\/\/simpledream.pl\/#website"},"primaryImageOfPage":{"@id":"https:\/\/simpledream.pl\/index.php\/en\/produkt\/metal-bottle-zamosc-pattern\/#primaryimage"},"image":{"@id":"https:\/\/simpledream.pl\/index.php\/en\/produkt\/metal-bottle-zamosc-pattern\/#primaryimage"},"thumbnailUrl":"https:\/\/simpledream.pl\/wp-content\/uploads\/2022\/10\/SESJA-URSYNOW13.jpg","datePublished":"2022-10-30T11:04:34+00:00","dateModified":"2023-12-15T08:14:40+00:00","breadcrumb":{"@id":"https:\/\/simpledream.pl\/index.php\/en\/produkt\/metal-bottle-zamosc-pattern\/#breadcrumb"},"inLanguage":"pl-PL","potentialAction":[{"@type":"ReadAction","target":["https:\/\/simpledream.pl\/index.php\/en\/produkt\/metal-bottle-zamosc-pattern\/"]}]},{"@type":"ImageObject","inLanguage":"pl-PL","@id":"https:\/\/simpledream.pl\/index.php\/en\/produkt\/metal-bottle-zamosc-pattern\/#primaryimage","url":"https:\/\/simpledream.pl\/wp-content\/uploads\/2022\/10\/SESJA-URSYNOW13.jpg","contentUrl":"https:\/\/simpledream.pl\/wp-content\/uploads\/2022\/10\/SESJA-URSYNOW13.jpg","width":1200,"height":1200,"caption":"Butelka na wod\u0119 unikalny zw\u00f3r Zamojski"},{"@type":"BreadcrumbList","@id":"https:\/\/simpledream.pl\/index.php\/en\/produkt\/metal-bottle-zamosc-pattern\/#breadcrumb","itemListElement":[{"@type":"ListItem","position":1,"name":"Strona g\u0142\u00f3wna","item":"https:\/\/simpledream.pl\/index.php\/pl\/main-home\/"},{"@type":"ListItem","position":2,"name":"Sklep","item":"https:\/\/simpledream.pl\/index.php\/pl\/sklep\/"},{"@type":"ListItem","position":3,"name":"Metal bottle &#8211; Zamo\u015b\u0107 pattern"}]},{"@type":"WebSite","@id":"https:\/\/simpledream.pl\/#website","url":"https:\/\/simpledream.pl\/","name":"Simple Dream","description":"","potentialAction":[{"@type":"SearchAction","target":{"@type":"EntryPoint","urlTemplate":"https:\/\/simpledream.pl\/?s={search_term_string}"},"query-input":{"@type":"PropertyValueSpecification","valueRequired":true,"valueName":"search_term_string"}}],"inLanguage":"pl-PL"}]}},"lang":"en","translations":{"en":8544,"pl":8534},"pll_sync_post":[],"_links":{"self":[{"href":"https:\/\/simpledream.pl\/index.php\/wp-json\/wp\/v2\/product\/8544","targetHints":{"allow":["GET"]}}],"collection":[{"href":"https:\/\/simpledream.pl\/index.php\/wp-json\/wp\/v2\/product"}],"about":[{"href":"https:\/\/simpledream.pl\/index.php\/wp-json\/wp\/v2\/types\/product"}],"replies":[{"embeddable":true,"href":"https:\/\/simpledream.pl\/index.php\/wp-json\/wp\/v2\/comments?post=8544"}],"version-history":[{"count":5,"href":"https:\/\/simpledream.pl\/index.php\/wp-json\/wp\/v2\/product\/8544\/revisions"}],"predecessor-version":[{"id":10743,"href":"https:\/\/simpledream.pl\/index.php\/wp-json\/wp\/v2\/product\/8544\/revisions\/10743"}],"wp:featuredmedia":[{"embeddable":true,"href":"https:\/\/simpledream.pl\/index.php\/wp-json\/wp\/v2\/media\/8535"}],"wp:attachment":[{"href":"https:\/\/simpledream.pl\/index.php\/wp-json\/wp\/v2\/media?parent=8544"}],"wp:term":[{"taxonomy":"product_cat","embeddable":true,"href":"https:\/\/simpledream.pl\/index.php\/wp-json\/wp\/v2\/product_cat?post=8544"},{"taxonomy":"product_tag","embeddable":true,"href":"https:\/\/simpledream.pl\/index.php\/wp-json\/wp\/v2\/product_tag?post=8544"}],"curies":[{"name":"wp","href":"https:\/\/api.w.org\/{rel}","templated":true}]}}