{"id":8629,"date":"2022-10-30T16:34:09","date_gmt":"2022-10-30T15:34:09","guid":{"rendered":"https:\/\/simpledream.pl\/?post_type=product&#038;p=8629"},"modified":"2026-03-14T15:10:20","modified_gmt":"2026-03-14T14:10:20","slug":"outdoor-bag-zamosc","status":"publish","type":"product","link":"https:\/\/simpledream.pl\/index.php\/en\/produkt\/outdoor-bag-zamosc\/","title":{"rendered":"Outdoor bag &#8211; Zamo\u015b\u0107"},"content":{"rendered":"<p>Outdoor bag made in a Polish sewing room. We used nylon and fleece. Sliding on the sides, it turns into a perfect solution for sitting on a dry or wet surface. Additionally, a pouch for a wallet, keys or a phone is sewn on the strings.<\/p>\n<p>We would like our bag to influence the implementation of new, positive, ecological behavior patterns. So what you take outdoors \u2013 you take it back with you. And our bag will make your task easier! You won\u2019t have to carry a thousand things with you and feel like you are lack of hands. Bag \u2013 a blanket to sit in one, will solve the tasks for you.<\/p>\n<p>Folded product dimensions:<\/p>\n<p>Height: 50 cm<\/p>\n<p>Width: 50 cm<\/p>\n<p>Additional elements:<br \/>\n\u2013 ankle zipper<br \/>\n\u2013 4 cm cotton tape<br \/>\n\u2013 removable bag for small items<\/p>\n<p>Outer material: nylon coated fabric; high water resistance \u2013 230 g \/ m2<br \/>\nInner material: fleece fabric \u2013 285 g \/ m2<br \/>\nPrint made using digital technique.<br \/>\nHand wash at 30 \u00b0 C. Allow the product to dry naturally, turned inside out. Maximum product weight up to 5 kg.<\/p>\n<p>The heritage of Polish folk art gathers primarily regional embroidery.The Zamo\u015b\u0107 pattern was mostly based on the bodice of velvet. Embroidered in multicoloured cotton thread in flat, back and herringbone stitches. Trimmed with silk tape. Made in early 20th centure in Chocho\u0142\u00f3w in Zamo\u015b\u0107 province. Pattern belongs to the collection of the Ethnographic Museum in Warsaw.<\/p>\n","protected":false},"excerpt":{"rendered":"<p>Outdoor bag made in a Polish sewing room. We used nylon and fleece. Sliding on the sides, it turns into a perfect solution for sitting on a dry or wet surface. The heritage of Polish folk art is based on regional embroidery. The red and black embroidery in Zamo\u015b\u0107 touches the heart with its minimalism, reminiscent of the beginnings of the era of computer graphics.<\/p>\n","protected":false},"featured_media":8618,"comment_status":"open","ping_status":"closed","template":"","meta":[],"product_cat":[894,419,920,912,423,425,902,886,916,910,888,421,256,922,906],"product_tag":[1073,1036,1053,934,936,930,932,1083,1232,1230,1034,1226,1228,1069,1087,608,998],"class_list":{"0":"post-8629","1":"product","2":"type-product","3":"status-publish","4":"has-post-thumbnail","6":"product_cat-100-pln-200-pln","7":"product_cat-bag","8":"product_cat-birthday-names-day","9":"product_cat-christmas","10":"product_cat-collections","11":"product_cat-folklore-en","12":"product_cat-for-whom","13":"product_cat-gifts","14":"product_cat-mothers-day","15":"product_cat-occasion","16":"product_cat-price","17":"product_cat-sale-en","18":"product_cat-uncategorized-en","19":"product_cat-valentines-day","20":"product_cat-woman","21":"product_tag-bag","22":"product_tag-flowers","23":"product_tag-for-her","24":"product_tag-gift-idea","25":"product_tag-graphic-pattern","26":"product_tag-hand-made","27":"product_tag-made-in-poland","28":"product_tag-nylon","29":"product_tag-outdoor-bag","30":"product_tag-picnic","31":"product_tag-protection","32":"product_tag-to-sit","33":"product_tag-to-take","34":"product_tag-trip","35":"product_tag-usefull","36":"product_tag-zamojski-en","37":"product_tag-zamosc","39":"first","40":"instock","41":"sale","42":"shipping-taxable","43":"purchasable","44":"product-type-simple"},"yoast_head":"<!-- This site is optimized with the Yoast SEO plugin v23.9 - https:\/\/yoast.com\/wordpress\/plugins\/seo\/ -->\n<title>Outdoor bag - Zamo\u015b\u0107 - Simple Dream<\/title>\n<meta name=\"robots\" content=\"index, follow, max-snippet:-1, max-image-preview:large, max-video-preview:-1\" \/>\n<link rel=\"canonical\" href=\"https:\/\/simpledream.pl\/index.php\/en\/produkt\/outdoor-bag-zamosc\/\" \/>\n<meta property=\"og:locale\" content=\"pl_PL\" \/>\n<meta property=\"og:type\" content=\"article\" \/>\n<meta property=\"og:title\" content=\"Outdoor bag - Zamo\u015b\u0107 - Simple Dream\" \/>\n<meta property=\"og:description\" content=\"Outdoor bag made in a Polish sewing room. We used nylon and fleece. Sliding on the sides, it turns into a perfect solution for sitting on a dry or wet surface. The heritage of Polish folk art is based on regional embroidery. The red and black embroidery in Zamo\u015b\u0107 touches the heart with its minimalism, reminiscent of the beginnings of the era of computer graphics.\" \/>\n<meta property=\"og:url\" content=\"https:\/\/simpledream.pl\/index.php\/en\/produkt\/outdoor-bag-zamosc\/\" \/>\n<meta property=\"og:site_name\" content=\"Simple Dream\" \/>\n<meta property=\"article:modified_time\" content=\"2026-03-14T14:10:20+00:00\" \/>\n<meta property=\"og:image\" content=\"https:\/\/simpledream.pl\/wp-content\/uploads\/2022\/10\/Finlandia-202241.jpg\" \/>\n\t<meta property=\"og:image:width\" content=\"1200\" \/>\n\t<meta property=\"og:image:height\" content=\"1200\" \/>\n\t<meta property=\"og:image:type\" content=\"image\/jpeg\" \/>\n<meta name=\"twitter:card\" content=\"summary_large_image\" \/>\n<meta name=\"twitter:label1\" content=\"Szacowany czas czytania\" \/>\n\t<meta name=\"twitter:data1\" content=\"1 minuta\" \/>\n<script type=\"application\/ld+json\" class=\"yoast-schema-graph\">{\"@context\":\"https:\/\/schema.org\",\"@graph\":[{\"@type\":\"WebPage\",\"@id\":\"https:\/\/simpledream.pl\/index.php\/en\/produkt\/outdoor-bag-zamosc\/\",\"url\":\"https:\/\/simpledream.pl\/index.php\/en\/produkt\/outdoor-bag-zamosc\/\",\"name\":\"Outdoor bag - Zamo\u015b\u0107 - Simple Dream\",\"isPartOf\":{\"@id\":\"https:\/\/simpledream.pl\/#website\"},\"primaryImageOfPage\":{\"@id\":\"https:\/\/simpledream.pl\/index.php\/en\/produkt\/outdoor-bag-zamosc\/#primaryimage\"},\"image\":{\"@id\":\"https:\/\/simpledream.pl\/index.php\/en\/produkt\/outdoor-bag-zamosc\/#primaryimage\"},\"thumbnailUrl\":\"https:\/\/simpledream.pl\/wp-content\/uploads\/2022\/10\/Finlandia-202241.jpg\",\"datePublished\":\"2022-10-30T15:34:09+00:00\",\"dateModified\":\"2026-03-14T14:10:20+00:00\",\"breadcrumb\":{\"@id\":\"https:\/\/simpledream.pl\/index.php\/en\/produkt\/outdoor-bag-zamosc\/#breadcrumb\"},\"inLanguage\":\"pl-PL\",\"potentialAction\":[{\"@type\":\"ReadAction\",\"target\":[\"https:\/\/simpledream.pl\/index.php\/en\/produkt\/outdoor-bag-zamosc\/\"]}]},{\"@type\":\"ImageObject\",\"inLanguage\":\"pl-PL\",\"@id\":\"https:\/\/simpledream.pl\/index.php\/en\/produkt\/outdoor-bag-zamosc\/#primaryimage\",\"url\":\"https:\/\/simpledream.pl\/wp-content\/uploads\/2022\/10\/Finlandia-202241.jpg\",\"contentUrl\":\"https:\/\/simpledream.pl\/wp-content\/uploads\/2022\/10\/Finlandia-202241.jpg\",\"width\":1200,\"height\":1200,\"caption\":\"Plener\u00f3wka \u2013 wyj\u0105tkowy wz\u00f3r sztuki ludowej\"},{\"@type\":\"BreadcrumbList\",\"@id\":\"https:\/\/simpledream.pl\/index.php\/en\/produkt\/outdoor-bag-zamosc\/#breadcrumb\",\"itemListElement\":[{\"@type\":\"ListItem\",\"position\":1,\"name\":\"Strona g\u0142\u00f3wna\",\"item\":\"https:\/\/simpledream.pl\/index.php\/pl\/main-home\/\"},{\"@type\":\"ListItem\",\"position\":2,\"name\":\"Sklep\",\"item\":\"https:\/\/simpledream.pl\/index.php\/pl\/sklep\/\"},{\"@type\":\"ListItem\",\"position\":3,\"name\":\"Outdoor bag &#8211; Zamo\u015b\u0107\"}]},{\"@type\":\"WebSite\",\"@id\":\"https:\/\/simpledream.pl\/#website\",\"url\":\"https:\/\/simpledream.pl\/\",\"name\":\"Simple Dream\",\"description\":\"\",\"potentialAction\":[{\"@type\":\"SearchAction\",\"target\":{\"@type\":\"EntryPoint\",\"urlTemplate\":\"https:\/\/simpledream.pl\/?s={search_term_string}\"},\"query-input\":{\"@type\":\"PropertyValueSpecification\",\"valueRequired\":true,\"valueName\":\"search_term_string\"}}],\"inLanguage\":\"pl-PL\"}]}<\/script>\n<!-- \/ Yoast SEO plugin. -->","yoast_head_json":{"title":"Outdoor bag - Zamo\u015b\u0107 - Simple Dream","robots":{"index":"index","follow":"follow","max-snippet":"max-snippet:-1","max-image-preview":"max-image-preview:large","max-video-preview":"max-video-preview:-1"},"canonical":"https:\/\/simpledream.pl\/index.php\/en\/produkt\/outdoor-bag-zamosc\/","og_locale":"pl_PL","og_type":"article","og_title":"Outdoor bag - Zamo\u015b\u0107 - Simple Dream","og_description":"Outdoor bag made in a Polish sewing room. We used nylon and fleece. Sliding on the sides, it turns into a perfect solution for sitting on a dry or wet surface. The heritage of Polish folk art is based on regional embroidery. The red and black embroidery in Zamo\u015b\u0107 touches the heart with its minimalism, reminiscent of the beginnings of the era of computer graphics.","og_url":"https:\/\/simpledream.pl\/index.php\/en\/produkt\/outdoor-bag-zamosc\/","og_site_name":"Simple Dream","article_modified_time":"2026-03-14T14:10:20+00:00","og_image":[{"width":1200,"height":1200,"url":"https:\/\/simpledream.pl\/wp-content\/uploads\/2022\/10\/Finlandia-202241.jpg","type":"image\/jpeg"}],"twitter_card":"summary_large_image","twitter_misc":{"Szacowany czas czytania":"1 minuta"},"schema":{"@context":"https:\/\/schema.org","@graph":[{"@type":"WebPage","@id":"https:\/\/simpledream.pl\/index.php\/en\/produkt\/outdoor-bag-zamosc\/","url":"https:\/\/simpledream.pl\/index.php\/en\/produkt\/outdoor-bag-zamosc\/","name":"Outdoor bag - Zamo\u015b\u0107 - Simple Dream","isPartOf":{"@id":"https:\/\/simpledream.pl\/#website"},"primaryImageOfPage":{"@id":"https:\/\/simpledream.pl\/index.php\/en\/produkt\/outdoor-bag-zamosc\/#primaryimage"},"image":{"@id":"https:\/\/simpledream.pl\/index.php\/en\/produkt\/outdoor-bag-zamosc\/#primaryimage"},"thumbnailUrl":"https:\/\/simpledream.pl\/wp-content\/uploads\/2022\/10\/Finlandia-202241.jpg","datePublished":"2022-10-30T15:34:09+00:00","dateModified":"2026-03-14T14:10:20+00:00","breadcrumb":{"@id":"https:\/\/simpledream.pl\/index.php\/en\/produkt\/outdoor-bag-zamosc\/#breadcrumb"},"inLanguage":"pl-PL","potentialAction":[{"@type":"ReadAction","target":["https:\/\/simpledream.pl\/index.php\/en\/produkt\/outdoor-bag-zamosc\/"]}]},{"@type":"ImageObject","inLanguage":"pl-PL","@id":"https:\/\/simpledream.pl\/index.php\/en\/produkt\/outdoor-bag-zamosc\/#primaryimage","url":"https:\/\/simpledream.pl\/wp-content\/uploads\/2022\/10\/Finlandia-202241.jpg","contentUrl":"https:\/\/simpledream.pl\/wp-content\/uploads\/2022\/10\/Finlandia-202241.jpg","width":1200,"height":1200,"caption":"Plener\u00f3wka \u2013 wyj\u0105tkowy wz\u00f3r sztuki ludowej"},{"@type":"BreadcrumbList","@id":"https:\/\/simpledream.pl\/index.php\/en\/produkt\/outdoor-bag-zamosc\/#breadcrumb","itemListElement":[{"@type":"ListItem","position":1,"name":"Strona g\u0142\u00f3wna","item":"https:\/\/simpledream.pl\/index.php\/pl\/main-home\/"},{"@type":"ListItem","position":2,"name":"Sklep","item":"https:\/\/simpledream.pl\/index.php\/pl\/sklep\/"},{"@type":"ListItem","position":3,"name":"Outdoor bag &#8211; Zamo\u015b\u0107"}]},{"@type":"WebSite","@id":"https:\/\/simpledream.pl\/#website","url":"https:\/\/simpledream.pl\/","name":"Simple Dream","description":"","potentialAction":[{"@type":"SearchAction","target":{"@type":"EntryPoint","urlTemplate":"https:\/\/simpledream.pl\/?s={search_term_string}"},"query-input":{"@type":"PropertyValueSpecification","valueRequired":true,"valueName":"search_term_string"}}],"inLanguage":"pl-PL"}]}},"lang":"en","translations":{"en":8629,"pl":8617},"pll_sync_post":[],"_links":{"self":[{"href":"https:\/\/simpledream.pl\/index.php\/wp-json\/wp\/v2\/product\/8629","targetHints":{"allow":["GET"]}}],"collection":[{"href":"https:\/\/simpledream.pl\/index.php\/wp-json\/wp\/v2\/product"}],"about":[{"href":"https:\/\/simpledream.pl\/index.php\/wp-json\/wp\/v2\/types\/product"}],"replies":[{"embeddable":true,"href":"https:\/\/simpledream.pl\/index.php\/wp-json\/wp\/v2\/comments?post=8629"}],"version-history":[{"count":5,"href":"https:\/\/simpledream.pl\/index.php\/wp-json\/wp\/v2\/product\/8629\/revisions"}],"predecessor-version":[{"id":10771,"href":"https:\/\/simpledream.pl\/index.php\/wp-json\/wp\/v2\/product\/8629\/revisions\/10771"}],"wp:featuredmedia":[{"embeddable":true,"href":"https:\/\/simpledream.pl\/index.php\/wp-json\/wp\/v2\/media\/8618"}],"wp:attachment":[{"href":"https:\/\/simpledream.pl\/index.php\/wp-json\/wp\/v2\/media?parent=8629"}],"wp:term":[{"taxonomy":"product_cat","embeddable":true,"href":"https:\/\/simpledream.pl\/index.php\/wp-json\/wp\/v2\/product_cat?post=8629"},{"taxonomy":"product_tag","embeddable":true,"href":"https:\/\/simpledream.pl\/index.php\/wp-json\/wp\/v2\/product_tag?post=8629"}],"curies":[{"name":"wp","href":"https:\/\/api.w.org\/{rel}","templated":true}]}}