{"id":8634,"date":"2022-10-30T16:50:54","date_gmt":"2022-10-30T15:50:54","guid":{"rendered":"https:\/\/simpledream.pl\/?post_type=product&#038;p=8634"},"modified":"2025-12-04T19:08:18","modified_gmt":"2025-12-04T18:08:18","slug":"plenerowka-kwiat-krakowski-zachodni","status":"publish","type":"product","link":"https:\/\/simpledream.pl\/index.php\/pl\/produkt\/plenerowka-kwiat-krakowski-zachodni\/","title":{"rendered":"Plener\u00f3wka &#8211; Kwiat krakowski zachodni"},"content":{"rendered":"<p>Torba plener\u00f3wka zosta\u0142a uszyta w polskiej szwalni z ortalionu oraz polaru. Rozsuwana po bokach przemienia si\u0119 w idealne rozwi\u0105zanie do siedzenia na suchej b\u0105d\u017a mokrej powierzchni. Dodatkowo na sznurkach wszyta jest sakiewka na portfel, klucze czy telefon.<\/p>\n<p>&nbsp;<\/p>\n<p>Chcieliby\u015bmy, aby nasza torba wp\u0142yn\u0119\u0142a na wdro\u017cenie nowych, pozytywnych, ekologicznych schemat\u00f3w zachowania. Czyli, to co ze sob\u0105 bierzesz w plener \u2013 zabierasz. A nasza torba u\u0142atwi ci zadanie! Nie b\u0119dziesz musia\u0142 nosi\u0107 ze sob\u0105 tysi\u0105ca rzeczy i czu\u0107 si\u0119 jakby brakowa\u0142o Ci r\u0105k. Torba \u2013 koc do siedzenia w jednym, rozwi\u0105\u017ce za Ciebie zadania.<\/p>\n<p>&nbsp;<\/p>\n<p>Wymiary z\u0142o\u017conego produktu:<\/p>\n<p>Wysoko\u015b\u0107: 50 cm<br \/>\nSzeroko\u015b\u0107: 50 cm<\/p>\n<p>&nbsp;<\/p>\n<p>Elementy dodatkowe:<br \/>\n\u2013 zamek kostkowe<br \/>\n\u2013 ta\u015bma bawe\u0142niana 4 cm<br \/>\n\u2013 \u015bci\u0105gany woreczek na drobiazgi<\/p>\n<p>&nbsp;<\/p>\n<p>Materia\u0142 zewn\u0119trzny: tkanina ortalionowa powleka; wysoka wodoodporno\u015b\u0107 \u2013 230 g\/m2<br \/>\nMateria\u0142 wewn\u0119trzny: tkanina polarowa \u2013 285 g\/m2<\/p>\n<p>&nbsp;<\/p>\n<p>Nadruk wykonany technik\u0105 cyfrow\u0105.<\/p>\n<p>&nbsp;<\/p>\n<p>Pra\u0107 r\u0119cznie w 30\u00b0C. Produkt pozostawi\u0107 do naturalnego wyschni\u0119cia, wywr\u00f3cony na drug\u0105 stron\u0119.<\/p>\n<p>&nbsp;<\/p>\n<p>Maksymalny ci\u0119\u017car produkt\u00f3w do 5 kg.<\/p>\n<p>&nbsp;<\/p>\n<p>Dziedzictwo polskiej sztuki ludowej opiera si\u0119 na haftach regionalnych. Zdobnictwo pochodz\u0105ce z regionu krakowskiego mo\u017cna zaliczy\u0107 do najbardziej rozpoznawalnych w Polsce. Etnografowie dziel\u0105 region krakowski na zachodni (miasto Krak\u00f3w, okalaj\u0105ce go wsie i miejscowo\u015bci w kierunku p\u00f3\u0142nocno \u2013 zachodnim) oraz wschodni (po\u0142udniowo \u2013 wschodnie obrze\u017ca miasta i dalej w kierunku Brzeska i Tarnowa). Hafty bia\u0142e i kolorowe, to jeden z najbardziej charakterystycznych element\u00f3w stroju krakowskiego. Noszony do ko\u0144ca XVIII w. sta\u0142 si\u0119 ubiorem od\u015bwi\u0119tnym na pocz\u0105tku XX w.<\/p>\n","protected":false},"excerpt":{"rendered":"<p>Torba plener\u00f3wka uszyta w polskiej szwalni z ortalionu oraz polaru. Rozsuwana po bokach przemienia si\u0119 w idealne rozwi\u0105zanie do siedzenia na suchej b\u0105d\u017a mokrej powierzchni. Dziedzictwo polskiej sztuki ludowej opiera si\u0119 na haftach regionalnych. Haft krakowski to szale\u0144stwo kolor\u00f3w, jakimi mieni si\u0119 wybuchaj\u0105ca wiosn\u0105 przyroda i rozkosz dla wszystkich, kt\u00f3rzy kochaj\u0105 kwiaty.<\/p>\n","protected":false},"featured_media":8635,"comment_status":"closed","ping_status":"closed","template":"","meta":[],"product_cat":[140,15,92,95,115,116,119,130,132,123,125,128,124,129,91,64],"product_tag":[1212,167,1210,1197,499,1218,1208,1216,162,1214,212],"class_list":{"0":"post-8634","1":"product","2":"type-product","3":"status-publish","4":"has-post-thumbnail","6":"product_cat-sale","7":"product_cat-bez-kategorii","8":"product_cat-kolekcje","9":"product_cat-folklor","10":"product_cat-prezenty","11":"product_cat-cena","12":"product_cat-100-zl-200-zl","13":"product_cat-dla-kogo","14":"product_cat-kobieta","15":"product_cat-okazja","16":"product_cat-boze-narodzenie","17":"product_cat-dzien-matki","18":"product_cat-urodziny-imieniny","19":"product_cat-walentynki","20":"product_cat-torba","21":"product_cat-uncategorized","22":"product_tag-do-siedzenia","23":"product_tag-krakow","24":"product_tag-laka","25":"product_tag-made-in-poland","26":"product_tag-malopolska","27":"product_tag-nieprzemakalne","28":"product_tag-plenerowka","29":"product_tag-polar","30":"product_tag-szycie","31":"product_tag-w-plener","32":"product_tag-wzor","34":"first","35":"instock","36":"sale","37":"shipping-taxable","38":"purchasable","39":"product-type-simple"},"yoast_head":"<!-- This site is optimized with the Yoast SEO plugin v23.9 - https:\/\/yoast.com\/wordpress\/plugins\/seo\/ -->\n<title>Plener\u00f3wka - Kwiat krakowski zachodni - Simple Dream<\/title>\n<meta name=\"robots\" content=\"index, follow, max-snippet:-1, max-image-preview:large, max-video-preview:-1\" \/>\n<link rel=\"canonical\" href=\"https:\/\/simpledream.pl\/index.php\/pl\/produkt\/plenerowka-kwiat-krakowski-zachodni\/\" \/>\n<meta property=\"og:locale\" content=\"pl_PL\" \/>\n<meta property=\"og:type\" content=\"article\" \/>\n<meta property=\"og:title\" content=\"Plener\u00f3wka - Kwiat krakowski zachodni - Simple Dream\" \/>\n<meta property=\"og:description\" content=\"Torba plener\u00f3wka uszyta w polskiej szwalni z ortalionu oraz polaru. Rozsuwana po bokach przemienia si\u0119 w idealne rozwi\u0105zanie do siedzenia na suchej b\u0105d\u017a mokrej powierzchni. Dziedzictwo polskiej sztuki ludowej opiera si\u0119 na haftach regionalnych. Haft krakowski to szale\u0144stwo kolor\u00f3w, jakimi mieni si\u0119 wybuchaj\u0105ca wiosn\u0105 przyroda i rozkosz dla wszystkich, kt\u00f3rzy kochaj\u0105 kwiaty.\" \/>\n<meta property=\"og:url\" content=\"https:\/\/simpledream.pl\/index.php\/pl\/produkt\/plenerowka-kwiat-krakowski-zachodni\/\" \/>\n<meta property=\"og:site_name\" content=\"Simple Dream\" \/>\n<meta property=\"article:modified_time\" content=\"2025-12-04T18:08:18+00:00\" \/>\n<meta property=\"og:image\" content=\"https:\/\/simpledream.pl\/wp-content\/uploads\/2022\/10\/Finlandia-202244.jpg\" \/>\n\t<meta property=\"og:image:width\" content=\"1200\" \/>\n\t<meta property=\"og:image:height\" content=\"1200\" \/>\n\t<meta property=\"og:image:type\" content=\"image\/jpeg\" \/>\n<meta name=\"twitter:card\" content=\"summary_large_image\" \/>\n<meta name=\"twitter:label1\" content=\"Szacowany czas czytania\" \/>\n\t<meta name=\"twitter:data1\" content=\"1 minuta\" \/>\n<script type=\"application\/ld+json\" class=\"yoast-schema-graph\">{\"@context\":\"https:\/\/schema.org\",\"@graph\":[{\"@type\":\"WebPage\",\"@id\":\"https:\/\/simpledream.pl\/index.php\/pl\/produkt\/plenerowka-kwiat-krakowski-zachodni\/\",\"url\":\"https:\/\/simpledream.pl\/index.php\/pl\/produkt\/plenerowka-kwiat-krakowski-zachodni\/\",\"name\":\"Plener\u00f3wka - Kwiat krakowski zachodni - Simple Dream\",\"isPartOf\":{\"@id\":\"https:\/\/simpledream.pl\/#website\"},\"primaryImageOfPage\":{\"@id\":\"https:\/\/simpledream.pl\/index.php\/pl\/produkt\/plenerowka-kwiat-krakowski-zachodni\/#primaryimage\"},\"image\":{\"@id\":\"https:\/\/simpledream.pl\/index.php\/pl\/produkt\/plenerowka-kwiat-krakowski-zachodni\/#primaryimage\"},\"thumbnailUrl\":\"https:\/\/simpledream.pl\/wp-content\/uploads\/2022\/10\/Finlandia-202244.jpg\",\"datePublished\":\"2022-10-30T15:50:54+00:00\",\"dateModified\":\"2025-12-04T18:08:18+00:00\",\"breadcrumb\":{\"@id\":\"https:\/\/simpledream.pl\/index.php\/pl\/produkt\/plenerowka-kwiat-krakowski-zachodni\/#breadcrumb\"},\"inLanguage\":\"pl-PL\",\"potentialAction\":[{\"@type\":\"ReadAction\",\"target\":[\"https:\/\/simpledream.pl\/index.php\/pl\/produkt\/plenerowka-kwiat-krakowski-zachodni\/\"]}]},{\"@type\":\"ImageObject\",\"inLanguage\":\"pl-PL\",\"@id\":\"https:\/\/simpledream.pl\/index.php\/pl\/produkt\/plenerowka-kwiat-krakowski-zachodni\/#primaryimage\",\"url\":\"https:\/\/simpledream.pl\/wp-content\/uploads\/2022\/10\/Finlandia-202244.jpg\",\"contentUrl\":\"https:\/\/simpledream.pl\/wp-content\/uploads\/2022\/10\/Finlandia-202244.jpg\",\"width\":1200,\"height\":1200,\"caption\":\"Plener\u00f3wka z ortalionu ciekawy wz\u00f3r\"},{\"@type\":\"BreadcrumbList\",\"@id\":\"https:\/\/simpledream.pl\/index.php\/pl\/produkt\/plenerowka-kwiat-krakowski-zachodni\/#breadcrumb\",\"itemListElement\":[{\"@type\":\"ListItem\",\"position\":1,\"name\":\"Strona g\u0142\u00f3wna\",\"item\":\"https:\/\/simpledream.pl\/index.php\/pl\/main-home\/\"},{\"@type\":\"ListItem\",\"position\":2,\"name\":\"Sklep\",\"item\":\"https:\/\/simpledream.pl\/index.php\/pl\/sklep\/\"},{\"@type\":\"ListItem\",\"position\":3,\"name\":\"Plener\u00f3wka &#8211; Kwiat krakowski zachodni\"}]},{\"@type\":\"WebSite\",\"@id\":\"https:\/\/simpledream.pl\/#website\",\"url\":\"https:\/\/simpledream.pl\/\",\"name\":\"Simple Dream\",\"description\":\"\",\"potentialAction\":[{\"@type\":\"SearchAction\",\"target\":{\"@type\":\"EntryPoint\",\"urlTemplate\":\"https:\/\/simpledream.pl\/?s={search_term_string}\"},\"query-input\":{\"@type\":\"PropertyValueSpecification\",\"valueRequired\":true,\"valueName\":\"search_term_string\"}}],\"inLanguage\":\"pl-PL\"}]}<\/script>\n<!-- \/ Yoast SEO plugin. -->","yoast_head_json":{"title":"Plener\u00f3wka - Kwiat krakowski zachodni - Simple Dream","robots":{"index":"index","follow":"follow","max-snippet":"max-snippet:-1","max-image-preview":"max-image-preview:large","max-video-preview":"max-video-preview:-1"},"canonical":"https:\/\/simpledream.pl\/index.php\/pl\/produkt\/plenerowka-kwiat-krakowski-zachodni\/","og_locale":"pl_PL","og_type":"article","og_title":"Plener\u00f3wka - Kwiat krakowski zachodni - Simple Dream","og_description":"Torba plener\u00f3wka uszyta w polskiej szwalni z ortalionu oraz polaru. Rozsuwana po bokach przemienia si\u0119 w idealne rozwi\u0105zanie do siedzenia na suchej b\u0105d\u017a mokrej powierzchni. Dziedzictwo polskiej sztuki ludowej opiera si\u0119 na haftach regionalnych. Haft krakowski to szale\u0144stwo kolor\u00f3w, jakimi mieni si\u0119 wybuchaj\u0105ca wiosn\u0105 przyroda i rozkosz dla wszystkich, kt\u00f3rzy kochaj\u0105 kwiaty.","og_url":"https:\/\/simpledream.pl\/index.php\/pl\/produkt\/plenerowka-kwiat-krakowski-zachodni\/","og_site_name":"Simple Dream","article_modified_time":"2025-12-04T18:08:18+00:00","og_image":[{"width":1200,"height":1200,"url":"https:\/\/simpledream.pl\/wp-content\/uploads\/2022\/10\/Finlandia-202244.jpg","type":"image\/jpeg"}],"twitter_card":"summary_large_image","twitter_misc":{"Szacowany czas czytania":"1 minuta"},"schema":{"@context":"https:\/\/schema.org","@graph":[{"@type":"WebPage","@id":"https:\/\/simpledream.pl\/index.php\/pl\/produkt\/plenerowka-kwiat-krakowski-zachodni\/","url":"https:\/\/simpledream.pl\/index.php\/pl\/produkt\/plenerowka-kwiat-krakowski-zachodni\/","name":"Plener\u00f3wka - Kwiat krakowski zachodni - Simple Dream","isPartOf":{"@id":"https:\/\/simpledream.pl\/#website"},"primaryImageOfPage":{"@id":"https:\/\/simpledream.pl\/index.php\/pl\/produkt\/plenerowka-kwiat-krakowski-zachodni\/#primaryimage"},"image":{"@id":"https:\/\/simpledream.pl\/index.php\/pl\/produkt\/plenerowka-kwiat-krakowski-zachodni\/#primaryimage"},"thumbnailUrl":"https:\/\/simpledream.pl\/wp-content\/uploads\/2022\/10\/Finlandia-202244.jpg","datePublished":"2022-10-30T15:50:54+00:00","dateModified":"2025-12-04T18:08:18+00:00","breadcrumb":{"@id":"https:\/\/simpledream.pl\/index.php\/pl\/produkt\/plenerowka-kwiat-krakowski-zachodni\/#breadcrumb"},"inLanguage":"pl-PL","potentialAction":[{"@type":"ReadAction","target":["https:\/\/simpledream.pl\/index.php\/pl\/produkt\/plenerowka-kwiat-krakowski-zachodni\/"]}]},{"@type":"ImageObject","inLanguage":"pl-PL","@id":"https:\/\/simpledream.pl\/index.php\/pl\/produkt\/plenerowka-kwiat-krakowski-zachodni\/#primaryimage","url":"https:\/\/simpledream.pl\/wp-content\/uploads\/2022\/10\/Finlandia-202244.jpg","contentUrl":"https:\/\/simpledream.pl\/wp-content\/uploads\/2022\/10\/Finlandia-202244.jpg","width":1200,"height":1200,"caption":"Plener\u00f3wka z ortalionu ciekawy wz\u00f3r"},{"@type":"BreadcrumbList","@id":"https:\/\/simpledream.pl\/index.php\/pl\/produkt\/plenerowka-kwiat-krakowski-zachodni\/#breadcrumb","itemListElement":[{"@type":"ListItem","position":1,"name":"Strona g\u0142\u00f3wna","item":"https:\/\/simpledream.pl\/index.php\/pl\/main-home\/"},{"@type":"ListItem","position":2,"name":"Sklep","item":"https:\/\/simpledream.pl\/index.php\/pl\/sklep\/"},{"@type":"ListItem","position":3,"name":"Plener\u00f3wka &#8211; Kwiat krakowski zachodni"}]},{"@type":"WebSite","@id":"https:\/\/simpledream.pl\/#website","url":"https:\/\/simpledream.pl\/","name":"Simple Dream","description":"","potentialAction":[{"@type":"SearchAction","target":{"@type":"EntryPoint","urlTemplate":"https:\/\/simpledream.pl\/?s={search_term_string}"},"query-input":{"@type":"PropertyValueSpecification","valueRequired":true,"valueName":"search_term_string"}}],"inLanguage":"pl-PL"}]}},"lang":"pl","translations":{"pl":8634,"en":8646},"pll_sync_post":[],"_links":{"self":[{"href":"https:\/\/simpledream.pl\/index.php\/wp-json\/wp\/v2\/product\/8634","targetHints":{"allow":["GET"]}}],"collection":[{"href":"https:\/\/simpledream.pl\/index.php\/wp-json\/wp\/v2\/product"}],"about":[{"href":"https:\/\/simpledream.pl\/index.php\/wp-json\/wp\/v2\/types\/product"}],"replies":[{"embeddable":true,"href":"https:\/\/simpledream.pl\/index.php\/wp-json\/wp\/v2\/comments?post=8634"}],"version-history":[{"count":6,"href":"https:\/\/simpledream.pl\/index.php\/wp-json\/wp\/v2\/product\/8634\/revisions"}],"predecessor-version":[{"id":9709,"href":"https:\/\/simpledream.pl\/index.php\/wp-json\/wp\/v2\/product\/8634\/revisions\/9709"}],"wp:featuredmedia":[{"embeddable":true,"href":"https:\/\/simpledream.pl\/index.php\/wp-json\/wp\/v2\/media\/8635"}],"wp:attachment":[{"href":"https:\/\/simpledream.pl\/index.php\/wp-json\/wp\/v2\/media?parent=8634"}],"wp:term":[{"taxonomy":"product_cat","embeddable":true,"href":"https:\/\/simpledream.pl\/index.php\/wp-json\/wp\/v2\/product_cat?post=8634"},{"taxonomy":"product_tag","embeddable":true,"href":"https:\/\/simpledream.pl\/index.php\/wp-json\/wp\/v2\/product_tag?post=8634"}],"curies":[{"name":"wp","href":"https:\/\/api.w.org\/{rel}","templated":true}]}}