{"id":8737,"date":"2022-10-30T20:43:57","date_gmt":"2022-10-30T19:43:57","guid":{"rendered":"https:\/\/simpledream.pl\/?post_type=product&#038;p=8737"},"modified":"2023-12-19T09:11:33","modified_gmt":"2023-12-19T08:11:33","slug":"city-rucksack-lady-in-a-lila-dress","status":"publish","type":"product","link":"https:\/\/simpledream.pl\/index.php\/en\/produkt\/city-rucksack-lady-in-a-lila-dress\/","title":{"rendered":"City rucksack &#8211; Lady in a lila dress"},"content":{"rendered":"<p>The city backpack was made in a Polish sewing room. Waterproof, with a zipper on both sides. It has a double handle so that you can easily hold it in your hand. Two small pockets inside, sewn on the backs. One with a zipper.<\/p>\n<p>Strong colors are a great addition to a toned-down outfit. And, the pattern is so characteristic that it is impossible not to look at it. We designed it so that it is not too big and can hold a lot of things. Thanks to its thickness, it is really capacious. And the zipper is sewn almost all over the area, giving you access to all products. So packing and unpacking it is very easy!<\/p>\n<p>Height: 35 cm<\/p>\n<p>Width: 25 cm<\/p>\n<p>Bottom depth: 16 cm<\/p>\n<p>Additional elements:<\/p>\n<p>\u2013 plastic regulators and buckle<\/p>\n<p>\u2013 3 cm cotton tape<\/p>\n<p>Outer material: coated orthalion fabric; high water resistance \u2013 230 g \/ m2<br \/>\nInner material: lcodura with pvc coating \u2013 500 g \/ m2<\/p>\n<p>Print made using digital technique. Hand wash at 30\u00b0 C. Allow the product to dry naturally, turned inside out. Maximum product weight up to 5 kg.<\/p>\n<p>The painting \u201cLady in a lila dress\u201d was made by W\u0142adys\u0142aw Czach\u00f3rski in 1903. It belongs to the collection of the National Museum in Warsaw. Shows a lady sitting comfortably in the living room in an armchair, surrounded by floral arrangements. The image stimulates the senses, and creates an illusion of touch by a shininess of a satin dress and the softness of velvet. It attracts the viewer\u2019s eyes through the intricately recreated lace patterns of the main character\u2019s dress, vase details, floral arrangements and room decor.<\/p>\n","protected":false},"excerpt":{"rendered":"<p><span class=\"Y2IQFc\" lang=\"en\">The city rucksack was made in a Polish sewing room. We used nylon and codura. It is a colorful response to the need for useful products.The painting \u201cLady in a lila dress\u201d was made by W\u0142adys\u0142aw Czach\u00f3rski in 1903. It belongs to the collection of the National Museum in Warsaw.<\/span><\/p>\n","protected":false},"featured_media":8724,"comment_status":"closed","ping_status":"closed","template":"","meta":[],"product_cat":[896,431,920,912,423,902,886,904,914,916,910,888,415,421,256,922,906],"product_tag":[1055,1085,1053,1051,934,930,1270,932,976,1083,940,1034,1079,643,1069,1087,1000],"class_list":{"0":"post-8737","1":"product","2":"type-product","3":"status-publish","4":"has-post-thumbnail","6":"product_cat-200-pln-300-pln","7":"product_cat-art","8":"product_cat-birthday-names-day","9":"product_cat-christmas","10":"product_cat-collections","11":"product_cat-for-whom","12":"product_cat-gifts","13":"product_cat-kid","14":"product_cat-kids-day","15":"product_cat-mothers-day","16":"product_cat-occasion","17":"product_cat-price","18":"product_cat-rucksack","19":"product_cat-sale-en","20":"product_cat-uncategorized-en","21":"product_cat-valentines-day","22":"product_cat-woman","23":"product_tag-art","24":"product_tag-backpack","25":"product_tag-for-her","26":"product_tag-for-him","27":"product_tag-gift-idea","28":"product_tag-hand-made","29":"product_tag-lady-in-a-lila-dress","30":"product_tag-made-in-poland","31":"product_tag-national-museum-in-warsaw","32":"product_tag-nylon","33":"product_tag-painting","34":"product_tag-protection","35":"product_tag-rucksack","36":"product_tag-sport-en","37":"product_tag-trip","38":"product_tag-usefull","39":"product_tag-wladyslaw-czachorski","41":"first","42":"instock","43":"sale","44":"shipping-taxable","45":"purchasable","46":"product-type-simple"},"yoast_head":"<!-- This site is optimized with the Yoast SEO plugin v23.9 - https:\/\/yoast.com\/wordpress\/plugins\/seo\/ -->\n<title>City rucksack - Lady in a lila dress - Simple Dream<\/title>\n<meta name=\"robots\" content=\"index, follow, max-snippet:-1, max-image-preview:large, max-video-preview:-1\" \/>\n<link rel=\"canonical\" href=\"https:\/\/simpledream.pl\/index.php\/en\/produkt\/city-rucksack-lady-in-a-lila-dress\/\" \/>\n<meta property=\"og:locale\" content=\"pl_PL\" \/>\n<meta property=\"og:type\" content=\"article\" \/>\n<meta property=\"og:title\" content=\"City rucksack - Lady in a lila dress - Simple Dream\" \/>\n<meta property=\"og:description\" content=\"The city rucksack was made in a Polish sewing room. We used nylon and codura. It is a colorful response to the need for useful products.The painting \u201cLady in a lila dress\u201d was made by W\u0142adys\u0142aw Czach\u00f3rski in 1903. It belongs to the collection of the National Museum in Warsaw.\" \/>\n<meta property=\"og:url\" content=\"https:\/\/simpledream.pl\/index.php\/en\/produkt\/city-rucksack-lady-in-a-lila-dress\/\" \/>\n<meta property=\"og:site_name\" content=\"Simple Dream\" \/>\n<meta property=\"article:modified_time\" content=\"2023-12-19T08:11:33+00:00\" \/>\n<meta property=\"og:image\" content=\"https:\/\/simpledream.pl\/wp-content\/uploads\/2022\/10\/2-SESJA-URSYNOW55.jpg\" \/>\n\t<meta property=\"og:image:width\" content=\"1200\" \/>\n\t<meta property=\"og:image:height\" content=\"1200\" \/>\n\t<meta property=\"og:image:type\" content=\"image\/jpeg\" \/>\n<meta name=\"twitter:card\" content=\"summary_large_image\" \/>\n<meta name=\"twitter:label1\" content=\"Szacowany czas czytania\" \/>\n\t<meta name=\"twitter:data1\" content=\"1 minuta\" \/>\n<script type=\"application\/ld+json\" class=\"yoast-schema-graph\">{\"@context\":\"https:\/\/schema.org\",\"@graph\":[{\"@type\":\"WebPage\",\"@id\":\"https:\/\/simpledream.pl\/index.php\/en\/produkt\/city-rucksack-lady-in-a-lila-dress\/\",\"url\":\"https:\/\/simpledream.pl\/index.php\/en\/produkt\/city-rucksack-lady-in-a-lila-dress\/\",\"name\":\"City rucksack - Lady in a lila dress - Simple Dream\",\"isPartOf\":{\"@id\":\"https:\/\/simpledream.pl\/#website\"},\"primaryImageOfPage\":{\"@id\":\"https:\/\/simpledream.pl\/index.php\/en\/produkt\/city-rucksack-lady-in-a-lila-dress\/#primaryimage\"},\"image\":{\"@id\":\"https:\/\/simpledream.pl\/index.php\/en\/produkt\/city-rucksack-lady-in-a-lila-dress\/#primaryimage\"},\"thumbnailUrl\":\"https:\/\/simpledream.pl\/wp-content\/uploads\/2022\/10\/2-SESJA-URSYNOW55.jpg\",\"datePublished\":\"2022-10-30T19:43:57+00:00\",\"dateModified\":\"2023-12-19T08:11:33+00:00\",\"breadcrumb\":{\"@id\":\"https:\/\/simpledream.pl\/index.php\/en\/produkt\/city-rucksack-lady-in-a-lila-dress\/#breadcrumb\"},\"inLanguage\":\"pl-PL\",\"potentialAction\":[{\"@type\":\"ReadAction\",\"target\":[\"https:\/\/simpledream.pl\/index.php\/en\/produkt\/city-rucksack-lady-in-a-lila-dress\/\"]}]},{\"@type\":\"ImageObject\",\"inLanguage\":\"pl-PL\",\"@id\":\"https:\/\/simpledream.pl\/index.php\/en\/produkt\/city-rucksack-lady-in-a-lila-dress\/#primaryimage\",\"url\":\"https:\/\/simpledream.pl\/wp-content\/uploads\/2022\/10\/2-SESJA-URSYNOW55.jpg\",\"contentUrl\":\"https:\/\/simpledream.pl\/wp-content\/uploads\/2022\/10\/2-SESJA-URSYNOW55.jpg\",\"width\":1200,\"height\":1200,\"caption\":\"Wyj\u0105tkowy Plecak miejski\"},{\"@type\":\"BreadcrumbList\",\"@id\":\"https:\/\/simpledream.pl\/index.php\/en\/produkt\/city-rucksack-lady-in-a-lila-dress\/#breadcrumb\",\"itemListElement\":[{\"@type\":\"ListItem\",\"position\":1,\"name\":\"Strona g\u0142\u00f3wna\",\"item\":\"https:\/\/simpledream.pl\/index.php\/pl\/main-home\/\"},{\"@type\":\"ListItem\",\"position\":2,\"name\":\"Sklep\",\"item\":\"https:\/\/simpledream.pl\/index.php\/pl\/sklep\/\"},{\"@type\":\"ListItem\",\"position\":3,\"name\":\"City rucksack &#8211; Lady in a lila dress\"}]},{\"@type\":\"WebSite\",\"@id\":\"https:\/\/simpledream.pl\/#website\",\"url\":\"https:\/\/simpledream.pl\/\",\"name\":\"Simple Dream\",\"description\":\"\",\"potentialAction\":[{\"@type\":\"SearchAction\",\"target\":{\"@type\":\"EntryPoint\",\"urlTemplate\":\"https:\/\/simpledream.pl\/?s={search_term_string}\"},\"query-input\":{\"@type\":\"PropertyValueSpecification\",\"valueRequired\":true,\"valueName\":\"search_term_string\"}}],\"inLanguage\":\"pl-PL\"}]}<\/script>\n<!-- \/ Yoast SEO plugin. -->","yoast_head_json":{"title":"City rucksack - Lady in a lila dress - Simple Dream","robots":{"index":"index","follow":"follow","max-snippet":"max-snippet:-1","max-image-preview":"max-image-preview:large","max-video-preview":"max-video-preview:-1"},"canonical":"https:\/\/simpledream.pl\/index.php\/en\/produkt\/city-rucksack-lady-in-a-lila-dress\/","og_locale":"pl_PL","og_type":"article","og_title":"City rucksack - Lady in a lila dress - Simple Dream","og_description":"The city rucksack was made in a Polish sewing room. We used nylon and codura. It is a colorful response to the need for useful products.The painting \u201cLady in a lila dress\u201d was made by W\u0142adys\u0142aw Czach\u00f3rski in 1903. It belongs to the collection of the National Museum in Warsaw.","og_url":"https:\/\/simpledream.pl\/index.php\/en\/produkt\/city-rucksack-lady-in-a-lila-dress\/","og_site_name":"Simple Dream","article_modified_time":"2023-12-19T08:11:33+00:00","og_image":[{"width":1200,"height":1200,"url":"https:\/\/simpledream.pl\/wp-content\/uploads\/2022\/10\/2-SESJA-URSYNOW55.jpg","type":"image\/jpeg"}],"twitter_card":"summary_large_image","twitter_misc":{"Szacowany czas czytania":"1 minuta"},"schema":{"@context":"https:\/\/schema.org","@graph":[{"@type":"WebPage","@id":"https:\/\/simpledream.pl\/index.php\/en\/produkt\/city-rucksack-lady-in-a-lila-dress\/","url":"https:\/\/simpledream.pl\/index.php\/en\/produkt\/city-rucksack-lady-in-a-lila-dress\/","name":"City rucksack - Lady in a lila dress - Simple Dream","isPartOf":{"@id":"https:\/\/simpledream.pl\/#website"},"primaryImageOfPage":{"@id":"https:\/\/simpledream.pl\/index.php\/en\/produkt\/city-rucksack-lady-in-a-lila-dress\/#primaryimage"},"image":{"@id":"https:\/\/simpledream.pl\/index.php\/en\/produkt\/city-rucksack-lady-in-a-lila-dress\/#primaryimage"},"thumbnailUrl":"https:\/\/simpledream.pl\/wp-content\/uploads\/2022\/10\/2-SESJA-URSYNOW55.jpg","datePublished":"2022-10-30T19:43:57+00:00","dateModified":"2023-12-19T08:11:33+00:00","breadcrumb":{"@id":"https:\/\/simpledream.pl\/index.php\/en\/produkt\/city-rucksack-lady-in-a-lila-dress\/#breadcrumb"},"inLanguage":"pl-PL","potentialAction":[{"@type":"ReadAction","target":["https:\/\/simpledream.pl\/index.php\/en\/produkt\/city-rucksack-lady-in-a-lila-dress\/"]}]},{"@type":"ImageObject","inLanguage":"pl-PL","@id":"https:\/\/simpledream.pl\/index.php\/en\/produkt\/city-rucksack-lady-in-a-lila-dress\/#primaryimage","url":"https:\/\/simpledream.pl\/wp-content\/uploads\/2022\/10\/2-SESJA-URSYNOW55.jpg","contentUrl":"https:\/\/simpledream.pl\/wp-content\/uploads\/2022\/10\/2-SESJA-URSYNOW55.jpg","width":1200,"height":1200,"caption":"Wyj\u0105tkowy Plecak miejski"},{"@type":"BreadcrumbList","@id":"https:\/\/simpledream.pl\/index.php\/en\/produkt\/city-rucksack-lady-in-a-lila-dress\/#breadcrumb","itemListElement":[{"@type":"ListItem","position":1,"name":"Strona g\u0142\u00f3wna","item":"https:\/\/simpledream.pl\/index.php\/pl\/main-home\/"},{"@type":"ListItem","position":2,"name":"Sklep","item":"https:\/\/simpledream.pl\/index.php\/pl\/sklep\/"},{"@type":"ListItem","position":3,"name":"City rucksack &#8211; Lady in a lila dress"}]},{"@type":"WebSite","@id":"https:\/\/simpledream.pl\/#website","url":"https:\/\/simpledream.pl\/","name":"Simple Dream","description":"","potentialAction":[{"@type":"SearchAction","target":{"@type":"EntryPoint","urlTemplate":"https:\/\/simpledream.pl\/?s={search_term_string}"},"query-input":{"@type":"PropertyValueSpecification","valueRequired":true,"valueName":"search_term_string"}}],"inLanguage":"pl-PL"}]}},"lang":"en","translations":{"en":8737,"pl":8720},"pll_sync_post":[],"_links":{"self":[{"href":"https:\/\/simpledream.pl\/index.php\/wp-json\/wp\/v2\/product\/8737","targetHints":{"allow":["GET"]}}],"collection":[{"href":"https:\/\/simpledream.pl\/index.php\/wp-json\/wp\/v2\/product"}],"about":[{"href":"https:\/\/simpledream.pl\/index.php\/wp-json\/wp\/v2\/types\/product"}],"replies":[{"embeddable":true,"href":"https:\/\/simpledream.pl\/index.php\/wp-json\/wp\/v2\/comments?post=8737"}],"version-history":[{"count":5,"href":"https:\/\/simpledream.pl\/index.php\/wp-json\/wp\/v2\/product\/8737\/revisions"}],"predecessor-version":[{"id":10756,"href":"https:\/\/simpledream.pl\/index.php\/wp-json\/wp\/v2\/product\/8737\/revisions\/10756"}],"wp:featuredmedia":[{"embeddable":true,"href":"https:\/\/simpledream.pl\/index.php\/wp-json\/wp\/v2\/media\/8724"}],"wp:attachment":[{"href":"https:\/\/simpledream.pl\/index.php\/wp-json\/wp\/v2\/media?parent=8737"}],"wp:term":[{"taxonomy":"product_cat","embeddable":true,"href":"https:\/\/simpledream.pl\/index.php\/wp-json\/wp\/v2\/product_cat?post=8737"},{"taxonomy":"product_tag","embeddable":true,"href":"https:\/\/simpledream.pl\/index.php\/wp-json\/wp\/v2\/product_tag?post=8737"}],"curies":[{"name":"wp","href":"https:\/\/api.w.org\/{rel}","templated":true}]}}