{"id":8743,"date":"2022-10-30T21:02:55","date_gmt":"2022-10-30T20:02:55","guid":{"rendered":"https:\/\/simpledream.pl\/?post_type=product&#038;p=8743"},"modified":"2025-07-08T11:28:42","modified_gmt":"2025-07-08T09:28:42","slug":"plecak-city-laka","status":"publish","type":"product","link":"https:\/\/simpledream.pl\/index.php\/pl\/produkt\/plecak-city-laka\/","title":{"rendered":"Plecak city &#8211; \u0141\u0105ka"},"content":{"rendered":"<p>Plecak city zosta\u0142 uszyty w polskiej szwalni. Nieprzemakalny, zasuwany na suwak w obydwie strony. Do plecaka jest wszyta podw\u00f3jna r\u0105czka, aby m\u00f3c go swobodnie przytrzyma\u0107 w r\u0119ce. W \u015brodku dwie ma\u0142e kieszonki, wszyte na pleckach. Jedna zasuwana na suwak.<\/p>\n<p>&nbsp;<\/p>\n<p>Mocne kolory stanowi\u0105 \u015bwietny dodatek do stonowanego stroju. A, wz\u00f3r na tyle jest charakterystyczny, \u017ce nie da si\u0119 na niego nie spojrze\u0107. Zaprojektowali\u015bmy go tak, aby nie by\u0142 zbyt du\u017cy, a mie\u015bci\u0142 w sobie wiele rzeczy. Dzi\u0119ki swojej grubo\u015bci jest naprawd\u0119 pakowny. A suwak wszyty prawie po ca\u0142ym obr\u0119bie, daje mo\u017cliwo\u015b\u0107 dost\u0119pu do wszystkich produkt\u00f3w. Wi\u0119c pakowanie i rozpakowywanie go jest wr\u0119cz banalnie proste!<\/p>\n<p>&nbsp;<\/p>\n<p>Wysoko\u015b\u0107: 35 cm<br \/>\nSzeroko\u015b\u0107: 25 cm<br \/>\nG\u0142\u0119boko\u015b\u0107 dna: 16 cm<\/p>\n<p>&nbsp;<\/p>\n<p>Elementy dodatkowe:<br \/>\n\u2013 plastikowe regulatory i klamra<br \/>\n\u2013 ta\u015bma bawe\u0142niana 3 cm<\/p>\n<p>&nbsp;<\/p>\n<p>Materia\u0142 zewn\u0119trzny: tkanina ortalionowa powlekana; wysoka wodoodporno\u015b\u0107 \u2013 230 g\/m2<br \/>\nMateria\u0142 wewn\u0119trzny: kodura kaletnicza z pokryciem pvc \u2013 500 g\/m2<\/p>\n<p>&nbsp;<\/p>\n<p>Nadruk wykonany technik\u0105 cyfrow\u0105.<\/p>\n<p>&nbsp;<\/p>\n<p>Pra\u0107 r\u0119cznie w 30\u00b0C. Produkt pozostawi\u0107 do naturalnego wyschni\u0119cia, wywr\u00f3cony na drug\u0105 stron\u0119.<\/p>\n<p>&nbsp;<\/p>\n<p>Maksymalny ci\u0119\u017car produkt\u00f3w do 5 kg.<\/p>\n","protected":false},"excerpt":{"rendered":"<p>Plecak city zosta\u0142 uszyty w polskiej szwalni. Wykonany z ortalionu oraz kodury, jest barwn\u0105 odpowiedzi\u0105 na potrzeb\u0119 posiadania u\u017cytecznych produkt\u00f3w. Wz\u00f3r jest nasz\u0105 interpretacj\u0105 dla polskiej \u0142\u0105ki, zaprojektowanej w kolory ziemiste, matowe.<\/p>\n","protected":false},"featured_media":8744,"comment_status":"open","ping_status":"closed","template":"","meta":[],"product_cat":[140,15,92,94,89,115,116,120,130,131,132,123,125,126,128,124,129,64],"product_tag":[465,163,1255,1210,1197,198,177,1252,184,479,201,155,164,212],"class_list":{"0":"post-8743","1":"product","2":"type-product","3":"status-publish","4":"has-post-thumbnail","6":"product_cat-sale","7":"product_cat-bez-kategorii","8":"product_cat-kolekcje","9":"product_cat-grafika","10":"product_cat-plecak","11":"product_cat-prezenty","12":"product_cat-cena","13":"product_cat-200-zl-300-zl","14":"product_cat-dla-kogo","15":"product_cat-dziecko","16":"product_cat-kobieta","17":"product_cat-okazja","18":"product_cat-boze-narodzenie","19":"product_cat-dzien-dziecka","20":"product_cat-dzien-matki","21":"product_cat-urodziny-imieniny","22":"product_cat-walentynki","23":"product_cat-uncategorized","24":"product_tag-dla-uczacych-sie","25":"product_tag-kieszenie","26":"product_tag-la-piszacych","27":"product_tag-laka","28":"product_tag-made-in-poland","29":"product_tag-material","30":"product_tag-obraz","31":"product_tag-plecak-city","32":"product_tag-podroz","33":"product_tag-pomysl-na-prezent","34":"product_tag-sport","35":"product_tag-sztuka","36":"product_tag-wycieczka","37":"product_tag-wzor","39":"first","40":"instock","41":"sale","42":"shipping-taxable","43":"purchasable","44":"product-type-simple"},"yoast_head":"<!-- This site is optimized with the Yoast SEO plugin v23.9 - https:\/\/yoast.com\/wordpress\/plugins\/seo\/ -->\n<title>Plecak city - \u0141\u0105ka - Simple Dream<\/title>\n<meta name=\"robots\" content=\"index, follow, max-snippet:-1, max-image-preview:large, max-video-preview:-1\" \/>\n<link rel=\"canonical\" href=\"https:\/\/simpledream.pl\/index.php\/pl\/produkt\/plecak-city-laka\/\" \/>\n<meta property=\"og:locale\" content=\"pl_PL\" \/>\n<meta property=\"og:type\" content=\"article\" \/>\n<meta property=\"og:title\" content=\"Plecak city - \u0141\u0105ka - Simple Dream\" \/>\n<meta property=\"og:description\" content=\"Plecak city zosta\u0142 uszyty w polskiej szwalni. Wykonany z ortalionu oraz kodury, jest barwn\u0105 odpowiedzi\u0105 na potrzeb\u0119 posiadania u\u017cytecznych produkt\u00f3w. Wz\u00f3r jest nasz\u0105 interpretacj\u0105 dla polskiej \u0142\u0105ki, zaprojektowanej w kolory ziemiste, matowe.\" \/>\n<meta property=\"og:url\" content=\"https:\/\/simpledream.pl\/index.php\/pl\/produkt\/plecak-city-laka\/\" \/>\n<meta property=\"og:site_name\" content=\"Simple Dream\" \/>\n<meta property=\"article:modified_time\" content=\"2025-07-08T09:28:42+00:00\" \/>\n<meta property=\"og:image\" content=\"https:\/\/simpledream.pl\/wp-content\/uploads\/2022\/10\/3-SESJA-URSYNOW39.jpg\" \/>\n\t<meta property=\"og:image:width\" content=\"1200\" \/>\n\t<meta property=\"og:image:height\" content=\"1200\" \/>\n\t<meta property=\"og:image:type\" content=\"image\/jpeg\" \/>\n<meta name=\"twitter:card\" content=\"summary_large_image\" \/>\n<meta name=\"twitter:label1\" content=\"Szacowany czas czytania\" \/>\n\t<meta name=\"twitter:data1\" content=\"1 minuta\" \/>\n<script type=\"application\/ld+json\" class=\"yoast-schema-graph\">{\"@context\":\"https:\/\/schema.org\",\"@graph\":[{\"@type\":\"WebPage\",\"@id\":\"https:\/\/simpledream.pl\/index.php\/pl\/produkt\/plecak-city-laka\/\",\"url\":\"https:\/\/simpledream.pl\/index.php\/pl\/produkt\/plecak-city-laka\/\",\"name\":\"Plecak city - \u0141\u0105ka - Simple Dream\",\"isPartOf\":{\"@id\":\"https:\/\/simpledream.pl\/#website\"},\"primaryImageOfPage\":{\"@id\":\"https:\/\/simpledream.pl\/index.php\/pl\/produkt\/plecak-city-laka\/#primaryimage\"},\"image\":{\"@id\":\"https:\/\/simpledream.pl\/index.php\/pl\/produkt\/plecak-city-laka\/#primaryimage\"},\"thumbnailUrl\":\"https:\/\/simpledream.pl\/wp-content\/uploads\/2022\/10\/3-SESJA-URSYNOW39.jpg\",\"datePublished\":\"2022-10-30T20:02:55+00:00\",\"dateModified\":\"2025-07-08T09:28:42+00:00\",\"breadcrumb\":{\"@id\":\"https:\/\/simpledream.pl\/index.php\/pl\/produkt\/plecak-city-laka\/#breadcrumb\"},\"inLanguage\":\"pl-PL\",\"potentialAction\":[{\"@type\":\"ReadAction\",\"target\":[\"https:\/\/simpledream.pl\/index.php\/pl\/produkt\/plecak-city-laka\/\"]}]},{\"@type\":\"ImageObject\",\"inLanguage\":\"pl-PL\",\"@id\":\"https:\/\/simpledream.pl\/index.php\/pl\/produkt\/plecak-city-laka\/#primaryimage\",\"url\":\"https:\/\/simpledream.pl\/wp-content\/uploads\/2022\/10\/3-SESJA-URSYNOW39.jpg\",\"contentUrl\":\"https:\/\/simpledream.pl\/wp-content\/uploads\/2022\/10\/3-SESJA-URSYNOW39.jpg\",\"width\":1200,\"height\":1200,\"caption\":\"Plecak city z ortalionu\"},{\"@type\":\"BreadcrumbList\",\"@id\":\"https:\/\/simpledream.pl\/index.php\/pl\/produkt\/plecak-city-laka\/#breadcrumb\",\"itemListElement\":[{\"@type\":\"ListItem\",\"position\":1,\"name\":\"Strona g\u0142\u00f3wna\",\"item\":\"https:\/\/simpledream.pl\/index.php\/pl\/main-home\/\"},{\"@type\":\"ListItem\",\"position\":2,\"name\":\"Sklep\",\"item\":\"https:\/\/simpledream.pl\/index.php\/pl\/sklep\/\"},{\"@type\":\"ListItem\",\"position\":3,\"name\":\"Plecak city &#8211; \u0141\u0105ka\"}]},{\"@type\":\"WebSite\",\"@id\":\"https:\/\/simpledream.pl\/#website\",\"url\":\"https:\/\/simpledream.pl\/\",\"name\":\"Simple Dream\",\"description\":\"\",\"potentialAction\":[{\"@type\":\"SearchAction\",\"target\":{\"@type\":\"EntryPoint\",\"urlTemplate\":\"https:\/\/simpledream.pl\/?s={search_term_string}\"},\"query-input\":{\"@type\":\"PropertyValueSpecification\",\"valueRequired\":true,\"valueName\":\"search_term_string\"}}],\"inLanguage\":\"pl-PL\"}]}<\/script>\n<!-- \/ Yoast SEO plugin. -->","yoast_head_json":{"title":"Plecak city - \u0141\u0105ka - Simple Dream","robots":{"index":"index","follow":"follow","max-snippet":"max-snippet:-1","max-image-preview":"max-image-preview:large","max-video-preview":"max-video-preview:-1"},"canonical":"https:\/\/simpledream.pl\/index.php\/pl\/produkt\/plecak-city-laka\/","og_locale":"pl_PL","og_type":"article","og_title":"Plecak city - \u0141\u0105ka - Simple Dream","og_description":"Plecak city zosta\u0142 uszyty w polskiej szwalni. Wykonany z ortalionu oraz kodury, jest barwn\u0105 odpowiedzi\u0105 na potrzeb\u0119 posiadania u\u017cytecznych produkt\u00f3w. Wz\u00f3r jest nasz\u0105 interpretacj\u0105 dla polskiej \u0142\u0105ki, zaprojektowanej w kolory ziemiste, matowe.","og_url":"https:\/\/simpledream.pl\/index.php\/pl\/produkt\/plecak-city-laka\/","og_site_name":"Simple Dream","article_modified_time":"2025-07-08T09:28:42+00:00","og_image":[{"width":1200,"height":1200,"url":"https:\/\/simpledream.pl\/wp-content\/uploads\/2022\/10\/3-SESJA-URSYNOW39.jpg","type":"image\/jpeg"}],"twitter_card":"summary_large_image","twitter_misc":{"Szacowany czas czytania":"1 minuta"},"schema":{"@context":"https:\/\/schema.org","@graph":[{"@type":"WebPage","@id":"https:\/\/simpledream.pl\/index.php\/pl\/produkt\/plecak-city-laka\/","url":"https:\/\/simpledream.pl\/index.php\/pl\/produkt\/plecak-city-laka\/","name":"Plecak city - \u0141\u0105ka - Simple Dream","isPartOf":{"@id":"https:\/\/simpledream.pl\/#website"},"primaryImageOfPage":{"@id":"https:\/\/simpledream.pl\/index.php\/pl\/produkt\/plecak-city-laka\/#primaryimage"},"image":{"@id":"https:\/\/simpledream.pl\/index.php\/pl\/produkt\/plecak-city-laka\/#primaryimage"},"thumbnailUrl":"https:\/\/simpledream.pl\/wp-content\/uploads\/2022\/10\/3-SESJA-URSYNOW39.jpg","datePublished":"2022-10-30T20:02:55+00:00","dateModified":"2025-07-08T09:28:42+00:00","breadcrumb":{"@id":"https:\/\/simpledream.pl\/index.php\/pl\/produkt\/plecak-city-laka\/#breadcrumb"},"inLanguage":"pl-PL","potentialAction":[{"@type":"ReadAction","target":["https:\/\/simpledream.pl\/index.php\/pl\/produkt\/plecak-city-laka\/"]}]},{"@type":"ImageObject","inLanguage":"pl-PL","@id":"https:\/\/simpledream.pl\/index.php\/pl\/produkt\/plecak-city-laka\/#primaryimage","url":"https:\/\/simpledream.pl\/wp-content\/uploads\/2022\/10\/3-SESJA-URSYNOW39.jpg","contentUrl":"https:\/\/simpledream.pl\/wp-content\/uploads\/2022\/10\/3-SESJA-URSYNOW39.jpg","width":1200,"height":1200,"caption":"Plecak city z ortalionu"},{"@type":"BreadcrumbList","@id":"https:\/\/simpledream.pl\/index.php\/pl\/produkt\/plecak-city-laka\/#breadcrumb","itemListElement":[{"@type":"ListItem","position":1,"name":"Strona g\u0142\u00f3wna","item":"https:\/\/simpledream.pl\/index.php\/pl\/main-home\/"},{"@type":"ListItem","position":2,"name":"Sklep","item":"https:\/\/simpledream.pl\/index.php\/pl\/sklep\/"},{"@type":"ListItem","position":3,"name":"Plecak city &#8211; \u0141\u0105ka"}]},{"@type":"WebSite","@id":"https:\/\/simpledream.pl\/#website","url":"https:\/\/simpledream.pl\/","name":"Simple Dream","description":"","potentialAction":[{"@type":"SearchAction","target":{"@type":"EntryPoint","urlTemplate":"https:\/\/simpledream.pl\/?s={search_term_string}"},"query-input":{"@type":"PropertyValueSpecification","valueRequired":true,"valueName":"search_term_string"}}],"inLanguage":"pl-PL"}]}},"lang":"pl","translations":{"pl":8743,"en":8760},"pll_sync_post":[],"_links":{"self":[{"href":"https:\/\/simpledream.pl\/index.php\/wp-json\/wp\/v2\/product\/8743","targetHints":{"allow":["GET"]}}],"collection":[{"href":"https:\/\/simpledream.pl\/index.php\/wp-json\/wp\/v2\/product"}],"about":[{"href":"https:\/\/simpledream.pl\/index.php\/wp-json\/wp\/v2\/types\/product"}],"replies":[{"embeddable":true,"href":"https:\/\/simpledream.pl\/index.php\/wp-json\/wp\/v2\/comments?post=8743"}],"version-history":[{"count":6,"href":"https:\/\/simpledream.pl\/index.php\/wp-json\/wp\/v2\/product\/8743\/revisions"}],"predecessor-version":[{"id":10618,"href":"https:\/\/simpledream.pl\/index.php\/wp-json\/wp\/v2\/product\/8743\/revisions\/10618"}],"wp:featuredmedia":[{"embeddable":true,"href":"https:\/\/simpledream.pl\/index.php\/wp-json\/wp\/v2\/media\/8744"}],"wp:attachment":[{"href":"https:\/\/simpledream.pl\/index.php\/wp-json\/wp\/v2\/media?parent=8743"}],"wp:term":[{"taxonomy":"product_cat","embeddable":true,"href":"https:\/\/simpledream.pl\/index.php\/wp-json\/wp\/v2\/product_cat?post=8743"},{"taxonomy":"product_tag","embeddable":true,"href":"https:\/\/simpledream.pl\/index.php\/wp-json\/wp\/v2\/product_tag?post=8743"}],"curies":[{"name":"wp","href":"https:\/\/api.w.org\/{rel}","templated":true}]}}