{"id":8780,"date":"2022-11-02T16:21:24","date_gmt":"2022-11-02T15:21:24","guid":{"rendered":"https:\/\/simpledream.pl\/?post_type=product&#038;p=8780"},"modified":"2025-02-07T16:23:06","modified_gmt":"2025-02-07T15:23:06","slug":"kosmetyczka-przyjazn","status":"publish","type":"product","link":"https:\/\/simpledream.pl\/index.php\/pl\/produkt\/kosmetyczka-przyjazn\/","title":{"rendered":"Kosmetyczka &#8211; Przyja\u017a\u0144"},"content":{"rendered":"<p>Kosmetyczka ortalionowa z indywidualnym wzorem, uszyta w polskiej szwalni. Z przyszytym metalowym k\u00f3\u0142kiem do wygodnego trzymania oraz przypi\u0119cia do torby podr\u00f3\u017cnej.<\/p>\n<p>&nbsp;<\/p>\n<p>Wysoko\u015b\u0107: 17 cm<br \/>\nSzeroko\u015b\u0107: 29 cm<br \/>\nG\u0142\u0119boko\u015b\u0107 dna: 8 cm<\/p>\n<p>&nbsp;<\/p>\n<p>Elementy dodatkowe:<br \/>\n\u2013 zamek spiralny nierozdzielczy<br \/>\n\u2013 metalowe k\u00f3\u0142eczko na szlufce<\/p>\n<p>&nbsp;<\/p>\n<p>Materia\u0142 zewn\u0119trzny brzuszek: tkanina ortalionowa; wysoka wodoodporno\u015b\u0107 \u2013 230 g\/m2<br \/>\nMateria\u0142 wewn\u0119trzny: tkanina ortalionowa; \u015brednia wodoodporno\u015b\u0107 \u2013 200 g\/m2<\/p>\n<p>&nbsp;<\/p>\n<p>Nadruk wykonany technik\u0105 cyfrow\u0105.<\/p>\n<p>&nbsp;<\/p>\n<p>Pra\u0107 r\u0119cznie w 30\u00b0C. Produkt pozostawi\u0107 do naturalnego wyschni\u0119cia, wywr\u00f3cony na drug\u0105 stron\u0119.<\/p>\n","protected":false},"excerpt":{"rendered":"<p>Kosmetyczka ortalionowa z indywidualnym wzorem, uszyta w polskiej szwalni. Z przyszytym metalowym k\u00f3\u0142kiem do wygodnego trzymania oraz przypi\u0119cia do torby podr\u00f3\u017cnej. Wz\u00f3r jest nasz\u0105 interpretacj\u0105 przyja\u017ani, kt\u00f3ra wprowadza w nasze \u017cycie harmoni\u0119. Ka\u017cdy z nas jest sum\u0105 do\u015bwiadcze\u0144, kt\u00f3rymi mo\u017cemy si\u0119 wymienia\u0107.<\/p>\n","protected":false},"featured_media":8948,"comment_status":"closed","ping_status":"closed","template":"","meta":[],"product_cat":[140,15,92,94,86,115,116,118,130,131,132,123,125,126,128,124,129,64],"product_tag":[185,104,194,195,187,186,184,1179,170,439,164],"class_list":{"0":"post-8780","1":"product","2":"type-product","3":"status-publish","4":"has-post-thumbnail","6":"product_cat-sale","7":"product_cat-bez-kategorii","8":"product_cat-kolekcje","9":"product_cat-grafika","10":"product_cat-kosmetyczka","11":"product_cat-prezenty","12":"product_cat-cena","13":"product_cat-50-zl-100-zl","14":"product_cat-dla-kogo","15":"product_cat-dziecko","16":"product_cat-kobieta","17":"product_cat-okazja","18":"product_cat-boze-narodzenie","19":"product_cat-dzien-dziecka","20":"product_cat-dzien-matki","21":"product_cat-urodziny-imieniny","22":"product_cat-walentynki","23":"product_cat-uncategorized","24":"product_tag-bawelna","25":"product_tag-kobieta","26":"product_tag-kosmetyczka","27":"product_tag-kosmetyki","28":"product_tag-krakowski","29":"product_tag-kwiat","30":"product_tag-podroz","31":"product_tag-przyjazn","32":"product_tag-tkanie","33":"product_tag-wilanow","34":"product_tag-wycieczka","36":"first","37":"instock","38":"sale","39":"shipping-taxable","40":"purchasable","41":"product-type-simple"},"yoast_head":"<!-- This site is optimized with the Yoast SEO plugin v23.9 - https:\/\/yoast.com\/wordpress\/plugins\/seo\/ -->\n<title>Kosmetyczka - Przyja\u017a\u0144 - Simple Dream<\/title>\n<meta name=\"robots\" content=\"index, follow, max-snippet:-1, max-image-preview:large, max-video-preview:-1\" \/>\n<link rel=\"canonical\" href=\"https:\/\/simpledream.pl\/index.php\/pl\/produkt\/kosmetyczka-przyjazn\/\" \/>\n<meta property=\"og:locale\" content=\"pl_PL\" \/>\n<meta property=\"og:type\" content=\"article\" \/>\n<meta property=\"og:title\" content=\"Kosmetyczka - Przyja\u017a\u0144 - Simple Dream\" \/>\n<meta property=\"og:description\" content=\"Kosmetyczka ortalionowa z indywidualnym wzorem, uszyta w polskiej szwalni. Z przyszytym metalowym k\u00f3\u0142kiem do wygodnego trzymania oraz przypi\u0119cia do torby podr\u00f3\u017cnej. Wz\u00f3r jest nasz\u0105 interpretacj\u0105 przyja\u017ani, kt\u00f3ra wprowadza w nasze \u017cycie harmoni\u0119. Ka\u017cdy z nas jest sum\u0105 do\u015bwiadcze\u0144, kt\u00f3rymi mo\u017cemy si\u0119 wymienia\u0107.\" \/>\n<meta property=\"og:url\" content=\"https:\/\/simpledream.pl\/index.php\/pl\/produkt\/kosmetyczka-przyjazn\/\" \/>\n<meta property=\"og:site_name\" content=\"Simple Dream\" \/>\n<meta property=\"article:modified_time\" content=\"2025-02-07T15:23:06+00:00\" \/>\n<meta property=\"og:image\" content=\"https:\/\/simpledream.pl\/wp-content\/uploads\/2022\/11\/sesja-jesienna2.jpg\" \/>\n\t<meta property=\"og:image:width\" content=\"1200\" \/>\n\t<meta property=\"og:image:height\" content=\"1200\" \/>\n\t<meta property=\"og:image:type\" content=\"image\/jpeg\" \/>\n<meta name=\"twitter:card\" content=\"summary_large_image\" \/>\n<script type=\"application\/ld+json\" class=\"yoast-schema-graph\">{\"@context\":\"https:\/\/schema.org\",\"@graph\":[{\"@type\":\"WebPage\",\"@id\":\"https:\/\/simpledream.pl\/index.php\/pl\/produkt\/kosmetyczka-przyjazn\/\",\"url\":\"https:\/\/simpledream.pl\/index.php\/pl\/produkt\/kosmetyczka-przyjazn\/\",\"name\":\"Kosmetyczka - Przyja\u017a\u0144 - Simple Dream\",\"isPartOf\":{\"@id\":\"https:\/\/simpledream.pl\/#website\"},\"primaryImageOfPage\":{\"@id\":\"https:\/\/simpledream.pl\/index.php\/pl\/produkt\/kosmetyczka-przyjazn\/#primaryimage\"},\"image\":{\"@id\":\"https:\/\/simpledream.pl\/index.php\/pl\/produkt\/kosmetyczka-przyjazn\/#primaryimage\"},\"thumbnailUrl\":\"https:\/\/simpledream.pl\/wp-content\/uploads\/2022\/11\/sesja-jesienna2.jpg\",\"datePublished\":\"2022-11-02T15:21:24+00:00\",\"dateModified\":\"2025-02-07T15:23:06+00:00\",\"breadcrumb\":{\"@id\":\"https:\/\/simpledream.pl\/index.php\/pl\/produkt\/kosmetyczka-przyjazn\/#breadcrumb\"},\"inLanguage\":\"pl-PL\",\"potentialAction\":[{\"@type\":\"ReadAction\",\"target\":[\"https:\/\/simpledream.pl\/index.php\/pl\/produkt\/kosmetyczka-przyjazn\/\"]}]},{\"@type\":\"ImageObject\",\"inLanguage\":\"pl-PL\",\"@id\":\"https:\/\/simpledream.pl\/index.php\/pl\/produkt\/kosmetyczka-przyjazn\/#primaryimage\",\"url\":\"https:\/\/simpledream.pl\/wp-content\/uploads\/2022\/11\/sesja-jesienna2.jpg\",\"contentUrl\":\"https:\/\/simpledream.pl\/wp-content\/uploads\/2022\/11\/sesja-jesienna2.jpg\",\"width\":1200,\"height\":1200,\"caption\":\"Kosmetyczka \u2013 Przyja\u017a\u0144\"},{\"@type\":\"BreadcrumbList\",\"@id\":\"https:\/\/simpledream.pl\/index.php\/pl\/produkt\/kosmetyczka-przyjazn\/#breadcrumb\",\"itemListElement\":[{\"@type\":\"ListItem\",\"position\":1,\"name\":\"Strona g\u0142\u00f3wna\",\"item\":\"https:\/\/simpledream.pl\/index.php\/pl\/main-home\/\"},{\"@type\":\"ListItem\",\"position\":2,\"name\":\"Sklep\",\"item\":\"https:\/\/simpledream.pl\/index.php\/pl\/sklep\/\"},{\"@type\":\"ListItem\",\"position\":3,\"name\":\"Kosmetyczka &#8211; Przyja\u017a\u0144\"}]},{\"@type\":\"WebSite\",\"@id\":\"https:\/\/simpledream.pl\/#website\",\"url\":\"https:\/\/simpledream.pl\/\",\"name\":\"Simple Dream\",\"description\":\"\",\"potentialAction\":[{\"@type\":\"SearchAction\",\"target\":{\"@type\":\"EntryPoint\",\"urlTemplate\":\"https:\/\/simpledream.pl\/?s={search_term_string}\"},\"query-input\":{\"@type\":\"PropertyValueSpecification\",\"valueRequired\":true,\"valueName\":\"search_term_string\"}}],\"inLanguage\":\"pl-PL\"}]}<\/script>\n<!-- \/ Yoast SEO plugin. -->","yoast_head_json":{"title":"Kosmetyczka - Przyja\u017a\u0144 - Simple Dream","robots":{"index":"index","follow":"follow","max-snippet":"max-snippet:-1","max-image-preview":"max-image-preview:large","max-video-preview":"max-video-preview:-1"},"canonical":"https:\/\/simpledream.pl\/index.php\/pl\/produkt\/kosmetyczka-przyjazn\/","og_locale":"pl_PL","og_type":"article","og_title":"Kosmetyczka - Przyja\u017a\u0144 - Simple Dream","og_description":"Kosmetyczka ortalionowa z indywidualnym wzorem, uszyta w polskiej szwalni. Z przyszytym metalowym k\u00f3\u0142kiem do wygodnego trzymania oraz przypi\u0119cia do torby podr\u00f3\u017cnej. Wz\u00f3r jest nasz\u0105 interpretacj\u0105 przyja\u017ani, kt\u00f3ra wprowadza w nasze \u017cycie harmoni\u0119. Ka\u017cdy z nas jest sum\u0105 do\u015bwiadcze\u0144, kt\u00f3rymi mo\u017cemy si\u0119 wymienia\u0107.","og_url":"https:\/\/simpledream.pl\/index.php\/pl\/produkt\/kosmetyczka-przyjazn\/","og_site_name":"Simple Dream","article_modified_time":"2025-02-07T15:23:06+00:00","og_image":[{"width":1200,"height":1200,"url":"https:\/\/simpledream.pl\/wp-content\/uploads\/2022\/11\/sesja-jesienna2.jpg","type":"image\/jpeg"}],"twitter_card":"summary_large_image","schema":{"@context":"https:\/\/schema.org","@graph":[{"@type":"WebPage","@id":"https:\/\/simpledream.pl\/index.php\/pl\/produkt\/kosmetyczka-przyjazn\/","url":"https:\/\/simpledream.pl\/index.php\/pl\/produkt\/kosmetyczka-przyjazn\/","name":"Kosmetyczka - Przyja\u017a\u0144 - Simple Dream","isPartOf":{"@id":"https:\/\/simpledream.pl\/#website"},"primaryImageOfPage":{"@id":"https:\/\/simpledream.pl\/index.php\/pl\/produkt\/kosmetyczka-przyjazn\/#primaryimage"},"image":{"@id":"https:\/\/simpledream.pl\/index.php\/pl\/produkt\/kosmetyczka-przyjazn\/#primaryimage"},"thumbnailUrl":"https:\/\/simpledream.pl\/wp-content\/uploads\/2022\/11\/sesja-jesienna2.jpg","datePublished":"2022-11-02T15:21:24+00:00","dateModified":"2025-02-07T15:23:06+00:00","breadcrumb":{"@id":"https:\/\/simpledream.pl\/index.php\/pl\/produkt\/kosmetyczka-przyjazn\/#breadcrumb"},"inLanguage":"pl-PL","potentialAction":[{"@type":"ReadAction","target":["https:\/\/simpledream.pl\/index.php\/pl\/produkt\/kosmetyczka-przyjazn\/"]}]},{"@type":"ImageObject","inLanguage":"pl-PL","@id":"https:\/\/simpledream.pl\/index.php\/pl\/produkt\/kosmetyczka-przyjazn\/#primaryimage","url":"https:\/\/simpledream.pl\/wp-content\/uploads\/2022\/11\/sesja-jesienna2.jpg","contentUrl":"https:\/\/simpledream.pl\/wp-content\/uploads\/2022\/11\/sesja-jesienna2.jpg","width":1200,"height":1200,"caption":"Kosmetyczka \u2013 Przyja\u017a\u0144"},{"@type":"BreadcrumbList","@id":"https:\/\/simpledream.pl\/index.php\/pl\/produkt\/kosmetyczka-przyjazn\/#breadcrumb","itemListElement":[{"@type":"ListItem","position":1,"name":"Strona g\u0142\u00f3wna","item":"https:\/\/simpledream.pl\/index.php\/pl\/main-home\/"},{"@type":"ListItem","position":2,"name":"Sklep","item":"https:\/\/simpledream.pl\/index.php\/pl\/sklep\/"},{"@type":"ListItem","position":3,"name":"Kosmetyczka &#8211; Przyja\u017a\u0144"}]},{"@type":"WebSite","@id":"https:\/\/simpledream.pl\/#website","url":"https:\/\/simpledream.pl\/","name":"Simple Dream","description":"","potentialAction":[{"@type":"SearchAction","target":{"@type":"EntryPoint","urlTemplate":"https:\/\/simpledream.pl\/?s={search_term_string}"},"query-input":{"@type":"PropertyValueSpecification","valueRequired":true,"valueName":"search_term_string"}}],"inLanguage":"pl-PL"}]}},"lang":"pl","translations":{"pl":8780,"en":8792},"pll_sync_post":[],"_links":{"self":[{"href":"https:\/\/simpledream.pl\/index.php\/wp-json\/wp\/v2\/product\/8780","targetHints":{"allow":["GET"]}}],"collection":[{"href":"https:\/\/simpledream.pl\/index.php\/wp-json\/wp\/v2\/product"}],"about":[{"href":"https:\/\/simpledream.pl\/index.php\/wp-json\/wp\/v2\/types\/product"}],"replies":[{"embeddable":true,"href":"https:\/\/simpledream.pl\/index.php\/wp-json\/wp\/v2\/comments?post=8780"}],"version-history":[{"count":6,"href":"https:\/\/simpledream.pl\/index.php\/wp-json\/wp\/v2\/product\/8780\/revisions"}],"predecessor-version":[{"id":9698,"href":"https:\/\/simpledream.pl\/index.php\/wp-json\/wp\/v2\/product\/8780\/revisions\/9698"}],"wp:featuredmedia":[{"embeddable":true,"href":"https:\/\/simpledream.pl\/index.php\/wp-json\/wp\/v2\/media\/8948"}],"wp:attachment":[{"href":"https:\/\/simpledream.pl\/index.php\/wp-json\/wp\/v2\/media?parent=8780"}],"wp:term":[{"taxonomy":"product_cat","embeddable":true,"href":"https:\/\/simpledream.pl\/index.php\/wp-json\/wp\/v2\/product_cat?post=8780"},{"taxonomy":"product_tag","embeddable":true,"href":"https:\/\/simpledream.pl\/index.php\/wp-json\/wp\/v2\/product_tag?post=8780"}],"curies":[{"name":"wp","href":"https:\/\/api.w.org\/{rel}","templated":true}]}}