{"id":8805,"date":"2022-11-02T16:50:53","date_gmt":"2022-11-02T15:50:53","guid":{"rendered":"https:\/\/simpledream.pl\/?post_type=product&#038;p=8805"},"modified":"2024-01-09T15:21:07","modified_gmt":"2024-01-09T14:21:07","slug":"toiletry-bag-zamosc","status":"publish","type":"product","link":"https:\/\/simpledream.pl\/index.php\/en\/produkt\/toiletry-bag-zamosc\/","title":{"rendered":"Toiletry bag &#8211; Zamo\u015b\u0107"},"content":{"rendered":"<p>Nylon toiletry bag with an individual pattern, made in Poland. With a sewn-in metal ring for comfortable holding and attaching to a travel bag.<\/p>\n<p>Height: 17 cm<br \/>\nWidth: 29 cm<br \/>\nBottom depth: 8 cm<\/p>\n<p>Additional elements:<br \/>\n\u2013 non-separable spiral zipper<br \/>\n\u2013 nylon lining<br \/>\n\u2013 outer ring on a belt loop<\/p>\n<p>Outer material: nylon fabric cover; high water resistance \u2013 230 g \/ m2<\/p>\n<p>Inner material: nylon fabric coated; average water resistance \u2013 200 g \/ m2<\/p>\n<p>Print made using digital technique. Hand wash at 30 \u00b0 C. Allow the product to dry naturally, turned inside out.<\/p>\n<p>The heritage of Polish folk art gathers primarily regional embroidery.The Zamo\u015b\u0107 pattern was mostly based on the bodice of velvet. Embroidered in multicoloured cotton thread in flat, back and herringbone stitches. Trimmed with silk tape. Made in early 20th centure in Chocho\u0142\u00f3w in Zamo\u015b\u0107 province. Pattern belongs to the collection of the Ethnographic Museum in Warsaw.<\/p>\n","protected":false},"excerpt":{"rendered":"<p>Nylon toiletry bag with an individual pattern, made in Poland. With a sewn-in metal ring for comfortable holding and attaching to a travel bag. The heritage of Polish folk art is based on regional embroidery. The red and black embroidery in Zamo\u015b\u0107 touches the heart with its minimalism, reminiscent of the beginnings of the era of computer graphics.<\/p>\n","protected":false},"featured_media":8946,"comment_status":"open","ping_status":"closed","template":"","meta":[],"product_cat":[892,920,912,423,425,902,886,904,914,916,910,888,421,409,256,922,906],"product_tag":[1065,972,1036,994,1053,1071,986,1024,1067,1069,998],"class_list":{"0":"post-8805","1":"product","2":"type-product","3":"status-publish","4":"has-post-thumbnail","6":"product_cat-50-pln-100-pln","7":"product_cat-birthday-names-day","8":"product_cat-christmas","9":"product_cat-collections","10":"product_cat-folklore-en","11":"product_cat-for-whom","12":"product_cat-gifts","13":"product_cat-kid","14":"product_cat-kids-day","15":"product_cat-mothers-day","16":"product_cat-occasion","17":"product_cat-price","18":"product_cat-sale-en","19":"product_cat-toiletry-bag","20":"product_cat-uncategorized-en","21":"product_cat-valentines-day","22":"product_cat-woman","23":"product_tag-cotton","24":"product_tag-embroidery","25":"product_tag-flowers","26":"product_tag-folk","27":"product_tag-for-her","28":"product_tag-packiging","29":"product_tag-pattern","30":"product_tag-polish-folk","31":"product_tag-toiletry-bag","32":"product_tag-trip","33":"product_tag-zamosc","35":"first","36":"instock","37":"sale","38":"shipping-taxable","39":"purchasable","40":"product-type-simple"},"yoast_head":"<!-- This site is optimized with the Yoast SEO plugin v23.9 - https:\/\/yoast.com\/wordpress\/plugins\/seo\/ -->\n<title>Toiletry bag - Zamo\u015b\u0107 - Simple Dream<\/title>\n<meta name=\"robots\" content=\"index, follow, max-snippet:-1, max-image-preview:large, max-video-preview:-1\" \/>\n<link rel=\"canonical\" href=\"https:\/\/simpledream.pl\/index.php\/en\/produkt\/toiletry-bag-zamosc\/\" \/>\n<meta property=\"og:locale\" content=\"pl_PL\" \/>\n<meta property=\"og:type\" content=\"article\" \/>\n<meta property=\"og:title\" content=\"Toiletry bag - Zamo\u015b\u0107 - Simple Dream\" \/>\n<meta property=\"og:description\" content=\"Nylon toiletry bag with an individual pattern, made in Poland. With a sewn-in metal ring for comfortable holding and attaching to a travel bag. The heritage of Polish folk art is based on regional embroidery. The red and black embroidery in Zamo\u015b\u0107 touches the heart with its minimalism, reminiscent of the beginnings of the era of computer graphics.\" \/>\n<meta property=\"og:url\" content=\"https:\/\/simpledream.pl\/index.php\/en\/produkt\/toiletry-bag-zamosc\/\" \/>\n<meta property=\"og:site_name\" content=\"Simple Dream\" \/>\n<meta property=\"article:modified_time\" content=\"2024-01-09T14:21:07+00:00\" \/>\n<meta property=\"og:image\" content=\"https:\/\/simpledream.pl\/wp-content\/uploads\/2022\/11\/sesja-jesienna.jpg\" \/>\n\t<meta property=\"og:image:width\" content=\"1200\" \/>\n\t<meta property=\"og:image:height\" content=\"1200\" \/>\n\t<meta property=\"og:image:type\" content=\"image\/jpeg\" \/>\n<meta name=\"twitter:card\" content=\"summary_large_image\" \/>\n<meta name=\"twitter:label1\" content=\"Szacowany czas czytania\" \/>\n\t<meta name=\"twitter:data1\" content=\"1 minuta\" \/>\n<script type=\"application\/ld+json\" class=\"yoast-schema-graph\">{\"@context\":\"https:\/\/schema.org\",\"@graph\":[{\"@type\":\"WebPage\",\"@id\":\"https:\/\/simpledream.pl\/index.php\/en\/produkt\/toiletry-bag-zamosc\/\",\"url\":\"https:\/\/simpledream.pl\/index.php\/en\/produkt\/toiletry-bag-zamosc\/\",\"name\":\"Toiletry bag - Zamo\u015b\u0107 - Simple Dream\",\"isPartOf\":{\"@id\":\"https:\/\/simpledream.pl\/#website\"},\"primaryImageOfPage\":{\"@id\":\"https:\/\/simpledream.pl\/index.php\/en\/produkt\/toiletry-bag-zamosc\/#primaryimage\"},\"image\":{\"@id\":\"https:\/\/simpledream.pl\/index.php\/en\/produkt\/toiletry-bag-zamosc\/#primaryimage\"},\"thumbnailUrl\":\"https:\/\/simpledream.pl\/wp-content\/uploads\/2022\/11\/sesja-jesienna.jpg\",\"datePublished\":\"2022-11-02T15:50:53+00:00\",\"dateModified\":\"2024-01-09T14:21:07+00:00\",\"breadcrumb\":{\"@id\":\"https:\/\/simpledream.pl\/index.php\/en\/produkt\/toiletry-bag-zamosc\/#breadcrumb\"},\"inLanguage\":\"pl-PL\",\"potentialAction\":[{\"@type\":\"ReadAction\",\"target\":[\"https:\/\/simpledream.pl\/index.php\/en\/produkt\/toiletry-bag-zamosc\/\"]}]},{\"@type\":\"ImageObject\",\"inLanguage\":\"pl-PL\",\"@id\":\"https:\/\/simpledream.pl\/index.php\/en\/produkt\/toiletry-bag-zamosc\/#primaryimage\",\"url\":\"https:\/\/simpledream.pl\/wp-content\/uploads\/2022\/11\/sesja-jesienna.jpg\",\"contentUrl\":\"https:\/\/simpledream.pl\/wp-content\/uploads\/2022\/11\/sesja-jesienna.jpg\",\"width\":1200,\"height\":1200,\"caption\":\"Kosmetyczka \u2013 Zamojski\"},{\"@type\":\"BreadcrumbList\",\"@id\":\"https:\/\/simpledream.pl\/index.php\/en\/produkt\/toiletry-bag-zamosc\/#breadcrumb\",\"itemListElement\":[{\"@type\":\"ListItem\",\"position\":1,\"name\":\"Strona g\u0142\u00f3wna\",\"item\":\"https:\/\/simpledream.pl\/index.php\/pl\/main-home\/\"},{\"@type\":\"ListItem\",\"position\":2,\"name\":\"Sklep\",\"item\":\"https:\/\/simpledream.pl\/index.php\/pl\/sklep\/\"},{\"@type\":\"ListItem\",\"position\":3,\"name\":\"Toiletry bag &#8211; Zamo\u015b\u0107\"}]},{\"@type\":\"WebSite\",\"@id\":\"https:\/\/simpledream.pl\/#website\",\"url\":\"https:\/\/simpledream.pl\/\",\"name\":\"Simple Dream\",\"description\":\"\",\"potentialAction\":[{\"@type\":\"SearchAction\",\"target\":{\"@type\":\"EntryPoint\",\"urlTemplate\":\"https:\/\/simpledream.pl\/?s={search_term_string}\"},\"query-input\":{\"@type\":\"PropertyValueSpecification\",\"valueRequired\":true,\"valueName\":\"search_term_string\"}}],\"inLanguage\":\"pl-PL\"}]}<\/script>\n<!-- \/ Yoast SEO plugin. -->","yoast_head_json":{"title":"Toiletry bag - Zamo\u015b\u0107 - Simple Dream","robots":{"index":"index","follow":"follow","max-snippet":"max-snippet:-1","max-image-preview":"max-image-preview:large","max-video-preview":"max-video-preview:-1"},"canonical":"https:\/\/simpledream.pl\/index.php\/en\/produkt\/toiletry-bag-zamosc\/","og_locale":"pl_PL","og_type":"article","og_title":"Toiletry bag - Zamo\u015b\u0107 - Simple Dream","og_description":"Nylon toiletry bag with an individual pattern, made in Poland. With a sewn-in metal ring for comfortable holding and attaching to a travel bag. The heritage of Polish folk art is based on regional embroidery. The red and black embroidery in Zamo\u015b\u0107 touches the heart with its minimalism, reminiscent of the beginnings of the era of computer graphics.","og_url":"https:\/\/simpledream.pl\/index.php\/en\/produkt\/toiletry-bag-zamosc\/","og_site_name":"Simple Dream","article_modified_time":"2024-01-09T14:21:07+00:00","og_image":[{"width":1200,"height":1200,"url":"https:\/\/simpledream.pl\/wp-content\/uploads\/2022\/11\/sesja-jesienna.jpg","type":"image\/jpeg"}],"twitter_card":"summary_large_image","twitter_misc":{"Szacowany czas czytania":"1 minuta"},"schema":{"@context":"https:\/\/schema.org","@graph":[{"@type":"WebPage","@id":"https:\/\/simpledream.pl\/index.php\/en\/produkt\/toiletry-bag-zamosc\/","url":"https:\/\/simpledream.pl\/index.php\/en\/produkt\/toiletry-bag-zamosc\/","name":"Toiletry bag - Zamo\u015b\u0107 - Simple Dream","isPartOf":{"@id":"https:\/\/simpledream.pl\/#website"},"primaryImageOfPage":{"@id":"https:\/\/simpledream.pl\/index.php\/en\/produkt\/toiletry-bag-zamosc\/#primaryimage"},"image":{"@id":"https:\/\/simpledream.pl\/index.php\/en\/produkt\/toiletry-bag-zamosc\/#primaryimage"},"thumbnailUrl":"https:\/\/simpledream.pl\/wp-content\/uploads\/2022\/11\/sesja-jesienna.jpg","datePublished":"2022-11-02T15:50:53+00:00","dateModified":"2024-01-09T14:21:07+00:00","breadcrumb":{"@id":"https:\/\/simpledream.pl\/index.php\/en\/produkt\/toiletry-bag-zamosc\/#breadcrumb"},"inLanguage":"pl-PL","potentialAction":[{"@type":"ReadAction","target":["https:\/\/simpledream.pl\/index.php\/en\/produkt\/toiletry-bag-zamosc\/"]}]},{"@type":"ImageObject","inLanguage":"pl-PL","@id":"https:\/\/simpledream.pl\/index.php\/en\/produkt\/toiletry-bag-zamosc\/#primaryimage","url":"https:\/\/simpledream.pl\/wp-content\/uploads\/2022\/11\/sesja-jesienna.jpg","contentUrl":"https:\/\/simpledream.pl\/wp-content\/uploads\/2022\/11\/sesja-jesienna.jpg","width":1200,"height":1200,"caption":"Kosmetyczka \u2013 Zamojski"},{"@type":"BreadcrumbList","@id":"https:\/\/simpledream.pl\/index.php\/en\/produkt\/toiletry-bag-zamosc\/#breadcrumb","itemListElement":[{"@type":"ListItem","position":1,"name":"Strona g\u0142\u00f3wna","item":"https:\/\/simpledream.pl\/index.php\/pl\/main-home\/"},{"@type":"ListItem","position":2,"name":"Sklep","item":"https:\/\/simpledream.pl\/index.php\/pl\/sklep\/"},{"@type":"ListItem","position":3,"name":"Toiletry bag &#8211; Zamo\u015b\u0107"}]},{"@type":"WebSite","@id":"https:\/\/simpledream.pl\/#website","url":"https:\/\/simpledream.pl\/","name":"Simple Dream","description":"","potentialAction":[{"@type":"SearchAction","target":{"@type":"EntryPoint","urlTemplate":"https:\/\/simpledream.pl\/?s={search_term_string}"},"query-input":{"@type":"PropertyValueSpecification","valueRequired":true,"valueName":"search_term_string"}}],"inLanguage":"pl-PL"}]}},"lang":"en","translations":{"en":8805,"pl":8797},"pll_sync_post":[],"_links":{"self":[{"href":"https:\/\/simpledream.pl\/index.php\/wp-json\/wp\/v2\/product\/8805","targetHints":{"allow":["GET"]}}],"collection":[{"href":"https:\/\/simpledream.pl\/index.php\/wp-json\/wp\/v2\/product"}],"about":[{"href":"https:\/\/simpledream.pl\/index.php\/wp-json\/wp\/v2\/types\/product"}],"replies":[{"embeddable":true,"href":"https:\/\/simpledream.pl\/index.php\/wp-json\/wp\/v2\/comments?post=8805"}],"version-history":[{"count":5,"href":"https:\/\/simpledream.pl\/index.php\/wp-json\/wp\/v2\/product\/8805\/revisions"}],"predecessor-version":[{"id":8947,"href":"https:\/\/simpledream.pl\/index.php\/wp-json\/wp\/v2\/product\/8805\/revisions\/8947"}],"wp:featuredmedia":[{"embeddable":true,"href":"https:\/\/simpledream.pl\/index.php\/wp-json\/wp\/v2\/media\/8946"}],"wp:attachment":[{"href":"https:\/\/simpledream.pl\/index.php\/wp-json\/wp\/v2\/media?parent=8805"}],"wp:term":[{"taxonomy":"product_cat","embeddable":true,"href":"https:\/\/simpledream.pl\/index.php\/wp-json\/wp\/v2\/product_cat?post=8805"},{"taxonomy":"product_tag","embeddable":true,"href":"https:\/\/simpledream.pl\/index.php\/wp-json\/wp\/v2\/product_tag?post=8805"}],"curies":[{"name":"wp","href":"https:\/\/api.w.org\/{rel}","templated":true}]}}