{"id":8837,"date":"2022-11-06T12:54:20","date_gmt":"2022-11-06T11:54:20","guid":{"rendered":"https:\/\/simpledream.pl\/?post_type=product&#038;p=8837"},"modified":"2025-02-26T04:36:24","modified_gmt":"2025-02-26T03:36:24","slug":"kartka-slonce-majowe","status":"publish","type":"product","link":"https:\/\/simpledream.pl\/index.php\/pl\/produkt\/kartka-slonce-majowe\/","title":{"rendered":"Kartka &#8211; S\u0142o\u0144ce majowe"},"content":{"rendered":"<p>Kartka okoliczno\u015bciowa przez nas zaprojektowana, przedstawia obraz &#8220;S\u0142o\u0144ce majowe&#8221; wykonany przez J\u00f3zefa Mehoffera. Nale\u017cy do kolekcji Muzeum Narodowego w Warszawie.<\/p>\n<p>&nbsp;<\/p>\n<p>Wymiar kartki:<\/p>\n<p>15 x 15 cm<\/p>\n<p>\u015arodek: czysty<\/p>\n<p>&nbsp;<\/p>\n<p>Wychodz\u0105c na przeciw oczekiwaniom naszym klientom, proponujemy dodatkowe rozwi\u0105zanie. Je\u017celi, kt\u00f3ry\u015b z naszych produkt\u00f3w chcieliby\u015bcie kupi\u0107 na prezent wraz z kartk\u0105, dajcie nam o tym zna\u0107! W notatkach do zakup\u00f3w dopiszcie \u017cyczenia, a przepiszemy je na zakupion\u0105 kartk\u0119. Dodatkowo zam\u00f3wienie zostanie wys\u0142ane bez paragonu, wi\u0119c odbiorca b\u0119dzie m\u00f3g\u0142 si\u0119 cieszy\u0107 prezentem wiedz\u0105c od kogo je dosta\u0142.<\/p>\n<p>&nbsp;<\/p>\n<p>Zewn\u0119trzne wyko\u0144czenie kartki to specjalna folia satynowa, kt\u00f3ra nie wp\u0142ywa na\u00a0 kolor, lecz dodaje walor\u00f3w dotykowych. Jest przyjemna, g\u0142adka wr\u0119cz &#8220;welurowa&#8221;.<\/p>\n<p>&nbsp;<\/p>\n<p>Artysta odczuwa\u0142 rado\u015b\u0107 z odtwarzania rzeczy \u201cbliskich\u201d, ukazuj\u0105c w ten spos\u00f3b uciech\u0119 s\u0142o\u0144cem, \u015bwiat\u0142em, \u017cyciem czy ogrodem. Obraz prezentuje, zakupiony przez niego dw\u00f3r w Jank\u00f3wce ko\u0142o Krakowa. Artysta zaprojektowa\u0142 ogr\u00f3d, a nast\u0119pnie uwieczni\u0142 na p\u0142\u00f3tnie obrazu, tworz\u0105c w ten spos\u00f3b malarski synonim Arkadii. Pogodnego i beztroskiego ziemskiego raju.<\/p>\n","protected":false},"excerpt":{"rendered":"<p>Kartka okoliczno\u015bciowa z czystym \u015brodkiem, na ka\u017cd\u0105 okazj\u0119. Wyprodukowana w Polsce. Obraz \u201cS\u0142o\u0144ce majowe\u201d zosta\u0142 wykonany przez J\u00f3zefa Mehoffera. Nale\u017cy do kolekcji Muzeum Narodowego w Warszawie.<\/p>\n","protected":false},"featured_media":8838,"comment_status":"closed","ping_status":"closed","template":"","meta":[],"product_cat":[15,92,96,93,115,116,117,130,132,133,123,128,127,124,129,90,64],"product_tag":[1294,214,1290,1284,1292,1296,455,1288,226,213,1286],"class_list":{"0":"post-8837","1":"product","2":"type-product","3":"status-publish","4":"has-post-thumbnail","6":"product_cat-bez-kategorii","7":"product_cat-kolekcje","8":"product_cat-historia","9":"product_cat-sztuka","10":"product_cat-prezenty","11":"product_cat-cena","12":"product_cat-ponizej-50-zl","13":"product_cat-dla-kogo","14":"product_cat-kobieta","15":"product_cat-mezczyzna","16":"product_cat-okazja","17":"product_cat-dzien-matki","18":"product_cat-dzien-ojca","19":"product_cat-urodziny-imieniny","20":"product_cat-walentynki","21":"product_cat-reprodukcja","22":"product_cat-uncategorized","23":"product_tag-dodatek-do-prezentu","24":"product_tag-jozef-mehoffer","25":"product_tag-karteczka","26":"product_tag-kartka","27":"product_tag-kartka-okolicznosciowa","28":"product_tag-koperta","29":"product_tag-muzeum-narodowe-w-warszawie","30":"product_tag-na-rozne-okazje","31":"product_tag-papier","32":"product_tag-slonce-majowe","33":"product_tag-zyczenia","35":"first","36":"instock","37":"shipping-taxable","38":"purchasable","39":"product-type-simple"},"yoast_head":"<!-- This site is optimized with the Yoast SEO plugin v23.9 - https:\/\/yoast.com\/wordpress\/plugins\/seo\/ -->\n<title>Kartka - S\u0142o\u0144ce majowe - Simple Dream<\/title>\n<meta name=\"robots\" content=\"index, follow, max-snippet:-1, max-image-preview:large, max-video-preview:-1\" \/>\n<link rel=\"canonical\" href=\"https:\/\/simpledream.pl\/index.php\/pl\/produkt\/kartka-slonce-majowe\/\" \/>\n<meta property=\"og:locale\" content=\"pl_PL\" \/>\n<meta property=\"og:type\" content=\"article\" \/>\n<meta property=\"og:title\" content=\"Kartka - S\u0142o\u0144ce majowe - Simple Dream\" \/>\n<meta property=\"og:description\" content=\"Kartka okoliczno\u015bciowa z czystym \u015brodkiem, na ka\u017cd\u0105 okazj\u0119. Wyprodukowana w Polsce. Obraz \u201cS\u0142o\u0144ce majowe\u201d zosta\u0142 wykonany przez J\u00f3zefa Mehoffera. Nale\u017cy do kolekcji Muzeum Narodowego w Warszawie.\" \/>\n<meta property=\"og:url\" content=\"https:\/\/simpledream.pl\/index.php\/pl\/produkt\/kartka-slonce-majowe\/\" \/>\n<meta property=\"og:site_name\" content=\"Simple Dream\" \/>\n<meta property=\"article:modified_time\" content=\"2025-02-26T03:36:24+00:00\" \/>\n<meta property=\"og:image\" content=\"https:\/\/simpledream.pl\/wp-content\/uploads\/2022\/11\/SESJA-URSYNOW34.jpg\" \/>\n\t<meta property=\"og:image:width\" content=\"1200\" \/>\n\t<meta property=\"og:image:height\" content=\"1200\" \/>\n\t<meta property=\"og:image:type\" content=\"image\/jpeg\" \/>\n<meta name=\"twitter:card\" content=\"summary_large_image\" \/>\n<meta name=\"twitter:label1\" content=\"Szacowany czas czytania\" \/>\n\t<meta name=\"twitter:data1\" content=\"1 minuta\" \/>\n<script type=\"application\/ld+json\" class=\"yoast-schema-graph\">{\"@context\":\"https:\/\/schema.org\",\"@graph\":[{\"@type\":\"WebPage\",\"@id\":\"https:\/\/simpledream.pl\/index.php\/pl\/produkt\/kartka-slonce-majowe\/\",\"url\":\"https:\/\/simpledream.pl\/index.php\/pl\/produkt\/kartka-slonce-majowe\/\",\"name\":\"Kartka - S\u0142o\u0144ce majowe - Simple Dream\",\"isPartOf\":{\"@id\":\"https:\/\/simpledream.pl\/#website\"},\"primaryImageOfPage\":{\"@id\":\"https:\/\/simpledream.pl\/index.php\/pl\/produkt\/kartka-slonce-majowe\/#primaryimage\"},\"image\":{\"@id\":\"https:\/\/simpledream.pl\/index.php\/pl\/produkt\/kartka-slonce-majowe\/#primaryimage\"},\"thumbnailUrl\":\"https:\/\/simpledream.pl\/wp-content\/uploads\/2022\/11\/SESJA-URSYNOW34.jpg\",\"datePublished\":\"2022-11-06T11:54:20+00:00\",\"dateModified\":\"2025-02-26T03:36:24+00:00\",\"breadcrumb\":{\"@id\":\"https:\/\/simpledream.pl\/index.php\/pl\/produkt\/kartka-slonce-majowe\/#breadcrumb\"},\"inLanguage\":\"pl-PL\",\"potentialAction\":[{\"@type\":\"ReadAction\",\"target\":[\"https:\/\/simpledream.pl\/index.php\/pl\/produkt\/kartka-slonce-majowe\/\"]}]},{\"@type\":\"ImageObject\",\"inLanguage\":\"pl-PL\",\"@id\":\"https:\/\/simpledream.pl\/index.php\/pl\/produkt\/kartka-slonce-majowe\/#primaryimage\",\"url\":\"https:\/\/simpledream.pl\/wp-content\/uploads\/2022\/11\/SESJA-URSYNOW34.jpg\",\"contentUrl\":\"https:\/\/simpledream.pl\/wp-content\/uploads\/2022\/11\/SESJA-URSYNOW34.jpg\",\"width\":1200,\"height\":1200,\"caption\":\"Wyj\u0105tkowa Kartka okoliczno\u015bciowa\"},{\"@type\":\"BreadcrumbList\",\"@id\":\"https:\/\/simpledream.pl\/index.php\/pl\/produkt\/kartka-slonce-majowe\/#breadcrumb\",\"itemListElement\":[{\"@type\":\"ListItem\",\"position\":1,\"name\":\"Strona g\u0142\u00f3wna\",\"item\":\"https:\/\/simpledream.pl\/index.php\/pl\/main-home\/\"},{\"@type\":\"ListItem\",\"position\":2,\"name\":\"Sklep\",\"item\":\"https:\/\/simpledream.pl\/index.php\/pl\/sklep\/\"},{\"@type\":\"ListItem\",\"position\":3,\"name\":\"Kartka &#8211; S\u0142o\u0144ce majowe\"}]},{\"@type\":\"WebSite\",\"@id\":\"https:\/\/simpledream.pl\/#website\",\"url\":\"https:\/\/simpledream.pl\/\",\"name\":\"Simple Dream\",\"description\":\"\",\"potentialAction\":[{\"@type\":\"SearchAction\",\"target\":{\"@type\":\"EntryPoint\",\"urlTemplate\":\"https:\/\/simpledream.pl\/?s={search_term_string}\"},\"query-input\":{\"@type\":\"PropertyValueSpecification\",\"valueRequired\":true,\"valueName\":\"search_term_string\"}}],\"inLanguage\":\"pl-PL\"}]}<\/script>\n<!-- \/ Yoast SEO plugin. -->","yoast_head_json":{"title":"Kartka - S\u0142o\u0144ce majowe - Simple Dream","robots":{"index":"index","follow":"follow","max-snippet":"max-snippet:-1","max-image-preview":"max-image-preview:large","max-video-preview":"max-video-preview:-1"},"canonical":"https:\/\/simpledream.pl\/index.php\/pl\/produkt\/kartka-slonce-majowe\/","og_locale":"pl_PL","og_type":"article","og_title":"Kartka - S\u0142o\u0144ce majowe - Simple Dream","og_description":"Kartka okoliczno\u015bciowa z czystym \u015brodkiem, na ka\u017cd\u0105 okazj\u0119. Wyprodukowana w Polsce. Obraz \u201cS\u0142o\u0144ce majowe\u201d zosta\u0142 wykonany przez J\u00f3zefa Mehoffera. Nale\u017cy do kolekcji Muzeum Narodowego w Warszawie.","og_url":"https:\/\/simpledream.pl\/index.php\/pl\/produkt\/kartka-slonce-majowe\/","og_site_name":"Simple Dream","article_modified_time":"2025-02-26T03:36:24+00:00","og_image":[{"width":1200,"height":1200,"url":"https:\/\/simpledream.pl\/wp-content\/uploads\/2022\/11\/SESJA-URSYNOW34.jpg","type":"image\/jpeg"}],"twitter_card":"summary_large_image","twitter_misc":{"Szacowany czas czytania":"1 minuta"},"schema":{"@context":"https:\/\/schema.org","@graph":[{"@type":"WebPage","@id":"https:\/\/simpledream.pl\/index.php\/pl\/produkt\/kartka-slonce-majowe\/","url":"https:\/\/simpledream.pl\/index.php\/pl\/produkt\/kartka-slonce-majowe\/","name":"Kartka - S\u0142o\u0144ce majowe - Simple Dream","isPartOf":{"@id":"https:\/\/simpledream.pl\/#website"},"primaryImageOfPage":{"@id":"https:\/\/simpledream.pl\/index.php\/pl\/produkt\/kartka-slonce-majowe\/#primaryimage"},"image":{"@id":"https:\/\/simpledream.pl\/index.php\/pl\/produkt\/kartka-slonce-majowe\/#primaryimage"},"thumbnailUrl":"https:\/\/simpledream.pl\/wp-content\/uploads\/2022\/11\/SESJA-URSYNOW34.jpg","datePublished":"2022-11-06T11:54:20+00:00","dateModified":"2025-02-26T03:36:24+00:00","breadcrumb":{"@id":"https:\/\/simpledream.pl\/index.php\/pl\/produkt\/kartka-slonce-majowe\/#breadcrumb"},"inLanguage":"pl-PL","potentialAction":[{"@type":"ReadAction","target":["https:\/\/simpledream.pl\/index.php\/pl\/produkt\/kartka-slonce-majowe\/"]}]},{"@type":"ImageObject","inLanguage":"pl-PL","@id":"https:\/\/simpledream.pl\/index.php\/pl\/produkt\/kartka-slonce-majowe\/#primaryimage","url":"https:\/\/simpledream.pl\/wp-content\/uploads\/2022\/11\/SESJA-URSYNOW34.jpg","contentUrl":"https:\/\/simpledream.pl\/wp-content\/uploads\/2022\/11\/SESJA-URSYNOW34.jpg","width":1200,"height":1200,"caption":"Wyj\u0105tkowa Kartka okoliczno\u015bciowa"},{"@type":"BreadcrumbList","@id":"https:\/\/simpledream.pl\/index.php\/pl\/produkt\/kartka-slonce-majowe\/#breadcrumb","itemListElement":[{"@type":"ListItem","position":1,"name":"Strona g\u0142\u00f3wna","item":"https:\/\/simpledream.pl\/index.php\/pl\/main-home\/"},{"@type":"ListItem","position":2,"name":"Sklep","item":"https:\/\/simpledream.pl\/index.php\/pl\/sklep\/"},{"@type":"ListItem","position":3,"name":"Kartka &#8211; S\u0142o\u0144ce majowe"}]},{"@type":"WebSite","@id":"https:\/\/simpledream.pl\/#website","url":"https:\/\/simpledream.pl\/","name":"Simple Dream","description":"","potentialAction":[{"@type":"SearchAction","target":{"@type":"EntryPoint","urlTemplate":"https:\/\/simpledream.pl\/?s={search_term_string}"},"query-input":{"@type":"PropertyValueSpecification","valueRequired":true,"valueName":"search_term_string"}}],"inLanguage":"pl-PL"}]}},"lang":"pl","translations":{"pl":8837,"en":8848},"pll_sync_post":[],"_links":{"self":[{"href":"https:\/\/simpledream.pl\/index.php\/wp-json\/wp\/v2\/product\/8837","targetHints":{"allow":["GET"]}}],"collection":[{"href":"https:\/\/simpledream.pl\/index.php\/wp-json\/wp\/v2\/product"}],"about":[{"href":"https:\/\/simpledream.pl\/index.php\/wp-json\/wp\/v2\/types\/product"}],"replies":[{"embeddable":true,"href":"https:\/\/simpledream.pl\/index.php\/wp-json\/wp\/v2\/comments?post=8837"}],"version-history":[{"count":5,"href":"https:\/\/simpledream.pl\/index.php\/wp-json\/wp\/v2\/product\/8837\/revisions"}],"predecessor-version":[{"id":9692,"href":"https:\/\/simpledream.pl\/index.php\/wp-json\/wp\/v2\/product\/8837\/revisions\/9692"}],"wp:featuredmedia":[{"embeddable":true,"href":"https:\/\/simpledream.pl\/index.php\/wp-json\/wp\/v2\/media\/8838"}],"wp:attachment":[{"href":"https:\/\/simpledream.pl\/index.php\/wp-json\/wp\/v2\/media?parent=8837"}],"wp:term":[{"taxonomy":"product_cat","embeddable":true,"href":"https:\/\/simpledream.pl\/index.php\/wp-json\/wp\/v2\/product_cat?post=8837"},{"taxonomy":"product_tag","embeddable":true,"href":"https:\/\/simpledream.pl\/index.php\/wp-json\/wp\/v2\/product_tag?post=8837"}],"curies":[{"name":"wp","href":"https:\/\/api.w.org\/{rel}","templated":true}]}}