{"id":8863,"date":"2022-11-06T13:20:15","date_gmt":"2022-11-06T12:20:15","guid":{"rendered":"https:\/\/simpledream.pl\/?post_type=product&#038;p=8863"},"modified":"2023-12-19T09:12:03","modified_gmt":"2023-12-19T08:12:03","slug":"greeting-card-friendship","status":"publish","type":"product","link":"https:\/\/simpledream.pl\/index.php\/en\/produkt\/greeting-card-friendship\/","title":{"rendered":"Greeting card &#8211; Friendship"},"content":{"rendered":"<p>The greeting card designed by us shows the our interpretation of friendship that brings harmony into our lives. Each of us is the sum of experiences that we can exchange.<\/p>\n<p>Card size: 15 x 15 cm<\/p>\n<p>Middle: clean<\/p>\n<p>To meet the expectations of our customers, we offer an additional solution. If you would like to buy any of our products as a gift with a card, let us know! In your shopping notes, add your wishes and we will write them over to the card you have purchased. In addition, the order will be sent without a receipt, so the recipient will be able to enjoy the gift knowing who he got it from. The outer finish of the card is made of a special satin foil that does not affect the color, but adds tactile qualities. It is nice, even like \u201cvelor\u201d smooth.<\/p>\n","protected":false},"excerpt":{"rendered":"<p>Greeting card for any occasion. The pattern is our interpretation of friendship that brings harmony into our lives. Each of us is the sum of experiences that we can exchange.<\/p>\n","protected":false},"featured_media":8854,"comment_status":"closed","ping_status":"closed","template":"","meta":[],"product_cat":[920,423,918,902,417,886,427,904,914,890,908,916,910,433,888,256,922,906],"product_tag":[1305,1055,1307,1314,1053,1051,964,1184,934,1301,932,1299,1303,1309],"class_list":{"0":"post-8863","1":"product","2":"type-product","3":"status-publish","4":"has-post-thumbnail","6":"product_cat-birthday-names-day","7":"product_cat-collections","8":"product_cat-fathers-day","9":"product_cat-for-whom","10":"product_cat-reproduction","11":"product_cat-gifts","12":"product_cat-graphics","13":"product_cat-kid","14":"product_cat-kids-day","15":"product_cat-less-than-50-pln","16":"product_cat-man","17":"product_cat-mothers-day","18":"product_cat-occasion","19":"product_cat-patterns-design","20":"product_cat-price","21":"product_cat-uncategorized-en","22":"product_cat-valentines-day","23":"product_cat-woman","24":"product_tag-all-the-best","25":"product_tag-art","26":"product_tag-card","27":"product_tag-for-a-friend","28":"product_tag-for-her","29":"product_tag-for-him","30":"product_tag-for-notes","31":"product_tag-friendship","32":"product_tag-gift-idea","33":"product_tag-greeting-card","34":"product_tag-made-in-poland","35":"product_tag-paiting","36":"product_tag-wishes","37":"product_tag-with-a-gift","39":"first","40":"instock","41":"shipping-taxable","42":"purchasable","43":"product-type-simple"},"yoast_head":"<!-- This site is optimized with the Yoast SEO plugin v23.9 - https:\/\/yoast.com\/wordpress\/plugins\/seo\/ -->\n<title>Greeting card - Friendship - Simple Dream<\/title>\n<meta name=\"robots\" content=\"index, follow, max-snippet:-1, max-image-preview:large, max-video-preview:-1\" \/>\n<link rel=\"canonical\" href=\"https:\/\/simpledream.pl\/index.php\/en\/produkt\/greeting-card-friendship\/\" \/>\n<meta property=\"og:locale\" content=\"pl_PL\" \/>\n<meta property=\"og:type\" content=\"article\" \/>\n<meta property=\"og:title\" content=\"Greeting card - Friendship - Simple Dream\" \/>\n<meta property=\"og:description\" content=\"Greeting card for any occasion. The pattern is our interpretation of friendship that brings harmony into our lives. Each of us is the sum of experiences that we can exchange.\" \/>\n<meta property=\"og:url\" content=\"https:\/\/simpledream.pl\/index.php\/en\/produkt\/greeting-card-friendship\/\" \/>\n<meta property=\"og:site_name\" content=\"Simple Dream\" \/>\n<meta property=\"article:modified_time\" content=\"2023-12-19T08:12:03+00:00\" \/>\n<meta property=\"og:image\" content=\"https:\/\/simpledream.pl\/wp-content\/uploads\/2022\/11\/SESJA-URSYNOW38.jpg\" \/>\n\t<meta property=\"og:image:width\" content=\"1200\" \/>\n\t<meta property=\"og:image:height\" content=\"1200\" \/>\n\t<meta property=\"og:image:type\" content=\"image\/jpeg\" \/>\n<meta name=\"twitter:card\" content=\"summary_large_image\" \/>\n<meta name=\"twitter:label1\" content=\"Szacowany czas czytania\" \/>\n\t<meta name=\"twitter:data1\" content=\"1 minuta\" \/>\n<script type=\"application\/ld+json\" class=\"yoast-schema-graph\">{\"@context\":\"https:\/\/schema.org\",\"@graph\":[{\"@type\":\"WebPage\",\"@id\":\"https:\/\/simpledream.pl\/index.php\/en\/produkt\/greeting-card-friendship\/\",\"url\":\"https:\/\/simpledream.pl\/index.php\/en\/produkt\/greeting-card-friendship\/\",\"name\":\"Greeting card - Friendship - Simple Dream\",\"isPartOf\":{\"@id\":\"https:\/\/simpledream.pl\/#website\"},\"primaryImageOfPage\":{\"@id\":\"https:\/\/simpledream.pl\/index.php\/en\/produkt\/greeting-card-friendship\/#primaryimage\"},\"image\":{\"@id\":\"https:\/\/simpledream.pl\/index.php\/en\/produkt\/greeting-card-friendship\/#primaryimage\"},\"thumbnailUrl\":\"https:\/\/simpledream.pl\/wp-content\/uploads\/2022\/11\/SESJA-URSYNOW38.jpg\",\"datePublished\":\"2022-11-06T12:20:15+00:00\",\"dateModified\":\"2023-12-19T08:12:03+00:00\",\"breadcrumb\":{\"@id\":\"https:\/\/simpledream.pl\/index.php\/en\/produkt\/greeting-card-friendship\/#breadcrumb\"},\"inLanguage\":\"pl-PL\",\"potentialAction\":[{\"@type\":\"ReadAction\",\"target\":[\"https:\/\/simpledream.pl\/index.php\/en\/produkt\/greeting-card-friendship\/\"]}]},{\"@type\":\"ImageObject\",\"inLanguage\":\"pl-PL\",\"@id\":\"https:\/\/simpledream.pl\/index.php\/en\/produkt\/greeting-card-friendship\/#primaryimage\",\"url\":\"https:\/\/simpledream.pl\/wp-content\/uploads\/2022\/11\/SESJA-URSYNOW38.jpg\",\"contentUrl\":\"https:\/\/simpledream.pl\/wp-content\/uploads\/2022\/11\/SESJA-URSYNOW38.jpg\",\"width\":1200,\"height\":1200,\"caption\":\"Kartka na ka\u017cd\u0105 okazj\u0119\"},{\"@type\":\"BreadcrumbList\",\"@id\":\"https:\/\/simpledream.pl\/index.php\/en\/produkt\/greeting-card-friendship\/#breadcrumb\",\"itemListElement\":[{\"@type\":\"ListItem\",\"position\":1,\"name\":\"Strona g\u0142\u00f3wna\",\"item\":\"https:\/\/simpledream.pl\/index.php\/pl\/main-home\/\"},{\"@type\":\"ListItem\",\"position\":2,\"name\":\"Sklep\",\"item\":\"https:\/\/simpledream.pl\/index.php\/pl\/sklep\/\"},{\"@type\":\"ListItem\",\"position\":3,\"name\":\"Greeting card &#8211; Friendship\"}]},{\"@type\":\"WebSite\",\"@id\":\"https:\/\/simpledream.pl\/#website\",\"url\":\"https:\/\/simpledream.pl\/\",\"name\":\"Simple Dream\",\"description\":\"\",\"potentialAction\":[{\"@type\":\"SearchAction\",\"target\":{\"@type\":\"EntryPoint\",\"urlTemplate\":\"https:\/\/simpledream.pl\/?s={search_term_string}\"},\"query-input\":{\"@type\":\"PropertyValueSpecification\",\"valueRequired\":true,\"valueName\":\"search_term_string\"}}],\"inLanguage\":\"pl-PL\"}]}<\/script>\n<!-- \/ Yoast SEO plugin. -->","yoast_head_json":{"title":"Greeting card - Friendship - Simple Dream","robots":{"index":"index","follow":"follow","max-snippet":"max-snippet:-1","max-image-preview":"max-image-preview:large","max-video-preview":"max-video-preview:-1"},"canonical":"https:\/\/simpledream.pl\/index.php\/en\/produkt\/greeting-card-friendship\/","og_locale":"pl_PL","og_type":"article","og_title":"Greeting card - Friendship - Simple Dream","og_description":"Greeting card for any occasion. The pattern is our interpretation of friendship that brings harmony into our lives. Each of us is the sum of experiences that we can exchange.","og_url":"https:\/\/simpledream.pl\/index.php\/en\/produkt\/greeting-card-friendship\/","og_site_name":"Simple Dream","article_modified_time":"2023-12-19T08:12:03+00:00","og_image":[{"width":1200,"height":1200,"url":"https:\/\/simpledream.pl\/wp-content\/uploads\/2022\/11\/SESJA-URSYNOW38.jpg","type":"image\/jpeg"}],"twitter_card":"summary_large_image","twitter_misc":{"Szacowany czas czytania":"1 minuta"},"schema":{"@context":"https:\/\/schema.org","@graph":[{"@type":"WebPage","@id":"https:\/\/simpledream.pl\/index.php\/en\/produkt\/greeting-card-friendship\/","url":"https:\/\/simpledream.pl\/index.php\/en\/produkt\/greeting-card-friendship\/","name":"Greeting card - Friendship - Simple Dream","isPartOf":{"@id":"https:\/\/simpledream.pl\/#website"},"primaryImageOfPage":{"@id":"https:\/\/simpledream.pl\/index.php\/en\/produkt\/greeting-card-friendship\/#primaryimage"},"image":{"@id":"https:\/\/simpledream.pl\/index.php\/en\/produkt\/greeting-card-friendship\/#primaryimage"},"thumbnailUrl":"https:\/\/simpledream.pl\/wp-content\/uploads\/2022\/11\/SESJA-URSYNOW38.jpg","datePublished":"2022-11-06T12:20:15+00:00","dateModified":"2023-12-19T08:12:03+00:00","breadcrumb":{"@id":"https:\/\/simpledream.pl\/index.php\/en\/produkt\/greeting-card-friendship\/#breadcrumb"},"inLanguage":"pl-PL","potentialAction":[{"@type":"ReadAction","target":["https:\/\/simpledream.pl\/index.php\/en\/produkt\/greeting-card-friendship\/"]}]},{"@type":"ImageObject","inLanguage":"pl-PL","@id":"https:\/\/simpledream.pl\/index.php\/en\/produkt\/greeting-card-friendship\/#primaryimage","url":"https:\/\/simpledream.pl\/wp-content\/uploads\/2022\/11\/SESJA-URSYNOW38.jpg","contentUrl":"https:\/\/simpledream.pl\/wp-content\/uploads\/2022\/11\/SESJA-URSYNOW38.jpg","width":1200,"height":1200,"caption":"Kartka na ka\u017cd\u0105 okazj\u0119"},{"@type":"BreadcrumbList","@id":"https:\/\/simpledream.pl\/index.php\/en\/produkt\/greeting-card-friendship\/#breadcrumb","itemListElement":[{"@type":"ListItem","position":1,"name":"Strona g\u0142\u00f3wna","item":"https:\/\/simpledream.pl\/index.php\/pl\/main-home\/"},{"@type":"ListItem","position":2,"name":"Sklep","item":"https:\/\/simpledream.pl\/index.php\/pl\/sklep\/"},{"@type":"ListItem","position":3,"name":"Greeting card &#8211; Friendship"}]},{"@type":"WebSite","@id":"https:\/\/simpledream.pl\/#website","url":"https:\/\/simpledream.pl\/","name":"Simple Dream","description":"","potentialAction":[{"@type":"SearchAction","target":{"@type":"EntryPoint","urlTemplate":"https:\/\/simpledream.pl\/?s={search_term_string}"},"query-input":{"@type":"PropertyValueSpecification","valueRequired":true,"valueName":"search_term_string"}}],"inLanguage":"pl-PL"}]}},"lang":"en","translations":{"en":8863,"pl":8853},"pll_sync_post":[],"_links":{"self":[{"href":"https:\/\/simpledream.pl\/index.php\/wp-json\/wp\/v2\/product\/8863","targetHints":{"allow":["GET"]}}],"collection":[{"href":"https:\/\/simpledream.pl\/index.php\/wp-json\/wp\/v2\/product"}],"about":[{"href":"https:\/\/simpledream.pl\/index.php\/wp-json\/wp\/v2\/types\/product"}],"replies":[{"embeddable":true,"href":"https:\/\/simpledream.pl\/index.php\/wp-json\/wp\/v2\/comments?post=8863"}],"version-history":[{"count":5,"href":"https:\/\/simpledream.pl\/index.php\/wp-json\/wp\/v2\/product\/8863\/revisions"}],"predecessor-version":[{"id":10760,"href":"https:\/\/simpledream.pl\/index.php\/wp-json\/wp\/v2\/product\/8863\/revisions\/10760"}],"wp:featuredmedia":[{"embeddable":true,"href":"https:\/\/simpledream.pl\/index.php\/wp-json\/wp\/v2\/media\/8854"}],"wp:attachment":[{"href":"https:\/\/simpledream.pl\/index.php\/wp-json\/wp\/v2\/media?parent=8863"}],"wp:term":[{"taxonomy":"product_cat","embeddable":true,"href":"https:\/\/simpledream.pl\/index.php\/wp-json\/wp\/v2\/product_cat?post=8863"},{"taxonomy":"product_tag","embeddable":true,"href":"https:\/\/simpledream.pl\/index.php\/wp-json\/wp\/v2\/product_tag?post=8863"}],"curies":[{"name":"wp","href":"https:\/\/api.w.org\/{rel}","templated":true}]}}