{"id":9818,"date":"2023-06-23T14:15:49","date_gmt":"2023-06-23T12:15:49","guid":{"rendered":"https:\/\/simpledream.pl\/?post_type=product&#038;p=9818"},"modified":"2025-10-13T15:13:49","modified_gmt":"2025-10-13T13:13:49","slug":"zakladka-magnetyczna-dziwny-ogrod","status":"publish","type":"product","link":"https:\/\/simpledream.pl\/index.php\/pl\/produkt\/zakladka-magnetyczna-dziwny-ogrod\/","title":{"rendered":"Zak\u0142adka magnetyczna &#8211; Dziwny ogr\u00f3d"},"content":{"rendered":"<p>Zak\u0142adka magnetyczna do ksi\u0105\u017cki, z umiejscowionym magnesem po ca\u0142o\u015bci z dw\u00f3ch stron. Dzi\u0119ki czemu, nie wypada z ksi\u0105\u017cki. Wyprodukowana zosta\u0142a w Polsce.<\/p>\n<p>Zak\u0142adka umiejscowiona jest na blistrze z informacji.<\/p>\n<p>Wymiar blistra:<\/p>\n<p>18 x 7 cm<\/p>\n<p>Wymiar zak\u0142adki:<\/p>\n<p>10 x 4,5 cm<\/p>\n<p>Obraz \u201cDziwny ogr\u00f3d\u201d zosta\u0142 wykonany przez J\u00f3zefa Mehoffera w 1902-1903 roku. Nale\u017cy do kolekcji Muzeum Narodowego w Warszawie.<\/p>\n<p>Powsta\u0142 podczas letniego wypoczynku artysty oraz jego rodziny. Przedstawia trzy osoby: \u017con\u0119, synka oraz opiekunk\u0119. Obraz wype\u0142nia bujna ziele\u0144, kwiaty, trawa, ostre s\u0142o\u0144ce, wszystkie elementy, kt\u00f3re ukazuj\u0105 upalne lato. Harmoni\u0119 zaburza ogromnych rozmiar\u00f3w wa\u017cka, mo\u017ce by\u0107 ona \u015bladem obecno\u015bci samego malarza. Wa\u017cka zosta\u0142a ukazana w spos\u00f3b witra\u017cowy. Jest to forma sztuki, kt\u00f3ra stanowi\u0142a wa\u017cn\u0105 p\u0142aszczyzn\u0119 w dzie\u0142ach artysty.<\/p>\n","protected":false},"excerpt":{"rendered":"<p>Zak\u0142adka magnetyczna do ksi\u0105\u017cki, z umiejscowionym magnesem po ca\u0142o\u015bci z dw\u00f3ch stron. Wyprodukowana w Polsce. Obraz \u201cDziwny ogr\u00f3d\u201d zosta\u0142 wykonany przez J\u00f3zefa Mehoffera w 1902-1903 roku. Nale\u017cy do kolekcji Muzeum Narodowego w Warszawie.<\/p>\n","protected":false},"featured_media":9985,"comment_status":"open","ping_status":"closed","template":"","meta":[],"product_cat":[1332,15,92,93,115,116,117,130,131,132,133,123,125,126,128,127,124,129],"product_tag":[1344,481,214,1346,1352,1348,177,1354,1340,1342],"class_list":{"0":"post-9818","1":"product","2":"type-product","3":"status-publish","4":"has-post-thumbnail","6":"product_cat-zakladka-magnetyczna","7":"product_cat-bez-kategorii","8":"product_cat-kolekcje","9":"product_cat-sztuka","10":"product_cat-prezenty","11":"product_cat-cena","12":"product_cat-ponizej-50-zl","13":"product_cat-dla-kogo","14":"product_cat-dziecko","15":"product_cat-kobieta","16":"product_cat-mezczyzna","17":"product_cat-okazja","18":"product_cat-boze-narodzenie","19":"product_cat-dzien-dziecka","20":"product_cat-dzien-matki","21":"product_cat-dzien-ojca","22":"product_cat-urodziny-imieniny","23":"product_cat-walentynki","24":"product_tag-czytanie","25":"product_tag-dziwny-ogrod","26":"product_tag-jozef-mehoffer","27":"product_tag-ksiazka","28":"product_tag-magnes","29":"product_tag-muzeum-narodowe","30":"product_tag-obraz","31":"product_tag-polskie-obrazy","32":"product_tag-zakladka","33":"product_tag-zakladka-do-ksiazki","35":"first","36":"instock","37":"shipping-taxable","38":"purchasable","39":"product-type-simple"},"yoast_head":"<!-- This site is optimized with the Yoast SEO plugin v23.9 - https:\/\/yoast.com\/wordpress\/plugins\/seo\/ -->\n<title>Zak\u0142adka magnetyczna - Dziwny ogr\u00f3d - Simple Dream<\/title>\n<meta name=\"robots\" content=\"index, follow, max-snippet:-1, max-image-preview:large, max-video-preview:-1\" \/>\n<link rel=\"canonical\" href=\"https:\/\/simpledream.pl\/index.php\/pl\/produkt\/zakladka-magnetyczna-dziwny-ogrod\/\" \/>\n<meta property=\"og:locale\" content=\"pl_PL\" \/>\n<meta property=\"og:type\" content=\"article\" \/>\n<meta property=\"og:title\" content=\"Zak\u0142adka magnetyczna - Dziwny ogr\u00f3d - Simple Dream\" \/>\n<meta property=\"og:description\" content=\"Zak\u0142adka magnetyczna do ksi\u0105\u017cki, z umiejscowionym magnesem po ca\u0142o\u015bci z dw\u00f3ch stron. Wyprodukowana w Polsce. Obraz \u201cDziwny ogr\u00f3d\u201d zosta\u0142 wykonany przez J\u00f3zefa Mehoffera w 1902-1903 roku. Nale\u017cy do kolekcji Muzeum Narodowego w Warszawie.\" \/>\n<meta property=\"og:url\" content=\"https:\/\/simpledream.pl\/index.php\/pl\/produkt\/zakladka-magnetyczna-dziwny-ogrod\/\" \/>\n<meta property=\"og:site_name\" content=\"Simple Dream\" \/>\n<meta property=\"article:modified_time\" content=\"2025-10-13T13:13:49+00:00\" \/>\n<meta property=\"og:image\" content=\"https:\/\/simpledream.pl\/wp-content\/uploads\/2023\/06\/zakladki-aranzacje.jpg\" \/>\n\t<meta property=\"og:image:width\" content=\"1200\" \/>\n\t<meta property=\"og:image:height\" content=\"1200\" \/>\n\t<meta property=\"og:image:type\" content=\"image\/jpeg\" \/>\n<meta name=\"twitter:card\" content=\"summary_large_image\" \/>\n<meta name=\"twitter:label1\" content=\"Szacowany czas czytania\" \/>\n\t<meta name=\"twitter:data1\" content=\"1 minuta\" \/>\n<script type=\"application\/ld+json\" class=\"yoast-schema-graph\">{\"@context\":\"https:\/\/schema.org\",\"@graph\":[{\"@type\":\"WebPage\",\"@id\":\"https:\/\/simpledream.pl\/index.php\/pl\/produkt\/zakladka-magnetyczna-dziwny-ogrod\/\",\"url\":\"https:\/\/simpledream.pl\/index.php\/pl\/produkt\/zakladka-magnetyczna-dziwny-ogrod\/\",\"name\":\"Zak\u0142adka magnetyczna - Dziwny ogr\u00f3d - Simple Dream\",\"isPartOf\":{\"@id\":\"https:\/\/simpledream.pl\/#website\"},\"primaryImageOfPage\":{\"@id\":\"https:\/\/simpledream.pl\/index.php\/pl\/produkt\/zakladka-magnetyczna-dziwny-ogrod\/#primaryimage\"},\"image\":{\"@id\":\"https:\/\/simpledream.pl\/index.php\/pl\/produkt\/zakladka-magnetyczna-dziwny-ogrod\/#primaryimage\"},\"thumbnailUrl\":\"https:\/\/simpledream.pl\/wp-content\/uploads\/2023\/06\/zakladki-aranzacje.jpg\",\"datePublished\":\"2023-06-23T12:15:49+00:00\",\"dateModified\":\"2025-10-13T13:13:49+00:00\",\"breadcrumb\":{\"@id\":\"https:\/\/simpledream.pl\/index.php\/pl\/produkt\/zakladka-magnetyczna-dziwny-ogrod\/#breadcrumb\"},\"inLanguage\":\"pl-PL\",\"potentialAction\":[{\"@type\":\"ReadAction\",\"target\":[\"https:\/\/simpledream.pl\/index.php\/pl\/produkt\/zakladka-magnetyczna-dziwny-ogrod\/\"]}]},{\"@type\":\"ImageObject\",\"inLanguage\":\"pl-PL\",\"@id\":\"https:\/\/simpledream.pl\/index.php\/pl\/produkt\/zakladka-magnetyczna-dziwny-ogrod\/#primaryimage\",\"url\":\"https:\/\/simpledream.pl\/wp-content\/uploads\/2023\/06\/zakladki-aranzacje.jpg\",\"contentUrl\":\"https:\/\/simpledream.pl\/wp-content\/uploads\/2023\/06\/zakladki-aranzacje.jpg\",\"width\":1200,\"height\":1200},{\"@type\":\"BreadcrumbList\",\"@id\":\"https:\/\/simpledream.pl\/index.php\/pl\/produkt\/zakladka-magnetyczna-dziwny-ogrod\/#breadcrumb\",\"itemListElement\":[{\"@type\":\"ListItem\",\"position\":1,\"name\":\"Strona g\u0142\u00f3wna\",\"item\":\"https:\/\/simpledream.pl\/index.php\/pl\/main-home\/\"},{\"@type\":\"ListItem\",\"position\":2,\"name\":\"Sklep\",\"item\":\"https:\/\/simpledream.pl\/index.php\/pl\/sklep\/\"},{\"@type\":\"ListItem\",\"position\":3,\"name\":\"Zak\u0142adka magnetyczna &#8211; Dziwny ogr\u00f3d\"}]},{\"@type\":\"WebSite\",\"@id\":\"https:\/\/simpledream.pl\/#website\",\"url\":\"https:\/\/simpledream.pl\/\",\"name\":\"Simple Dream\",\"description\":\"\",\"potentialAction\":[{\"@type\":\"SearchAction\",\"target\":{\"@type\":\"EntryPoint\",\"urlTemplate\":\"https:\/\/simpledream.pl\/?s={search_term_string}\"},\"query-input\":{\"@type\":\"PropertyValueSpecification\",\"valueRequired\":true,\"valueName\":\"search_term_string\"}}],\"inLanguage\":\"pl-PL\"}]}<\/script>\n<!-- \/ Yoast SEO plugin. -->","yoast_head_json":{"title":"Zak\u0142adka magnetyczna - Dziwny ogr\u00f3d - Simple Dream","robots":{"index":"index","follow":"follow","max-snippet":"max-snippet:-1","max-image-preview":"max-image-preview:large","max-video-preview":"max-video-preview:-1"},"canonical":"https:\/\/simpledream.pl\/index.php\/pl\/produkt\/zakladka-magnetyczna-dziwny-ogrod\/","og_locale":"pl_PL","og_type":"article","og_title":"Zak\u0142adka magnetyczna - Dziwny ogr\u00f3d - Simple Dream","og_description":"Zak\u0142adka magnetyczna do ksi\u0105\u017cki, z umiejscowionym magnesem po ca\u0142o\u015bci z dw\u00f3ch stron. Wyprodukowana w Polsce. Obraz \u201cDziwny ogr\u00f3d\u201d zosta\u0142 wykonany przez J\u00f3zefa Mehoffera w 1902-1903 roku. Nale\u017cy do kolekcji Muzeum Narodowego w Warszawie.","og_url":"https:\/\/simpledream.pl\/index.php\/pl\/produkt\/zakladka-magnetyczna-dziwny-ogrod\/","og_site_name":"Simple Dream","article_modified_time":"2025-10-13T13:13:49+00:00","og_image":[{"width":1200,"height":1200,"url":"https:\/\/simpledream.pl\/wp-content\/uploads\/2023\/06\/zakladki-aranzacje.jpg","type":"image\/jpeg"}],"twitter_card":"summary_large_image","twitter_misc":{"Szacowany czas czytania":"1 minuta"},"schema":{"@context":"https:\/\/schema.org","@graph":[{"@type":"WebPage","@id":"https:\/\/simpledream.pl\/index.php\/pl\/produkt\/zakladka-magnetyczna-dziwny-ogrod\/","url":"https:\/\/simpledream.pl\/index.php\/pl\/produkt\/zakladka-magnetyczna-dziwny-ogrod\/","name":"Zak\u0142adka magnetyczna - Dziwny ogr\u00f3d - Simple Dream","isPartOf":{"@id":"https:\/\/simpledream.pl\/#website"},"primaryImageOfPage":{"@id":"https:\/\/simpledream.pl\/index.php\/pl\/produkt\/zakladka-magnetyczna-dziwny-ogrod\/#primaryimage"},"image":{"@id":"https:\/\/simpledream.pl\/index.php\/pl\/produkt\/zakladka-magnetyczna-dziwny-ogrod\/#primaryimage"},"thumbnailUrl":"https:\/\/simpledream.pl\/wp-content\/uploads\/2023\/06\/zakladki-aranzacje.jpg","datePublished":"2023-06-23T12:15:49+00:00","dateModified":"2025-10-13T13:13:49+00:00","breadcrumb":{"@id":"https:\/\/simpledream.pl\/index.php\/pl\/produkt\/zakladka-magnetyczna-dziwny-ogrod\/#breadcrumb"},"inLanguage":"pl-PL","potentialAction":[{"@type":"ReadAction","target":["https:\/\/simpledream.pl\/index.php\/pl\/produkt\/zakladka-magnetyczna-dziwny-ogrod\/"]}]},{"@type":"ImageObject","inLanguage":"pl-PL","@id":"https:\/\/simpledream.pl\/index.php\/pl\/produkt\/zakladka-magnetyczna-dziwny-ogrod\/#primaryimage","url":"https:\/\/simpledream.pl\/wp-content\/uploads\/2023\/06\/zakladki-aranzacje.jpg","contentUrl":"https:\/\/simpledream.pl\/wp-content\/uploads\/2023\/06\/zakladki-aranzacje.jpg","width":1200,"height":1200},{"@type":"BreadcrumbList","@id":"https:\/\/simpledream.pl\/index.php\/pl\/produkt\/zakladka-magnetyczna-dziwny-ogrod\/#breadcrumb","itemListElement":[{"@type":"ListItem","position":1,"name":"Strona g\u0142\u00f3wna","item":"https:\/\/simpledream.pl\/index.php\/pl\/main-home\/"},{"@type":"ListItem","position":2,"name":"Sklep","item":"https:\/\/simpledream.pl\/index.php\/pl\/sklep\/"},{"@type":"ListItem","position":3,"name":"Zak\u0142adka magnetyczna &#8211; Dziwny ogr\u00f3d"}]},{"@type":"WebSite","@id":"https:\/\/simpledream.pl\/#website","url":"https:\/\/simpledream.pl\/","name":"Simple Dream","description":"","potentialAction":[{"@type":"SearchAction","target":{"@type":"EntryPoint","urlTemplate":"https:\/\/simpledream.pl\/?s={search_term_string}"},"query-input":{"@type":"PropertyValueSpecification","valueRequired":true,"valueName":"search_term_string"}}],"inLanguage":"pl-PL"}]}},"lang":"pl","translations":{"pl":9818,"en":9823},"pll_sync_post":[],"_links":{"self":[{"href":"https:\/\/simpledream.pl\/index.php\/wp-json\/wp\/v2\/product\/9818","targetHints":{"allow":["GET"]}}],"collection":[{"href":"https:\/\/simpledream.pl\/index.php\/wp-json\/wp\/v2\/product"}],"about":[{"href":"https:\/\/simpledream.pl\/index.php\/wp-json\/wp\/v2\/types\/product"}],"replies":[{"embeddable":true,"href":"https:\/\/simpledream.pl\/index.php\/wp-json\/wp\/v2\/comments?post=9818"}],"version-history":[{"count":3,"href":"https:\/\/simpledream.pl\/index.php\/wp-json\/wp\/v2\/product\/9818\/revisions"}],"predecessor-version":[{"id":9822,"href":"https:\/\/simpledream.pl\/index.php\/wp-json\/wp\/v2\/product\/9818\/revisions\/9822"}],"wp:featuredmedia":[{"embeddable":true,"href":"https:\/\/simpledream.pl\/index.php\/wp-json\/wp\/v2\/media\/9985"}],"wp:attachment":[{"href":"https:\/\/simpledream.pl\/index.php\/wp-json\/wp\/v2\/media?parent=9818"}],"wp:term":[{"taxonomy":"product_cat","embeddable":true,"href":"https:\/\/simpledream.pl\/index.php\/wp-json\/wp\/v2\/product_cat?post=9818"},{"taxonomy":"product_tag","embeddable":true,"href":"https:\/\/simpledream.pl\/index.php\/wp-json\/wp\/v2\/product_tag?post=9818"}],"curies":[{"name":"wp","href":"https:\/\/api.w.org\/{rel}","templated":true}]}}