{"id":9843,"date":"2023-06-23T16:48:58","date_gmt":"2023-06-23T14:48:58","guid":{"rendered":"https:\/\/simpledream.pl\/?post_type=product&#038;p=9843"},"modified":"2025-02-07T15:55:42","modified_gmt":"2025-02-07T14:55:42","slug":"zakladka-magnetyczna-kwiat-krakowski-zachodni","status":"publish","type":"product","link":"https:\/\/simpledream.pl\/index.php\/pl\/produkt\/zakladka-magnetyczna-kwiat-krakowski-zachodni\/","title":{"rendered":"Zak\u0142adka magnetyczna &#8211; Kwiat krakowski zachodni"},"content":{"rendered":"<p>Zak\u0142adka magnetyczna do ksi\u0105\u017cki, z umiejscowionym magnesem po ca\u0142o\u015bci z dw\u00f3ch stron. Dzi\u0119ki czemu, nie wypada z ksi\u0105\u017cki. Wyprodukowana zosta\u0142a w Polsce.<\/p>\n<p>Zak\u0142adka umiejscowiona jest na blistrze z informacji.<\/p>\n<p>Wymiar blistra:<\/p>\n<p>18 x 7 cm<\/p>\n<p>Wymiar zak\u0142adki:<\/p>\n<p>10 x 4,5 cm<\/p>\n<p>&nbsp;<\/p>\n<p>Dziedzictwo polskiej sztuki ludowej opiera si\u0119 na haftach regionalnych. Zdobnictwo pochodz\u0105ce z regionu krakowskiego mo\u017cna zaliczy\u0107 do najbardziej rozpoznawalnych w Polsce. Etnografowie dziel\u0105 region krakowski na zachodni (miasto Krak\u00f3w, okalaj\u0105ce go wsie i miejscowo\u015bci w kierunku p\u00f3\u0142nocno \u2013 zachodnim) oraz wschodni (po\u0142udniowo \u2013 wschodnie obrze\u017ca miasta i dalej w kierunku Brzeska i Tarnowa). Hafty bia\u0142e i kolorowe, to jeden z najbardziej charakterystycznych element\u00f3w stroju krakowskiego. Noszony do ko\u0144ca XVIII w. sta\u0142 si\u0119 ubiorem od\u015bwi\u0119tnym na pocz\u0105tku XX w.<\/p>\n","protected":false},"excerpt":{"rendered":"<p>Zak\u0142adka magnetyczna do ksi\u0105\u017cki, z umiejscowionym magnesem po ca\u0142o\u015bci z dw\u00f3ch stron. Wyprodukowana w Polsce. Dziedzictwo polskiej sztuki ludowej opiera si\u0119 na haftach regionalnych. Haft krakowski to szale\u0144stwo kolor\u00f3w, jakimi mieni si\u0119 wybuchaj\u0105ca wiosn\u0105 przyroda i rozkosz dla wszystkich, kt\u00f3rzy kochaj\u0105 kwiaty.<\/p>\n","protected":false},"featured_media":9975,"comment_status":"open","ping_status":"closed","template":"","meta":[],"product_cat":[1332,15,92,95,115,116,117,130,131,132,123,125,126,128,124,129],"product_tag":[1344,166,167,1346,186,1352,177,1354,1340,1342],"class_list":{"0":"post-9843","1":"product","2":"type-product","3":"status-publish","4":"has-post-thumbnail","6":"product_cat-zakladka-magnetyczna","7":"product_cat-bez-kategorii","8":"product_cat-kolekcje","9":"product_cat-folklor","10":"product_cat-prezenty","11":"product_cat-cena","12":"product_cat-ponizej-50-zl","13":"product_cat-dla-kogo","14":"product_cat-dziecko","15":"product_cat-kobieta","16":"product_cat-okazja","17":"product_cat-boze-narodzenie","18":"product_cat-dzien-dziecka","19":"product_cat-dzien-matki","20":"product_cat-urodziny-imieniny","21":"product_cat-walentynki","22":"product_tag-czytanie","23":"product_tag-folklore","24":"product_tag-krakow","25":"product_tag-ksiazka","26":"product_tag-kwiat","27":"product_tag-magnes","28":"product_tag-obraz","29":"product_tag-polskie-obrazy","30":"product_tag-zakladka","31":"product_tag-zakladka-do-ksiazki","33":"first","34":"instock","35":"shipping-taxable","36":"purchasable","37":"product-type-simple"},"yoast_head":"<!-- This site is optimized with the Yoast SEO plugin v23.9 - https:\/\/yoast.com\/wordpress\/plugins\/seo\/ -->\n<title>Zak\u0142adka magnetyczna - Kwiat krakowski zachodni - Simple Dream<\/title>\n<meta name=\"robots\" content=\"index, follow, max-snippet:-1, max-image-preview:large, max-video-preview:-1\" \/>\n<link rel=\"canonical\" href=\"https:\/\/simpledream.pl\/index.php\/pl\/produkt\/zakladka-magnetyczna-kwiat-krakowski-zachodni\/\" \/>\n<meta property=\"og:locale\" content=\"pl_PL\" \/>\n<meta property=\"og:type\" content=\"article\" \/>\n<meta property=\"og:title\" content=\"Zak\u0142adka magnetyczna - Kwiat krakowski zachodni - Simple Dream\" \/>\n<meta property=\"og:description\" content=\"Zak\u0142adka magnetyczna do ksi\u0105\u017cki, z umiejscowionym magnesem po ca\u0142o\u015bci z dw\u00f3ch stron. Wyprodukowana w Polsce. Dziedzictwo polskiej sztuki ludowej opiera si\u0119 na haftach regionalnych. Haft krakowski to szale\u0144stwo kolor\u00f3w, jakimi mieni si\u0119 wybuchaj\u0105ca wiosn\u0105 przyroda i rozkosz dla wszystkich, kt\u00f3rzy kochaj\u0105 kwiaty.\" \/>\n<meta property=\"og:url\" content=\"https:\/\/simpledream.pl\/index.php\/pl\/produkt\/zakladka-magnetyczna-kwiat-krakowski-zachodni\/\" \/>\n<meta property=\"og:site_name\" content=\"Simple Dream\" \/>\n<meta property=\"article:modified_time\" content=\"2025-02-07T14:55:42+00:00\" \/>\n<meta property=\"og:image\" content=\"https:\/\/simpledream.pl\/wp-content\/uploads\/2023\/06\/zakladki-aranzacje27.jpg\" \/>\n\t<meta property=\"og:image:width\" content=\"1200\" \/>\n\t<meta property=\"og:image:height\" content=\"1200\" \/>\n\t<meta property=\"og:image:type\" content=\"image\/jpeg\" \/>\n<meta name=\"twitter:card\" content=\"summary_large_image\" \/>\n<meta name=\"twitter:label1\" content=\"Szacowany czas czytania\" \/>\n\t<meta name=\"twitter:data1\" content=\"1 minuta\" \/>\n<script type=\"application\/ld+json\" class=\"yoast-schema-graph\">{\"@context\":\"https:\/\/schema.org\",\"@graph\":[{\"@type\":\"WebPage\",\"@id\":\"https:\/\/simpledream.pl\/index.php\/pl\/produkt\/zakladka-magnetyczna-kwiat-krakowski-zachodni\/\",\"url\":\"https:\/\/simpledream.pl\/index.php\/pl\/produkt\/zakladka-magnetyczna-kwiat-krakowski-zachodni\/\",\"name\":\"Zak\u0142adka magnetyczna - Kwiat krakowski zachodni - Simple Dream\",\"isPartOf\":{\"@id\":\"https:\/\/simpledream.pl\/#website\"},\"primaryImageOfPage\":{\"@id\":\"https:\/\/simpledream.pl\/index.php\/pl\/produkt\/zakladka-magnetyczna-kwiat-krakowski-zachodni\/#primaryimage\"},\"image\":{\"@id\":\"https:\/\/simpledream.pl\/index.php\/pl\/produkt\/zakladka-magnetyczna-kwiat-krakowski-zachodni\/#primaryimage\"},\"thumbnailUrl\":\"https:\/\/simpledream.pl\/wp-content\/uploads\/2023\/06\/zakladki-aranzacje27.jpg\",\"datePublished\":\"2023-06-23T14:48:58+00:00\",\"dateModified\":\"2025-02-07T14:55:42+00:00\",\"breadcrumb\":{\"@id\":\"https:\/\/simpledream.pl\/index.php\/pl\/produkt\/zakladka-magnetyczna-kwiat-krakowski-zachodni\/#breadcrumb\"},\"inLanguage\":\"pl-PL\",\"potentialAction\":[{\"@type\":\"ReadAction\",\"target\":[\"https:\/\/simpledream.pl\/index.php\/pl\/produkt\/zakladka-magnetyczna-kwiat-krakowski-zachodni\/\"]}]},{\"@type\":\"ImageObject\",\"inLanguage\":\"pl-PL\",\"@id\":\"https:\/\/simpledream.pl\/index.php\/pl\/produkt\/zakladka-magnetyczna-kwiat-krakowski-zachodni\/#primaryimage\",\"url\":\"https:\/\/simpledream.pl\/wp-content\/uploads\/2023\/06\/zakladki-aranzacje27.jpg\",\"contentUrl\":\"https:\/\/simpledream.pl\/wp-content\/uploads\/2023\/06\/zakladki-aranzacje27.jpg\",\"width\":1200,\"height\":1200},{\"@type\":\"BreadcrumbList\",\"@id\":\"https:\/\/simpledream.pl\/index.php\/pl\/produkt\/zakladka-magnetyczna-kwiat-krakowski-zachodni\/#breadcrumb\",\"itemListElement\":[{\"@type\":\"ListItem\",\"position\":1,\"name\":\"Strona g\u0142\u00f3wna\",\"item\":\"https:\/\/simpledream.pl\/index.php\/pl\/main-home\/\"},{\"@type\":\"ListItem\",\"position\":2,\"name\":\"Sklep\",\"item\":\"https:\/\/simpledream.pl\/index.php\/pl\/sklep\/\"},{\"@type\":\"ListItem\",\"position\":3,\"name\":\"Zak\u0142adka magnetyczna &#8211; Kwiat krakowski zachodni\"}]},{\"@type\":\"WebSite\",\"@id\":\"https:\/\/simpledream.pl\/#website\",\"url\":\"https:\/\/simpledream.pl\/\",\"name\":\"Simple Dream\",\"description\":\"\",\"potentialAction\":[{\"@type\":\"SearchAction\",\"target\":{\"@type\":\"EntryPoint\",\"urlTemplate\":\"https:\/\/simpledream.pl\/?s={search_term_string}\"},\"query-input\":{\"@type\":\"PropertyValueSpecification\",\"valueRequired\":true,\"valueName\":\"search_term_string\"}}],\"inLanguage\":\"pl-PL\"}]}<\/script>\n<!-- \/ Yoast SEO plugin. -->","yoast_head_json":{"title":"Zak\u0142adka magnetyczna - Kwiat krakowski zachodni - Simple Dream","robots":{"index":"index","follow":"follow","max-snippet":"max-snippet:-1","max-image-preview":"max-image-preview:large","max-video-preview":"max-video-preview:-1"},"canonical":"https:\/\/simpledream.pl\/index.php\/pl\/produkt\/zakladka-magnetyczna-kwiat-krakowski-zachodni\/","og_locale":"pl_PL","og_type":"article","og_title":"Zak\u0142adka magnetyczna - Kwiat krakowski zachodni - Simple Dream","og_description":"Zak\u0142adka magnetyczna do ksi\u0105\u017cki, z umiejscowionym magnesem po ca\u0142o\u015bci z dw\u00f3ch stron. Wyprodukowana w Polsce. Dziedzictwo polskiej sztuki ludowej opiera si\u0119 na haftach regionalnych. Haft krakowski to szale\u0144stwo kolor\u00f3w, jakimi mieni si\u0119 wybuchaj\u0105ca wiosn\u0105 przyroda i rozkosz dla wszystkich, kt\u00f3rzy kochaj\u0105 kwiaty.","og_url":"https:\/\/simpledream.pl\/index.php\/pl\/produkt\/zakladka-magnetyczna-kwiat-krakowski-zachodni\/","og_site_name":"Simple Dream","article_modified_time":"2025-02-07T14:55:42+00:00","og_image":[{"width":1200,"height":1200,"url":"https:\/\/simpledream.pl\/wp-content\/uploads\/2023\/06\/zakladki-aranzacje27.jpg","type":"image\/jpeg"}],"twitter_card":"summary_large_image","twitter_misc":{"Szacowany czas czytania":"1 minuta"},"schema":{"@context":"https:\/\/schema.org","@graph":[{"@type":"WebPage","@id":"https:\/\/simpledream.pl\/index.php\/pl\/produkt\/zakladka-magnetyczna-kwiat-krakowski-zachodni\/","url":"https:\/\/simpledream.pl\/index.php\/pl\/produkt\/zakladka-magnetyczna-kwiat-krakowski-zachodni\/","name":"Zak\u0142adka magnetyczna - Kwiat krakowski zachodni - Simple Dream","isPartOf":{"@id":"https:\/\/simpledream.pl\/#website"},"primaryImageOfPage":{"@id":"https:\/\/simpledream.pl\/index.php\/pl\/produkt\/zakladka-magnetyczna-kwiat-krakowski-zachodni\/#primaryimage"},"image":{"@id":"https:\/\/simpledream.pl\/index.php\/pl\/produkt\/zakladka-magnetyczna-kwiat-krakowski-zachodni\/#primaryimage"},"thumbnailUrl":"https:\/\/simpledream.pl\/wp-content\/uploads\/2023\/06\/zakladki-aranzacje27.jpg","datePublished":"2023-06-23T14:48:58+00:00","dateModified":"2025-02-07T14:55:42+00:00","breadcrumb":{"@id":"https:\/\/simpledream.pl\/index.php\/pl\/produkt\/zakladka-magnetyczna-kwiat-krakowski-zachodni\/#breadcrumb"},"inLanguage":"pl-PL","potentialAction":[{"@type":"ReadAction","target":["https:\/\/simpledream.pl\/index.php\/pl\/produkt\/zakladka-magnetyczna-kwiat-krakowski-zachodni\/"]}]},{"@type":"ImageObject","inLanguage":"pl-PL","@id":"https:\/\/simpledream.pl\/index.php\/pl\/produkt\/zakladka-magnetyczna-kwiat-krakowski-zachodni\/#primaryimage","url":"https:\/\/simpledream.pl\/wp-content\/uploads\/2023\/06\/zakladki-aranzacje27.jpg","contentUrl":"https:\/\/simpledream.pl\/wp-content\/uploads\/2023\/06\/zakladki-aranzacje27.jpg","width":1200,"height":1200},{"@type":"BreadcrumbList","@id":"https:\/\/simpledream.pl\/index.php\/pl\/produkt\/zakladka-magnetyczna-kwiat-krakowski-zachodni\/#breadcrumb","itemListElement":[{"@type":"ListItem","position":1,"name":"Strona g\u0142\u00f3wna","item":"https:\/\/simpledream.pl\/index.php\/pl\/main-home\/"},{"@type":"ListItem","position":2,"name":"Sklep","item":"https:\/\/simpledream.pl\/index.php\/pl\/sklep\/"},{"@type":"ListItem","position":3,"name":"Zak\u0142adka magnetyczna &#8211; Kwiat krakowski zachodni"}]},{"@type":"WebSite","@id":"https:\/\/simpledream.pl\/#website","url":"https:\/\/simpledream.pl\/","name":"Simple Dream","description":"","potentialAction":[{"@type":"SearchAction","target":{"@type":"EntryPoint","urlTemplate":"https:\/\/simpledream.pl\/?s={search_term_string}"},"query-input":{"@type":"PropertyValueSpecification","valueRequired":true,"valueName":"search_term_string"}}],"inLanguage":"pl-PL"}]}},"lang":"pl","translations":{"pl":9843,"en":9847},"pll_sync_post":[],"_links":{"self":[{"href":"https:\/\/simpledream.pl\/index.php\/wp-json\/wp\/v2\/product\/9843","targetHints":{"allow":["GET"]}}],"collection":[{"href":"https:\/\/simpledream.pl\/index.php\/wp-json\/wp\/v2\/product"}],"about":[{"href":"https:\/\/simpledream.pl\/index.php\/wp-json\/wp\/v2\/types\/product"}],"replies":[{"embeddable":true,"href":"https:\/\/simpledream.pl\/index.php\/wp-json\/wp\/v2\/comments?post=9843"}],"version-history":[{"count":2,"href":"https:\/\/simpledream.pl\/index.php\/wp-json\/wp\/v2\/product\/9843\/revisions"}],"predecessor-version":[{"id":9846,"href":"https:\/\/simpledream.pl\/index.php\/wp-json\/wp\/v2\/product\/9843\/revisions\/9846"}],"wp:featuredmedia":[{"embeddable":true,"href":"https:\/\/simpledream.pl\/index.php\/wp-json\/wp\/v2\/media\/9975"}],"wp:attachment":[{"href":"https:\/\/simpledream.pl\/index.php\/wp-json\/wp\/v2\/media?parent=9843"}],"wp:term":[{"taxonomy":"product_cat","embeddable":true,"href":"https:\/\/simpledream.pl\/index.php\/wp-json\/wp\/v2\/product_cat?post=9843"},{"taxonomy":"product_tag","embeddable":true,"href":"https:\/\/simpledream.pl\/index.php\/wp-json\/wp\/v2\/product_tag?post=9843"}],"curies":[{"name":"wp","href":"https:\/\/api.w.org\/{rel}","templated":true}]}}