{"id":9860,"date":"2023-06-23T17:20:03","date_gmt":"2023-06-23T15:20:03","guid":{"rendered":"https:\/\/simpledream.pl\/?post_type=product&#038;p=9860"},"modified":"2024-01-09T15:23:16","modified_gmt":"2024-01-09T14:23:16","slug":"magnetic-bookmark-wilanow-embroidery","status":"publish","type":"product","link":"https:\/\/simpledream.pl\/index.php\/en\/produkt\/magnetic-bookmark-wilanow-embroidery\/","title":{"rendered":"Magnetic bookmark &#8211; Wilan\u00f3w embroidery"},"content":{"rendered":"<p><span class=\"Y2IQFc\" lang=\"en\">A magnetic bookmark with a magnet placed on both sides. Made in Poland. <\/span><span class=\"Y2IQFc\" lang=\"en\">So it doesn\u2019t fall out of the book.<\/span><\/p>\n<div id=\"tw-target-text-container\" class=\"tw-ta-container F0azHf tw-nfl\" tabindex=\"0\">\n<p id=\"tw-target-text\" class=\"tw-data-text tw-text-large tw-ta\" dir=\"ltr\" data-placeholder=\"T\u0142umaczenie\"><span class=\"Y2IQFc\" lang=\"en\">The tab is located on the information blister.<br \/>\nBlister dimension: 18 x 7 cm<br \/>\nBookmark dimension: 10 x 4.5 cm<\/span><\/p>\n<\/div>\n<p dir=\"ltr\" data-placeholder=\"T\u0142umaczenie\">\n<p dir=\"ltr\" data-placeholder=\"T\u0142umaczenie\">\n<p dir=\"ltr\" data-placeholder=\"T\u0142umaczenie\">The heritage of Polish folk art gathers primarily regional embroidery.The Wilan\u00f3w pattern was created in the area of western Mazovia \u2013 the left bank of the Vistula. Now, most of the region is the administrative area of Warsaw, which includes: Wilan\u00f3w, Powsin, Ujazd\u00f3w and S\u0142u\u017cew. Usually, the Wilan\u00f3w pattern includes symmetrically arranged, black flowers. The main background color is white. The first embroidery appeared before the First World War. They belong to the collection of the ethnographic Museum in Warsaw and the Museum in St. Petersburg.<\/p>\n","protected":false},"excerpt":{"rendered":"<p><span class=\"tagged_as\"><span class=\"Y2IQFc\" lang=\"en\">A magnetic bookmark with a magnet placed on both sides.<\/span><\/span> The heritage of Polish folk art is based on regional embroidery. Elegant, black and white Wilan\u00f3w embroidery rightly evokes the palace atmosphere of King Sobieski\u2019s court in Warsaw\u2019s Wilan\u00f3w.<\/p>\n","protected":false},"featured_media":9969,"comment_status":"open","ping_status":"closed","template":"","meta":[],"product_cat":[920,912,423,425,902,886,904,914,890,1334,916,910,888,256,922,906],"product_tag":[1361,972,1382,1036,1136,1357,932,1359,1363],"class_list":{"0":"post-9860","1":"product","2":"type-product","3":"status-publish","4":"has-post-thumbnail","6":"product_cat-birthday-names-day","7":"product_cat-christmas","8":"product_cat-collections","9":"product_cat-folklore-en","10":"product_cat-for-whom","11":"product_cat-gifts","12":"product_cat-kid","13":"product_cat-kids-day","14":"product_cat-less-than-50-pln","15":"product_cat-magnetic-bookmark","16":"product_cat-mothers-day","17":"product_cat-occasion","18":"product_cat-price","19":"product_cat-uncategorized-en","20":"product_cat-valentines-day","21":"product_cat-woman","22":"product_tag-bookmark","23":"product_tag-embroidery","24":"product_tag-emroidery","25":"product_tag-flowers","26":"product_tag-folklore","27":"product_tag-gift","28":"product_tag-made-in-poland","29":"product_tag-magnetic-bookmark","30":"product_tag-reading","32":"first","33":"instock","34":"shipping-taxable","35":"purchasable","36":"product-type-simple"},"yoast_head":"<!-- This site is optimized with the Yoast SEO plugin v23.9 - https:\/\/yoast.com\/wordpress\/plugins\/seo\/ -->\n<title>Magnetic bookmark - Wilan\u00f3w embroidery - Simple Dream<\/title>\n<meta name=\"robots\" content=\"index, follow, max-snippet:-1, max-image-preview:large, max-video-preview:-1\" \/>\n<link rel=\"canonical\" href=\"https:\/\/simpledream.pl\/index.php\/en\/produkt\/magnetic-bookmark-wilanow-embroidery\/\" \/>\n<meta property=\"og:locale\" content=\"pl_PL\" \/>\n<meta property=\"og:type\" content=\"article\" \/>\n<meta property=\"og:title\" content=\"Magnetic bookmark - Wilan\u00f3w embroidery - Simple Dream\" \/>\n<meta property=\"og:description\" content=\"A magnetic bookmark with a magnet placed on both sides. The heritage of Polish folk art is based on regional embroidery. Elegant, black and white Wilan\u00f3w embroidery rightly evokes the palace atmosphere of King Sobieski\u2019s court in Warsaw\u2019s Wilan\u00f3w.\" \/>\n<meta property=\"og:url\" content=\"https:\/\/simpledream.pl\/index.php\/en\/produkt\/magnetic-bookmark-wilanow-embroidery\/\" \/>\n<meta property=\"og:site_name\" content=\"Simple Dream\" \/>\n<meta property=\"article:modified_time\" content=\"2024-01-09T14:23:16+00:00\" \/>\n<meta property=\"og:image\" content=\"https:\/\/simpledream.pl\/wp-content\/uploads\/2023\/06\/zakladki-aranzacje61.jpg\" \/>\n\t<meta property=\"og:image:width\" content=\"1200\" \/>\n\t<meta property=\"og:image:height\" content=\"1200\" \/>\n\t<meta property=\"og:image:type\" content=\"image\/jpeg\" \/>\n<meta name=\"twitter:card\" content=\"summary_large_image\" \/>\n<meta name=\"twitter:label1\" content=\"Szacowany czas czytania\" \/>\n\t<meta name=\"twitter:data1\" content=\"1 minuta\" \/>\n<script type=\"application\/ld+json\" class=\"yoast-schema-graph\">{\"@context\":\"https:\/\/schema.org\",\"@graph\":[{\"@type\":\"WebPage\",\"@id\":\"https:\/\/simpledream.pl\/index.php\/en\/produkt\/magnetic-bookmark-wilanow-embroidery\/\",\"url\":\"https:\/\/simpledream.pl\/index.php\/en\/produkt\/magnetic-bookmark-wilanow-embroidery\/\",\"name\":\"Magnetic bookmark - Wilan\u00f3w embroidery - Simple Dream\",\"isPartOf\":{\"@id\":\"https:\/\/simpledream.pl\/#website\"},\"primaryImageOfPage\":{\"@id\":\"https:\/\/simpledream.pl\/index.php\/en\/produkt\/magnetic-bookmark-wilanow-embroidery\/#primaryimage\"},\"image\":{\"@id\":\"https:\/\/simpledream.pl\/index.php\/en\/produkt\/magnetic-bookmark-wilanow-embroidery\/#primaryimage\"},\"thumbnailUrl\":\"https:\/\/simpledream.pl\/wp-content\/uploads\/2023\/06\/zakladki-aranzacje61.jpg\",\"datePublished\":\"2023-06-23T15:20:03+00:00\",\"dateModified\":\"2024-01-09T14:23:16+00:00\",\"breadcrumb\":{\"@id\":\"https:\/\/simpledream.pl\/index.php\/en\/produkt\/magnetic-bookmark-wilanow-embroidery\/#breadcrumb\"},\"inLanguage\":\"pl-PL\",\"potentialAction\":[{\"@type\":\"ReadAction\",\"target\":[\"https:\/\/simpledream.pl\/index.php\/en\/produkt\/magnetic-bookmark-wilanow-embroidery\/\"]}]},{\"@type\":\"ImageObject\",\"inLanguage\":\"pl-PL\",\"@id\":\"https:\/\/simpledream.pl\/index.php\/en\/produkt\/magnetic-bookmark-wilanow-embroidery\/#primaryimage\",\"url\":\"https:\/\/simpledream.pl\/wp-content\/uploads\/2023\/06\/zakladki-aranzacje61.jpg\",\"contentUrl\":\"https:\/\/simpledream.pl\/wp-content\/uploads\/2023\/06\/zakladki-aranzacje61.jpg\",\"width\":1200,\"height\":1200},{\"@type\":\"BreadcrumbList\",\"@id\":\"https:\/\/simpledream.pl\/index.php\/en\/produkt\/magnetic-bookmark-wilanow-embroidery\/#breadcrumb\",\"itemListElement\":[{\"@type\":\"ListItem\",\"position\":1,\"name\":\"Strona g\u0142\u00f3wna\",\"item\":\"https:\/\/simpledream.pl\/index.php\/pl\/main-home\/\"},{\"@type\":\"ListItem\",\"position\":2,\"name\":\"Sklep\",\"item\":\"https:\/\/simpledream.pl\/index.php\/pl\/sklep\/\"},{\"@type\":\"ListItem\",\"position\":3,\"name\":\"Magnetic bookmark &#8211; Wilan\u00f3w embroidery\"}]},{\"@type\":\"WebSite\",\"@id\":\"https:\/\/simpledream.pl\/#website\",\"url\":\"https:\/\/simpledream.pl\/\",\"name\":\"Simple Dream\",\"description\":\"\",\"potentialAction\":[{\"@type\":\"SearchAction\",\"target\":{\"@type\":\"EntryPoint\",\"urlTemplate\":\"https:\/\/simpledream.pl\/?s={search_term_string}\"},\"query-input\":{\"@type\":\"PropertyValueSpecification\",\"valueRequired\":true,\"valueName\":\"search_term_string\"}}],\"inLanguage\":\"pl-PL\"}]}<\/script>\n<!-- \/ Yoast SEO plugin. -->","yoast_head_json":{"title":"Magnetic bookmark - Wilan\u00f3w embroidery - Simple Dream","robots":{"index":"index","follow":"follow","max-snippet":"max-snippet:-1","max-image-preview":"max-image-preview:large","max-video-preview":"max-video-preview:-1"},"canonical":"https:\/\/simpledream.pl\/index.php\/en\/produkt\/magnetic-bookmark-wilanow-embroidery\/","og_locale":"pl_PL","og_type":"article","og_title":"Magnetic bookmark - Wilan\u00f3w embroidery - Simple Dream","og_description":"A magnetic bookmark with a magnet placed on both sides. The heritage of Polish folk art is based on regional embroidery. Elegant, black and white Wilan\u00f3w embroidery rightly evokes the palace atmosphere of King Sobieski\u2019s court in Warsaw\u2019s Wilan\u00f3w.","og_url":"https:\/\/simpledream.pl\/index.php\/en\/produkt\/magnetic-bookmark-wilanow-embroidery\/","og_site_name":"Simple Dream","article_modified_time":"2024-01-09T14:23:16+00:00","og_image":[{"width":1200,"height":1200,"url":"https:\/\/simpledream.pl\/wp-content\/uploads\/2023\/06\/zakladki-aranzacje61.jpg","type":"image\/jpeg"}],"twitter_card":"summary_large_image","twitter_misc":{"Szacowany czas czytania":"1 minuta"},"schema":{"@context":"https:\/\/schema.org","@graph":[{"@type":"WebPage","@id":"https:\/\/simpledream.pl\/index.php\/en\/produkt\/magnetic-bookmark-wilanow-embroidery\/","url":"https:\/\/simpledream.pl\/index.php\/en\/produkt\/magnetic-bookmark-wilanow-embroidery\/","name":"Magnetic bookmark - Wilan\u00f3w embroidery - Simple Dream","isPartOf":{"@id":"https:\/\/simpledream.pl\/#website"},"primaryImageOfPage":{"@id":"https:\/\/simpledream.pl\/index.php\/en\/produkt\/magnetic-bookmark-wilanow-embroidery\/#primaryimage"},"image":{"@id":"https:\/\/simpledream.pl\/index.php\/en\/produkt\/magnetic-bookmark-wilanow-embroidery\/#primaryimage"},"thumbnailUrl":"https:\/\/simpledream.pl\/wp-content\/uploads\/2023\/06\/zakladki-aranzacje61.jpg","datePublished":"2023-06-23T15:20:03+00:00","dateModified":"2024-01-09T14:23:16+00:00","breadcrumb":{"@id":"https:\/\/simpledream.pl\/index.php\/en\/produkt\/magnetic-bookmark-wilanow-embroidery\/#breadcrumb"},"inLanguage":"pl-PL","potentialAction":[{"@type":"ReadAction","target":["https:\/\/simpledream.pl\/index.php\/en\/produkt\/magnetic-bookmark-wilanow-embroidery\/"]}]},{"@type":"ImageObject","inLanguage":"pl-PL","@id":"https:\/\/simpledream.pl\/index.php\/en\/produkt\/magnetic-bookmark-wilanow-embroidery\/#primaryimage","url":"https:\/\/simpledream.pl\/wp-content\/uploads\/2023\/06\/zakladki-aranzacje61.jpg","contentUrl":"https:\/\/simpledream.pl\/wp-content\/uploads\/2023\/06\/zakladki-aranzacje61.jpg","width":1200,"height":1200},{"@type":"BreadcrumbList","@id":"https:\/\/simpledream.pl\/index.php\/en\/produkt\/magnetic-bookmark-wilanow-embroidery\/#breadcrumb","itemListElement":[{"@type":"ListItem","position":1,"name":"Strona g\u0142\u00f3wna","item":"https:\/\/simpledream.pl\/index.php\/pl\/main-home\/"},{"@type":"ListItem","position":2,"name":"Sklep","item":"https:\/\/simpledream.pl\/index.php\/pl\/sklep\/"},{"@type":"ListItem","position":3,"name":"Magnetic bookmark &#8211; Wilan\u00f3w embroidery"}]},{"@type":"WebSite","@id":"https:\/\/simpledream.pl\/#website","url":"https:\/\/simpledream.pl\/","name":"Simple Dream","description":"","potentialAction":[{"@type":"SearchAction","target":{"@type":"EntryPoint","urlTemplate":"https:\/\/simpledream.pl\/?s={search_term_string}"},"query-input":{"@type":"PropertyValueSpecification","valueRequired":true,"valueName":"search_term_string"}}],"inLanguage":"pl-PL"}]}},"lang":"en","translations":{"en":9860,"pl":9856},"pll_sync_post":[],"_links":{"self":[{"href":"https:\/\/simpledream.pl\/index.php\/wp-json\/wp\/v2\/product\/9860","targetHints":{"allow":["GET"]}}],"collection":[{"href":"https:\/\/simpledream.pl\/index.php\/wp-json\/wp\/v2\/product"}],"about":[{"href":"https:\/\/simpledream.pl\/index.php\/wp-json\/wp\/v2\/types\/product"}],"replies":[{"embeddable":true,"href":"https:\/\/simpledream.pl\/index.php\/wp-json\/wp\/v2\/comments?post=9860"}],"version-history":[{"count":2,"href":"https:\/\/simpledream.pl\/index.php\/wp-json\/wp\/v2\/product\/9860\/revisions"}],"predecessor-version":[{"id":9862,"href":"https:\/\/simpledream.pl\/index.php\/wp-json\/wp\/v2\/product\/9860\/revisions\/9862"}],"wp:featuredmedia":[{"embeddable":true,"href":"https:\/\/simpledream.pl\/index.php\/wp-json\/wp\/v2\/media\/9969"}],"wp:attachment":[{"href":"https:\/\/simpledream.pl\/index.php\/wp-json\/wp\/v2\/media?parent=9860"}],"wp:term":[{"taxonomy":"product_cat","embeddable":true,"href":"https:\/\/simpledream.pl\/index.php\/wp-json\/wp\/v2\/product_cat?post=9860"},{"taxonomy":"product_tag","embeddable":true,"href":"https:\/\/simpledream.pl\/index.php\/wp-json\/wp\/v2\/product_tag?post=9860"}],"curies":[{"name":"wp","href":"https:\/\/api.w.org\/{rel}","templated":true}]}}