{"id":9867,"date":"2023-06-23T17:28:29","date_gmt":"2023-06-23T15:28:29","guid":{"rendered":"https:\/\/simpledream.pl\/?post_type=product&#038;p=9867"},"modified":"2024-01-09T15:23:06","modified_gmt":"2024-01-09T14:23:06","slug":"magnetic-bookmark-zamosc-embroidery","status":"publish","type":"product","link":"https:\/\/simpledream.pl\/index.php\/en\/produkt\/magnetic-bookmark-zamosc-embroidery\/","title":{"rendered":"Magnetic bookmark &#8211; Zamo\u015b\u0107 embroidery"},"content":{"rendered":"<p><span class=\"Y2IQFc\" lang=\"en\">A magnetic bookmark with a magnet placed on both sides. Made in Poland. <\/span><span class=\"Y2IQFc\" lang=\"en\">So it doesn\u2019t fall out of the book.<\/span><\/p>\n<div id=\"tw-target-text-container\" class=\"tw-ta-container F0azHf tw-nfl\" tabindex=\"0\">\n<p id=\"tw-target-text\" class=\"tw-data-text tw-text-large tw-ta\" dir=\"ltr\" data-placeholder=\"T\u0142umaczenie\"><span class=\"Y2IQFc\" lang=\"en\">The tab is located on the information blister.<br \/>\nBlister dimension: 18 x 7 cm<br \/>\nBookmark dimension: 10 x 4.5 cm<\/span><\/p>\n<\/div>\n<p dir=\"ltr\" data-placeholder=\"T\u0142umaczenie\">\n<p dir=\"ltr\" data-placeholder=\"T\u0142umaczenie\">\n<p dir=\"ltr\" data-placeholder=\"T\u0142umaczenie\">The heritage of Polish folk art gathers primarily regional embroidery.The Zamo\u015b\u0107 pattern was mostly based on the bodice of velvet. Embroidered in multicoloured cotton thread in flat, back and herringbone stitches. Trimmed with silk tape. Made in early 20th centure in Chocho\u0142\u00f3w in Zamo\u015b\u0107 province. Pattern belongs to the collection of the Ethnographic Museum in Warsaw.<\/p>\n","protected":false},"excerpt":{"rendered":"<p>A magnetic bookmark with a magnet placed on both sides. Made in Poland. So it doesn\u2019t fall out of the book. The tab is located on the information blister. Blister dimension: 18 x 7 cm Bookmark dimension: 10 x 4.5 cm The heritage of Polish folk art gathers primarily regional embroidery.The Zamo\u015b\u0107 pattern was mostly [&hellip;]<\/p>\n","protected":false},"featured_media":9966,"comment_status":"open","ping_status":"closed","template":"","meta":[],"product_cat":[920,912,423,425,902,886,904,914,890,1334,916,910,888,256,922,906],"product_tag":[1361,972,1382,1036,1136,1357,932,1359,1363],"class_list":{"0":"post-9867","1":"product","2":"type-product","3":"status-publish","4":"has-post-thumbnail","6":"product_cat-birthday-names-day","7":"product_cat-christmas","8":"product_cat-collections","9":"product_cat-folklore-en","10":"product_cat-for-whom","11":"product_cat-gifts","12":"product_cat-kid","13":"product_cat-kids-day","14":"product_cat-less-than-50-pln","15":"product_cat-magnetic-bookmark","16":"product_cat-mothers-day","17":"product_cat-occasion","18":"product_cat-price","19":"product_cat-uncategorized-en","20":"product_cat-valentines-day","21":"product_cat-woman","22":"product_tag-bookmark","23":"product_tag-embroidery","24":"product_tag-emroidery","25":"product_tag-flowers","26":"product_tag-folklore","27":"product_tag-gift","28":"product_tag-made-in-poland","29":"product_tag-magnetic-bookmark","30":"product_tag-reading","32":"first","33":"instock","34":"shipping-taxable","35":"purchasable","36":"product-type-simple"},"yoast_head":"<!-- This site is optimized with the Yoast SEO plugin v23.9 - https:\/\/yoast.com\/wordpress\/plugins\/seo\/ -->\n<title>Magnetic bookmark - Zamo\u015b\u0107 embroidery - Simple Dream<\/title>\n<meta name=\"robots\" content=\"index, follow, max-snippet:-1, max-image-preview:large, max-video-preview:-1\" \/>\n<link rel=\"canonical\" href=\"https:\/\/simpledream.pl\/index.php\/en\/produkt\/magnetic-bookmark-zamosc-embroidery\/\" \/>\n<meta property=\"og:locale\" content=\"pl_PL\" \/>\n<meta property=\"og:type\" content=\"article\" \/>\n<meta property=\"og:title\" content=\"Magnetic bookmark - Zamo\u015b\u0107 embroidery - Simple Dream\" \/>\n<meta property=\"og:description\" content=\"A magnetic bookmark with a magnet placed on both sides. Made in Poland. So it doesn\u2019t fall out of the book. The tab is located on the information blister. Blister dimension: 18 x 7 cm Bookmark dimension: 10 x 4.5 cm The heritage of Polish folk art gathers primarily regional embroidery.The Zamo\u015b\u0107 pattern was mostly [&hellip;]\" \/>\n<meta property=\"og:url\" content=\"https:\/\/simpledream.pl\/index.php\/en\/produkt\/magnetic-bookmark-zamosc-embroidery\/\" \/>\n<meta property=\"og:site_name\" content=\"Simple Dream\" \/>\n<meta property=\"article:modified_time\" content=\"2024-01-09T14:23:06+00:00\" \/>\n<meta property=\"og:image\" content=\"https:\/\/simpledream.pl\/wp-content\/uploads\/2023\/06\/zakladki-aranzacje15.jpg\" \/>\n\t<meta property=\"og:image:width\" content=\"1200\" \/>\n\t<meta property=\"og:image:height\" content=\"1200\" \/>\n\t<meta property=\"og:image:type\" content=\"image\/jpeg\" \/>\n<meta name=\"twitter:card\" content=\"summary_large_image\" \/>\n<script type=\"application\/ld+json\" class=\"yoast-schema-graph\">{\"@context\":\"https:\/\/schema.org\",\"@graph\":[{\"@type\":\"WebPage\",\"@id\":\"https:\/\/simpledream.pl\/index.php\/en\/produkt\/magnetic-bookmark-zamosc-embroidery\/\",\"url\":\"https:\/\/simpledream.pl\/index.php\/en\/produkt\/magnetic-bookmark-zamosc-embroidery\/\",\"name\":\"Magnetic bookmark - Zamo\u015b\u0107 embroidery - Simple Dream\",\"isPartOf\":{\"@id\":\"https:\/\/simpledream.pl\/#website\"},\"primaryImageOfPage\":{\"@id\":\"https:\/\/simpledream.pl\/index.php\/en\/produkt\/magnetic-bookmark-zamosc-embroidery\/#primaryimage\"},\"image\":{\"@id\":\"https:\/\/simpledream.pl\/index.php\/en\/produkt\/magnetic-bookmark-zamosc-embroidery\/#primaryimage\"},\"thumbnailUrl\":\"https:\/\/simpledream.pl\/wp-content\/uploads\/2023\/06\/zakladki-aranzacje15.jpg\",\"datePublished\":\"2023-06-23T15:28:29+00:00\",\"dateModified\":\"2024-01-09T14:23:06+00:00\",\"breadcrumb\":{\"@id\":\"https:\/\/simpledream.pl\/index.php\/en\/produkt\/magnetic-bookmark-zamosc-embroidery\/#breadcrumb\"},\"inLanguage\":\"pl-PL\",\"potentialAction\":[{\"@type\":\"ReadAction\",\"target\":[\"https:\/\/simpledream.pl\/index.php\/en\/produkt\/magnetic-bookmark-zamosc-embroidery\/\"]}]},{\"@type\":\"ImageObject\",\"inLanguage\":\"pl-PL\",\"@id\":\"https:\/\/simpledream.pl\/index.php\/en\/produkt\/magnetic-bookmark-zamosc-embroidery\/#primaryimage\",\"url\":\"https:\/\/simpledream.pl\/wp-content\/uploads\/2023\/06\/zakladki-aranzacje15.jpg\",\"contentUrl\":\"https:\/\/simpledream.pl\/wp-content\/uploads\/2023\/06\/zakladki-aranzacje15.jpg\",\"width\":1200,\"height\":1200},{\"@type\":\"BreadcrumbList\",\"@id\":\"https:\/\/simpledream.pl\/index.php\/en\/produkt\/magnetic-bookmark-zamosc-embroidery\/#breadcrumb\",\"itemListElement\":[{\"@type\":\"ListItem\",\"position\":1,\"name\":\"Strona g\u0142\u00f3wna\",\"item\":\"https:\/\/simpledream.pl\/index.php\/pl\/main-home\/\"},{\"@type\":\"ListItem\",\"position\":2,\"name\":\"Sklep\",\"item\":\"https:\/\/simpledream.pl\/index.php\/pl\/sklep\/\"},{\"@type\":\"ListItem\",\"position\":3,\"name\":\"Magnetic bookmark &#8211; Zamo\u015b\u0107 embroidery\"}]},{\"@type\":\"WebSite\",\"@id\":\"https:\/\/simpledream.pl\/#website\",\"url\":\"https:\/\/simpledream.pl\/\",\"name\":\"Simple Dream\",\"description\":\"\",\"potentialAction\":[{\"@type\":\"SearchAction\",\"target\":{\"@type\":\"EntryPoint\",\"urlTemplate\":\"https:\/\/simpledream.pl\/?s={search_term_string}\"},\"query-input\":{\"@type\":\"PropertyValueSpecification\",\"valueRequired\":true,\"valueName\":\"search_term_string\"}}],\"inLanguage\":\"pl-PL\"}]}<\/script>\n<!-- \/ Yoast SEO plugin. -->","yoast_head_json":{"title":"Magnetic bookmark - Zamo\u015b\u0107 embroidery - Simple Dream","robots":{"index":"index","follow":"follow","max-snippet":"max-snippet:-1","max-image-preview":"max-image-preview:large","max-video-preview":"max-video-preview:-1"},"canonical":"https:\/\/simpledream.pl\/index.php\/en\/produkt\/magnetic-bookmark-zamosc-embroidery\/","og_locale":"pl_PL","og_type":"article","og_title":"Magnetic bookmark - Zamo\u015b\u0107 embroidery - Simple Dream","og_description":"A magnetic bookmark with a magnet placed on both sides. Made in Poland. So it doesn\u2019t fall out of the book. The tab is located on the information blister. Blister dimension: 18 x 7 cm Bookmark dimension: 10 x 4.5 cm The heritage of Polish folk art gathers primarily regional embroidery.The Zamo\u015b\u0107 pattern was mostly [&hellip;]","og_url":"https:\/\/simpledream.pl\/index.php\/en\/produkt\/magnetic-bookmark-zamosc-embroidery\/","og_site_name":"Simple Dream","article_modified_time":"2024-01-09T14:23:06+00:00","og_image":[{"width":1200,"height":1200,"url":"https:\/\/simpledream.pl\/wp-content\/uploads\/2023\/06\/zakladki-aranzacje15.jpg","type":"image\/jpeg"}],"twitter_card":"summary_large_image","schema":{"@context":"https:\/\/schema.org","@graph":[{"@type":"WebPage","@id":"https:\/\/simpledream.pl\/index.php\/en\/produkt\/magnetic-bookmark-zamosc-embroidery\/","url":"https:\/\/simpledream.pl\/index.php\/en\/produkt\/magnetic-bookmark-zamosc-embroidery\/","name":"Magnetic bookmark - Zamo\u015b\u0107 embroidery - Simple Dream","isPartOf":{"@id":"https:\/\/simpledream.pl\/#website"},"primaryImageOfPage":{"@id":"https:\/\/simpledream.pl\/index.php\/en\/produkt\/magnetic-bookmark-zamosc-embroidery\/#primaryimage"},"image":{"@id":"https:\/\/simpledream.pl\/index.php\/en\/produkt\/magnetic-bookmark-zamosc-embroidery\/#primaryimage"},"thumbnailUrl":"https:\/\/simpledream.pl\/wp-content\/uploads\/2023\/06\/zakladki-aranzacje15.jpg","datePublished":"2023-06-23T15:28:29+00:00","dateModified":"2024-01-09T14:23:06+00:00","breadcrumb":{"@id":"https:\/\/simpledream.pl\/index.php\/en\/produkt\/magnetic-bookmark-zamosc-embroidery\/#breadcrumb"},"inLanguage":"pl-PL","potentialAction":[{"@type":"ReadAction","target":["https:\/\/simpledream.pl\/index.php\/en\/produkt\/magnetic-bookmark-zamosc-embroidery\/"]}]},{"@type":"ImageObject","inLanguage":"pl-PL","@id":"https:\/\/simpledream.pl\/index.php\/en\/produkt\/magnetic-bookmark-zamosc-embroidery\/#primaryimage","url":"https:\/\/simpledream.pl\/wp-content\/uploads\/2023\/06\/zakladki-aranzacje15.jpg","contentUrl":"https:\/\/simpledream.pl\/wp-content\/uploads\/2023\/06\/zakladki-aranzacje15.jpg","width":1200,"height":1200},{"@type":"BreadcrumbList","@id":"https:\/\/simpledream.pl\/index.php\/en\/produkt\/magnetic-bookmark-zamosc-embroidery\/#breadcrumb","itemListElement":[{"@type":"ListItem","position":1,"name":"Strona g\u0142\u00f3wna","item":"https:\/\/simpledream.pl\/index.php\/pl\/main-home\/"},{"@type":"ListItem","position":2,"name":"Sklep","item":"https:\/\/simpledream.pl\/index.php\/pl\/sklep\/"},{"@type":"ListItem","position":3,"name":"Magnetic bookmark &#8211; Zamo\u015b\u0107 embroidery"}]},{"@type":"WebSite","@id":"https:\/\/simpledream.pl\/#website","url":"https:\/\/simpledream.pl\/","name":"Simple Dream","description":"","potentialAction":[{"@type":"SearchAction","target":{"@type":"EntryPoint","urlTemplate":"https:\/\/simpledream.pl\/?s={search_term_string}"},"query-input":{"@type":"PropertyValueSpecification","valueRequired":true,"valueName":"search_term_string"}}],"inLanguage":"pl-PL"}]}},"lang":"en","translations":{"en":9867,"pl":9863},"pll_sync_post":[],"_links":{"self":[{"href":"https:\/\/simpledream.pl\/index.php\/wp-json\/wp\/v2\/product\/9867","targetHints":{"allow":["GET"]}}],"collection":[{"href":"https:\/\/simpledream.pl\/index.php\/wp-json\/wp\/v2\/product"}],"about":[{"href":"https:\/\/simpledream.pl\/index.php\/wp-json\/wp\/v2\/types\/product"}],"replies":[{"embeddable":true,"href":"https:\/\/simpledream.pl\/index.php\/wp-json\/wp\/v2\/comments?post=9867"}],"version-history":[{"count":1,"href":"https:\/\/simpledream.pl\/index.php\/wp-json\/wp\/v2\/product\/9867\/revisions"}],"predecessor-version":[{"id":9868,"href":"https:\/\/simpledream.pl\/index.php\/wp-json\/wp\/v2\/product\/9867\/revisions\/9868"}],"wp:featuredmedia":[{"embeddable":true,"href":"https:\/\/simpledream.pl\/index.php\/wp-json\/wp\/v2\/media\/9966"}],"wp:attachment":[{"href":"https:\/\/simpledream.pl\/index.php\/wp-json\/wp\/v2\/media?parent=9867"}],"wp:term":[{"taxonomy":"product_cat","embeddable":true,"href":"https:\/\/simpledream.pl\/index.php\/wp-json\/wp\/v2\/product_cat?post=9867"},{"taxonomy":"product_tag","embeddable":true,"href":"https:\/\/simpledream.pl\/index.php\/wp-json\/wp\/v2\/product_tag?post=9867"}],"curies":[{"name":"wp","href":"https:\/\/api.w.org\/{rel}","templated":true}]}}