{"id":9873,"date":"2023-06-23T20:11:02","date_gmt":"2023-06-23T18:11:02","guid":{"rendered":"https:\/\/simpledream.pl\/?post_type=product&#038;p=9873"},"modified":"2025-10-13T15:13:49","modified_gmt":"2025-10-13T13:13:49","slug":"zakladka-magnetyczna-wojna-i-my","status":"publish","type":"product","link":"https:\/\/simpledream.pl\/index.php\/pl\/produkt\/zakladka-magnetyczna-wojna-i-my\/","title":{"rendered":"Zak\u0142adka magnetyczna &#8211; Wojna i my"},"content":{"rendered":"<p>Zak\u0142adka magnetyczna do ksi\u0105\u017cki, z umiejscowionym magnesem po ca\u0142o\u015bci z dw\u00f3ch stron. Dzi\u0119ki czemu, nie wypada z ksi\u0105\u017cki. Wyprodukowana zosta\u0142a w Polsce.<\/p>\n<p>Zak\u0142adka umiejscowiona jest na blistrze z informacji.<\/p>\n<p>Wymiar blistra:<\/p>\n<p>18 x 7 cm<\/p>\n<p>Wymiar zak\u0142adki:<\/p>\n<p>10 x 4,5 cm<\/p>\n<p>&nbsp;<\/p>\n<p>&nbsp;<\/p>\n<p>Obraz \u201cMy i Wojna\u201d zosta\u0142 wykonany przez Edwarda Okunia. Na odwrocie widnieje napis \u201cRozpocz\u0105\u0142em ten obraz w 1917 r.\/ Doko\u0144czy\u0142em w 1923 r.\u201d.<\/p>\n<p>Obraz \u201cMy i Wojna\u201d zosta\u0142 wykonany przez Edwarda Okunia. Na odwrocie widnieje napis \u201cRozpocz\u0105\u0142em ten obraz w 1917 r.\/ Doko\u0144czy\u0142em w 1923 r.\u201d. Autor w spos\u00f3b ba\u015bniowy oraz symboliczny podejmuje temat wojny, krocz\u0105c razem ze swoj\u0105 \u017con\u0105. Obok nich czai si\u0119 starucha \u2013 wied\u017ama, kt\u00f3ra jest personifikacj\u0105 wojny oraz g\u0142odu. Kolorowe t\u0142o obrazu, na pierwszy rzut oka, jest pi\u0119kne dla odbiorcy, jednak\u017ce przygl\u0105daj\u0105c si\u0119 detalom ukazuje groz\u0119. W\u0119\u017ce symbolizuj\u0105 z\u0142o oraz szatana, a agresywne \u0107my \u2013 \u015bmier\u0107. Zatem, wojna jest tylko pozornie przyjemna. W rzeczywisto\u015bci niesie zniszczenie, g\u0142\u00f3d, \u015bmier\u0107 i groz\u0119. Ma\u0142\u017conkowie chroni\u0105 kwiaty jako symbol kruchego ludzkiego \u017cycia, kt\u00f3re jest pi\u0119kne, lecz szybko przemijaj\u0105ce.<\/p>\n","protected":false},"excerpt":{"rendered":"<p>Zak\u0142adka magnetyczna do ksi\u0105\u017cki, z umiejscowionym magnesem po ca\u0142o\u015bci z dw\u00f3ch stron. Wyprodukowana w Polsce. Obraz \u201cMy i Wojna\u201d zosta\u0142 wykonany przez Edwarda Okunia. Na odwrocie widnieje napis \u201cRozpocz\u0105\u0142em ten obraz w 1917 r.\/ Doko\u0144czy\u0142em w 1923 r.\u201d.<\/p>\n","protected":false},"featured_media":9962,"comment_status":"open","ping_status":"closed","template":"","meta":[],"product_cat":[1332,15,92,93,115,116,117,130,132,133,123,125,128,127,124,129],"product_tag":[161,1344,216,1346,1352,1348,177,1354,1385,1340,1342],"class_list":{"0":"post-9873","1":"product","2":"type-product","3":"status-publish","4":"has-post-thumbnail","6":"product_cat-zakladka-magnetyczna","7":"product_cat-bez-kategorii","8":"product_cat-kolekcje","9":"product_cat-sztuka","10":"product_cat-prezenty","11":"product_cat-cena","12":"product_cat-ponizej-50-zl","13":"product_cat-dla-kogo","14":"product_cat-kobieta","15":"product_cat-mezczyzna","16":"product_cat-okazja","17":"product_cat-boze-narodzenie","18":"product_cat-dzien-matki","19":"product_cat-dzien-ojca","20":"product_cat-urodziny-imieniny","21":"product_cat-walentynki","22":"product_tag-chimera","23":"product_tag-czytanie","24":"product_tag-edward-okun","25":"product_tag-ksiazka","26":"product_tag-magnes","27":"product_tag-muzeum-narodowe","28":"product_tag-obraz","29":"product_tag-polskie-obrazy","30":"product_tag-wojna-i-my","31":"product_tag-zakladka","32":"product_tag-zakladka-do-ksiazki","34":"first","35":"instock","36":"shipping-taxable","37":"purchasable","38":"product-type-simple"},"yoast_head":"<!-- This site is optimized with the Yoast SEO plugin v23.9 - https:\/\/yoast.com\/wordpress\/plugins\/seo\/ -->\n<title>Zak\u0142adka magnetyczna - Wojna i my - Simple Dream<\/title>\n<meta name=\"robots\" content=\"index, follow, max-snippet:-1, max-image-preview:large, max-video-preview:-1\" \/>\n<link rel=\"canonical\" href=\"https:\/\/simpledream.pl\/index.php\/pl\/produkt\/zakladka-magnetyczna-wojna-i-my\/\" \/>\n<meta property=\"og:locale\" content=\"pl_PL\" \/>\n<meta property=\"og:type\" content=\"article\" \/>\n<meta property=\"og:title\" content=\"Zak\u0142adka magnetyczna - Wojna i my - Simple Dream\" \/>\n<meta property=\"og:description\" content=\"Zak\u0142adka magnetyczna do ksi\u0105\u017cki, z umiejscowionym magnesem po ca\u0142o\u015bci z dw\u00f3ch stron. Wyprodukowana w Polsce. Obraz \u201cMy i Wojna\u201d zosta\u0142 wykonany przez Edwarda Okunia. Na odwrocie widnieje napis \u201cRozpocz\u0105\u0142em ten obraz w 1917 r.\/ Doko\u0144czy\u0142em w 1923 r.\u201d.\" \/>\n<meta property=\"og:url\" content=\"https:\/\/simpledream.pl\/index.php\/pl\/produkt\/zakladka-magnetyczna-wojna-i-my\/\" \/>\n<meta property=\"og:site_name\" content=\"Simple Dream\" \/>\n<meta property=\"article:modified_time\" content=\"2025-10-13T13:13:49+00:00\" \/>\n<meta property=\"og:image\" content=\"https:\/\/simpledream.pl\/wp-content\/uploads\/2023\/06\/zakladki-aranzacje58.jpg\" \/>\n\t<meta property=\"og:image:width\" content=\"1200\" \/>\n\t<meta property=\"og:image:height\" content=\"1200\" \/>\n\t<meta property=\"og:image:type\" content=\"image\/jpeg\" \/>\n<meta name=\"twitter:card\" content=\"summary_large_image\" \/>\n<meta name=\"twitter:label1\" content=\"Szacowany czas czytania\" \/>\n\t<meta name=\"twitter:data1\" content=\"1 minuta\" \/>\n<script type=\"application\/ld+json\" class=\"yoast-schema-graph\">{\"@context\":\"https:\/\/schema.org\",\"@graph\":[{\"@type\":\"WebPage\",\"@id\":\"https:\/\/simpledream.pl\/index.php\/pl\/produkt\/zakladka-magnetyczna-wojna-i-my\/\",\"url\":\"https:\/\/simpledream.pl\/index.php\/pl\/produkt\/zakladka-magnetyczna-wojna-i-my\/\",\"name\":\"Zak\u0142adka magnetyczna - Wojna i my - Simple Dream\",\"isPartOf\":{\"@id\":\"https:\/\/simpledream.pl\/#website\"},\"primaryImageOfPage\":{\"@id\":\"https:\/\/simpledream.pl\/index.php\/pl\/produkt\/zakladka-magnetyczna-wojna-i-my\/#primaryimage\"},\"image\":{\"@id\":\"https:\/\/simpledream.pl\/index.php\/pl\/produkt\/zakladka-magnetyczna-wojna-i-my\/#primaryimage\"},\"thumbnailUrl\":\"https:\/\/simpledream.pl\/wp-content\/uploads\/2023\/06\/zakladki-aranzacje58.jpg\",\"datePublished\":\"2023-06-23T18:11:02+00:00\",\"dateModified\":\"2025-10-13T13:13:49+00:00\",\"breadcrumb\":{\"@id\":\"https:\/\/simpledream.pl\/index.php\/pl\/produkt\/zakladka-magnetyczna-wojna-i-my\/#breadcrumb\"},\"inLanguage\":\"pl-PL\",\"potentialAction\":[{\"@type\":\"ReadAction\",\"target\":[\"https:\/\/simpledream.pl\/index.php\/pl\/produkt\/zakladka-magnetyczna-wojna-i-my\/\"]}]},{\"@type\":\"ImageObject\",\"inLanguage\":\"pl-PL\",\"@id\":\"https:\/\/simpledream.pl\/index.php\/pl\/produkt\/zakladka-magnetyczna-wojna-i-my\/#primaryimage\",\"url\":\"https:\/\/simpledream.pl\/wp-content\/uploads\/2023\/06\/zakladki-aranzacje58.jpg\",\"contentUrl\":\"https:\/\/simpledream.pl\/wp-content\/uploads\/2023\/06\/zakladki-aranzacje58.jpg\",\"width\":1200,\"height\":1200},{\"@type\":\"BreadcrumbList\",\"@id\":\"https:\/\/simpledream.pl\/index.php\/pl\/produkt\/zakladka-magnetyczna-wojna-i-my\/#breadcrumb\",\"itemListElement\":[{\"@type\":\"ListItem\",\"position\":1,\"name\":\"Strona g\u0142\u00f3wna\",\"item\":\"https:\/\/simpledream.pl\/index.php\/pl\/main-home\/\"},{\"@type\":\"ListItem\",\"position\":2,\"name\":\"Sklep\",\"item\":\"https:\/\/simpledream.pl\/index.php\/pl\/sklep\/\"},{\"@type\":\"ListItem\",\"position\":3,\"name\":\"Zak\u0142adka magnetyczna &#8211; Wojna i my\"}]},{\"@type\":\"WebSite\",\"@id\":\"https:\/\/simpledream.pl\/#website\",\"url\":\"https:\/\/simpledream.pl\/\",\"name\":\"Simple Dream\",\"description\":\"\",\"potentialAction\":[{\"@type\":\"SearchAction\",\"target\":{\"@type\":\"EntryPoint\",\"urlTemplate\":\"https:\/\/simpledream.pl\/?s={search_term_string}\"},\"query-input\":{\"@type\":\"PropertyValueSpecification\",\"valueRequired\":true,\"valueName\":\"search_term_string\"}}],\"inLanguage\":\"pl-PL\"}]}<\/script>\n<!-- \/ Yoast SEO plugin. -->","yoast_head_json":{"title":"Zak\u0142adka magnetyczna - Wojna i my - Simple Dream","robots":{"index":"index","follow":"follow","max-snippet":"max-snippet:-1","max-image-preview":"max-image-preview:large","max-video-preview":"max-video-preview:-1"},"canonical":"https:\/\/simpledream.pl\/index.php\/pl\/produkt\/zakladka-magnetyczna-wojna-i-my\/","og_locale":"pl_PL","og_type":"article","og_title":"Zak\u0142adka magnetyczna - Wojna i my - Simple Dream","og_description":"Zak\u0142adka magnetyczna do ksi\u0105\u017cki, z umiejscowionym magnesem po ca\u0142o\u015bci z dw\u00f3ch stron. Wyprodukowana w Polsce. Obraz \u201cMy i Wojna\u201d zosta\u0142 wykonany przez Edwarda Okunia. Na odwrocie widnieje napis \u201cRozpocz\u0105\u0142em ten obraz w 1917 r.\/ Doko\u0144czy\u0142em w 1923 r.\u201d.","og_url":"https:\/\/simpledream.pl\/index.php\/pl\/produkt\/zakladka-magnetyczna-wojna-i-my\/","og_site_name":"Simple Dream","article_modified_time":"2025-10-13T13:13:49+00:00","og_image":[{"width":1200,"height":1200,"url":"https:\/\/simpledream.pl\/wp-content\/uploads\/2023\/06\/zakladki-aranzacje58.jpg","type":"image\/jpeg"}],"twitter_card":"summary_large_image","twitter_misc":{"Szacowany czas czytania":"1 minuta"},"schema":{"@context":"https:\/\/schema.org","@graph":[{"@type":"WebPage","@id":"https:\/\/simpledream.pl\/index.php\/pl\/produkt\/zakladka-magnetyczna-wojna-i-my\/","url":"https:\/\/simpledream.pl\/index.php\/pl\/produkt\/zakladka-magnetyczna-wojna-i-my\/","name":"Zak\u0142adka magnetyczna - Wojna i my - Simple Dream","isPartOf":{"@id":"https:\/\/simpledream.pl\/#website"},"primaryImageOfPage":{"@id":"https:\/\/simpledream.pl\/index.php\/pl\/produkt\/zakladka-magnetyczna-wojna-i-my\/#primaryimage"},"image":{"@id":"https:\/\/simpledream.pl\/index.php\/pl\/produkt\/zakladka-magnetyczna-wojna-i-my\/#primaryimage"},"thumbnailUrl":"https:\/\/simpledream.pl\/wp-content\/uploads\/2023\/06\/zakladki-aranzacje58.jpg","datePublished":"2023-06-23T18:11:02+00:00","dateModified":"2025-10-13T13:13:49+00:00","breadcrumb":{"@id":"https:\/\/simpledream.pl\/index.php\/pl\/produkt\/zakladka-magnetyczna-wojna-i-my\/#breadcrumb"},"inLanguage":"pl-PL","potentialAction":[{"@type":"ReadAction","target":["https:\/\/simpledream.pl\/index.php\/pl\/produkt\/zakladka-magnetyczna-wojna-i-my\/"]}]},{"@type":"ImageObject","inLanguage":"pl-PL","@id":"https:\/\/simpledream.pl\/index.php\/pl\/produkt\/zakladka-magnetyczna-wojna-i-my\/#primaryimage","url":"https:\/\/simpledream.pl\/wp-content\/uploads\/2023\/06\/zakladki-aranzacje58.jpg","contentUrl":"https:\/\/simpledream.pl\/wp-content\/uploads\/2023\/06\/zakladki-aranzacje58.jpg","width":1200,"height":1200},{"@type":"BreadcrumbList","@id":"https:\/\/simpledream.pl\/index.php\/pl\/produkt\/zakladka-magnetyczna-wojna-i-my\/#breadcrumb","itemListElement":[{"@type":"ListItem","position":1,"name":"Strona g\u0142\u00f3wna","item":"https:\/\/simpledream.pl\/index.php\/pl\/main-home\/"},{"@type":"ListItem","position":2,"name":"Sklep","item":"https:\/\/simpledream.pl\/index.php\/pl\/sklep\/"},{"@type":"ListItem","position":3,"name":"Zak\u0142adka magnetyczna &#8211; Wojna i my"}]},{"@type":"WebSite","@id":"https:\/\/simpledream.pl\/#website","url":"https:\/\/simpledream.pl\/","name":"Simple Dream","description":"","potentialAction":[{"@type":"SearchAction","target":{"@type":"EntryPoint","urlTemplate":"https:\/\/simpledream.pl\/?s={search_term_string}"},"query-input":{"@type":"PropertyValueSpecification","valueRequired":true,"valueName":"search_term_string"}}],"inLanguage":"pl-PL"}]}},"lang":"pl","translations":{"pl":9873,"en":9877},"pll_sync_post":[],"_links":{"self":[{"href":"https:\/\/simpledream.pl\/index.php\/wp-json\/wp\/v2\/product\/9873","targetHints":{"allow":["GET"]}}],"collection":[{"href":"https:\/\/simpledream.pl\/index.php\/wp-json\/wp\/v2\/product"}],"about":[{"href":"https:\/\/simpledream.pl\/index.php\/wp-json\/wp\/v2\/types\/product"}],"replies":[{"embeddable":true,"href":"https:\/\/simpledream.pl\/index.php\/wp-json\/wp\/v2\/comments?post=9873"}],"version-history":[{"count":2,"href":"https:\/\/simpledream.pl\/index.php\/wp-json\/wp\/v2\/product\/9873\/revisions"}],"predecessor-version":[{"id":9876,"href":"https:\/\/simpledream.pl\/index.php\/wp-json\/wp\/v2\/product\/9873\/revisions\/9876"}],"wp:featuredmedia":[{"embeddable":true,"href":"https:\/\/simpledream.pl\/index.php\/wp-json\/wp\/v2\/media\/9962"}],"wp:attachment":[{"href":"https:\/\/simpledream.pl\/index.php\/wp-json\/wp\/v2\/media?parent=9873"}],"wp:term":[{"taxonomy":"product_cat","embeddable":true,"href":"https:\/\/simpledream.pl\/index.php\/wp-json\/wp\/v2\/product_cat?post=9873"},{"taxonomy":"product_tag","embeddable":true,"href":"https:\/\/simpledream.pl\/index.php\/wp-json\/wp\/v2\/product_tag?post=9873"}],"curies":[{"name":"wp","href":"https:\/\/api.w.org\/{rel}","templated":true}]}}