{"id":9902,"date":"2023-06-24T13:21:19","date_gmt":"2023-06-24T11:21:19","guid":{"rendered":"https:\/\/simpledream.pl\/?post_type=product&#038;p=9902"},"modified":"2025-08-27T11:23:33","modified_gmt":"2025-08-27T09:23:33","slug":"zakladka-magnetyczna-w-altanie","status":"publish","type":"product","link":"https:\/\/simpledream.pl\/index.php\/pl\/produkt\/zakladka-magnetyczna-w-altanie\/","title":{"rendered":"Zak\u0142adka magnetyczna &#8211; W Altanie"},"content":{"rendered":"<p>Zak\u0142adka magnetyczna do ksi\u0105\u017cki, z umiejscowionym magnesem po ca\u0142o\u015bci z dw\u00f3ch stron. Dzi\u0119ki czemu, nie wypada z ksi\u0105\u017cki. Wyprodukowana zosta\u0142a w Polsce.<\/p>\n<p>Zak\u0142adka umiejscowiona jest na blistrze z informacji.<\/p>\n<p>Wymiar blistra:<\/p>\n<p>18 x 7 cm<\/p>\n<p>Wymiar zak\u0142adki:<\/p>\n<p>10 x 4,5 cm<\/p>\n<p>&nbsp;<\/p>\n<p>&nbsp;<\/p>\n<p>Obraz &#8220;W Altanie&#8221; zosta\u0142 stworzony przez Aleksandra Gierymskiego w 1882 r. Nale\u017cy do kolekcji Muzeum Narodowego w Warszawie.<\/p>\n<p>Polski przedstawiciel realizmu , prekursor impresjonizmu, malarz, rysownik. \u017by\u0142 w latach 1850- 1901. Wiele lat \u017cycia sp\u0119dzi\u0142 w Rzymie, udoskonalaj\u0105c rzemios\u0142o i studiuj\u0105c malarstwo w\u0142oskie. To w\u0142a\u015bnie podczas pobytu powsta\u0142o tytu\u0142owe dzie\u0142o.<\/p>\n<p>Obraz zapowiadaj\u0105cy nurt impresjonistyczny w \u017cyciorysie artysty, przedstawia spotkanie towarzyskie w kostiumach z XVIII w. odbywaj\u0105ce si\u0119 w altanie. Autor ukaza\u0142 wzajemne oddzia\u0142ywanie na siebie \u015bwiat\u0142a i koloru. Synteza faktur oraz drobiazgowa obserwacja natury, pozwoli\u0142a arty\u015bcie stworzy\u0107 obraz w prote\u015bcie do \u201eprzypi\u0119tej \u0142atki\u201d malarza \u017cycia warstw najbiedniejszych.<\/p>\n","protected":false},"excerpt":{"rendered":"<p>Zak\u0142adka magnetyczna do ksi\u0105\u017cki, z umiejscowionym magnesem po ca\u0142o\u015bci z dw\u00f3ch stron. Wyprodukowana w Polsce. Obraz &#8220;W Altanie&#8221; zosta\u0142 stworzony przez Aleksandra Gierymskiego w 1882 r. Nale\u017cy do kolekcji Muzeum Narodowego w Warszawie.<\/p>\n","protected":false},"featured_media":9951,"comment_status":"open","ping_status":"closed","template":"","meta":[],"product_cat":[1332,15,92,93,115,116,117,130,132,133,123,125,128,127,124,129],"product_tag":[1407,1344,1346,1352,1348,177,1354,1405,1340,1342],"class_list":{"0":"post-9902","1":"product","2":"type-product","3":"status-publish","4":"has-post-thumbnail","6":"product_cat-zakladka-magnetyczna","7":"product_cat-bez-kategorii","8":"product_cat-kolekcje","9":"product_cat-sztuka","10":"product_cat-prezenty","11":"product_cat-cena","12":"product_cat-ponizej-50-zl","13":"product_cat-dla-kogo","14":"product_cat-kobieta","15":"product_cat-mezczyzna","16":"product_cat-okazja","17":"product_cat-boze-narodzenie","18":"product_cat-dzien-matki","19":"product_cat-dzien-ojca","20":"product_cat-urodziny-imieniny","21":"product_cat-walentynki","22":"product_tag-aleksander-gierymski","23":"product_tag-czytanie","24":"product_tag-ksiazka","25":"product_tag-magnes","26":"product_tag-muzeum-narodowe","27":"product_tag-obraz","28":"product_tag-polskie-obrazy","29":"product_tag-w-altanie","30":"product_tag-zakladka","31":"product_tag-zakladka-do-ksiazki","33":"first","34":"instock","35":"shipping-taxable","36":"purchasable","37":"product-type-simple"},"yoast_head":"<!-- This site is optimized with the Yoast SEO plugin v23.9 - https:\/\/yoast.com\/wordpress\/plugins\/seo\/ -->\n<title>Zak\u0142adka magnetyczna - W Altanie - Simple Dream<\/title>\n<meta name=\"robots\" content=\"index, follow, max-snippet:-1, max-image-preview:large, max-video-preview:-1\" \/>\n<link rel=\"canonical\" href=\"https:\/\/simpledream.pl\/index.php\/pl\/produkt\/zakladka-magnetyczna-w-altanie\/\" \/>\n<meta property=\"og:locale\" content=\"pl_PL\" \/>\n<meta property=\"og:type\" content=\"article\" \/>\n<meta property=\"og:title\" content=\"Zak\u0142adka magnetyczna - W Altanie - Simple Dream\" \/>\n<meta property=\"og:description\" content=\"Zak\u0142adka magnetyczna do ksi\u0105\u017cki, z umiejscowionym magnesem po ca\u0142o\u015bci z dw\u00f3ch stron. Wyprodukowana w Polsce. Obraz &quot;W Altanie&quot; zosta\u0142 stworzony przez Aleksandra Gierymskiego w 1882 r. Nale\u017cy do kolekcji Muzeum Narodowego w Warszawie.\" \/>\n<meta property=\"og:url\" content=\"https:\/\/simpledream.pl\/index.php\/pl\/produkt\/zakladka-magnetyczna-w-altanie\/\" \/>\n<meta property=\"og:site_name\" content=\"Simple Dream\" \/>\n<meta property=\"article:modified_time\" content=\"2025-08-27T09:23:33+00:00\" \/>\n<meta property=\"og:image\" content=\"https:\/\/simpledream.pl\/wp-content\/uploads\/2023\/06\/zakladki-aranzacje49.jpg\" \/>\n\t<meta property=\"og:image:width\" content=\"1200\" \/>\n\t<meta property=\"og:image:height\" content=\"1200\" \/>\n\t<meta property=\"og:image:type\" content=\"image\/jpeg\" \/>\n<meta name=\"twitter:card\" content=\"summary_large_image\" \/>\n<meta name=\"twitter:label1\" content=\"Szacowany czas czytania\" \/>\n\t<meta name=\"twitter:data1\" content=\"1 minuta\" \/>\n<script type=\"application\/ld+json\" class=\"yoast-schema-graph\">{\"@context\":\"https:\/\/schema.org\",\"@graph\":[{\"@type\":\"WebPage\",\"@id\":\"https:\/\/simpledream.pl\/index.php\/pl\/produkt\/zakladka-magnetyczna-w-altanie\/\",\"url\":\"https:\/\/simpledream.pl\/index.php\/pl\/produkt\/zakladka-magnetyczna-w-altanie\/\",\"name\":\"Zak\u0142adka magnetyczna - W Altanie - Simple Dream\",\"isPartOf\":{\"@id\":\"https:\/\/simpledream.pl\/#website\"},\"primaryImageOfPage\":{\"@id\":\"https:\/\/simpledream.pl\/index.php\/pl\/produkt\/zakladka-magnetyczna-w-altanie\/#primaryimage\"},\"image\":{\"@id\":\"https:\/\/simpledream.pl\/index.php\/pl\/produkt\/zakladka-magnetyczna-w-altanie\/#primaryimage\"},\"thumbnailUrl\":\"https:\/\/simpledream.pl\/wp-content\/uploads\/2023\/06\/zakladki-aranzacje49.jpg\",\"datePublished\":\"2023-06-24T11:21:19+00:00\",\"dateModified\":\"2025-08-27T09:23:33+00:00\",\"breadcrumb\":{\"@id\":\"https:\/\/simpledream.pl\/index.php\/pl\/produkt\/zakladka-magnetyczna-w-altanie\/#breadcrumb\"},\"inLanguage\":\"pl-PL\",\"potentialAction\":[{\"@type\":\"ReadAction\",\"target\":[\"https:\/\/simpledream.pl\/index.php\/pl\/produkt\/zakladka-magnetyczna-w-altanie\/\"]}]},{\"@type\":\"ImageObject\",\"inLanguage\":\"pl-PL\",\"@id\":\"https:\/\/simpledream.pl\/index.php\/pl\/produkt\/zakladka-magnetyczna-w-altanie\/#primaryimage\",\"url\":\"https:\/\/simpledream.pl\/wp-content\/uploads\/2023\/06\/zakladki-aranzacje49.jpg\",\"contentUrl\":\"https:\/\/simpledream.pl\/wp-content\/uploads\/2023\/06\/zakladki-aranzacje49.jpg\",\"width\":1200,\"height\":1200},{\"@type\":\"BreadcrumbList\",\"@id\":\"https:\/\/simpledream.pl\/index.php\/pl\/produkt\/zakladka-magnetyczna-w-altanie\/#breadcrumb\",\"itemListElement\":[{\"@type\":\"ListItem\",\"position\":1,\"name\":\"Strona g\u0142\u00f3wna\",\"item\":\"https:\/\/simpledream.pl\/index.php\/pl\/main-home\/\"},{\"@type\":\"ListItem\",\"position\":2,\"name\":\"Sklep\",\"item\":\"https:\/\/simpledream.pl\/index.php\/pl\/sklep\/\"},{\"@type\":\"ListItem\",\"position\":3,\"name\":\"Zak\u0142adka magnetyczna &#8211; W Altanie\"}]},{\"@type\":\"WebSite\",\"@id\":\"https:\/\/simpledream.pl\/#website\",\"url\":\"https:\/\/simpledream.pl\/\",\"name\":\"Simple Dream\",\"description\":\"\",\"potentialAction\":[{\"@type\":\"SearchAction\",\"target\":{\"@type\":\"EntryPoint\",\"urlTemplate\":\"https:\/\/simpledream.pl\/?s={search_term_string}\"},\"query-input\":{\"@type\":\"PropertyValueSpecification\",\"valueRequired\":true,\"valueName\":\"search_term_string\"}}],\"inLanguage\":\"pl-PL\"}]}<\/script>\n<!-- \/ Yoast SEO plugin. -->","yoast_head_json":{"title":"Zak\u0142adka magnetyczna - W Altanie - Simple Dream","robots":{"index":"index","follow":"follow","max-snippet":"max-snippet:-1","max-image-preview":"max-image-preview:large","max-video-preview":"max-video-preview:-1"},"canonical":"https:\/\/simpledream.pl\/index.php\/pl\/produkt\/zakladka-magnetyczna-w-altanie\/","og_locale":"pl_PL","og_type":"article","og_title":"Zak\u0142adka magnetyczna - W Altanie - Simple Dream","og_description":"Zak\u0142adka magnetyczna do ksi\u0105\u017cki, z umiejscowionym magnesem po ca\u0142o\u015bci z dw\u00f3ch stron. Wyprodukowana w Polsce. Obraz \"W Altanie\" zosta\u0142 stworzony przez Aleksandra Gierymskiego w 1882 r. Nale\u017cy do kolekcji Muzeum Narodowego w Warszawie.","og_url":"https:\/\/simpledream.pl\/index.php\/pl\/produkt\/zakladka-magnetyczna-w-altanie\/","og_site_name":"Simple Dream","article_modified_time":"2025-08-27T09:23:33+00:00","og_image":[{"width":1200,"height":1200,"url":"https:\/\/simpledream.pl\/wp-content\/uploads\/2023\/06\/zakladki-aranzacje49.jpg","type":"image\/jpeg"}],"twitter_card":"summary_large_image","twitter_misc":{"Szacowany czas czytania":"1 minuta"},"schema":{"@context":"https:\/\/schema.org","@graph":[{"@type":"WebPage","@id":"https:\/\/simpledream.pl\/index.php\/pl\/produkt\/zakladka-magnetyczna-w-altanie\/","url":"https:\/\/simpledream.pl\/index.php\/pl\/produkt\/zakladka-magnetyczna-w-altanie\/","name":"Zak\u0142adka magnetyczna - W Altanie - Simple Dream","isPartOf":{"@id":"https:\/\/simpledream.pl\/#website"},"primaryImageOfPage":{"@id":"https:\/\/simpledream.pl\/index.php\/pl\/produkt\/zakladka-magnetyczna-w-altanie\/#primaryimage"},"image":{"@id":"https:\/\/simpledream.pl\/index.php\/pl\/produkt\/zakladka-magnetyczna-w-altanie\/#primaryimage"},"thumbnailUrl":"https:\/\/simpledream.pl\/wp-content\/uploads\/2023\/06\/zakladki-aranzacje49.jpg","datePublished":"2023-06-24T11:21:19+00:00","dateModified":"2025-08-27T09:23:33+00:00","breadcrumb":{"@id":"https:\/\/simpledream.pl\/index.php\/pl\/produkt\/zakladka-magnetyczna-w-altanie\/#breadcrumb"},"inLanguage":"pl-PL","potentialAction":[{"@type":"ReadAction","target":["https:\/\/simpledream.pl\/index.php\/pl\/produkt\/zakladka-magnetyczna-w-altanie\/"]}]},{"@type":"ImageObject","inLanguage":"pl-PL","@id":"https:\/\/simpledream.pl\/index.php\/pl\/produkt\/zakladka-magnetyczna-w-altanie\/#primaryimage","url":"https:\/\/simpledream.pl\/wp-content\/uploads\/2023\/06\/zakladki-aranzacje49.jpg","contentUrl":"https:\/\/simpledream.pl\/wp-content\/uploads\/2023\/06\/zakladki-aranzacje49.jpg","width":1200,"height":1200},{"@type":"BreadcrumbList","@id":"https:\/\/simpledream.pl\/index.php\/pl\/produkt\/zakladka-magnetyczna-w-altanie\/#breadcrumb","itemListElement":[{"@type":"ListItem","position":1,"name":"Strona g\u0142\u00f3wna","item":"https:\/\/simpledream.pl\/index.php\/pl\/main-home\/"},{"@type":"ListItem","position":2,"name":"Sklep","item":"https:\/\/simpledream.pl\/index.php\/pl\/sklep\/"},{"@type":"ListItem","position":3,"name":"Zak\u0142adka magnetyczna &#8211; W Altanie"}]},{"@type":"WebSite","@id":"https:\/\/simpledream.pl\/#website","url":"https:\/\/simpledream.pl\/","name":"Simple Dream","description":"","potentialAction":[{"@type":"SearchAction","target":{"@type":"EntryPoint","urlTemplate":"https:\/\/simpledream.pl\/?s={search_term_string}"},"query-input":{"@type":"PropertyValueSpecification","valueRequired":true,"valueName":"search_term_string"}}],"inLanguage":"pl-PL"}]}},"lang":"pl","translations":{"pl":9902,"en":9906},"pll_sync_post":[],"_links":{"self":[{"href":"https:\/\/simpledream.pl\/index.php\/wp-json\/wp\/v2\/product\/9902","targetHints":{"allow":["GET"]}}],"collection":[{"href":"https:\/\/simpledream.pl\/index.php\/wp-json\/wp\/v2\/product"}],"about":[{"href":"https:\/\/simpledream.pl\/index.php\/wp-json\/wp\/v2\/types\/product"}],"replies":[{"embeddable":true,"href":"https:\/\/simpledream.pl\/index.php\/wp-json\/wp\/v2\/comments?post=9902"}],"version-history":[{"count":2,"href":"https:\/\/simpledream.pl\/index.php\/wp-json\/wp\/v2\/product\/9902\/revisions"}],"predecessor-version":[{"id":9905,"href":"https:\/\/simpledream.pl\/index.php\/wp-json\/wp\/v2\/product\/9902\/revisions\/9905"}],"wp:featuredmedia":[{"embeddable":true,"href":"https:\/\/simpledream.pl\/index.php\/wp-json\/wp\/v2\/media\/9951"}],"wp:attachment":[{"href":"https:\/\/simpledream.pl\/index.php\/wp-json\/wp\/v2\/media?parent=9902"}],"wp:term":[{"taxonomy":"product_cat","embeddable":true,"href":"https:\/\/simpledream.pl\/index.php\/wp-json\/wp\/v2\/product_cat?post=9902"},{"taxonomy":"product_tag","embeddable":true,"href":"https:\/\/simpledream.pl\/index.php\/wp-json\/wp\/v2\/product_tag?post=9902"}],"curies":[{"name":"wp","href":"https:\/\/api.w.org\/{rel}","templated":true}]}}