{"id":9913,"date":"2023-06-24T13:39:50","date_gmt":"2023-06-24T11:39:50","guid":{"rendered":"https:\/\/simpledream.pl\/?post_type=product&#038;p=9913"},"modified":"2023-06-30T15:08:44","modified_gmt":"2023-06-30T13:08:44","slug":"magnetic-bookmark-woman-combing-her-hair","status":"publish","type":"product","link":"https:\/\/simpledream.pl\/index.php\/en\/produkt\/magnetic-bookmark-woman-combing-her-hair\/","title":{"rendered":"Magnetic bookmark &#8211; Woman combing her hair"},"content":{"rendered":"<p><span class=\"Y2IQFc\" lang=\"en\">A magnetic bookmark with a magnet placed on both sides. Made in Poland. <\/span><span class=\"Y2IQFc\" lang=\"en\">So it doesn\u2019t fall out of the book.<\/span><\/p>\n<div id=\"tw-target-text-container\" class=\"tw-ta-container F0azHf tw-nfl\" tabindex=\"0\">\n<p id=\"tw-target-text\" class=\"tw-data-text tw-text-large tw-ta\" dir=\"ltr\" data-placeholder=\"T\u0142umaczenie\"><span class=\"Y2IQFc\" lang=\"en\">The tab is located on the information blister.<br \/>\nBlister dimension: 18 x 7 cm<br \/>\nBookmark dimension: 10 x 4.5 cm<\/span><\/p>\n<\/div>\n<p dir=\"ltr\" data-placeholder=\"T\u0142umaczenie\">The painting \u201cWoman combing her hair\u201d was created by W\u0142adys\u0142aw \u015alewi\u0144ski in 1897. It belongs to the collection of the National Museum in Cracow.<\/p>\n<p>One of the representatives of Young Poland and Art Nouveau. A painter who lived in the years 1856-1918. He painted mainly landscapes and still life. He started painting late and created mainly during his stay in France.<\/p>\n<p>The composition on canvas shows a woman combing her hair. The model was shown in an intimate scene, it is not known who she was. Her face is not visible, but an intriguing figure is reflected in the mirror. It is probably the face of the artist staring at her. The synthesis of the image manifests itself in form, content, colors and soft lines.<\/p>\n","protected":false},"excerpt":{"rendered":"<p><span class=\"tagged_as\"><span class=\"Y2IQFc\" lang=\"en\">A magnetic bookmark with a magnet placed on both sides. Made in Poland. The painting \u201cWoman combing her hair\u201d was created by W\u0142adys\u0142aw \u015alewi\u0144ski in 1897. It belongs to the collection of the National Museum in Cracow.<\/span><\/span><\/p>\n","protected":false},"featured_media":9947,"comment_status":"open","ping_status":"closed","template":"","meta":[],"product_cat":[431,920,912,423,902,886,890,1334,916,910,888,256,922,906],"product_tag":[1361,1036,1357,932,1359,1365,1363,1417],"class_list":{"0":"post-9913","1":"product","2":"type-product","3":"status-publish","4":"has-post-thumbnail","6":"product_cat-art","7":"product_cat-birthday-names-day","8":"product_cat-christmas","9":"product_cat-collections","10":"product_cat-for-whom","11":"product_cat-gifts","12":"product_cat-less-than-50-pln","13":"product_cat-magnetic-bookmark","14":"product_cat-mothers-day","15":"product_cat-occasion","16":"product_cat-price","17":"product_cat-uncategorized-en","18":"product_cat-valentines-day","19":"product_cat-woman","20":"product_tag-bookmark","21":"product_tag-flowers","22":"product_tag-gift","23":"product_tag-made-in-poland","24":"product_tag-magnetic-bookmark","25":"product_tag-national-museum","26":"product_tag-reading","27":"product_tag-wladyslaw-slewinski","29":"first","30":"instock","31":"shipping-taxable","32":"purchasable","33":"product-type-simple"},"yoast_head":"<!-- This site is optimized with the Yoast SEO plugin v23.9 - https:\/\/yoast.com\/wordpress\/plugins\/seo\/ -->\n<title>Magnetic bookmark - Woman combing her hair - Simple Dream<\/title>\n<meta name=\"robots\" content=\"index, follow, max-snippet:-1, max-image-preview:large, max-video-preview:-1\" \/>\n<link rel=\"canonical\" href=\"https:\/\/simpledream.pl\/index.php\/en\/produkt\/magnetic-bookmark-woman-combing-her-hair\/\" \/>\n<meta property=\"og:locale\" content=\"pl_PL\" \/>\n<meta property=\"og:type\" content=\"article\" \/>\n<meta property=\"og:title\" content=\"Magnetic bookmark - Woman combing her hair - Simple Dream\" \/>\n<meta property=\"og:description\" content=\"A magnetic bookmark with a magnet placed on both sides. Made in Poland. The painting \u201cWoman combing her hair\u201d was created by W\u0142adys\u0142aw \u015alewi\u0144ski in 1897. It belongs to the collection of the National Museum in Cracow.\" \/>\n<meta property=\"og:url\" content=\"https:\/\/simpledream.pl\/index.php\/en\/produkt\/magnetic-bookmark-woman-combing-her-hair\/\" \/>\n<meta property=\"og:site_name\" content=\"Simple Dream\" \/>\n<meta property=\"article:modified_time\" content=\"2023-06-30T13:08:44+00:00\" \/>\n<meta property=\"og:image\" content=\"https:\/\/simpledream.pl\/wp-content\/uploads\/2023\/06\/zakladki-aranzacje33.jpg\" \/>\n\t<meta property=\"og:image:width\" content=\"1200\" \/>\n\t<meta property=\"og:image:height\" content=\"1200\" \/>\n\t<meta property=\"og:image:type\" content=\"image\/jpeg\" \/>\n<meta name=\"twitter:card\" content=\"summary_large_image\" \/>\n<meta name=\"twitter:label1\" content=\"Szacowany czas czytania\" \/>\n\t<meta name=\"twitter:data1\" content=\"1 minuta\" \/>\n<script type=\"application\/ld+json\" class=\"yoast-schema-graph\">{\"@context\":\"https:\/\/schema.org\",\"@graph\":[{\"@type\":\"WebPage\",\"@id\":\"https:\/\/simpledream.pl\/index.php\/en\/produkt\/magnetic-bookmark-woman-combing-her-hair\/\",\"url\":\"https:\/\/simpledream.pl\/index.php\/en\/produkt\/magnetic-bookmark-woman-combing-her-hair\/\",\"name\":\"Magnetic bookmark - Woman combing her hair - Simple Dream\",\"isPartOf\":{\"@id\":\"https:\/\/simpledream.pl\/#website\"},\"primaryImageOfPage\":{\"@id\":\"https:\/\/simpledream.pl\/index.php\/en\/produkt\/magnetic-bookmark-woman-combing-her-hair\/#primaryimage\"},\"image\":{\"@id\":\"https:\/\/simpledream.pl\/index.php\/en\/produkt\/magnetic-bookmark-woman-combing-her-hair\/#primaryimage\"},\"thumbnailUrl\":\"https:\/\/simpledream.pl\/wp-content\/uploads\/2023\/06\/zakladki-aranzacje33.jpg\",\"datePublished\":\"2023-06-24T11:39:50+00:00\",\"dateModified\":\"2023-06-30T13:08:44+00:00\",\"breadcrumb\":{\"@id\":\"https:\/\/simpledream.pl\/index.php\/en\/produkt\/magnetic-bookmark-woman-combing-her-hair\/#breadcrumb\"},\"inLanguage\":\"pl-PL\",\"potentialAction\":[{\"@type\":\"ReadAction\",\"target\":[\"https:\/\/simpledream.pl\/index.php\/en\/produkt\/magnetic-bookmark-woman-combing-her-hair\/\"]}]},{\"@type\":\"ImageObject\",\"inLanguage\":\"pl-PL\",\"@id\":\"https:\/\/simpledream.pl\/index.php\/en\/produkt\/magnetic-bookmark-woman-combing-her-hair\/#primaryimage\",\"url\":\"https:\/\/simpledream.pl\/wp-content\/uploads\/2023\/06\/zakladki-aranzacje33.jpg\",\"contentUrl\":\"https:\/\/simpledream.pl\/wp-content\/uploads\/2023\/06\/zakladki-aranzacje33.jpg\",\"width\":1200,\"height\":1200},{\"@type\":\"BreadcrumbList\",\"@id\":\"https:\/\/simpledream.pl\/index.php\/en\/produkt\/magnetic-bookmark-woman-combing-her-hair\/#breadcrumb\",\"itemListElement\":[{\"@type\":\"ListItem\",\"position\":1,\"name\":\"Strona g\u0142\u00f3wna\",\"item\":\"https:\/\/simpledream.pl\/index.php\/pl\/main-home\/\"},{\"@type\":\"ListItem\",\"position\":2,\"name\":\"Sklep\",\"item\":\"https:\/\/simpledream.pl\/index.php\/pl\/sklep\/\"},{\"@type\":\"ListItem\",\"position\":3,\"name\":\"Magnetic bookmark &#8211; Woman combing her hair\"}]},{\"@type\":\"WebSite\",\"@id\":\"https:\/\/simpledream.pl\/#website\",\"url\":\"https:\/\/simpledream.pl\/\",\"name\":\"Simple Dream\",\"description\":\"\",\"potentialAction\":[{\"@type\":\"SearchAction\",\"target\":{\"@type\":\"EntryPoint\",\"urlTemplate\":\"https:\/\/simpledream.pl\/?s={search_term_string}\"},\"query-input\":{\"@type\":\"PropertyValueSpecification\",\"valueRequired\":true,\"valueName\":\"search_term_string\"}}],\"inLanguage\":\"pl-PL\"}]}<\/script>\n<!-- \/ Yoast SEO plugin. -->","yoast_head_json":{"title":"Magnetic bookmark - Woman combing her hair - Simple Dream","robots":{"index":"index","follow":"follow","max-snippet":"max-snippet:-1","max-image-preview":"max-image-preview:large","max-video-preview":"max-video-preview:-1"},"canonical":"https:\/\/simpledream.pl\/index.php\/en\/produkt\/magnetic-bookmark-woman-combing-her-hair\/","og_locale":"pl_PL","og_type":"article","og_title":"Magnetic bookmark - Woman combing her hair - Simple Dream","og_description":"A magnetic bookmark with a magnet placed on both sides. Made in Poland. The painting \u201cWoman combing her hair\u201d was created by W\u0142adys\u0142aw \u015alewi\u0144ski in 1897. It belongs to the collection of the National Museum in Cracow.","og_url":"https:\/\/simpledream.pl\/index.php\/en\/produkt\/magnetic-bookmark-woman-combing-her-hair\/","og_site_name":"Simple Dream","article_modified_time":"2023-06-30T13:08:44+00:00","og_image":[{"width":1200,"height":1200,"url":"https:\/\/simpledream.pl\/wp-content\/uploads\/2023\/06\/zakladki-aranzacje33.jpg","type":"image\/jpeg"}],"twitter_card":"summary_large_image","twitter_misc":{"Szacowany czas czytania":"1 minuta"},"schema":{"@context":"https:\/\/schema.org","@graph":[{"@type":"WebPage","@id":"https:\/\/simpledream.pl\/index.php\/en\/produkt\/magnetic-bookmark-woman-combing-her-hair\/","url":"https:\/\/simpledream.pl\/index.php\/en\/produkt\/magnetic-bookmark-woman-combing-her-hair\/","name":"Magnetic bookmark - Woman combing her hair - Simple Dream","isPartOf":{"@id":"https:\/\/simpledream.pl\/#website"},"primaryImageOfPage":{"@id":"https:\/\/simpledream.pl\/index.php\/en\/produkt\/magnetic-bookmark-woman-combing-her-hair\/#primaryimage"},"image":{"@id":"https:\/\/simpledream.pl\/index.php\/en\/produkt\/magnetic-bookmark-woman-combing-her-hair\/#primaryimage"},"thumbnailUrl":"https:\/\/simpledream.pl\/wp-content\/uploads\/2023\/06\/zakladki-aranzacje33.jpg","datePublished":"2023-06-24T11:39:50+00:00","dateModified":"2023-06-30T13:08:44+00:00","breadcrumb":{"@id":"https:\/\/simpledream.pl\/index.php\/en\/produkt\/magnetic-bookmark-woman-combing-her-hair\/#breadcrumb"},"inLanguage":"pl-PL","potentialAction":[{"@type":"ReadAction","target":["https:\/\/simpledream.pl\/index.php\/en\/produkt\/magnetic-bookmark-woman-combing-her-hair\/"]}]},{"@type":"ImageObject","inLanguage":"pl-PL","@id":"https:\/\/simpledream.pl\/index.php\/en\/produkt\/magnetic-bookmark-woman-combing-her-hair\/#primaryimage","url":"https:\/\/simpledream.pl\/wp-content\/uploads\/2023\/06\/zakladki-aranzacje33.jpg","contentUrl":"https:\/\/simpledream.pl\/wp-content\/uploads\/2023\/06\/zakladki-aranzacje33.jpg","width":1200,"height":1200},{"@type":"BreadcrumbList","@id":"https:\/\/simpledream.pl\/index.php\/en\/produkt\/magnetic-bookmark-woman-combing-her-hair\/#breadcrumb","itemListElement":[{"@type":"ListItem","position":1,"name":"Strona g\u0142\u00f3wna","item":"https:\/\/simpledream.pl\/index.php\/pl\/main-home\/"},{"@type":"ListItem","position":2,"name":"Sklep","item":"https:\/\/simpledream.pl\/index.php\/pl\/sklep\/"},{"@type":"ListItem","position":3,"name":"Magnetic bookmark &#8211; Woman combing her hair"}]},{"@type":"WebSite","@id":"https:\/\/simpledream.pl\/#website","url":"https:\/\/simpledream.pl\/","name":"Simple Dream","description":"","potentialAction":[{"@type":"SearchAction","target":{"@type":"EntryPoint","urlTemplate":"https:\/\/simpledream.pl\/?s={search_term_string}"},"query-input":{"@type":"PropertyValueSpecification","valueRequired":true,"valueName":"search_term_string"}}],"inLanguage":"pl-PL"}]}},"lang":"en","translations":{"en":9913,"pl":9909},"pll_sync_post":[],"_links":{"self":[{"href":"https:\/\/simpledream.pl\/index.php\/wp-json\/wp\/v2\/product\/9913","targetHints":{"allow":["GET"]}}],"collection":[{"href":"https:\/\/simpledream.pl\/index.php\/wp-json\/wp\/v2\/product"}],"about":[{"href":"https:\/\/simpledream.pl\/index.php\/wp-json\/wp\/v2\/types\/product"}],"replies":[{"embeddable":true,"href":"https:\/\/simpledream.pl\/index.php\/wp-json\/wp\/v2\/comments?post=9913"}],"version-history":[{"count":3,"href":"https:\/\/simpledream.pl\/index.php\/wp-json\/wp\/v2\/product\/9913\/revisions"}],"predecessor-version":[{"id":9950,"href":"https:\/\/simpledream.pl\/index.php\/wp-json\/wp\/v2\/product\/9913\/revisions\/9950"}],"wp:featuredmedia":[{"embeddable":true,"href":"https:\/\/simpledream.pl\/index.php\/wp-json\/wp\/v2\/media\/9947"}],"wp:attachment":[{"href":"https:\/\/simpledream.pl\/index.php\/wp-json\/wp\/v2\/media?parent=9913"}],"wp:term":[{"taxonomy":"product_cat","embeddable":true,"href":"https:\/\/simpledream.pl\/index.php\/wp-json\/wp\/v2\/product_cat?post=9913"},{"taxonomy":"product_tag","embeddable":true,"href":"https:\/\/simpledream.pl\/index.php\/wp-json\/wp\/v2\/product_tag?post=9913"}],"curies":[{"name":"wp","href":"https:\/\/api.w.org\/{rel}","templated":true}]}}